{"id":63642,"date":"2022-05-19T23:14:48","date_gmt":"2022-05-19T21:14:55","guid":{"rendered":"https:\/\/www.gruppoliturgico.com\/prodotto\/atril-de-pie-7\/"},"modified":"2023-01-18T10:47:26","modified_gmt":"2023-01-18T09:47:26","slug":"atril-de-pie-7","status":"publish","type":"product","link":"https:\/\/www.gruppoliturgico.com\/es\/producto\/atril-de-pie-7\/","title":{"rendered":"atril de pie"},"content":{"rendered":"<html><body><p>atril de pie con barra de lat\u00f3n plateado y dorado.<br>\nSe distingue la decoraci\u00f3n central de tinta dorada.<br>\nApoyo de plexig\u00e1s, mide 40 x 31 cm.<br>\nAltura regulable.<\/p>\n<\/body><\/html>","protected":false},"excerpt":{"rendered":"<p>atril de pie con barra de lat\u00f3n plateado y dorado.<br \/>\nSe distingue la decoraci\u00f3n central de tinta dorada.<br \/>\nApoyo de plexig\u00e1s, mide 40 x 31 cm.<br \/>\nAltura regulable.<\/p>\n","protected":false},"featured_media":131694,"template":"","meta":[],"product_cat":[12187],"product_tag":[],"yoast_head":"<!-- This site is optimized with the Yoast SEO plugin v20.4 - https:\/\/yoast.com\/wordpress\/plugins\/seo\/ -->\n<title>atril de pie - atril de pie de metal y Laboratorio Gruppo Liturgico<\/title>\n<meta name=\"description\" content=\"atril de pie con barra de lat\u00f3n plateado y dorado. Se distingue la decoraci\u00f3n central de tinta dorada. Apoyo de plexig\u00e1s, mide 40 x 31 cm. Altura regulable.\" \/>\n<meta name=\"robots\" content=\"index, follow, max-snippet:-1, max-image-preview:large, max-video-preview:-1\" \/>\n<link rel=\"canonical\" href=\"https:\/\/www.gruppoliturgico.com\/es\/producto\/atril-de-pie-7\/\" \/>\n<meta property=\"og:locale\" content=\"es_ES\" \/>\n<meta property=\"og:type\" content=\"article\" \/>\n<meta property=\"og:title\" content=\"atril de pie - atril de pie de metal y Laboratorio Gruppo Liturgico\" \/>\n<meta property=\"og:description\" content=\"atril de pie con barra de lat\u00f3n plateado y dorado. Se distingue la decoraci\u00f3n central de tinta dorada. Apoyo de plexig\u00e1s, mide 40 x 31 cm. Altura regulable.\" \/>\n<meta property=\"og:url\" content=\"https:\/\/www.gruppoliturgico.com\/es\/producto\/atril-de-pie-7\/\" \/>\n<meta property=\"og:site_name\" content=\"Laboratorio Gruppo Liturgico\" \/>\n<meta property=\"article:modified_time\" content=\"2023-01-18T09:47:26+00:00\" \/>\n<meta property=\"og:image\" content=\"https:\/\/www.gruppoliturgico.com\/wp-content\/uploads\/2022\/05\/1682_nv.jpg\" \/>\n\t<meta property=\"og:image:width\" content=\"677\" \/>\n\t<meta property=\"og:image:height\" content=\"2000\" \/>\n\t<meta property=\"og:image:type\" content=\"image\/jpeg\" \/>\n<meta name=\"twitter:card\" content=\"summary_large_image\" \/>\n<script type=\"application\/ld+json\" class=\"yoast-schema-graph\">{\"@context\":\"https:\/\/schema.org\",\"@graph\":[{\"@type\":\"WebPage\",\"@id\":\"https:\/\/www.gruppoliturgico.com\/es\/producto\/atril-de-pie-7\/\",\"url\":\"https:\/\/www.gruppoliturgico.com\/es\/producto\/atril-de-pie-7\/\",\"name\":\"atril de pie - atril de pie de metal y Laboratorio Gruppo Liturgico\",\"isPartOf\":{\"@id\":\"https:\/\/www.gruppoliturgico.com\/es\/#website\"},\"datePublished\":\"2022-05-19T21:14:55+00:00\",\"dateModified\":\"2023-01-18T09:47:26+00:00\",\"description\":\"atril de pie con barra de lat\u00f3n plateado y dorado. Se distingue la decoraci\u00f3n central de tinta dorada. Apoyo de plexig\u00e1s, mide 40 x 31 cm. Altura regulable.\",\"breadcrumb\":{\"@id\":\"https:\/\/www.gruppoliturgico.com\/es\/producto\/atril-de-pie-7\/#breadcrumb\"},\"inLanguage\":\"es\",\"potentialAction\":[{\"@type\":\"ReadAction\",\"target\":[\"https:\/\/www.gruppoliturgico.com\/es\/producto\/atril-de-pie-7\/\"]}]},{\"@type\":\"BreadcrumbList\",\"@id\":\"https:\/\/www.gruppoliturgico.com\/es\/producto\/atril-de-pie-7\/#breadcrumb\",\"itemListElement\":[{\"@type\":\"ListItem\",\"position\":1,\"name\":\"Home\",\"item\":\"https:\/\/www.gruppoliturgico.com\/es\/\"},{\"@type\":\"ListItem\",\"position\":2,\"name\":\"Tienda\",\"item\":\"https:\/\/www.gruppoliturgico.com\/es\/tienda\/\"},{\"@type\":\"ListItem\",\"position\":3,\"name\":\"atril de pie\"}]},{\"@type\":\"WebSite\",\"@id\":\"https:\/\/www.gruppoliturgico.com\/es\/#website\",\"url\":\"https:\/\/www.gruppoliturgico.com\/es\/\",\"name\":\"Laboratorio Gruppo Liturgico\",\"description\":\"Articoli Religiosi online\",\"publisher\":{\"@id\":\"https:\/\/www.gruppoliturgico.com\/es\/#organization\"},\"potentialAction\":[{\"@type\":\"SearchAction\",\"target\":{\"@type\":\"EntryPoint\",\"urlTemplate\":\"https:\/\/www.gruppoliturgico.com\/es\/?s={search_term_string}\"},\"query-input\":\"required name=search_term_string\"}],\"inLanguage\":\"es\"},{\"@type\":\"Organization\",\"@id\":\"https:\/\/www.gruppoliturgico.com\/es\/#organization\",\"name\":\"Laboratorio Gruppo Liturgico\",\"url\":\"https:\/\/www.gruppoliturgico.com\/es\/\",\"logo\":{\"@type\":\"ImageObject\",\"inLanguage\":\"es\",\"@id\":\"https:\/\/www.gruppoliturgico.com\/es\/#\/schema\/logo\/image\/\",\"url\":\"https:\/\/www.gruppoliturgico.com\/wp-content\/uploads\/2022\/02\/logo-laboratoriogruppoliturgico.png\",\"contentUrl\":\"https:\/\/www.gruppoliturgico.com\/wp-content\/uploads\/2022\/02\/logo-laboratoriogruppoliturgico.png\",\"width\":400,\"height\":114,\"caption\":\"Laboratorio Gruppo Liturgico\"},\"image\":{\"@id\":\"https:\/\/www.gruppoliturgico.com\/es\/#\/schema\/logo\/image\/\"}}]}<\/script>\n<!-- \/ Yoast SEO plugin. -->","yoast_head_json":{"title":"atril de pie - atril de pie de metal y Laboratorio Gruppo Liturgico","description":"atril de pie con barra de lat\u00f3n plateado y dorado. Se distingue la decoraci\u00f3n central de tinta dorada. Apoyo de plexig\u00e1s, mide 40 x 31 cm. Altura regulable.","robots":{"index":"index","follow":"follow","max-snippet":"max-snippet:-1","max-image-preview":"max-image-preview:large","max-video-preview":"max-video-preview:-1"},"canonical":"https:\/\/www.gruppoliturgico.com\/es\/producto\/atril-de-pie-7\/","og_locale":"es_ES","og_type":"article","og_title":"atril de pie - atril de pie de metal y Laboratorio Gruppo Liturgico","og_description":"atril de pie con barra de lat\u00f3n plateado y dorado. Se distingue la decoraci\u00f3n central de tinta dorada. Apoyo de plexig\u00e1s, mide 40 x 31 cm. Altura regulable.","og_url":"https:\/\/www.gruppoliturgico.com\/es\/producto\/atril-de-pie-7\/","og_site_name":"Laboratorio Gruppo Liturgico","article_modified_time":"2023-01-18T09:47:26+00:00","og_image":[{"width":677,"height":2000,"url":"https:\/\/www.gruppoliturgico.com\/wp-content\/uploads\/2022\/05\/1682_nv.jpg","type":"image\/jpeg"}],"twitter_card":"summary_large_image","schema":{"@context":"https:\/\/schema.org","@graph":[{"@type":"WebPage","@id":"https:\/\/www.gruppoliturgico.com\/es\/producto\/atril-de-pie-7\/","url":"https:\/\/www.gruppoliturgico.com\/es\/producto\/atril-de-pie-7\/","name":"atril de pie - atril de pie de metal y Laboratorio Gruppo Liturgico","isPartOf":{"@id":"https:\/\/www.gruppoliturgico.com\/es\/#website"},"datePublished":"2022-05-19T21:14:55+00:00","dateModified":"2023-01-18T09:47:26+00:00","description":"atril de pie con barra de lat\u00f3n plateado y dorado. Se distingue la decoraci\u00f3n central de tinta dorada. Apoyo de plexig\u00e1s, mide 40 x 31 cm. Altura regulable.","breadcrumb":{"@id":"https:\/\/www.gruppoliturgico.com\/es\/producto\/atril-de-pie-7\/#breadcrumb"},"inLanguage":"es","potentialAction":[{"@type":"ReadAction","target":["https:\/\/www.gruppoliturgico.com\/es\/producto\/atril-de-pie-7\/"]}]},{"@type":"BreadcrumbList","@id":"https:\/\/www.gruppoliturgico.com\/es\/producto\/atril-de-pie-7\/#breadcrumb","itemListElement":[{"@type":"ListItem","position":1,"name":"Home","item":"https:\/\/www.gruppoliturgico.com\/es\/"},{"@type":"ListItem","position":2,"name":"Tienda","item":"https:\/\/www.gruppoliturgico.com\/es\/tienda\/"},{"@type":"ListItem","position":3,"name":"atril de pie"}]},{"@type":"WebSite","@id":"https:\/\/www.gruppoliturgico.com\/es\/#website","url":"https:\/\/www.gruppoliturgico.com\/es\/","name":"Laboratorio Gruppo Liturgico","description":"Articoli Religiosi online","publisher":{"@id":"https:\/\/www.gruppoliturgico.com\/es\/#organization"},"potentialAction":[{"@type":"SearchAction","target":{"@type":"EntryPoint","urlTemplate":"https:\/\/www.gruppoliturgico.com\/es\/?s={search_term_string}"},"query-input":"required name=search_term_string"}],"inLanguage":"es"},{"@type":"Organization","@id":"https:\/\/www.gruppoliturgico.com\/es\/#organization","name":"Laboratorio Gruppo Liturgico","url":"https:\/\/www.gruppoliturgico.com\/es\/","logo":{"@type":"ImageObject","inLanguage":"es","@id":"https:\/\/www.gruppoliturgico.com\/es\/#\/schema\/logo\/image\/","url":"https:\/\/www.gruppoliturgico.com\/wp-content\/uploads\/2022\/02\/logo-laboratoriogruppoliturgico.png","contentUrl":"https:\/\/www.gruppoliturgico.com\/wp-content\/uploads\/2022\/02\/logo-laboratoriogruppoliturgico.png","width":400,"height":114,"caption":"Laboratorio Gruppo Liturgico"},"image":{"@id":"https:\/\/www.gruppoliturgico.com\/es\/#\/schema\/logo\/image\/"}}]}},"_links":{"self":[{"href":"https:\/\/www.gruppoliturgico.com\/es\/wp-json\/wp\/v2\/product\/63642"}],"collection":[{"href":"https:\/\/www.gruppoliturgico.com\/es\/wp-json\/wp\/v2\/product"}],"about":[{"href":"https:\/\/www.gruppoliturgico.com\/es\/wp-json\/wp\/v2\/types\/product"}],"wp:featuredmedia":[{"embeddable":true,"href":"https:\/\/www.gruppoliturgico.com\/es\/wp-json\/wp\/v2\/media\/131694"}],"wp:attachment":[{"href":"https:\/\/www.gruppoliturgico.com\/es\/wp-json\/wp\/v2\/media?parent=63642"}],"wp:term":[{"taxonomy":"product_cat","embeddable":true,"href":"https:\/\/www.gruppoliturgico.com\/es\/wp-json\/wp\/v2\/product_cat?post=63642"},{"taxonomy":"product_tag","embeddable":true,"href":"https:\/\/www.gruppoliturgico.com\/es\/wp-json\/wp\/v2\/product_tag?post=63642"}],"curies":[{"name":"wp","href":"https:\/\/api.w.org\/{rel}","templated":true}]}}