{"id":63606,"date":"2022-05-19T23:13:24","date_gmt":"2022-05-19T21:13:31","guid":{"rendered":"https:\/\/www.gruppoliturgico.com\/prodotto\/altar-de-arte\/"},"modified":"2022-10-17T14:36:21","modified_gmt":"2022-10-17T12:36:21","slug":"altar-de-arte","status":"publish","type":"product","link":"https:\/\/www.gruppoliturgico.com\/es\/producto\/altar-de-arte\/","title":{"rendered":"altar de arte"},"content":{"rendered":"<html><body><p>Este altar de madera maciza suscita una sensaci\u00f3n imponente y majestuosa, est\u00e1 decorado con frisios y volutas de gusto barroco esculpidos a mano.<br>\nTambi\u00e9n est\u00e1n tallados los s\u00edmbolos lit\u00fargicos que decoran el panel frontal.<br>\nEl dorado se realiza con hoja de oro.<br>\nLa base del altar mide 120 x 55 cm.<br>\nLa mesa est\u00e1 disponible a medida.<\/p>\n<\/body><\/html>","protected":false},"excerpt":{"rendered":"<p>Este altar de madera maciza suscita una sensaci\u00f3n imponente y majestuosa, est\u00e1 decorado con frisios y volutas de gusto barroco esculpidos a mano.<br \/>\nTambi\u00e9n est\u00e1n tallados los s\u00edmbolos lit\u00fargicos que decoran el panel frontal.<br \/>\nEl dorado se realiza con hoja de oro.<br \/>\nLa base del altar mide 120 x 55 cm.<br \/>\nLa mesa est\u00e1 disponible a medida..<\/p>\n<p><img loading=\"lazy\" class=\"alignnone wp-image-76779 size-large\" src=\"https:\/\/www.gruppoliturgico.com\/wp-content\/uploads\/2022\/05\/1186_2-1024x705.jpg\" alt=\"\" width=\"1024\" height=\"705\" srcset=\"https:\/\/www.gruppoliturgico.com\/wp-content\/uploads\/2022\/05\/1186_2-1024x705.jpg 1024w, https:\/\/www.gruppoliturgico.com\/wp-content\/uploads\/2022\/05\/1186_2-300x206.jpg 300w, https:\/\/www.gruppoliturgico.com\/wp-content\/uploads\/2022\/05\/1186_2-768x528.jpg 768w, https:\/\/www.gruppoliturgico.com\/wp-content\/uploads\/2022\/05\/1186_2-920x633.jpg 920w, https:\/\/www.gruppoliturgico.com\/wp-content\/uploads\/2022\/05\/1186_2-230x158.jpg 230w, https:\/\/www.gruppoliturgico.com\/wp-content\/uploads\/2022\/05\/1186_2-350x241.jpg 350w, https:\/\/www.gruppoliturgico.com\/wp-content\/uploads\/2022\/05\/1186_2-480x330.jpg 480w, https:\/\/www.gruppoliturgico.com\/wp-content\/uploads\/2022\/05\/1186_2-600x413.jpg 600w, https:\/\/www.gruppoliturgico.com\/wp-content\/uploads\/2022\/05\/1186_2.jpg 1500w\" sizes=\"(max-width: 1024px) 100vw, 1024px\" \/><\/p>\n<p>Fotograf\u00eda del conjunto del altar con sus correspondientes accesorios.<\/p>\n","protected":false},"featured_media":131182,"template":"","meta":[],"product_cat":[12123],"product_tag":[],"yoast_head":"<!-- This site is optimized with the Yoast SEO plugin v20.4 - https:\/\/yoast.com\/wordpress\/plugins\/seo\/ -->\n<title>altar de arte - art 1186 y Laboratorio Gruppo Liturgico<\/title>\n<meta name=\"description\" content=\"Este altar de madera maciza suscita una sensaci\u00f3n imponente y majestuosa, est\u00e1 decorado con frisios y volutas de gusto barroco esculpidos a mano. Tambi\u00e9n est\u00e1n tallados los s\u00edmbolos lit\u00fargicos que decoran el panel frontal. El dorado se realiza con hoja de oro. La base del altar mide 120 x 55 cm. La mesa est\u00e1 disponible a medida..    Fotograf\u00eda del conjunto del altar con sus correspondientes accesorios.\" \/>\n<meta name=\"robots\" content=\"index, follow, max-snippet:-1, max-image-preview:large, max-video-preview:-1\" \/>\n<link rel=\"canonical\" href=\"https:\/\/www.gruppoliturgico.com\/es\/producto\/altar-de-arte\/\" \/>\n<meta property=\"og:locale\" content=\"es_ES\" \/>\n<meta property=\"og:type\" content=\"article\" \/>\n<meta property=\"og:title\" content=\"altar de arte - art 1186 y Laboratorio Gruppo Liturgico\" \/>\n<meta property=\"og:description\" content=\"Este altar de madera maciza suscita una sensaci\u00f3n imponente y majestuosa, est\u00e1 decorado con frisios y volutas de gusto barroco esculpidos a mano. Tambi\u00e9n est\u00e1n tallados los s\u00edmbolos lit\u00fargicos que decoran el panel frontal. El dorado se realiza con hoja de oro. La base del altar mide 120 x 55 cm. La mesa est\u00e1 disponible a medida..    Fotograf\u00eda del conjunto del altar con sus correspondientes accesorios.\" \/>\n<meta property=\"og:url\" content=\"https:\/\/www.gruppoliturgico.com\/es\/producto\/altar-de-arte\/\" \/>\n<meta property=\"og:site_name\" content=\"Laboratorio Gruppo Liturgico\" \/>\n<meta property=\"article:modified_time\" content=\"2022-10-17T12:36:21+00:00\" \/>\n<meta property=\"og:image\" content=\"https:\/\/www.gruppoliturgico.com\/wp-content\/uploads\/2022\/05\/1186-rit.jpg\" \/>\n\t<meta property=\"og:image:width\" content=\"680\" \/>\n\t<meta property=\"og:image:height\" content=\"800\" \/>\n\t<meta property=\"og:image:type\" content=\"image\/jpeg\" \/>\n<meta name=\"twitter:card\" content=\"summary_large_image\" \/>\n<script type=\"application\/ld+json\" class=\"yoast-schema-graph\">{\"@context\":\"https:\/\/schema.org\",\"@graph\":[{\"@type\":\"WebPage\",\"@id\":\"https:\/\/www.gruppoliturgico.com\/es\/producto\/altar-de-arte\/\",\"url\":\"https:\/\/www.gruppoliturgico.com\/es\/producto\/altar-de-arte\/\",\"name\":\"altar de arte - art 1186 y Laboratorio Gruppo Liturgico\",\"isPartOf\":{\"@id\":\"https:\/\/www.gruppoliturgico.com\/es\/#website\"},\"datePublished\":\"2022-05-19T21:13:31+00:00\",\"dateModified\":\"2022-10-17T12:36:21+00:00\",\"description\":\"Este altar de madera maciza suscita una sensaci\u00f3n imponente y majestuosa, est\u00e1 decorado con frisios y volutas de gusto barroco esculpidos a mano. Tambi\u00e9n est\u00e1n tallados los s\u00edmbolos lit\u00fargicos que decoran el panel frontal. El dorado se realiza con hoja de oro. La base del altar mide 120 x 55 cm. La mesa est\u00e1 disponible a medida.. Fotograf\u00eda del conjunto del altar con sus correspondientes accesorios.\",\"breadcrumb\":{\"@id\":\"https:\/\/www.gruppoliturgico.com\/es\/producto\/altar-de-arte\/#breadcrumb\"},\"inLanguage\":\"es\",\"potentialAction\":[{\"@type\":\"ReadAction\",\"target\":[\"https:\/\/www.gruppoliturgico.com\/es\/producto\/altar-de-arte\/\"]}]},{\"@type\":\"BreadcrumbList\",\"@id\":\"https:\/\/www.gruppoliturgico.com\/es\/producto\/altar-de-arte\/#breadcrumb\",\"itemListElement\":[{\"@type\":\"ListItem\",\"position\":1,\"name\":\"Home\",\"item\":\"https:\/\/www.gruppoliturgico.com\/es\/\"},{\"@type\":\"ListItem\",\"position\":2,\"name\":\"Tienda\",\"item\":\"https:\/\/www.gruppoliturgico.com\/es\/tienda\/\"},{\"@type\":\"ListItem\",\"position\":3,\"name\":\"altar de arte\"}]},{\"@type\":\"WebSite\",\"@id\":\"https:\/\/www.gruppoliturgico.com\/es\/#website\",\"url\":\"https:\/\/www.gruppoliturgico.com\/es\/\",\"name\":\"Laboratorio Gruppo Liturgico\",\"description\":\"Articoli Religiosi online\",\"publisher\":{\"@id\":\"https:\/\/www.gruppoliturgico.com\/es\/#organization\"},\"potentialAction\":[{\"@type\":\"SearchAction\",\"target\":{\"@type\":\"EntryPoint\",\"urlTemplate\":\"https:\/\/www.gruppoliturgico.com\/es\/?s={search_term_string}\"},\"query-input\":\"required name=search_term_string\"}],\"inLanguage\":\"es\"},{\"@type\":\"Organization\",\"@id\":\"https:\/\/www.gruppoliturgico.com\/es\/#organization\",\"name\":\"Laboratorio Gruppo Liturgico\",\"url\":\"https:\/\/www.gruppoliturgico.com\/es\/\",\"logo\":{\"@type\":\"ImageObject\",\"inLanguage\":\"es\",\"@id\":\"https:\/\/www.gruppoliturgico.com\/es\/#\/schema\/logo\/image\/\",\"url\":\"https:\/\/www.gruppoliturgico.com\/wp-content\/uploads\/2022\/02\/logo-laboratoriogruppoliturgico.png\",\"contentUrl\":\"https:\/\/www.gruppoliturgico.com\/wp-content\/uploads\/2022\/02\/logo-laboratoriogruppoliturgico.png\",\"width\":400,\"height\":114,\"caption\":\"Laboratorio Gruppo Liturgico\"},\"image\":{\"@id\":\"https:\/\/www.gruppoliturgico.com\/es\/#\/schema\/logo\/image\/\"}}]}<\/script>\n<!-- \/ Yoast SEO plugin. -->","yoast_head_json":{"title":"altar de arte - art 1186 y Laboratorio Gruppo Liturgico","description":"Este altar de madera maciza suscita una sensaci\u00f3n imponente y majestuosa, est\u00e1 decorado con frisios y volutas de gusto barroco esculpidos a mano. Tambi\u00e9n est\u00e1n tallados los s\u00edmbolos lit\u00fargicos que decoran el panel frontal. El dorado se realiza con hoja de oro. La base del altar mide 120 x 55 cm. La mesa est\u00e1 disponible a medida..    Fotograf\u00eda del conjunto del altar con sus correspondientes accesorios.","robots":{"index":"index","follow":"follow","max-snippet":"max-snippet:-1","max-image-preview":"max-image-preview:large","max-video-preview":"max-video-preview:-1"},"canonical":"https:\/\/www.gruppoliturgico.com\/es\/producto\/altar-de-arte\/","og_locale":"es_ES","og_type":"article","og_title":"altar de arte - art 1186 y Laboratorio Gruppo Liturgico","og_description":"Este altar de madera maciza suscita una sensaci\u00f3n imponente y majestuosa, est\u00e1 decorado con frisios y volutas de gusto barroco esculpidos a mano. Tambi\u00e9n est\u00e1n tallados los s\u00edmbolos lit\u00fargicos que decoran el panel frontal. El dorado se realiza con hoja de oro. La base del altar mide 120 x 55 cm. La mesa est\u00e1 disponible a medida..    Fotograf\u00eda del conjunto del altar con sus correspondientes accesorios.","og_url":"https:\/\/www.gruppoliturgico.com\/es\/producto\/altar-de-arte\/","og_site_name":"Laboratorio Gruppo Liturgico","article_modified_time":"2022-10-17T12:36:21+00:00","og_image":[{"width":680,"height":800,"url":"https:\/\/www.gruppoliturgico.com\/wp-content\/uploads\/2022\/05\/1186-rit.jpg","type":"image\/jpeg"}],"twitter_card":"summary_large_image","schema":{"@context":"https:\/\/schema.org","@graph":[{"@type":"WebPage","@id":"https:\/\/www.gruppoliturgico.com\/es\/producto\/altar-de-arte\/","url":"https:\/\/www.gruppoliturgico.com\/es\/producto\/altar-de-arte\/","name":"altar de arte - art 1186 y Laboratorio Gruppo Liturgico","isPartOf":{"@id":"https:\/\/www.gruppoliturgico.com\/es\/#website"},"datePublished":"2022-05-19T21:13:31+00:00","dateModified":"2022-10-17T12:36:21+00:00","description":"Este altar de madera maciza suscita una sensaci\u00f3n imponente y majestuosa, est\u00e1 decorado con frisios y volutas de gusto barroco esculpidos a mano. Tambi\u00e9n est\u00e1n tallados los s\u00edmbolos lit\u00fargicos que decoran el panel frontal. El dorado se realiza con hoja de oro. La base del altar mide 120 x 55 cm. La mesa est\u00e1 disponible a medida.. Fotograf\u00eda del conjunto del altar con sus correspondientes accesorios.","breadcrumb":{"@id":"https:\/\/www.gruppoliturgico.com\/es\/producto\/altar-de-arte\/#breadcrumb"},"inLanguage":"es","potentialAction":[{"@type":"ReadAction","target":["https:\/\/www.gruppoliturgico.com\/es\/producto\/altar-de-arte\/"]}]},{"@type":"BreadcrumbList","@id":"https:\/\/www.gruppoliturgico.com\/es\/producto\/altar-de-arte\/#breadcrumb","itemListElement":[{"@type":"ListItem","position":1,"name":"Home","item":"https:\/\/www.gruppoliturgico.com\/es\/"},{"@type":"ListItem","position":2,"name":"Tienda","item":"https:\/\/www.gruppoliturgico.com\/es\/tienda\/"},{"@type":"ListItem","position":3,"name":"altar de arte"}]},{"@type":"WebSite","@id":"https:\/\/www.gruppoliturgico.com\/es\/#website","url":"https:\/\/www.gruppoliturgico.com\/es\/","name":"Laboratorio Gruppo Liturgico","description":"Articoli Religiosi online","publisher":{"@id":"https:\/\/www.gruppoliturgico.com\/es\/#organization"},"potentialAction":[{"@type":"SearchAction","target":{"@type":"EntryPoint","urlTemplate":"https:\/\/www.gruppoliturgico.com\/es\/?s={search_term_string}"},"query-input":"required name=search_term_string"}],"inLanguage":"es"},{"@type":"Organization","@id":"https:\/\/www.gruppoliturgico.com\/es\/#organization","name":"Laboratorio Gruppo Liturgico","url":"https:\/\/www.gruppoliturgico.com\/es\/","logo":{"@type":"ImageObject","inLanguage":"es","@id":"https:\/\/www.gruppoliturgico.com\/es\/#\/schema\/logo\/image\/","url":"https:\/\/www.gruppoliturgico.com\/wp-content\/uploads\/2022\/02\/logo-laboratoriogruppoliturgico.png","contentUrl":"https:\/\/www.gruppoliturgico.com\/wp-content\/uploads\/2022\/02\/logo-laboratoriogruppoliturgico.png","width":400,"height":114,"caption":"Laboratorio Gruppo Liturgico"},"image":{"@id":"https:\/\/www.gruppoliturgico.com\/es\/#\/schema\/logo\/image\/"}}]}},"_links":{"self":[{"href":"https:\/\/www.gruppoliturgico.com\/es\/wp-json\/wp\/v2\/product\/63606"}],"collection":[{"href":"https:\/\/www.gruppoliturgico.com\/es\/wp-json\/wp\/v2\/product"}],"about":[{"href":"https:\/\/www.gruppoliturgico.com\/es\/wp-json\/wp\/v2\/types\/product"}],"wp:featuredmedia":[{"embeddable":true,"href":"https:\/\/www.gruppoliturgico.com\/es\/wp-json\/wp\/v2\/media\/131182"}],"wp:attachment":[{"href":"https:\/\/www.gruppoliturgico.com\/es\/wp-json\/wp\/v2\/media?parent=63606"}],"wp:term":[{"taxonomy":"product_cat","embeddable":true,"href":"https:\/\/www.gruppoliturgico.com\/es\/wp-json\/wp\/v2\/product_cat?post=63606"},{"taxonomy":"product_tag","embeddable":true,"href":"https:\/\/www.gruppoliturgico.com\/es\/wp-json\/wp\/v2\/product_tag?post=63606"}],"curies":[{"name":"wp","href":"https:\/\/api.w.org\/{rel}","templated":true}]}}