{"id":63566,"date":"2022-05-19T23:11:54","date_gmt":"2022-05-19T21:12:01","guid":{"rendered":"https:\/\/www.gruppoliturgico.com\/prodotto\/cruz-en-madera\/"},"modified":"2022-05-20T07:28:54","modified_gmt":"2022-05-20T05:28:54","slug":"cruz-en-madera","status":"publish","type":"product","link":"https:\/\/www.gruppoliturgico.com\/es\/producto\/cruz-en-madera\/","title":{"rendered":"CRUZ EN MADERA"},"content":{"rendered":"<html><body><p>Con cantoneras armoniosamente esculpidas, est\u00e1 dorada con hoja de oro. Cuerpo de Cristo en metal plateado. Tama\u00f1o 50 x 37 cm, m\u00e1s el asta en madera de 150 cm de altura. <\/p>\n<\/body><\/html>","protected":false},"excerpt":{"rendered":"<p>Con cantoneras armoniosamente esculpidas, est\u00e1 dorada con hoja de oro. Cuerpo de Cristo en metal plateado. Tama\u00f1o 50 x 37 cm, m\u00e1s el asta en madera de 150 cm de altura. <\/p>\n","protected":false},"featured_media":132494,"template":"","meta":[],"product_cat":[11723,11667],"product_tag":[],"yoast_head":"<!-- This site is optimized with the Yoast SEO plugin v20.4 - https:\/\/yoast.com\/wordpress\/plugins\/seo\/ -->\n<title>CRUZ EN MADERA - altares, cruces parroquiales y Laboratorio Gruppo Liturgico<\/title>\n<meta name=\"description\" content=\"Con cantoneras armoniosamente esculpidas, est\u00e1 dorada con hoja de oro. Cuerpo de Cristo en metal plateado. Tama\u00f1o 50 x 37 cm, m\u00e1s el asta en madera de 150 cm de altura.\" \/>\n<meta name=\"robots\" content=\"index, follow, max-snippet:-1, max-image-preview:large, max-video-preview:-1\" \/>\n<link rel=\"canonical\" href=\"https:\/\/www.gruppoliturgico.com\/es\/producto\/cruz-en-madera\/\" \/>\n<meta property=\"og:locale\" content=\"es_ES\" \/>\n<meta property=\"og:type\" content=\"article\" \/>\n<meta property=\"og:title\" content=\"CRUZ EN MADERA - altares, cruces parroquiales y Laboratorio Gruppo Liturgico\" \/>\n<meta property=\"og:description\" content=\"Con cantoneras armoniosamente esculpidas, est\u00e1 dorada con hoja de oro. Cuerpo de Cristo en metal plateado. Tama\u00f1o 50 x 37 cm, m\u00e1s el asta en madera de 150 cm de altura.\" \/>\n<meta property=\"og:url\" content=\"https:\/\/www.gruppoliturgico.com\/es\/producto\/cruz-en-madera\/\" \/>\n<meta property=\"og:site_name\" content=\"Laboratorio Gruppo Liturgico\" \/>\n<meta property=\"article:modified_time\" content=\"2022-05-20T05:28:54+00:00\" \/>\n<meta property=\"og:image\" content=\"https:\/\/www.gruppoliturgico.com\/wp-content\/uploads\/2022\/05\/667.croce20astile_0.jpg\" \/>\n\t<meta property=\"og:image:width\" content=\"1015\" \/>\n\t<meta property=\"og:image:height\" content=\"1500\" \/>\n\t<meta property=\"og:image:type\" content=\"image\/jpeg\" \/>\n<meta name=\"twitter:card\" content=\"summary_large_image\" \/>\n<script type=\"application\/ld+json\" class=\"yoast-schema-graph\">{\"@context\":\"https:\/\/schema.org\",\"@graph\":[{\"@type\":\"WebPage\",\"@id\":\"https:\/\/www.gruppoliturgico.com\/es\/producto\/cruz-en-madera\/\",\"url\":\"https:\/\/www.gruppoliturgico.com\/es\/producto\/cruz-en-madera\/\",\"name\":\"CRUZ EN MADERA - altares, cruces parroquiales y Laboratorio Gruppo Liturgico\",\"isPartOf\":{\"@id\":\"https:\/\/www.gruppoliturgico.com\/es\/#website\"},\"datePublished\":\"2022-05-19T21:12:01+00:00\",\"dateModified\":\"2022-05-20T05:28:54+00:00\",\"description\":\"Con cantoneras armoniosamente esculpidas, est\u00e1 dorada con hoja de oro. Cuerpo de Cristo en metal plateado. Tama\u00f1o 50 x 37 cm, m\u00e1s el asta en madera de 150 cm de altura.\",\"breadcrumb\":{\"@id\":\"https:\/\/www.gruppoliturgico.com\/es\/producto\/cruz-en-madera\/#breadcrumb\"},\"inLanguage\":\"es\",\"potentialAction\":[{\"@type\":\"ReadAction\",\"target\":[\"https:\/\/www.gruppoliturgico.com\/es\/producto\/cruz-en-madera\/\"]}]},{\"@type\":\"BreadcrumbList\",\"@id\":\"https:\/\/www.gruppoliturgico.com\/es\/producto\/cruz-en-madera\/#breadcrumb\",\"itemListElement\":[{\"@type\":\"ListItem\",\"position\":1,\"name\":\"Home\",\"item\":\"https:\/\/www.gruppoliturgico.com\/es\/\"},{\"@type\":\"ListItem\",\"position\":2,\"name\":\"Tienda\",\"item\":\"https:\/\/www.gruppoliturgico.com\/es\/tienda\/\"},{\"@type\":\"ListItem\",\"position\":3,\"name\":\"CRUZ EN MADERA\"}]},{\"@type\":\"WebSite\",\"@id\":\"https:\/\/www.gruppoliturgico.com\/es\/#website\",\"url\":\"https:\/\/www.gruppoliturgico.com\/es\/\",\"name\":\"Laboratorio Gruppo Liturgico\",\"description\":\"Articoli Religiosi online\",\"publisher\":{\"@id\":\"https:\/\/www.gruppoliturgico.com\/es\/#organization\"},\"potentialAction\":[{\"@type\":\"SearchAction\",\"target\":{\"@type\":\"EntryPoint\",\"urlTemplate\":\"https:\/\/www.gruppoliturgico.com\/es\/?s={search_term_string}\"},\"query-input\":\"required name=search_term_string\"}],\"inLanguage\":\"es\"},{\"@type\":\"Organization\",\"@id\":\"https:\/\/www.gruppoliturgico.com\/es\/#organization\",\"name\":\"Laboratorio Gruppo Liturgico\",\"url\":\"https:\/\/www.gruppoliturgico.com\/es\/\",\"logo\":{\"@type\":\"ImageObject\",\"inLanguage\":\"es\",\"@id\":\"https:\/\/www.gruppoliturgico.com\/es\/#\/schema\/logo\/image\/\",\"url\":\"https:\/\/www.gruppoliturgico.com\/wp-content\/uploads\/2022\/02\/logo-laboratoriogruppoliturgico.png\",\"contentUrl\":\"https:\/\/www.gruppoliturgico.com\/wp-content\/uploads\/2022\/02\/logo-laboratoriogruppoliturgico.png\",\"width\":400,\"height\":114,\"caption\":\"Laboratorio Gruppo Liturgico\"},\"image\":{\"@id\":\"https:\/\/www.gruppoliturgico.com\/es\/#\/schema\/logo\/image\/\"}}]}<\/script>\n<!-- \/ Yoast SEO plugin. -->","yoast_head_json":{"title":"CRUZ EN MADERA - altares, cruces parroquiales y Laboratorio Gruppo Liturgico","description":"Con cantoneras armoniosamente esculpidas, est\u00e1 dorada con hoja de oro. Cuerpo de Cristo en metal plateado. Tama\u00f1o 50 x 37 cm, m\u00e1s el asta en madera de 150 cm de altura.","robots":{"index":"index","follow":"follow","max-snippet":"max-snippet:-1","max-image-preview":"max-image-preview:large","max-video-preview":"max-video-preview:-1"},"canonical":"https:\/\/www.gruppoliturgico.com\/es\/producto\/cruz-en-madera\/","og_locale":"es_ES","og_type":"article","og_title":"CRUZ EN MADERA - altares, cruces parroquiales y Laboratorio Gruppo Liturgico","og_description":"Con cantoneras armoniosamente esculpidas, est\u00e1 dorada con hoja de oro. Cuerpo de Cristo en metal plateado. Tama\u00f1o 50 x 37 cm, m\u00e1s el asta en madera de 150 cm de altura.","og_url":"https:\/\/www.gruppoliturgico.com\/es\/producto\/cruz-en-madera\/","og_site_name":"Laboratorio Gruppo Liturgico","article_modified_time":"2022-05-20T05:28:54+00:00","og_image":[{"width":1015,"height":1500,"url":"https:\/\/www.gruppoliturgico.com\/wp-content\/uploads\/2022\/05\/667.croce20astile_0.jpg","type":"image\/jpeg"}],"twitter_card":"summary_large_image","schema":{"@context":"https:\/\/schema.org","@graph":[{"@type":"WebPage","@id":"https:\/\/www.gruppoliturgico.com\/es\/producto\/cruz-en-madera\/","url":"https:\/\/www.gruppoliturgico.com\/es\/producto\/cruz-en-madera\/","name":"CRUZ EN MADERA - altares, cruces parroquiales y Laboratorio Gruppo Liturgico","isPartOf":{"@id":"https:\/\/www.gruppoliturgico.com\/es\/#website"},"datePublished":"2022-05-19T21:12:01+00:00","dateModified":"2022-05-20T05:28:54+00:00","description":"Con cantoneras armoniosamente esculpidas, est\u00e1 dorada con hoja de oro. Cuerpo de Cristo en metal plateado. Tama\u00f1o 50 x 37 cm, m\u00e1s el asta en madera de 150 cm de altura.","breadcrumb":{"@id":"https:\/\/www.gruppoliturgico.com\/es\/producto\/cruz-en-madera\/#breadcrumb"},"inLanguage":"es","potentialAction":[{"@type":"ReadAction","target":["https:\/\/www.gruppoliturgico.com\/es\/producto\/cruz-en-madera\/"]}]},{"@type":"BreadcrumbList","@id":"https:\/\/www.gruppoliturgico.com\/es\/producto\/cruz-en-madera\/#breadcrumb","itemListElement":[{"@type":"ListItem","position":1,"name":"Home","item":"https:\/\/www.gruppoliturgico.com\/es\/"},{"@type":"ListItem","position":2,"name":"Tienda","item":"https:\/\/www.gruppoliturgico.com\/es\/tienda\/"},{"@type":"ListItem","position":3,"name":"CRUZ EN MADERA"}]},{"@type":"WebSite","@id":"https:\/\/www.gruppoliturgico.com\/es\/#website","url":"https:\/\/www.gruppoliturgico.com\/es\/","name":"Laboratorio Gruppo Liturgico","description":"Articoli Religiosi online","publisher":{"@id":"https:\/\/www.gruppoliturgico.com\/es\/#organization"},"potentialAction":[{"@type":"SearchAction","target":{"@type":"EntryPoint","urlTemplate":"https:\/\/www.gruppoliturgico.com\/es\/?s={search_term_string}"},"query-input":"required name=search_term_string"}],"inLanguage":"es"},{"@type":"Organization","@id":"https:\/\/www.gruppoliturgico.com\/es\/#organization","name":"Laboratorio Gruppo Liturgico","url":"https:\/\/www.gruppoliturgico.com\/es\/","logo":{"@type":"ImageObject","inLanguage":"es","@id":"https:\/\/www.gruppoliturgico.com\/es\/#\/schema\/logo\/image\/","url":"https:\/\/www.gruppoliturgico.com\/wp-content\/uploads\/2022\/02\/logo-laboratoriogruppoliturgico.png","contentUrl":"https:\/\/www.gruppoliturgico.com\/wp-content\/uploads\/2022\/02\/logo-laboratoriogruppoliturgico.png","width":400,"height":114,"caption":"Laboratorio Gruppo Liturgico"},"image":{"@id":"https:\/\/www.gruppoliturgico.com\/es\/#\/schema\/logo\/image\/"}}]}},"_links":{"self":[{"href":"https:\/\/www.gruppoliturgico.com\/es\/wp-json\/wp\/v2\/product\/63566"}],"collection":[{"href":"https:\/\/www.gruppoliturgico.com\/es\/wp-json\/wp\/v2\/product"}],"about":[{"href":"https:\/\/www.gruppoliturgico.com\/es\/wp-json\/wp\/v2\/types\/product"}],"wp:featuredmedia":[{"embeddable":true,"href":"https:\/\/www.gruppoliturgico.com\/es\/wp-json\/wp\/v2\/media\/132494"}],"wp:attachment":[{"href":"https:\/\/www.gruppoliturgico.com\/es\/wp-json\/wp\/v2\/media?parent=63566"}],"wp:term":[{"taxonomy":"product_cat","embeddable":true,"href":"https:\/\/www.gruppoliturgico.com\/es\/wp-json\/wp\/v2\/product_cat?post=63566"},{"taxonomy":"product_tag","embeddable":true,"href":"https:\/\/www.gruppoliturgico.com\/es\/wp-json\/wp\/v2\/product_tag?post=63566"}],"curies":[{"name":"wp","href":"https:\/\/api.w.org\/{rel}","templated":true}]}}