{"id":63486,"date":"2022-05-19T23:08:20","date_gmt":"2022-05-19T21:08:28","guid":{"rendered":"https:\/\/www.gruppoliturgico.com\/prodotto\/altar-6\/"},"modified":"2022-10-20T11:33:17","modified_gmt":"2022-10-20T09:33:17","slug":"altar-6","status":"publish","type":"product","link":"https:\/\/www.gruppoliturgico.com\/es\/producto\/altar-6\/","title":{"rendered":"altar g\u00f3tico"},"content":{"rendered":"<html><body><p>Extremo rigor y pureza de l\u00edneas para este altar en preciosa madera de tilo pintada en color nogal.<br>\nEl estilo g\u00f3tico se expresa en los ricos paneles con bajorrelieves que representan rosetones que decoran cada uno de los elementos.<br>\nDimensi\u00f3n<br>\nPeana de apoyo de 160 x 67 cm<br>\nMesa de 190 x 80 cm o a medida<\/p>\n<\/body><\/html>","protected":false},"excerpt":{"rendered":"<p>Extremo rigor y pureza de l\u00edneas para este altar en preciosa madera de tilo pintada en color nogal.<br \/>\nEl estilo g\u00f3tico se expresa en los ricos paneles con bajorrelieves que representan rosetones que decoran cada uno de los elementos.<br \/>\nDimensi\u00f3n<br \/>\nPeana de apoyo de 160 x 67 cm<br \/>\nMesa de 190 x 80 cm o a medida<\/p>\n<p><img loading=\"lazy\" class=\"alignnone wp-image-95168 size-large\" src=\"https:\/\/www.gruppoliturgico.com\/wp-content\/uploads\/2022\/05\/478_2-1024x498.jpg\" alt=\"\" width=\"1024\" height=\"498\" srcset=\"https:\/\/www.gruppoliturgico.com\/wp-content\/uploads\/2022\/05\/478_2-1024x498.jpg 1024w, https:\/\/www.gruppoliturgico.com\/wp-content\/uploads\/2022\/05\/478_2-300x146.jpg 300w, https:\/\/www.gruppoliturgico.com\/wp-content\/uploads\/2022\/05\/478_2-768x374.jpg 768w, https:\/\/www.gruppoliturgico.com\/wp-content\/uploads\/2022\/05\/478_2-920x448.jpg 920w, https:\/\/www.gruppoliturgico.com\/wp-content\/uploads\/2022\/05\/478_2-230x112.jpg 230w, https:\/\/www.gruppoliturgico.com\/wp-content\/uploads\/2022\/05\/478_2-350x170.jpg 350w, https:\/\/www.gruppoliturgico.com\/wp-content\/uploads\/2022\/05\/478_2-480x234.jpg 480w, https:\/\/www.gruppoliturgico.com\/wp-content\/uploads\/2022\/05\/478_2-600x292.jpg 600w, https:\/\/www.gruppoliturgico.com\/wp-content\/uploads\/2022\/05\/478_2.jpg 1500w\" sizes=\"(max-width: 1024px) 100vw, 1024px\" \/><\/p>\n<p>Fotograf\u00eda del conjunto del altar con sus correspondientes accesorios.<\/p>\n","protected":false},"featured_media":131319,"template":"","meta":[],"product_cat":[12139],"product_tag":[],"yoast_head":"<!-- This site is optimized with the Yoast SEO plugin v20.4 - https:\/\/yoast.com\/wordpress\/plugins\/seo\/ -->\n<title>altar g\u00f3tico - art 478 y Laboratorio Gruppo Liturgico<\/title>\n<meta name=\"description\" content=\"Extremo rigor y pureza de l\u00edneas para este altar en preciosa madera de tilo pintada en color nogal. El estilo g\u00f3tico se expresa en los ricos paneles con bajorrelieves que representan rosetones que decoran cada uno de los elementos. Dimensi\u00f3n  Peana de apoyo de 160 x 67 cm Mesa de 190 x 80 cm o a medida     Fotograf\u00eda del conjunto del altar con sus correspondientes accesorios.\" \/>\n<meta name=\"robots\" content=\"index, follow, max-snippet:-1, max-image-preview:large, max-video-preview:-1\" \/>\n<link rel=\"canonical\" href=\"https:\/\/www.gruppoliturgico.com\/es\/producto\/altar-6\/\" \/>\n<meta property=\"og:locale\" content=\"es_ES\" \/>\n<meta property=\"og:type\" content=\"article\" \/>\n<meta property=\"og:title\" content=\"altar g\u00f3tico - art 478 y Laboratorio Gruppo Liturgico\" \/>\n<meta property=\"og:description\" content=\"Extremo rigor y pureza de l\u00edneas para este altar en preciosa madera de tilo pintada en color nogal. El estilo g\u00f3tico se expresa en los ricos paneles con bajorrelieves que representan rosetones que decoran cada uno de los elementos. Dimensi\u00f3n  Peana de apoyo de 160 x 67 cm Mesa de 190 x 80 cm o a medida     Fotograf\u00eda del conjunto del altar con sus correspondientes accesorios.\" \/>\n<meta property=\"og:url\" content=\"https:\/\/www.gruppoliturgico.com\/es\/producto\/altar-6\/\" \/>\n<meta property=\"og:site_name\" content=\"Laboratorio Gruppo Liturgico\" \/>\n<meta property=\"article:modified_time\" content=\"2022-10-20T09:33:17+00:00\" \/>\n<meta property=\"og:image\" content=\"https:\/\/www.gruppoliturgico.com\/wp-content\/uploads\/2022\/05\/478-rit.jpg\" \/>\n\t<meta property=\"og:image:width\" content=\"1000\" \/>\n\t<meta property=\"og:image:height\" content=\"945\" \/>\n\t<meta property=\"og:image:type\" content=\"image\/jpeg\" \/>\n<meta name=\"twitter:card\" content=\"summary_large_image\" \/>\n<script type=\"application\/ld+json\" class=\"yoast-schema-graph\">{\"@context\":\"https:\/\/schema.org\",\"@graph\":[{\"@type\":\"WebPage\",\"@id\":\"https:\/\/www.gruppoliturgico.com\/es\/producto\/altar-6\/\",\"url\":\"https:\/\/www.gruppoliturgico.com\/es\/producto\/altar-6\/\",\"name\":\"altar g\u00f3tico - art 478 y Laboratorio Gruppo Liturgico\",\"isPartOf\":{\"@id\":\"https:\/\/www.gruppoliturgico.com\/es\/#website\"},\"datePublished\":\"2022-05-19T21:08:28+00:00\",\"dateModified\":\"2022-10-20T09:33:17+00:00\",\"description\":\"Extremo rigor y pureza de l\u00edneas para este altar en preciosa madera de tilo pintada en color nogal. El estilo g\u00f3tico se expresa en los ricos paneles con bajorrelieves que representan rosetones que decoran cada uno de los elementos. Dimensi\u00f3n Peana de apoyo de 160 x 67 cm Mesa de 190 x 80 cm o a medida Fotograf\u00eda del conjunto del altar con sus correspondientes accesorios.\",\"breadcrumb\":{\"@id\":\"https:\/\/www.gruppoliturgico.com\/es\/producto\/altar-6\/#breadcrumb\"},\"inLanguage\":\"es\",\"potentialAction\":[{\"@type\":\"ReadAction\",\"target\":[\"https:\/\/www.gruppoliturgico.com\/es\/producto\/altar-6\/\"]}]},{\"@type\":\"BreadcrumbList\",\"@id\":\"https:\/\/www.gruppoliturgico.com\/es\/producto\/altar-6\/#breadcrumb\",\"itemListElement\":[{\"@type\":\"ListItem\",\"position\":1,\"name\":\"Home\",\"item\":\"https:\/\/www.gruppoliturgico.com\/es\/\"},{\"@type\":\"ListItem\",\"position\":2,\"name\":\"Tienda\",\"item\":\"https:\/\/www.gruppoliturgico.com\/es\/tienda\/\"},{\"@type\":\"ListItem\",\"position\":3,\"name\":\"altar g\u00f3tico\"}]},{\"@type\":\"WebSite\",\"@id\":\"https:\/\/www.gruppoliturgico.com\/es\/#website\",\"url\":\"https:\/\/www.gruppoliturgico.com\/es\/\",\"name\":\"Laboratorio Gruppo Liturgico\",\"description\":\"Articoli Religiosi online\",\"publisher\":{\"@id\":\"https:\/\/www.gruppoliturgico.com\/es\/#organization\"},\"potentialAction\":[{\"@type\":\"SearchAction\",\"target\":{\"@type\":\"EntryPoint\",\"urlTemplate\":\"https:\/\/www.gruppoliturgico.com\/es\/?s={search_term_string}\"},\"query-input\":\"required name=search_term_string\"}],\"inLanguage\":\"es\"},{\"@type\":\"Organization\",\"@id\":\"https:\/\/www.gruppoliturgico.com\/es\/#organization\",\"name\":\"Laboratorio Gruppo Liturgico\",\"url\":\"https:\/\/www.gruppoliturgico.com\/es\/\",\"logo\":{\"@type\":\"ImageObject\",\"inLanguage\":\"es\",\"@id\":\"https:\/\/www.gruppoliturgico.com\/es\/#\/schema\/logo\/image\/\",\"url\":\"https:\/\/www.gruppoliturgico.com\/wp-content\/uploads\/2022\/02\/logo-laboratoriogruppoliturgico.png\",\"contentUrl\":\"https:\/\/www.gruppoliturgico.com\/wp-content\/uploads\/2022\/02\/logo-laboratoriogruppoliturgico.png\",\"width\":400,\"height\":114,\"caption\":\"Laboratorio Gruppo Liturgico\"},\"image\":{\"@id\":\"https:\/\/www.gruppoliturgico.com\/es\/#\/schema\/logo\/image\/\"}}]}<\/script>\n<!-- \/ Yoast SEO plugin. -->","yoast_head_json":{"title":"altar g\u00f3tico - art 478 y Laboratorio Gruppo Liturgico","description":"Extremo rigor y pureza de l\u00edneas para este altar en preciosa madera de tilo pintada en color nogal. El estilo g\u00f3tico se expresa en los ricos paneles con bajorrelieves que representan rosetones que decoran cada uno de los elementos. Dimensi\u00f3n  Peana de apoyo de 160 x 67 cm Mesa de 190 x 80 cm o a medida     Fotograf\u00eda del conjunto del altar con sus correspondientes accesorios.","robots":{"index":"index","follow":"follow","max-snippet":"max-snippet:-1","max-image-preview":"max-image-preview:large","max-video-preview":"max-video-preview:-1"},"canonical":"https:\/\/www.gruppoliturgico.com\/es\/producto\/altar-6\/","og_locale":"es_ES","og_type":"article","og_title":"altar g\u00f3tico - art 478 y Laboratorio Gruppo Liturgico","og_description":"Extremo rigor y pureza de l\u00edneas para este altar en preciosa madera de tilo pintada en color nogal. El estilo g\u00f3tico se expresa en los ricos paneles con bajorrelieves que representan rosetones que decoran cada uno de los elementos. Dimensi\u00f3n  Peana de apoyo de 160 x 67 cm Mesa de 190 x 80 cm o a medida     Fotograf\u00eda del conjunto del altar con sus correspondientes accesorios.","og_url":"https:\/\/www.gruppoliturgico.com\/es\/producto\/altar-6\/","og_site_name":"Laboratorio Gruppo Liturgico","article_modified_time":"2022-10-20T09:33:17+00:00","og_image":[{"width":1000,"height":945,"url":"https:\/\/www.gruppoliturgico.com\/wp-content\/uploads\/2022\/05\/478-rit.jpg","type":"image\/jpeg"}],"twitter_card":"summary_large_image","schema":{"@context":"https:\/\/schema.org","@graph":[{"@type":"WebPage","@id":"https:\/\/www.gruppoliturgico.com\/es\/producto\/altar-6\/","url":"https:\/\/www.gruppoliturgico.com\/es\/producto\/altar-6\/","name":"altar g\u00f3tico - art 478 y Laboratorio Gruppo Liturgico","isPartOf":{"@id":"https:\/\/www.gruppoliturgico.com\/es\/#website"},"datePublished":"2022-05-19T21:08:28+00:00","dateModified":"2022-10-20T09:33:17+00:00","description":"Extremo rigor y pureza de l\u00edneas para este altar en preciosa madera de tilo pintada en color nogal. El estilo g\u00f3tico se expresa en los ricos paneles con bajorrelieves que representan rosetones que decoran cada uno de los elementos. Dimensi\u00f3n Peana de apoyo de 160 x 67 cm Mesa de 190 x 80 cm o a medida Fotograf\u00eda del conjunto del altar con sus correspondientes accesorios.","breadcrumb":{"@id":"https:\/\/www.gruppoliturgico.com\/es\/producto\/altar-6\/#breadcrumb"},"inLanguage":"es","potentialAction":[{"@type":"ReadAction","target":["https:\/\/www.gruppoliturgico.com\/es\/producto\/altar-6\/"]}]},{"@type":"BreadcrumbList","@id":"https:\/\/www.gruppoliturgico.com\/es\/producto\/altar-6\/#breadcrumb","itemListElement":[{"@type":"ListItem","position":1,"name":"Home","item":"https:\/\/www.gruppoliturgico.com\/es\/"},{"@type":"ListItem","position":2,"name":"Tienda","item":"https:\/\/www.gruppoliturgico.com\/es\/tienda\/"},{"@type":"ListItem","position":3,"name":"altar g\u00f3tico"}]},{"@type":"WebSite","@id":"https:\/\/www.gruppoliturgico.com\/es\/#website","url":"https:\/\/www.gruppoliturgico.com\/es\/","name":"Laboratorio Gruppo Liturgico","description":"Articoli Religiosi online","publisher":{"@id":"https:\/\/www.gruppoliturgico.com\/es\/#organization"},"potentialAction":[{"@type":"SearchAction","target":{"@type":"EntryPoint","urlTemplate":"https:\/\/www.gruppoliturgico.com\/es\/?s={search_term_string}"},"query-input":"required name=search_term_string"}],"inLanguage":"es"},{"@type":"Organization","@id":"https:\/\/www.gruppoliturgico.com\/es\/#organization","name":"Laboratorio Gruppo Liturgico","url":"https:\/\/www.gruppoliturgico.com\/es\/","logo":{"@type":"ImageObject","inLanguage":"es","@id":"https:\/\/www.gruppoliturgico.com\/es\/#\/schema\/logo\/image\/","url":"https:\/\/www.gruppoliturgico.com\/wp-content\/uploads\/2022\/02\/logo-laboratoriogruppoliturgico.png","contentUrl":"https:\/\/www.gruppoliturgico.com\/wp-content\/uploads\/2022\/02\/logo-laboratoriogruppoliturgico.png","width":400,"height":114,"caption":"Laboratorio Gruppo Liturgico"},"image":{"@id":"https:\/\/www.gruppoliturgico.com\/es\/#\/schema\/logo\/image\/"}}]}},"_links":{"self":[{"href":"https:\/\/www.gruppoliturgico.com\/es\/wp-json\/wp\/v2\/product\/63486"}],"collection":[{"href":"https:\/\/www.gruppoliturgico.com\/es\/wp-json\/wp\/v2\/product"}],"about":[{"href":"https:\/\/www.gruppoliturgico.com\/es\/wp-json\/wp\/v2\/types\/product"}],"wp:featuredmedia":[{"embeddable":true,"href":"https:\/\/www.gruppoliturgico.com\/es\/wp-json\/wp\/v2\/media\/131319"}],"wp:attachment":[{"href":"https:\/\/www.gruppoliturgico.com\/es\/wp-json\/wp\/v2\/media?parent=63486"}],"wp:term":[{"taxonomy":"product_cat","embeddable":true,"href":"https:\/\/www.gruppoliturgico.com\/es\/wp-json\/wp\/v2\/product_cat?post=63486"},{"taxonomy":"product_tag","embeddable":true,"href":"https:\/\/www.gruppoliturgico.com\/es\/wp-json\/wp\/v2\/product_tag?post=63486"}],"curies":[{"name":"wp","href":"https:\/\/api.w.org\/{rel}","templated":true}]}}