{"id":63482,"date":"2022-05-19T23:08:09","date_gmt":"2022-05-19T21:08:17","guid":{"rendered":"https:\/\/www.gruppoliturgico.com\/prodotto\/sagrario-24\/"},"modified":"2022-10-06T15:43:06","modified_gmt":"2022-10-06T13:43:06","slug":"sagrario-24","status":"publish","type":"product","link":"https:\/\/www.gruppoliturgico.com\/es\/producto\/sagrario-24\/","title":{"rendered":"Sagrario"},"content":{"rendered":"<html><body><p>Sagrario en madera tallada a mano y dorada con hoja de oro.<br>\nCon la caracter\u00edstica forma de cofre, se completa con un semic\u00edrculo de rayos de madera tallada y dorada con hoja de oro.<br>\nVersi\u00f3n para apoyar, disponible bajo pedido tambi\u00e9n para colgar en la pared. <\/p>\n<p>Dimensiones cm 80 x 55<br>\nsagrario exteriores cm 40 x 25 x 40<br>\ninteriores cm 21 x 27 x 18.cm 35 x 35 x 30.<\/p>\n<\/body><\/html>","protected":false},"excerpt":{"rendered":"<p>Sagrario en madera tallada a mano y dorada con hoja de oro.<br \/>\nCon la caracter\u00edstica forma de cofre, se completa con un semic\u00edrculo de rayos de madera tallada y dorada con hoja de oro.<br \/>\nVersi\u00f3n para apoyar, disponible bajo pedido tambi\u00e9n para colgar en la pared. <\/p>\n<p>Dimensiones cm 80 x 55<br \/>\nsagrario exteriores cm 40 x 25 x 40<br \/>\ninteriores cm 21 x 27 x 18.cm 35 x 35 x 30.<\/p>\n","protected":false},"featured_media":73827,"template":"","meta":[],"product_cat":[12075],"product_tag":[],"yoast_head":"<!-- This site is optimized with the Yoast SEO plugin v20.4 - https:\/\/yoast.com\/wordpress\/plugins\/seo\/ -->\n<title>Sagrario - Sagrarios de madera y Laboratorio Gruppo Liturgico<\/title>\n<meta name=\"description\" content=\"Sagrario en madera tallada a mano y dorada con hoja de oro. Con la caracter\u00edstica forma de cofre, se completa con un semic\u00edrculo de rayos de madera tallada y dorada con hoja de oro. Versi\u00f3n para apoyar, disponible bajo pedido tambi\u00e9n para colgar en la pared.   Dimensiones cm 80 x 55  sagrario exteriores cm 40 x 25 x 40 interiores cm 21 x 27 x 18.cm 35 x 35 x 30.\" \/>\n<meta name=\"robots\" content=\"index, follow, max-snippet:-1, max-image-preview:large, max-video-preview:-1\" \/>\n<link rel=\"canonical\" href=\"https:\/\/www.gruppoliturgico.com\/es\/producto\/sagrario-24\/\" \/>\n<meta property=\"og:locale\" content=\"es_ES\" \/>\n<meta property=\"og:type\" content=\"article\" \/>\n<meta property=\"og:title\" content=\"Sagrario - Sagrarios de madera y Laboratorio Gruppo Liturgico\" \/>\n<meta property=\"og:description\" content=\"Sagrario en madera tallada a mano y dorada con hoja de oro. Con la caracter\u00edstica forma de cofre, se completa con un semic\u00edrculo de rayos de madera tallada y dorada con hoja de oro. Versi\u00f3n para apoyar, disponible bajo pedido tambi\u00e9n para colgar en la pared.   Dimensiones cm 80 x 55  sagrario exteriores cm 40 x 25 x 40 interiores cm 21 x 27 x 18.cm 35 x 35 x 30.\" \/>\n<meta property=\"og:url\" content=\"https:\/\/www.gruppoliturgico.com\/es\/producto\/sagrario-24\/\" \/>\n<meta property=\"og:site_name\" content=\"Laboratorio Gruppo Liturgico\" \/>\n<meta property=\"article:modified_time\" content=\"2022-10-06T13:43:06+00:00\" \/>\n<meta property=\"og:image\" content=\"https:\/\/www.gruppoliturgico.com\/wp-content\/uploads\/2022\/05\/182.tabernacolo.jpg\" \/>\n\t<meta property=\"og:image:width\" content=\"1500\" \/>\n\t<meta property=\"og:image:height\" content=\"1204\" \/>\n\t<meta property=\"og:image:type\" content=\"image\/jpeg\" \/>\n<meta name=\"twitter:card\" content=\"summary_large_image\" \/>\n<script type=\"application\/ld+json\" class=\"yoast-schema-graph\">{\"@context\":\"https:\/\/schema.org\",\"@graph\":[{\"@type\":\"WebPage\",\"@id\":\"https:\/\/www.gruppoliturgico.com\/es\/producto\/sagrario-24\/\",\"url\":\"https:\/\/www.gruppoliturgico.com\/es\/producto\/sagrario-24\/\",\"name\":\"Sagrario - Sagrarios de madera y Laboratorio Gruppo Liturgico\",\"isPartOf\":{\"@id\":\"https:\/\/www.gruppoliturgico.com\/es\/#website\"},\"datePublished\":\"2022-05-19T21:08:17+00:00\",\"dateModified\":\"2022-10-06T13:43:06+00:00\",\"description\":\"Sagrario en madera tallada a mano y dorada con hoja de oro. Con la caracter\u00edstica forma de cofre, se completa con un semic\u00edrculo de rayos de madera tallada y dorada con hoja de oro. Versi\u00f3n para apoyar, disponible bajo pedido tambi\u00e9n para colgar en la pared. Dimensiones cm 80 x 55 sagrario exteriores cm 40 x 25 x 40 interiores cm 21 x 27 x 18.cm 35 x 35 x 30.\",\"breadcrumb\":{\"@id\":\"https:\/\/www.gruppoliturgico.com\/es\/producto\/sagrario-24\/#breadcrumb\"},\"inLanguage\":\"es\",\"potentialAction\":[{\"@type\":\"ReadAction\",\"target\":[\"https:\/\/www.gruppoliturgico.com\/es\/producto\/sagrario-24\/\"]}]},{\"@type\":\"BreadcrumbList\",\"@id\":\"https:\/\/www.gruppoliturgico.com\/es\/producto\/sagrario-24\/#breadcrumb\",\"itemListElement\":[{\"@type\":\"ListItem\",\"position\":1,\"name\":\"Home\",\"item\":\"https:\/\/www.gruppoliturgico.com\/es\/\"},{\"@type\":\"ListItem\",\"position\":2,\"name\":\"Tienda\",\"item\":\"https:\/\/www.gruppoliturgico.com\/es\/tienda\/\"},{\"@type\":\"ListItem\",\"position\":3,\"name\":\"Sagrario\"}]},{\"@type\":\"WebSite\",\"@id\":\"https:\/\/www.gruppoliturgico.com\/es\/#website\",\"url\":\"https:\/\/www.gruppoliturgico.com\/es\/\",\"name\":\"Laboratorio Gruppo Liturgico\",\"description\":\"Articoli Religiosi online\",\"publisher\":{\"@id\":\"https:\/\/www.gruppoliturgico.com\/es\/#organization\"},\"potentialAction\":[{\"@type\":\"SearchAction\",\"target\":{\"@type\":\"EntryPoint\",\"urlTemplate\":\"https:\/\/www.gruppoliturgico.com\/es\/?s={search_term_string}\"},\"query-input\":\"required name=search_term_string\"}],\"inLanguage\":\"es\"},{\"@type\":\"Organization\",\"@id\":\"https:\/\/www.gruppoliturgico.com\/es\/#organization\",\"name\":\"Laboratorio Gruppo Liturgico\",\"url\":\"https:\/\/www.gruppoliturgico.com\/es\/\",\"logo\":{\"@type\":\"ImageObject\",\"inLanguage\":\"es\",\"@id\":\"https:\/\/www.gruppoliturgico.com\/es\/#\/schema\/logo\/image\/\",\"url\":\"https:\/\/www.gruppoliturgico.com\/wp-content\/uploads\/2022\/02\/logo-laboratoriogruppoliturgico.png\",\"contentUrl\":\"https:\/\/www.gruppoliturgico.com\/wp-content\/uploads\/2022\/02\/logo-laboratoriogruppoliturgico.png\",\"width\":400,\"height\":114,\"caption\":\"Laboratorio Gruppo Liturgico\"},\"image\":{\"@id\":\"https:\/\/www.gruppoliturgico.com\/es\/#\/schema\/logo\/image\/\"}}]}<\/script>\n<!-- \/ Yoast SEO plugin. -->","yoast_head_json":{"title":"Sagrario - Sagrarios de madera y Laboratorio Gruppo Liturgico","description":"Sagrario en madera tallada a mano y dorada con hoja de oro. Con la caracter\u00edstica forma de cofre, se completa con un semic\u00edrculo de rayos de madera tallada y dorada con hoja de oro. Versi\u00f3n para apoyar, disponible bajo pedido tambi\u00e9n para colgar en la pared.   Dimensiones cm 80 x 55  sagrario exteriores cm 40 x 25 x 40 interiores cm 21 x 27 x 18.cm 35 x 35 x 30.","robots":{"index":"index","follow":"follow","max-snippet":"max-snippet:-1","max-image-preview":"max-image-preview:large","max-video-preview":"max-video-preview:-1"},"canonical":"https:\/\/www.gruppoliturgico.com\/es\/producto\/sagrario-24\/","og_locale":"es_ES","og_type":"article","og_title":"Sagrario - Sagrarios de madera y Laboratorio Gruppo Liturgico","og_description":"Sagrario en madera tallada a mano y dorada con hoja de oro. Con la caracter\u00edstica forma de cofre, se completa con un semic\u00edrculo de rayos de madera tallada y dorada con hoja de oro. Versi\u00f3n para apoyar, disponible bajo pedido tambi\u00e9n para colgar en la pared.   Dimensiones cm 80 x 55  sagrario exteriores cm 40 x 25 x 40 interiores cm 21 x 27 x 18.cm 35 x 35 x 30.","og_url":"https:\/\/www.gruppoliturgico.com\/es\/producto\/sagrario-24\/","og_site_name":"Laboratorio Gruppo Liturgico","article_modified_time":"2022-10-06T13:43:06+00:00","og_image":[{"width":1500,"height":1204,"url":"https:\/\/www.gruppoliturgico.com\/wp-content\/uploads\/2022\/05\/182.tabernacolo.jpg","type":"image\/jpeg"}],"twitter_card":"summary_large_image","schema":{"@context":"https:\/\/schema.org","@graph":[{"@type":"WebPage","@id":"https:\/\/www.gruppoliturgico.com\/es\/producto\/sagrario-24\/","url":"https:\/\/www.gruppoliturgico.com\/es\/producto\/sagrario-24\/","name":"Sagrario - Sagrarios de madera y Laboratorio Gruppo Liturgico","isPartOf":{"@id":"https:\/\/www.gruppoliturgico.com\/es\/#website"},"datePublished":"2022-05-19T21:08:17+00:00","dateModified":"2022-10-06T13:43:06+00:00","description":"Sagrario en madera tallada a mano y dorada con hoja de oro. Con la caracter\u00edstica forma de cofre, se completa con un semic\u00edrculo de rayos de madera tallada y dorada con hoja de oro. Versi\u00f3n para apoyar, disponible bajo pedido tambi\u00e9n para colgar en la pared. Dimensiones cm 80 x 55 sagrario exteriores cm 40 x 25 x 40 interiores cm 21 x 27 x 18.cm 35 x 35 x 30.","breadcrumb":{"@id":"https:\/\/www.gruppoliturgico.com\/es\/producto\/sagrario-24\/#breadcrumb"},"inLanguage":"es","potentialAction":[{"@type":"ReadAction","target":["https:\/\/www.gruppoliturgico.com\/es\/producto\/sagrario-24\/"]}]},{"@type":"BreadcrumbList","@id":"https:\/\/www.gruppoliturgico.com\/es\/producto\/sagrario-24\/#breadcrumb","itemListElement":[{"@type":"ListItem","position":1,"name":"Home","item":"https:\/\/www.gruppoliturgico.com\/es\/"},{"@type":"ListItem","position":2,"name":"Tienda","item":"https:\/\/www.gruppoliturgico.com\/es\/tienda\/"},{"@type":"ListItem","position":3,"name":"Sagrario"}]},{"@type":"WebSite","@id":"https:\/\/www.gruppoliturgico.com\/es\/#website","url":"https:\/\/www.gruppoliturgico.com\/es\/","name":"Laboratorio Gruppo Liturgico","description":"Articoli Religiosi online","publisher":{"@id":"https:\/\/www.gruppoliturgico.com\/es\/#organization"},"potentialAction":[{"@type":"SearchAction","target":{"@type":"EntryPoint","urlTemplate":"https:\/\/www.gruppoliturgico.com\/es\/?s={search_term_string}"},"query-input":"required name=search_term_string"}],"inLanguage":"es"},{"@type":"Organization","@id":"https:\/\/www.gruppoliturgico.com\/es\/#organization","name":"Laboratorio Gruppo Liturgico","url":"https:\/\/www.gruppoliturgico.com\/es\/","logo":{"@type":"ImageObject","inLanguage":"es","@id":"https:\/\/www.gruppoliturgico.com\/es\/#\/schema\/logo\/image\/","url":"https:\/\/www.gruppoliturgico.com\/wp-content\/uploads\/2022\/02\/logo-laboratoriogruppoliturgico.png","contentUrl":"https:\/\/www.gruppoliturgico.com\/wp-content\/uploads\/2022\/02\/logo-laboratoriogruppoliturgico.png","width":400,"height":114,"caption":"Laboratorio Gruppo Liturgico"},"image":{"@id":"https:\/\/www.gruppoliturgico.com\/es\/#\/schema\/logo\/image\/"}}]}},"_links":{"self":[{"href":"https:\/\/www.gruppoliturgico.com\/es\/wp-json\/wp\/v2\/product\/63482"}],"collection":[{"href":"https:\/\/www.gruppoliturgico.com\/es\/wp-json\/wp\/v2\/product"}],"about":[{"href":"https:\/\/www.gruppoliturgico.com\/es\/wp-json\/wp\/v2\/types\/product"}],"wp:featuredmedia":[{"embeddable":true,"href":"https:\/\/www.gruppoliturgico.com\/es\/wp-json\/wp\/v2\/media\/73827"}],"wp:attachment":[{"href":"https:\/\/www.gruppoliturgico.com\/es\/wp-json\/wp\/v2\/media?parent=63482"}],"wp:term":[{"taxonomy":"product_cat","embeddable":true,"href":"https:\/\/www.gruppoliturgico.com\/es\/wp-json\/wp\/v2\/product_cat?post=63482"},{"taxonomy":"product_tag","embeddable":true,"href":"https:\/\/www.gruppoliturgico.com\/es\/wp-json\/wp\/v2\/product_tag?post=63482"}],"curies":[{"name":"wp","href":"https:\/\/api.w.org\/{rel}","templated":true}]}}