{"id":63398,"date":"2022-05-19T23:04:27","date_gmt":"2022-05-19T21:04:34","guid":{"rendered":"https:\/\/www.gruppoliturgico.com\/prodotto\/ambon\/"},"modified":"2022-10-20T16:57:56","modified_gmt":"2022-10-20T14:57:56","slug":"ambon","status":"publish","type":"product","link":"https:\/\/www.gruppoliturgico.com\/es\/producto\/ambon\/","title":{"rendered":"amb\u00f3n"},"content":{"rendered":"<html><body><p>Amb\u00f3n de madera maciza con decoraci\u00f3n fina recordando el m\u00e1rmol.<br>\nFigura central de Jes\u00fas Maestro esculpida en madera y dorada con hoja de oro de 80 cm.<br>\nLa gradaci\u00f3n crom\u00e1tica de la pintura se puede realizar con colores bajo pedido.<br>\nDimensiones cm 125 x 82 x 51 . <\/p>\n<\/body><\/html>","protected":false},"excerpt":{"rendered":"<p>Amb\u00f3n de madera maciza con decoraci\u00f3n fina recordando el m\u00e1rmol.<br \/>\nFigura central de Jes\u00fas Maestro esculpida en madera y dorada con hoja de oro de 80 cm.<br \/>\nLa gradaci\u00f3n crom\u00e1tica de la pintura se puede realizar con colores bajo pedido.<br \/>\nDimensiones cm 125 x 82 x 51 .<\/p>\n","protected":false},"featured_media":131377,"template":"","meta":[],"product_cat":[12143,12183],"product_tag":[],"yoast_head":"<!-- This site is optimized with the Yoast SEO plugin v20.4 - https:\/\/yoast.com\/wordpress\/plugins\/seo\/ -->\n<title>amb\u00f3n - art 1666, en madera esculpida y Laboratorio Gruppo Liturgico<\/title>\n<meta name=\"description\" content=\"Amb\u00f3n de madera maciza con decoraci\u00f3n fina recordando el m\u00e1rmol. Figura central de Jes\u00fas Maestro esculpida en madera y dorada con hoja de oro de 80 cm. La gradaci\u00f3n crom\u00e1tica de la pintura se puede realizar con colores bajo pedido. Dimensiones cm 125 x 82 x 51 .\" \/>\n<meta name=\"robots\" content=\"index, follow, max-snippet:-1, max-image-preview:large, max-video-preview:-1\" \/>\n<link rel=\"canonical\" href=\"https:\/\/www.gruppoliturgico.com\/es\/producto\/ambon\/\" \/>\n<meta property=\"og:locale\" content=\"es_ES\" \/>\n<meta property=\"og:type\" content=\"article\" \/>\n<meta property=\"og:title\" content=\"amb\u00f3n - art 1666, en madera esculpida y Laboratorio Gruppo Liturgico\" \/>\n<meta property=\"og:description\" content=\"Amb\u00f3n de madera maciza con decoraci\u00f3n fina recordando el m\u00e1rmol. Figura central de Jes\u00fas Maestro esculpida en madera y dorada con hoja de oro de 80 cm. La gradaci\u00f3n crom\u00e1tica de la pintura se puede realizar con colores bajo pedido. Dimensiones cm 125 x 82 x 51 .\" \/>\n<meta property=\"og:url\" content=\"https:\/\/www.gruppoliturgico.com\/es\/producto\/ambon\/\" \/>\n<meta property=\"og:site_name\" content=\"Laboratorio Gruppo Liturgico\" \/>\n<meta property=\"article:modified_time\" content=\"2022-10-20T14:57:56+00:00\" \/>\n<meta property=\"og:image\" content=\"https:\/\/www.gruppoliturgico.com\/wp-content\/uploads\/2022\/05\/1667.jpg\" \/>\n\t<meta property=\"og:image:width\" content=\"1037\" \/>\n\t<meta property=\"og:image:height\" content=\"1500\" \/>\n\t<meta property=\"og:image:type\" content=\"image\/jpeg\" \/>\n<meta name=\"twitter:card\" content=\"summary_large_image\" \/>\n<script type=\"application\/ld+json\" class=\"yoast-schema-graph\">{\"@context\":\"https:\/\/schema.org\",\"@graph\":[{\"@type\":\"WebPage\",\"@id\":\"https:\/\/www.gruppoliturgico.com\/es\/producto\/ambon\/\",\"url\":\"https:\/\/www.gruppoliturgico.com\/es\/producto\/ambon\/\",\"name\":\"amb\u00f3n - art 1666, en madera esculpida y Laboratorio Gruppo Liturgico\",\"isPartOf\":{\"@id\":\"https:\/\/www.gruppoliturgico.com\/es\/#website\"},\"datePublished\":\"2022-05-19T21:04:34+00:00\",\"dateModified\":\"2022-10-20T14:57:56+00:00\",\"description\":\"Amb\u00f3n de madera maciza con decoraci\u00f3n fina recordando el m\u00e1rmol. Figura central de Jes\u00fas Maestro esculpida en madera y dorada con hoja de oro de 80 cm. La gradaci\u00f3n crom\u00e1tica de la pintura se puede realizar con colores bajo pedido. Dimensiones cm 125 x 82 x 51 .\",\"breadcrumb\":{\"@id\":\"https:\/\/www.gruppoliturgico.com\/es\/producto\/ambon\/#breadcrumb\"},\"inLanguage\":\"es\",\"potentialAction\":[{\"@type\":\"ReadAction\",\"target\":[\"https:\/\/www.gruppoliturgico.com\/es\/producto\/ambon\/\"]}]},{\"@type\":\"BreadcrumbList\",\"@id\":\"https:\/\/www.gruppoliturgico.com\/es\/producto\/ambon\/#breadcrumb\",\"itemListElement\":[{\"@type\":\"ListItem\",\"position\":1,\"name\":\"Home\",\"item\":\"https:\/\/www.gruppoliturgico.com\/es\/\"},{\"@type\":\"ListItem\",\"position\":2,\"name\":\"Tienda\",\"item\":\"https:\/\/www.gruppoliturgico.com\/es\/tienda\/\"},{\"@type\":\"ListItem\",\"position\":3,\"name\":\"amb\u00f3n\"}]},{\"@type\":\"WebSite\",\"@id\":\"https:\/\/www.gruppoliturgico.com\/es\/#website\",\"url\":\"https:\/\/www.gruppoliturgico.com\/es\/\",\"name\":\"Laboratorio Gruppo Liturgico\",\"description\":\"Articoli Religiosi online\",\"publisher\":{\"@id\":\"https:\/\/www.gruppoliturgico.com\/es\/#organization\"},\"potentialAction\":[{\"@type\":\"SearchAction\",\"target\":{\"@type\":\"EntryPoint\",\"urlTemplate\":\"https:\/\/www.gruppoliturgico.com\/es\/?s={search_term_string}\"},\"query-input\":\"required name=search_term_string\"}],\"inLanguage\":\"es\"},{\"@type\":\"Organization\",\"@id\":\"https:\/\/www.gruppoliturgico.com\/es\/#organization\",\"name\":\"Laboratorio Gruppo Liturgico\",\"url\":\"https:\/\/www.gruppoliturgico.com\/es\/\",\"logo\":{\"@type\":\"ImageObject\",\"inLanguage\":\"es\",\"@id\":\"https:\/\/www.gruppoliturgico.com\/es\/#\/schema\/logo\/image\/\",\"url\":\"https:\/\/www.gruppoliturgico.com\/wp-content\/uploads\/2022\/02\/logo-laboratoriogruppoliturgico.png\",\"contentUrl\":\"https:\/\/www.gruppoliturgico.com\/wp-content\/uploads\/2022\/02\/logo-laboratoriogruppoliturgico.png\",\"width\":400,\"height\":114,\"caption\":\"Laboratorio Gruppo Liturgico\"},\"image\":{\"@id\":\"https:\/\/www.gruppoliturgico.com\/es\/#\/schema\/logo\/image\/\"}}]}<\/script>\n<!-- \/ Yoast SEO plugin. -->","yoast_head_json":{"title":"amb\u00f3n - art 1666, en madera esculpida y Laboratorio Gruppo Liturgico","description":"Amb\u00f3n de madera maciza con decoraci\u00f3n fina recordando el m\u00e1rmol. Figura central de Jes\u00fas Maestro esculpida en madera y dorada con hoja de oro de 80 cm. La gradaci\u00f3n crom\u00e1tica de la pintura se puede realizar con colores bajo pedido. Dimensiones cm 125 x 82 x 51 .","robots":{"index":"index","follow":"follow","max-snippet":"max-snippet:-1","max-image-preview":"max-image-preview:large","max-video-preview":"max-video-preview:-1"},"canonical":"https:\/\/www.gruppoliturgico.com\/es\/producto\/ambon\/","og_locale":"es_ES","og_type":"article","og_title":"amb\u00f3n - art 1666, en madera esculpida y Laboratorio Gruppo Liturgico","og_description":"Amb\u00f3n de madera maciza con decoraci\u00f3n fina recordando el m\u00e1rmol. Figura central de Jes\u00fas Maestro esculpida en madera y dorada con hoja de oro de 80 cm. La gradaci\u00f3n crom\u00e1tica de la pintura se puede realizar con colores bajo pedido. Dimensiones cm 125 x 82 x 51 .","og_url":"https:\/\/www.gruppoliturgico.com\/es\/producto\/ambon\/","og_site_name":"Laboratorio Gruppo Liturgico","article_modified_time":"2022-10-20T14:57:56+00:00","og_image":[{"width":1037,"height":1500,"url":"https:\/\/www.gruppoliturgico.com\/wp-content\/uploads\/2022\/05\/1667.jpg","type":"image\/jpeg"}],"twitter_card":"summary_large_image","schema":{"@context":"https:\/\/schema.org","@graph":[{"@type":"WebPage","@id":"https:\/\/www.gruppoliturgico.com\/es\/producto\/ambon\/","url":"https:\/\/www.gruppoliturgico.com\/es\/producto\/ambon\/","name":"amb\u00f3n - art 1666, en madera esculpida y Laboratorio Gruppo Liturgico","isPartOf":{"@id":"https:\/\/www.gruppoliturgico.com\/es\/#website"},"datePublished":"2022-05-19T21:04:34+00:00","dateModified":"2022-10-20T14:57:56+00:00","description":"Amb\u00f3n de madera maciza con decoraci\u00f3n fina recordando el m\u00e1rmol. Figura central de Jes\u00fas Maestro esculpida en madera y dorada con hoja de oro de 80 cm. La gradaci\u00f3n crom\u00e1tica de la pintura se puede realizar con colores bajo pedido. Dimensiones cm 125 x 82 x 51 .","breadcrumb":{"@id":"https:\/\/www.gruppoliturgico.com\/es\/producto\/ambon\/#breadcrumb"},"inLanguage":"es","potentialAction":[{"@type":"ReadAction","target":["https:\/\/www.gruppoliturgico.com\/es\/producto\/ambon\/"]}]},{"@type":"BreadcrumbList","@id":"https:\/\/www.gruppoliturgico.com\/es\/producto\/ambon\/#breadcrumb","itemListElement":[{"@type":"ListItem","position":1,"name":"Home","item":"https:\/\/www.gruppoliturgico.com\/es\/"},{"@type":"ListItem","position":2,"name":"Tienda","item":"https:\/\/www.gruppoliturgico.com\/es\/tienda\/"},{"@type":"ListItem","position":3,"name":"amb\u00f3n"}]},{"@type":"WebSite","@id":"https:\/\/www.gruppoliturgico.com\/es\/#website","url":"https:\/\/www.gruppoliturgico.com\/es\/","name":"Laboratorio Gruppo Liturgico","description":"Articoli Religiosi online","publisher":{"@id":"https:\/\/www.gruppoliturgico.com\/es\/#organization"},"potentialAction":[{"@type":"SearchAction","target":{"@type":"EntryPoint","urlTemplate":"https:\/\/www.gruppoliturgico.com\/es\/?s={search_term_string}"},"query-input":"required name=search_term_string"}],"inLanguage":"es"},{"@type":"Organization","@id":"https:\/\/www.gruppoliturgico.com\/es\/#organization","name":"Laboratorio Gruppo Liturgico","url":"https:\/\/www.gruppoliturgico.com\/es\/","logo":{"@type":"ImageObject","inLanguage":"es","@id":"https:\/\/www.gruppoliturgico.com\/es\/#\/schema\/logo\/image\/","url":"https:\/\/www.gruppoliturgico.com\/wp-content\/uploads\/2022\/02\/logo-laboratoriogruppoliturgico.png","contentUrl":"https:\/\/www.gruppoliturgico.com\/wp-content\/uploads\/2022\/02\/logo-laboratoriogruppoliturgico.png","width":400,"height":114,"caption":"Laboratorio Gruppo Liturgico"},"image":{"@id":"https:\/\/www.gruppoliturgico.com\/es\/#\/schema\/logo\/image\/"}}]}},"_links":{"self":[{"href":"https:\/\/www.gruppoliturgico.com\/es\/wp-json\/wp\/v2\/product\/63398"}],"collection":[{"href":"https:\/\/www.gruppoliturgico.com\/es\/wp-json\/wp\/v2\/product"}],"about":[{"href":"https:\/\/www.gruppoliturgico.com\/es\/wp-json\/wp\/v2\/types\/product"}],"wp:featuredmedia":[{"embeddable":true,"href":"https:\/\/www.gruppoliturgico.com\/es\/wp-json\/wp\/v2\/media\/131377"}],"wp:attachment":[{"href":"https:\/\/www.gruppoliturgico.com\/es\/wp-json\/wp\/v2\/media?parent=63398"}],"wp:term":[{"taxonomy":"product_cat","embeddable":true,"href":"https:\/\/www.gruppoliturgico.com\/es\/wp-json\/wp\/v2\/product_cat?post=63398"},{"taxonomy":"product_tag","embeddable":true,"href":"https:\/\/www.gruppoliturgico.com\/es\/wp-json\/wp\/v2\/product_tag?post=63398"}],"curies":[{"name":"wp","href":"https:\/\/api.w.org\/{rel}","templated":true}]}}