{"id":63394,"date":"2022-05-19T23:04:17","date_gmt":"2022-05-19T21:04:24","guid":{"rendered":"https:\/\/www.gruppoliturgico.com\/prodotto\/altar\/"},"modified":"2022-10-22T09:59:30","modified_gmt":"2022-10-22T07:59:30","slug":"altar","status":"publish","type":"product","link":"https:\/\/www.gruppoliturgico.com\/es\/producto\/altar\/","title":{"rendered":"altar"},"content":{"rendered":"<html><body><p>Altar de madera maciza con decoraci\u00f3n fina recordando el m\u00e1rmol.<br>\nPrecioso friso central y capitels en madera esculpida y dorada con hoja de oro.<br>\nLa gradaci\u00f3n crom\u00e1tica de la pintura se puede realizar con colores bajo pedido.<br>\nDimensiones de la base 160 x 70 cm<br>\nLa mesa mide 180 x 80 cm tambi\u00e9n disponible a medida.<\/p>\n<\/body><\/html>","protected":false},"excerpt":{"rendered":"<p>Altar de madera maciza con decoraci\u00f3n fina recordando el m\u00e1rmol.<br \/>\nPrecioso friso central y capitels en madera esculpida y dorada con hoja de oro.<br \/>\nLa gradaci\u00f3n crom\u00e1tica de la pintura se puede realizar con colores bajo pedido.<br \/>\nDimensiones de la base 160 x 70 cm<br \/>\nLa mesa mide 180 x 80 cm tambi\u00e9n disponible a medida..<\/p>\n<p><img loading=\"lazy\" class=\"alignnone wp-image-76795 size-large\" src=\"https:\/\/www.gruppoliturgico.com\/wp-content\/uploads\/2022\/05\/1666_1-1024x683.jpg\" alt=\"\" width=\"1024\" height=\"683\" srcset=\"https:\/\/www.gruppoliturgico.com\/wp-content\/uploads\/2022\/05\/1666_1-1024x683.jpg 1024w, https:\/\/www.gruppoliturgico.com\/wp-content\/uploads\/2022\/05\/1666_1-300x200.jpg 300w, https:\/\/www.gruppoliturgico.com\/wp-content\/uploads\/2022\/05\/1666_1-768x513.jpg 768w, https:\/\/www.gruppoliturgico.com\/wp-content\/uploads\/2022\/05\/1666_1-920x614.jpg 920w, https:\/\/www.gruppoliturgico.com\/wp-content\/uploads\/2022\/05\/1666_1-230x153.jpg 230w, https:\/\/www.gruppoliturgico.com\/wp-content\/uploads\/2022\/05\/1666_1-350x234.jpg 350w, https:\/\/www.gruppoliturgico.com\/wp-content\/uploads\/2022\/05\/1666_1-480x320.jpg 480w, https:\/\/www.gruppoliturgico.com\/wp-content\/uploads\/2022\/05\/1666_1-600x400.jpg 600w, https:\/\/www.gruppoliturgico.com\/wp-content\/uploads\/2022\/05\/1666_1.jpg 1500w\" sizes=\"(max-width: 1024px) 100vw, 1024px\" \/><\/p>\n<p>Fotograf\u00eda del conjunto del altar con sus correspondientes accesorios<\/p>\n","protected":false},"featured_media":131368,"template":"","meta":[],"product_cat":[12143],"product_tag":[],"yoast_head":"<!-- This site is optimized with the Yoast SEO plugin v20.4 - https:\/\/yoast.com\/wordpress\/plugins\/seo\/ -->\n<title>altar - art 1666 y Laboratorio Gruppo Liturgico<\/title>\n<meta name=\"description\" content=\"Altar de madera maciza con decoraci\u00f3n fina recordando el m\u00e1rmol. Precioso friso central y capitels en madera esculpida y dorada con hoja de oro. La gradaci\u00f3n crom\u00e1tica de la pintura se puede realizar con colores bajo pedido. Dimensiones de la base 160 x 70 cm La mesa mide 180 x 80 cm tambi\u00e9n disponible a medida..    Fotograf\u00eda del conjunto del altar con sus correspondientes accesorios\" \/>\n<meta name=\"robots\" content=\"index, follow, max-snippet:-1, max-image-preview:large, max-video-preview:-1\" \/>\n<link rel=\"canonical\" href=\"https:\/\/www.gruppoliturgico.com\/es\/producto\/altar\/\" \/>\n<meta property=\"og:locale\" content=\"es_ES\" \/>\n<meta property=\"og:type\" content=\"article\" \/>\n<meta property=\"og:title\" content=\"altar - art 1666 y Laboratorio Gruppo Liturgico\" \/>\n<meta property=\"og:description\" content=\"Altar de madera maciza con decoraci\u00f3n fina recordando el m\u00e1rmol. Precioso friso central y capitels en madera esculpida y dorada con hoja de oro. La gradaci\u00f3n crom\u00e1tica de la pintura se puede realizar con colores bajo pedido. Dimensiones de la base 160 x 70 cm La mesa mide 180 x 80 cm tambi\u00e9n disponible a medida..    Fotograf\u00eda del conjunto del altar con sus correspondientes accesorios\" \/>\n<meta property=\"og:url\" content=\"https:\/\/www.gruppoliturgico.com\/es\/producto\/altar\/\" \/>\n<meta property=\"og:site_name\" content=\"Laboratorio Gruppo Liturgico\" \/>\n<meta property=\"article:modified_time\" content=\"2022-10-22T07:59:30+00:00\" \/>\n<meta property=\"og:image\" content=\"https:\/\/www.gruppoliturgico.com\/wp-content\/uploads\/2022\/05\/166620SC_0.jpg\" \/>\n\t<meta property=\"og:image:width\" content=\"1500\" \/>\n\t<meta property=\"og:image:height\" content=\"972\" \/>\n\t<meta property=\"og:image:type\" content=\"image\/jpeg\" \/>\n<meta name=\"twitter:card\" content=\"summary_large_image\" \/>\n<script type=\"application\/ld+json\" class=\"yoast-schema-graph\">{\"@context\":\"https:\/\/schema.org\",\"@graph\":[{\"@type\":\"WebPage\",\"@id\":\"https:\/\/www.gruppoliturgico.com\/es\/producto\/altar\/\",\"url\":\"https:\/\/www.gruppoliturgico.com\/es\/producto\/altar\/\",\"name\":\"altar - art 1666 y Laboratorio Gruppo Liturgico\",\"isPartOf\":{\"@id\":\"https:\/\/www.gruppoliturgico.com\/es\/#website\"},\"datePublished\":\"2022-05-19T21:04:24+00:00\",\"dateModified\":\"2022-10-22T07:59:30+00:00\",\"description\":\"Altar de madera maciza con decoraci\u00f3n fina recordando el m\u00e1rmol. Precioso friso central y capitels en madera esculpida y dorada con hoja de oro. La gradaci\u00f3n crom\u00e1tica de la pintura se puede realizar con colores bajo pedido. Dimensiones de la base 160 x 70 cm La mesa mide 180 x 80 cm tambi\u00e9n disponible a medida.. Fotograf\u00eda del conjunto del altar con sus correspondientes accesorios\",\"breadcrumb\":{\"@id\":\"https:\/\/www.gruppoliturgico.com\/es\/producto\/altar\/#breadcrumb\"},\"inLanguage\":\"es\",\"potentialAction\":[{\"@type\":\"ReadAction\",\"target\":[\"https:\/\/www.gruppoliturgico.com\/es\/producto\/altar\/\"]}]},{\"@type\":\"BreadcrumbList\",\"@id\":\"https:\/\/www.gruppoliturgico.com\/es\/producto\/altar\/#breadcrumb\",\"itemListElement\":[{\"@type\":\"ListItem\",\"position\":1,\"name\":\"Home\",\"item\":\"https:\/\/www.gruppoliturgico.com\/es\/\"},{\"@type\":\"ListItem\",\"position\":2,\"name\":\"Tienda\",\"item\":\"https:\/\/www.gruppoliturgico.com\/es\/tienda\/\"},{\"@type\":\"ListItem\",\"position\":3,\"name\":\"altar\"}]},{\"@type\":\"WebSite\",\"@id\":\"https:\/\/www.gruppoliturgico.com\/es\/#website\",\"url\":\"https:\/\/www.gruppoliturgico.com\/es\/\",\"name\":\"Laboratorio Gruppo Liturgico\",\"description\":\"Articoli Religiosi online\",\"publisher\":{\"@id\":\"https:\/\/www.gruppoliturgico.com\/es\/#organization\"},\"potentialAction\":[{\"@type\":\"SearchAction\",\"target\":{\"@type\":\"EntryPoint\",\"urlTemplate\":\"https:\/\/www.gruppoliturgico.com\/es\/?s={search_term_string}\"},\"query-input\":\"required name=search_term_string\"}],\"inLanguage\":\"es\"},{\"@type\":\"Organization\",\"@id\":\"https:\/\/www.gruppoliturgico.com\/es\/#organization\",\"name\":\"Laboratorio Gruppo Liturgico\",\"url\":\"https:\/\/www.gruppoliturgico.com\/es\/\",\"logo\":{\"@type\":\"ImageObject\",\"inLanguage\":\"es\",\"@id\":\"https:\/\/www.gruppoliturgico.com\/es\/#\/schema\/logo\/image\/\",\"url\":\"https:\/\/www.gruppoliturgico.com\/wp-content\/uploads\/2022\/02\/logo-laboratoriogruppoliturgico.png\",\"contentUrl\":\"https:\/\/www.gruppoliturgico.com\/wp-content\/uploads\/2022\/02\/logo-laboratoriogruppoliturgico.png\",\"width\":400,\"height\":114,\"caption\":\"Laboratorio Gruppo Liturgico\"},\"image\":{\"@id\":\"https:\/\/www.gruppoliturgico.com\/es\/#\/schema\/logo\/image\/\"}}]}<\/script>\n<!-- \/ Yoast SEO plugin. -->","yoast_head_json":{"title":"altar - art 1666 y Laboratorio Gruppo Liturgico","description":"Altar de madera maciza con decoraci\u00f3n fina recordando el m\u00e1rmol. Precioso friso central y capitels en madera esculpida y dorada con hoja de oro. La gradaci\u00f3n crom\u00e1tica de la pintura se puede realizar con colores bajo pedido. Dimensiones de la base 160 x 70 cm La mesa mide 180 x 80 cm tambi\u00e9n disponible a medida..    Fotograf\u00eda del conjunto del altar con sus correspondientes accesorios","robots":{"index":"index","follow":"follow","max-snippet":"max-snippet:-1","max-image-preview":"max-image-preview:large","max-video-preview":"max-video-preview:-1"},"canonical":"https:\/\/www.gruppoliturgico.com\/es\/producto\/altar\/","og_locale":"es_ES","og_type":"article","og_title":"altar - art 1666 y Laboratorio Gruppo Liturgico","og_description":"Altar de madera maciza con decoraci\u00f3n fina recordando el m\u00e1rmol. Precioso friso central y capitels en madera esculpida y dorada con hoja de oro. La gradaci\u00f3n crom\u00e1tica de la pintura se puede realizar con colores bajo pedido. Dimensiones de la base 160 x 70 cm La mesa mide 180 x 80 cm tambi\u00e9n disponible a medida..    Fotograf\u00eda del conjunto del altar con sus correspondientes accesorios","og_url":"https:\/\/www.gruppoliturgico.com\/es\/producto\/altar\/","og_site_name":"Laboratorio Gruppo Liturgico","article_modified_time":"2022-10-22T07:59:30+00:00","og_image":[{"width":1500,"height":972,"url":"https:\/\/www.gruppoliturgico.com\/wp-content\/uploads\/2022\/05\/166620SC_0.jpg","type":"image\/jpeg"}],"twitter_card":"summary_large_image","schema":{"@context":"https:\/\/schema.org","@graph":[{"@type":"WebPage","@id":"https:\/\/www.gruppoliturgico.com\/es\/producto\/altar\/","url":"https:\/\/www.gruppoliturgico.com\/es\/producto\/altar\/","name":"altar - art 1666 y Laboratorio Gruppo Liturgico","isPartOf":{"@id":"https:\/\/www.gruppoliturgico.com\/es\/#website"},"datePublished":"2022-05-19T21:04:24+00:00","dateModified":"2022-10-22T07:59:30+00:00","description":"Altar de madera maciza con decoraci\u00f3n fina recordando el m\u00e1rmol. Precioso friso central y capitels en madera esculpida y dorada con hoja de oro. La gradaci\u00f3n crom\u00e1tica de la pintura se puede realizar con colores bajo pedido. Dimensiones de la base 160 x 70 cm La mesa mide 180 x 80 cm tambi\u00e9n disponible a medida.. Fotograf\u00eda del conjunto del altar con sus correspondientes accesorios","breadcrumb":{"@id":"https:\/\/www.gruppoliturgico.com\/es\/producto\/altar\/#breadcrumb"},"inLanguage":"es","potentialAction":[{"@type":"ReadAction","target":["https:\/\/www.gruppoliturgico.com\/es\/producto\/altar\/"]}]},{"@type":"BreadcrumbList","@id":"https:\/\/www.gruppoliturgico.com\/es\/producto\/altar\/#breadcrumb","itemListElement":[{"@type":"ListItem","position":1,"name":"Home","item":"https:\/\/www.gruppoliturgico.com\/es\/"},{"@type":"ListItem","position":2,"name":"Tienda","item":"https:\/\/www.gruppoliturgico.com\/es\/tienda\/"},{"@type":"ListItem","position":3,"name":"altar"}]},{"@type":"WebSite","@id":"https:\/\/www.gruppoliturgico.com\/es\/#website","url":"https:\/\/www.gruppoliturgico.com\/es\/","name":"Laboratorio Gruppo Liturgico","description":"Articoli Religiosi online","publisher":{"@id":"https:\/\/www.gruppoliturgico.com\/es\/#organization"},"potentialAction":[{"@type":"SearchAction","target":{"@type":"EntryPoint","urlTemplate":"https:\/\/www.gruppoliturgico.com\/es\/?s={search_term_string}"},"query-input":"required name=search_term_string"}],"inLanguage":"es"},{"@type":"Organization","@id":"https:\/\/www.gruppoliturgico.com\/es\/#organization","name":"Laboratorio Gruppo Liturgico","url":"https:\/\/www.gruppoliturgico.com\/es\/","logo":{"@type":"ImageObject","inLanguage":"es","@id":"https:\/\/www.gruppoliturgico.com\/es\/#\/schema\/logo\/image\/","url":"https:\/\/www.gruppoliturgico.com\/wp-content\/uploads\/2022\/02\/logo-laboratoriogruppoliturgico.png","contentUrl":"https:\/\/www.gruppoliturgico.com\/wp-content\/uploads\/2022\/02\/logo-laboratoriogruppoliturgico.png","width":400,"height":114,"caption":"Laboratorio Gruppo Liturgico"},"image":{"@id":"https:\/\/www.gruppoliturgico.com\/es\/#\/schema\/logo\/image\/"}}]}},"_links":{"self":[{"href":"https:\/\/www.gruppoliturgico.com\/es\/wp-json\/wp\/v2\/product\/63394"}],"collection":[{"href":"https:\/\/www.gruppoliturgico.com\/es\/wp-json\/wp\/v2\/product"}],"about":[{"href":"https:\/\/www.gruppoliturgico.com\/es\/wp-json\/wp\/v2\/types\/product"}],"wp:featuredmedia":[{"embeddable":true,"href":"https:\/\/www.gruppoliturgico.com\/es\/wp-json\/wp\/v2\/media\/131368"}],"wp:attachment":[{"href":"https:\/\/www.gruppoliturgico.com\/es\/wp-json\/wp\/v2\/media?parent=63394"}],"wp:term":[{"taxonomy":"product_cat","embeddable":true,"href":"https:\/\/www.gruppoliturgico.com\/es\/wp-json\/wp\/v2\/product_cat?post=63394"},{"taxonomy":"product_tag","embeddable":true,"href":"https:\/\/www.gruppoliturgico.com\/es\/wp-json\/wp\/v2\/product_tag?post=63394"}],"curies":[{"name":"wp","href":"https:\/\/api.w.org\/{rel}","templated":true}]}}