{"id":63346,"date":"2022-05-19T23:02:12","date_gmt":"2022-05-19T21:02:19","guid":{"rendered":"https:\/\/www.gruppoliturgico.com\/prodotto\/lampara-de-santuario\/"},"modified":"2026-01-20T10:45:42","modified_gmt":"2026-01-20T09:45:42","slug":"lampara-de-santuario","status":"publish","type":"product","link":"https:\/\/www.gruppoliturgico.com\/es\/producto\/lampara-de-santuario\/","title":{"rendered":"L\u00e1mpara de Santuario"},"content":{"rendered":"<html><body><p>L\u00e1mpara de Santuario en lat\u00f3n plateado y dorado con cincelado realizado mano.<br>\nCompletan la decoraci\u00f3n los elementos de bronce fundido.<br>\nLas cadenas tienen una longitud de 125 cm<br>\nSe puede dotar de sistema el\u00e9ctrico.<br>\nEst\u00e1 disponible en diferentes medidas.<\/p>\n<\/body><\/html>","protected":false},"excerpt":{"rendered":"<p>L\u00e1mpara de Santuario en lat\u00f3n plateado y dorado con cincelado realizado mano.<br \/>\nCompletan la decoraci\u00f3n los elementos de bronce fundido.<br \/>\nLas cadenas tienen una longitud de 125 cm<br \/>\nSe puede dotar de sistema el\u00e9ctrico.<br \/>\nEst\u00e1 disponible en diferentes medidas.<\/p>\n","protected":false},"featured_media":73691,"template":"","meta":[],"product_cat":[12099],"product_tag":[],"yoast_head":"<!-- This site is optimized with the Yoast SEO plugin v20.4 - https:\/\/yoast.com\/wordpress\/plugins\/seo\/ -->\n<title>L\u00e1mpara de Santuario - L\u00e1mparas de santuario y Laboratorio Gruppo Liturgico<\/title>\n<meta name=\"description\" content=\"L\u00e1mpara de Santuario en lat\u00f3n plateado y dorado con cincelado realizado mano. Completan la decoraci\u00f3n los elementos de bronce fundido.  Las cadenas tienen una longitud de 125 cm  Se puede dotar de sistema el\u00e9ctrico. Est\u00e1 disponible en diferentes medidas.\" \/>\n<meta name=\"robots\" content=\"index, follow, max-snippet:-1, max-image-preview:large, max-video-preview:-1\" \/>\n<link rel=\"canonical\" href=\"https:\/\/www.gruppoliturgico.com\/es\/producto\/lampara-de-santuario\/\" \/>\n<meta property=\"og:locale\" content=\"es_ES\" \/>\n<meta property=\"og:type\" content=\"article\" \/>\n<meta property=\"og:title\" content=\"L\u00e1mpara de Santuario - L\u00e1mparas de santuario y Laboratorio Gruppo Liturgico\" \/>\n<meta property=\"og:description\" content=\"L\u00e1mpara de Santuario en lat\u00f3n plateado y dorado con cincelado realizado mano. Completan la decoraci\u00f3n los elementos de bronce fundido.  Las cadenas tienen una longitud de 125 cm  Se puede dotar de sistema el\u00e9ctrico. Est\u00e1 disponible en diferentes medidas.\" \/>\n<meta property=\"og:url\" content=\"https:\/\/www.gruppoliturgico.com\/es\/producto\/lampara-de-santuario\/\" \/>\n<meta property=\"og:site_name\" content=\"Laboratorio Gruppo Liturgico\" \/>\n<meta property=\"article:modified_time\" content=\"2026-01-20T09:45:42+00:00\" \/>\n<meta property=\"og:image\" content=\"https:\/\/www.gruppoliturgico.com\/wp-content\/uploads\/2022\/05\/pag2034.jpg\" \/>\n\t<meta property=\"og:image:width\" content=\"809\" \/>\n\t<meta property=\"og:image:height\" content=\"1500\" \/>\n\t<meta property=\"og:image:type\" content=\"image\/jpeg\" \/>\n<meta name=\"twitter:card\" content=\"summary_large_image\" \/>\n<script type=\"application\/ld+json\" class=\"yoast-schema-graph\">{\"@context\":\"https:\/\/schema.org\",\"@graph\":[{\"@type\":\"WebPage\",\"@id\":\"https:\/\/www.gruppoliturgico.com\/es\/producto\/lampara-de-santuario\/\",\"url\":\"https:\/\/www.gruppoliturgico.com\/es\/producto\/lampara-de-santuario\/\",\"name\":\"L\u00e1mpara de Santuario - L\u00e1mparas de santuario y Laboratorio Gruppo Liturgico\",\"isPartOf\":{\"@id\":\"https:\/\/www.gruppoliturgico.com\/es\/#website\"},\"datePublished\":\"2022-05-19T21:02:19+00:00\",\"dateModified\":\"2026-01-20T09:45:42+00:00\",\"description\":\"L\u00e1mpara de Santuario en lat\u00f3n plateado y dorado con cincelado realizado mano. Completan la decoraci\u00f3n los elementos de bronce fundido. Las cadenas tienen una longitud de 125 cm Se puede dotar de sistema el\u00e9ctrico. Est\u00e1 disponible en diferentes medidas.\",\"breadcrumb\":{\"@id\":\"https:\/\/www.gruppoliturgico.com\/es\/producto\/lampara-de-santuario\/#breadcrumb\"},\"inLanguage\":\"es\",\"potentialAction\":[{\"@type\":\"ReadAction\",\"target\":[\"https:\/\/www.gruppoliturgico.com\/es\/producto\/lampara-de-santuario\/\"]}]},{\"@type\":\"BreadcrumbList\",\"@id\":\"https:\/\/www.gruppoliturgico.com\/es\/producto\/lampara-de-santuario\/#breadcrumb\",\"itemListElement\":[{\"@type\":\"ListItem\",\"position\":1,\"name\":\"Home\",\"item\":\"https:\/\/www.gruppoliturgico.com\/es\/\"},{\"@type\":\"ListItem\",\"position\":2,\"name\":\"Tienda\",\"item\":\"https:\/\/www.gruppoliturgico.com\/es\/tienda\/\"},{\"@type\":\"ListItem\",\"position\":3,\"name\":\"L\u00e1mpara de Santuario\"}]},{\"@type\":\"WebSite\",\"@id\":\"https:\/\/www.gruppoliturgico.com\/es\/#website\",\"url\":\"https:\/\/www.gruppoliturgico.com\/es\/\",\"name\":\"Laboratorio Gruppo Liturgico\",\"description\":\"Articoli Religiosi online\",\"publisher\":{\"@id\":\"https:\/\/www.gruppoliturgico.com\/es\/#organization\"},\"potentialAction\":[{\"@type\":\"SearchAction\",\"target\":{\"@type\":\"EntryPoint\",\"urlTemplate\":\"https:\/\/www.gruppoliturgico.com\/es\/?s={search_term_string}\"},\"query-input\":\"required name=search_term_string\"}],\"inLanguage\":\"es\"},{\"@type\":\"Organization\",\"@id\":\"https:\/\/www.gruppoliturgico.com\/es\/#organization\",\"name\":\"Laboratorio Gruppo Liturgico\",\"url\":\"https:\/\/www.gruppoliturgico.com\/es\/\",\"logo\":{\"@type\":\"ImageObject\",\"inLanguage\":\"es\",\"@id\":\"https:\/\/www.gruppoliturgico.com\/es\/#\/schema\/logo\/image\/\",\"url\":\"https:\/\/www.gruppoliturgico.com\/wp-content\/uploads\/2022\/02\/logo-laboratoriogruppoliturgico.png\",\"contentUrl\":\"https:\/\/www.gruppoliturgico.com\/wp-content\/uploads\/2022\/02\/logo-laboratoriogruppoliturgico.png\",\"width\":400,\"height\":114,\"caption\":\"Laboratorio Gruppo Liturgico\"},\"image\":{\"@id\":\"https:\/\/www.gruppoliturgico.com\/es\/#\/schema\/logo\/image\/\"}}]}<\/script>\n<!-- \/ Yoast SEO plugin. -->","yoast_head_json":{"title":"L\u00e1mpara de Santuario - L\u00e1mparas de santuario y Laboratorio Gruppo Liturgico","description":"L\u00e1mpara de Santuario en lat\u00f3n plateado y dorado con cincelado realizado mano. Completan la decoraci\u00f3n los elementos de bronce fundido.  Las cadenas tienen una longitud de 125 cm  Se puede dotar de sistema el\u00e9ctrico. Est\u00e1 disponible en diferentes medidas.","robots":{"index":"index","follow":"follow","max-snippet":"max-snippet:-1","max-image-preview":"max-image-preview:large","max-video-preview":"max-video-preview:-1"},"canonical":"https:\/\/www.gruppoliturgico.com\/es\/producto\/lampara-de-santuario\/","og_locale":"es_ES","og_type":"article","og_title":"L\u00e1mpara de Santuario - L\u00e1mparas de santuario y Laboratorio Gruppo Liturgico","og_description":"L\u00e1mpara de Santuario en lat\u00f3n plateado y dorado con cincelado realizado mano. Completan la decoraci\u00f3n los elementos de bronce fundido.  Las cadenas tienen una longitud de 125 cm  Se puede dotar de sistema el\u00e9ctrico. Est\u00e1 disponible en diferentes medidas.","og_url":"https:\/\/www.gruppoliturgico.com\/es\/producto\/lampara-de-santuario\/","og_site_name":"Laboratorio Gruppo Liturgico","article_modified_time":"2026-01-20T09:45:42+00:00","og_image":[{"width":809,"height":1500,"url":"https:\/\/www.gruppoliturgico.com\/wp-content\/uploads\/2022\/05\/pag2034.jpg","type":"image\/jpeg"}],"twitter_card":"summary_large_image","schema":{"@context":"https:\/\/schema.org","@graph":[{"@type":"WebPage","@id":"https:\/\/www.gruppoliturgico.com\/es\/producto\/lampara-de-santuario\/","url":"https:\/\/www.gruppoliturgico.com\/es\/producto\/lampara-de-santuario\/","name":"L\u00e1mpara de Santuario - L\u00e1mparas de santuario y Laboratorio Gruppo Liturgico","isPartOf":{"@id":"https:\/\/www.gruppoliturgico.com\/es\/#website"},"datePublished":"2022-05-19T21:02:19+00:00","dateModified":"2026-01-20T09:45:42+00:00","description":"L\u00e1mpara de Santuario en lat\u00f3n plateado y dorado con cincelado realizado mano. Completan la decoraci\u00f3n los elementos de bronce fundido. Las cadenas tienen una longitud de 125 cm Se puede dotar de sistema el\u00e9ctrico. Est\u00e1 disponible en diferentes medidas.","breadcrumb":{"@id":"https:\/\/www.gruppoliturgico.com\/es\/producto\/lampara-de-santuario\/#breadcrumb"},"inLanguage":"es","potentialAction":[{"@type":"ReadAction","target":["https:\/\/www.gruppoliturgico.com\/es\/producto\/lampara-de-santuario\/"]}]},{"@type":"BreadcrumbList","@id":"https:\/\/www.gruppoliturgico.com\/es\/producto\/lampara-de-santuario\/#breadcrumb","itemListElement":[{"@type":"ListItem","position":1,"name":"Home","item":"https:\/\/www.gruppoliturgico.com\/es\/"},{"@type":"ListItem","position":2,"name":"Tienda","item":"https:\/\/www.gruppoliturgico.com\/es\/tienda\/"},{"@type":"ListItem","position":3,"name":"L\u00e1mpara de Santuario"}]},{"@type":"WebSite","@id":"https:\/\/www.gruppoliturgico.com\/es\/#website","url":"https:\/\/www.gruppoliturgico.com\/es\/","name":"Laboratorio Gruppo Liturgico","description":"Articoli Religiosi online","publisher":{"@id":"https:\/\/www.gruppoliturgico.com\/es\/#organization"},"potentialAction":[{"@type":"SearchAction","target":{"@type":"EntryPoint","urlTemplate":"https:\/\/www.gruppoliturgico.com\/es\/?s={search_term_string}"},"query-input":"required name=search_term_string"}],"inLanguage":"es"},{"@type":"Organization","@id":"https:\/\/www.gruppoliturgico.com\/es\/#organization","name":"Laboratorio Gruppo Liturgico","url":"https:\/\/www.gruppoliturgico.com\/es\/","logo":{"@type":"ImageObject","inLanguage":"es","@id":"https:\/\/www.gruppoliturgico.com\/es\/#\/schema\/logo\/image\/","url":"https:\/\/www.gruppoliturgico.com\/wp-content\/uploads\/2022\/02\/logo-laboratoriogruppoliturgico.png","contentUrl":"https:\/\/www.gruppoliturgico.com\/wp-content\/uploads\/2022\/02\/logo-laboratoriogruppoliturgico.png","width":400,"height":114,"caption":"Laboratorio Gruppo Liturgico"},"image":{"@id":"https:\/\/www.gruppoliturgico.com\/es\/#\/schema\/logo\/image\/"}}]}},"_links":{"self":[{"href":"https:\/\/www.gruppoliturgico.com\/es\/wp-json\/wp\/v2\/product\/63346"}],"collection":[{"href":"https:\/\/www.gruppoliturgico.com\/es\/wp-json\/wp\/v2\/product"}],"about":[{"href":"https:\/\/www.gruppoliturgico.com\/es\/wp-json\/wp\/v2\/types\/product"}],"wp:featuredmedia":[{"embeddable":true,"href":"https:\/\/www.gruppoliturgico.com\/es\/wp-json\/wp\/v2\/media\/73691"}],"wp:attachment":[{"href":"https:\/\/www.gruppoliturgico.com\/es\/wp-json\/wp\/v2\/media?parent=63346"}],"wp:term":[{"taxonomy":"product_cat","embeddable":true,"href":"https:\/\/www.gruppoliturgico.com\/es\/wp-json\/wp\/v2\/product_cat?post=63346"},{"taxonomy":"product_tag","embeddable":true,"href":"https:\/\/www.gruppoliturgico.com\/es\/wp-json\/wp\/v2\/product_tag?post=63346"}],"curies":[{"name":"wp","href":"https:\/\/api.w.org\/{rel}","templated":true}]}}