{"id":63258,"date":"2022-05-19T22:58:21","date_gmt":"2022-05-19T20:58:28","guid":{"rendered":"https:\/\/www.gruppoliturgico.com\/prodotto\/sagrario-14\/"},"modified":"2023-03-12T10:25:07","modified_gmt":"2023-03-12T09:25:07","slug":"sagrario-14","status":"publish","type":"product","link":"https:\/\/www.gruppoliturgico.com\/es\/producto\/sagrario-14\/","title":{"rendered":"sagrario para empotrar"},"content":{"rendered":"<html><body><p>Sagrario \u00edntegramente en madera tallada y dorada con hoja de oro.<br>\nLa puerta de madera tallada con el s\u00edmbolo eucar\u00edstico est\u00e1 encerrada dentro de un marco de nubes.<br>\nUna estrella de madera tallada completa el trabajo.<br>\nEn versi\u00f3n para empotrar.<br>\nDimensiones<br>\nestrella cm 60 x 50<br>\nsagrario<br>\nexteriores cm 48 x 34 x 27<br>\ninteriores cm 25 x 19 x 18<\/p>\n<\/body><\/html>","protected":false},"excerpt":{"rendered":"<p>Sagrario \u00edntegramente en madera tallada y dorada con hoja de oro.<br \/>\nLa puerta de madera tallada con el s\u00edmbolo eucar\u00edstico est\u00e1 encerrada dentro de un marco de nubes.<br \/>\nUna estrella de madera tallada completa el trabajo.<br \/>\nEn versi\u00f3n para empotrar.<br \/>\nDimensiones<br \/>\nestrella cm 60 x 50<br \/>\nsagrario<br \/>\nexteriores cm 48 x 34 x 27<br \/>\ninteriores cm 25 x 19 x 18<\/p>\n","protected":false},"featured_media":73603,"template":"","meta":[],"product_cat":[12075],"product_tag":[],"yoast_head":"<!-- This site is optimized with the Yoast SEO plugin v20.4 - https:\/\/yoast.com\/wordpress\/plugins\/seo\/ -->\n<title>sagrario para empotrar - Sagrarios de madera y Laboratorio Gruppo Liturgico<\/title>\n<meta name=\"description\" content=\"Sagrario \u00edntegramente en madera tallada y dorada con hoja de oro. La puerta de madera tallada con el s\u00edmbolo eucar\u00edstico est\u00e1 encerrada dentro de un marco de nubes. Una estrella de madera tallada completa el trabajo. En versi\u00f3n para empotrar. Dimensiones estrella cm 60 x 50 sagrario exteriores cm 48 x 34 x 27 interiores cm 25 x 19 x 18\" \/>\n<meta name=\"robots\" content=\"index, follow, max-snippet:-1, max-image-preview:large, max-video-preview:-1\" \/>\n<link rel=\"canonical\" href=\"https:\/\/www.gruppoliturgico.com\/es\/producto\/sagrario-14\/\" \/>\n<meta property=\"og:locale\" content=\"es_ES\" \/>\n<meta property=\"og:type\" content=\"article\" \/>\n<meta property=\"og:title\" content=\"sagrario para empotrar - Sagrarios de madera y Laboratorio Gruppo Liturgico\" \/>\n<meta property=\"og:description\" content=\"Sagrario \u00edntegramente en madera tallada y dorada con hoja de oro. La puerta de madera tallada con el s\u00edmbolo eucar\u00edstico est\u00e1 encerrada dentro de un marco de nubes. Una estrella de madera tallada completa el trabajo. En versi\u00f3n para empotrar. Dimensiones estrella cm 60 x 50 sagrario exteriores cm 48 x 34 x 27 interiores cm 25 x 19 x 18\" \/>\n<meta property=\"og:url\" content=\"https:\/\/www.gruppoliturgico.com\/es\/producto\/sagrario-14\/\" \/>\n<meta property=\"og:site_name\" content=\"Laboratorio Gruppo Liturgico\" \/>\n<meta property=\"article:modified_time\" content=\"2023-03-12T09:25:07+00:00\" \/>\n<meta property=\"og:image\" content=\"https:\/\/www.gruppoliturgico.com\/wp-content\/uploads\/2022\/05\/574.jpg\" \/>\n\t<meta property=\"og:image:width\" content=\"1163\" \/>\n\t<meta property=\"og:image:height\" content=\"1500\" \/>\n\t<meta property=\"og:image:type\" content=\"image\/jpeg\" \/>\n<meta name=\"twitter:card\" content=\"summary_large_image\" \/>\n<script type=\"application\/ld+json\" class=\"yoast-schema-graph\">{\"@context\":\"https:\/\/schema.org\",\"@graph\":[{\"@type\":\"WebPage\",\"@id\":\"https:\/\/www.gruppoliturgico.com\/es\/producto\/sagrario-14\/\",\"url\":\"https:\/\/www.gruppoliturgico.com\/es\/producto\/sagrario-14\/\",\"name\":\"sagrario para empotrar - Sagrarios de madera y Laboratorio Gruppo Liturgico\",\"isPartOf\":{\"@id\":\"https:\/\/www.gruppoliturgico.com\/es\/#website\"},\"datePublished\":\"2022-05-19T20:58:28+00:00\",\"dateModified\":\"2023-03-12T09:25:07+00:00\",\"description\":\"Sagrario \u00edntegramente en madera tallada y dorada con hoja de oro. La puerta de madera tallada con el s\u00edmbolo eucar\u00edstico est\u00e1 encerrada dentro de un marco de nubes. Una estrella de madera tallada completa el trabajo. En versi\u00f3n para empotrar. Dimensiones estrella cm 60 x 50 sagrario exteriores cm 48 x 34 x 27 interiores cm 25 x 19 x 18\",\"breadcrumb\":{\"@id\":\"https:\/\/www.gruppoliturgico.com\/es\/producto\/sagrario-14\/#breadcrumb\"},\"inLanguage\":\"es\",\"potentialAction\":[{\"@type\":\"ReadAction\",\"target\":[\"https:\/\/www.gruppoliturgico.com\/es\/producto\/sagrario-14\/\"]}]},{\"@type\":\"BreadcrumbList\",\"@id\":\"https:\/\/www.gruppoliturgico.com\/es\/producto\/sagrario-14\/#breadcrumb\",\"itemListElement\":[{\"@type\":\"ListItem\",\"position\":1,\"name\":\"Home\",\"item\":\"https:\/\/www.gruppoliturgico.com\/es\/\"},{\"@type\":\"ListItem\",\"position\":2,\"name\":\"Tienda\",\"item\":\"https:\/\/www.gruppoliturgico.com\/es\/tienda\/\"},{\"@type\":\"ListItem\",\"position\":3,\"name\":\"sagrario para empotrar\"}]},{\"@type\":\"WebSite\",\"@id\":\"https:\/\/www.gruppoliturgico.com\/es\/#website\",\"url\":\"https:\/\/www.gruppoliturgico.com\/es\/\",\"name\":\"Laboratorio Gruppo Liturgico\",\"description\":\"Articoli Religiosi online\",\"publisher\":{\"@id\":\"https:\/\/www.gruppoliturgico.com\/es\/#organization\"},\"potentialAction\":[{\"@type\":\"SearchAction\",\"target\":{\"@type\":\"EntryPoint\",\"urlTemplate\":\"https:\/\/www.gruppoliturgico.com\/es\/?s={search_term_string}\"},\"query-input\":\"required name=search_term_string\"}],\"inLanguage\":\"es\"},{\"@type\":\"Organization\",\"@id\":\"https:\/\/www.gruppoliturgico.com\/es\/#organization\",\"name\":\"Laboratorio Gruppo Liturgico\",\"url\":\"https:\/\/www.gruppoliturgico.com\/es\/\",\"logo\":{\"@type\":\"ImageObject\",\"inLanguage\":\"es\",\"@id\":\"https:\/\/www.gruppoliturgico.com\/es\/#\/schema\/logo\/image\/\",\"url\":\"https:\/\/www.gruppoliturgico.com\/wp-content\/uploads\/2022\/02\/logo-laboratoriogruppoliturgico.png\",\"contentUrl\":\"https:\/\/www.gruppoliturgico.com\/wp-content\/uploads\/2022\/02\/logo-laboratoriogruppoliturgico.png\",\"width\":400,\"height\":114,\"caption\":\"Laboratorio Gruppo Liturgico\"},\"image\":{\"@id\":\"https:\/\/www.gruppoliturgico.com\/es\/#\/schema\/logo\/image\/\"}}]}<\/script>\n<!-- \/ Yoast SEO plugin. -->","yoast_head_json":{"title":"sagrario para empotrar - Sagrarios de madera y Laboratorio Gruppo Liturgico","description":"Sagrario \u00edntegramente en madera tallada y dorada con hoja de oro. La puerta de madera tallada con el s\u00edmbolo eucar\u00edstico est\u00e1 encerrada dentro de un marco de nubes. Una estrella de madera tallada completa el trabajo. En versi\u00f3n para empotrar. Dimensiones estrella cm 60 x 50 sagrario exteriores cm 48 x 34 x 27 interiores cm 25 x 19 x 18","robots":{"index":"index","follow":"follow","max-snippet":"max-snippet:-1","max-image-preview":"max-image-preview:large","max-video-preview":"max-video-preview:-1"},"canonical":"https:\/\/www.gruppoliturgico.com\/es\/producto\/sagrario-14\/","og_locale":"es_ES","og_type":"article","og_title":"sagrario para empotrar - Sagrarios de madera y Laboratorio Gruppo Liturgico","og_description":"Sagrario \u00edntegramente en madera tallada y dorada con hoja de oro. La puerta de madera tallada con el s\u00edmbolo eucar\u00edstico est\u00e1 encerrada dentro de un marco de nubes. Una estrella de madera tallada completa el trabajo. En versi\u00f3n para empotrar. Dimensiones estrella cm 60 x 50 sagrario exteriores cm 48 x 34 x 27 interiores cm 25 x 19 x 18","og_url":"https:\/\/www.gruppoliturgico.com\/es\/producto\/sagrario-14\/","og_site_name":"Laboratorio Gruppo Liturgico","article_modified_time":"2023-03-12T09:25:07+00:00","og_image":[{"width":1163,"height":1500,"url":"https:\/\/www.gruppoliturgico.com\/wp-content\/uploads\/2022\/05\/574.jpg","type":"image\/jpeg"}],"twitter_card":"summary_large_image","schema":{"@context":"https:\/\/schema.org","@graph":[{"@type":"WebPage","@id":"https:\/\/www.gruppoliturgico.com\/es\/producto\/sagrario-14\/","url":"https:\/\/www.gruppoliturgico.com\/es\/producto\/sagrario-14\/","name":"sagrario para empotrar - Sagrarios de madera y Laboratorio Gruppo Liturgico","isPartOf":{"@id":"https:\/\/www.gruppoliturgico.com\/es\/#website"},"datePublished":"2022-05-19T20:58:28+00:00","dateModified":"2023-03-12T09:25:07+00:00","description":"Sagrario \u00edntegramente en madera tallada y dorada con hoja de oro. La puerta de madera tallada con el s\u00edmbolo eucar\u00edstico est\u00e1 encerrada dentro de un marco de nubes. Una estrella de madera tallada completa el trabajo. En versi\u00f3n para empotrar. Dimensiones estrella cm 60 x 50 sagrario exteriores cm 48 x 34 x 27 interiores cm 25 x 19 x 18","breadcrumb":{"@id":"https:\/\/www.gruppoliturgico.com\/es\/producto\/sagrario-14\/#breadcrumb"},"inLanguage":"es","potentialAction":[{"@type":"ReadAction","target":["https:\/\/www.gruppoliturgico.com\/es\/producto\/sagrario-14\/"]}]},{"@type":"BreadcrumbList","@id":"https:\/\/www.gruppoliturgico.com\/es\/producto\/sagrario-14\/#breadcrumb","itemListElement":[{"@type":"ListItem","position":1,"name":"Home","item":"https:\/\/www.gruppoliturgico.com\/es\/"},{"@type":"ListItem","position":2,"name":"Tienda","item":"https:\/\/www.gruppoliturgico.com\/es\/tienda\/"},{"@type":"ListItem","position":3,"name":"sagrario para empotrar"}]},{"@type":"WebSite","@id":"https:\/\/www.gruppoliturgico.com\/es\/#website","url":"https:\/\/www.gruppoliturgico.com\/es\/","name":"Laboratorio Gruppo Liturgico","description":"Articoli Religiosi online","publisher":{"@id":"https:\/\/www.gruppoliturgico.com\/es\/#organization"},"potentialAction":[{"@type":"SearchAction","target":{"@type":"EntryPoint","urlTemplate":"https:\/\/www.gruppoliturgico.com\/es\/?s={search_term_string}"},"query-input":"required name=search_term_string"}],"inLanguage":"es"},{"@type":"Organization","@id":"https:\/\/www.gruppoliturgico.com\/es\/#organization","name":"Laboratorio Gruppo Liturgico","url":"https:\/\/www.gruppoliturgico.com\/es\/","logo":{"@type":"ImageObject","inLanguage":"es","@id":"https:\/\/www.gruppoliturgico.com\/es\/#\/schema\/logo\/image\/","url":"https:\/\/www.gruppoliturgico.com\/wp-content\/uploads\/2022\/02\/logo-laboratoriogruppoliturgico.png","contentUrl":"https:\/\/www.gruppoliturgico.com\/wp-content\/uploads\/2022\/02\/logo-laboratoriogruppoliturgico.png","width":400,"height":114,"caption":"Laboratorio Gruppo Liturgico"},"image":{"@id":"https:\/\/www.gruppoliturgico.com\/es\/#\/schema\/logo\/image\/"}}]}},"_links":{"self":[{"href":"https:\/\/www.gruppoliturgico.com\/es\/wp-json\/wp\/v2\/product\/63258"}],"collection":[{"href":"https:\/\/www.gruppoliturgico.com\/es\/wp-json\/wp\/v2\/product"}],"about":[{"href":"https:\/\/www.gruppoliturgico.com\/es\/wp-json\/wp\/v2\/types\/product"}],"wp:featuredmedia":[{"embeddable":true,"href":"https:\/\/www.gruppoliturgico.com\/es\/wp-json\/wp\/v2\/media\/73603"}],"wp:attachment":[{"href":"https:\/\/www.gruppoliturgico.com\/es\/wp-json\/wp\/v2\/media?parent=63258"}],"wp:term":[{"taxonomy":"product_cat","embeddable":true,"href":"https:\/\/www.gruppoliturgico.com\/es\/wp-json\/wp\/v2\/product_cat?post=63258"},{"taxonomy":"product_tag","embeddable":true,"href":"https:\/\/www.gruppoliturgico.com\/es\/wp-json\/wp\/v2\/product_tag?post=63258"}],"curies":[{"name":"wp","href":"https:\/\/api.w.org\/{rel}","templated":true}]}}