{"id":63254,"date":"2022-05-19T22:58:12","date_gmt":"2022-05-19T20:58:18","guid":{"rendered":"https:\/\/www.gruppoliturgico.com\/prodotto\/sagrario-13\/"},"modified":"2022-05-20T07:16:49","modified_gmt":"2022-05-20T05:16:49","slug":"sagrario-13","status":"publish","type":"product","link":"https:\/\/www.gruppoliturgico.com\/es\/producto\/sagrario-13\/","title":{"rendered":"Sagrario"},"content":{"rendered":"<html><body><p>En madera esculpida y dorada con hoja de oro.<br>\nEl estilo g\u00f3tico se expresa en los ricos paneles con bajorrelieves que representan los rosetones que ornamentan cada uno de los elementos.<br>\nUna peque\u00f1a obra de arte escult\u00f3rica.<\/p>\n<p>Dimensiones<br>\ninteriores 36 x 45 x 29 cm<br>\nexteriores 50 x 92 x 42 cm <\/p>\n<p>Versi\u00f3n para apoyar<\/p>\n<\/body><\/html>","protected":false},"excerpt":{"rendered":"<p>En madera esculpida y dorada con hoja de oro.<br \/>\nEl estilo g\u00f3tico se expresa en los ricos paneles con bajorrelieves que representan los rosetones que ornamentan cada uno de los elementos.<br \/>\nUna peque\u00f1a obra de arte escult\u00f3rica.<\/p>\n<p>Dimensiones<br \/>\ninteriores 36 x 45 x 29 cm<br \/>\nexteriores 50 x 92 x 42 cm <\/p>\n<p>Versi\u00f3n para apoyar<\/p>\n","protected":false},"featured_media":73599,"template":"","meta":[],"product_cat":[12075],"product_tag":[],"yoast_head":"<!-- This site is optimized with the Yoast SEO plugin v20.4 - https:\/\/yoast.com\/wordpress\/plugins\/seo\/ -->\n<title>Sagrario - Sagrarios de madera y Laboratorio Gruppo Liturgico<\/title>\n<meta name=\"description\" content=\"En madera esculpida y dorada con hoja de oro.  El estilo g\u00f3tico se expresa en los ricos paneles con bajorrelieves que representan los rosetones que ornamentan cada uno de los elementos.  Una peque\u00f1a obra de arte escult\u00f3rica.  Dimensiones  interiores 36 x 45 x 29 cm exteriores 50 x 92 x 42 cm   Versi\u00f3n para apoyar\" \/>\n<meta name=\"robots\" content=\"index, follow, max-snippet:-1, max-image-preview:large, max-video-preview:-1\" \/>\n<link rel=\"canonical\" href=\"https:\/\/www.gruppoliturgico.com\/es\/producto\/sagrario-13\/\" \/>\n<meta property=\"og:locale\" content=\"es_ES\" \/>\n<meta property=\"og:type\" content=\"article\" \/>\n<meta property=\"og:title\" content=\"Sagrario - Sagrarios de madera y Laboratorio Gruppo Liturgico\" \/>\n<meta property=\"og:description\" content=\"En madera esculpida y dorada con hoja de oro.  El estilo g\u00f3tico se expresa en los ricos paneles con bajorrelieves que representan los rosetones que ornamentan cada uno de los elementos.  Una peque\u00f1a obra de arte escult\u00f3rica.  Dimensiones  interiores 36 x 45 x 29 cm exteriores 50 x 92 x 42 cm   Versi\u00f3n para apoyar\" \/>\n<meta property=\"og:url\" content=\"https:\/\/www.gruppoliturgico.com\/es\/producto\/sagrario-13\/\" \/>\n<meta property=\"og:site_name\" content=\"Laboratorio Gruppo Liturgico\" \/>\n<meta property=\"article:modified_time\" content=\"2022-05-20T05:16:49+00:00\" \/>\n<meta property=\"og:image\" content=\"https:\/\/www.gruppoliturgico.com\/wp-content\/uploads\/2022\/05\/292_1.jpg\" \/>\n\t<meta property=\"og:image:width\" content=\"863\" \/>\n\t<meta property=\"og:image:height\" content=\"1500\" \/>\n\t<meta property=\"og:image:type\" content=\"image\/jpeg\" \/>\n<meta name=\"twitter:card\" content=\"summary_large_image\" \/>\n<script type=\"application\/ld+json\" class=\"yoast-schema-graph\">{\"@context\":\"https:\/\/schema.org\",\"@graph\":[{\"@type\":\"WebPage\",\"@id\":\"https:\/\/www.gruppoliturgico.com\/es\/producto\/sagrario-13\/\",\"url\":\"https:\/\/www.gruppoliturgico.com\/es\/producto\/sagrario-13\/\",\"name\":\"Sagrario - Sagrarios de madera y Laboratorio Gruppo Liturgico\",\"isPartOf\":{\"@id\":\"https:\/\/www.gruppoliturgico.com\/es\/#website\"},\"datePublished\":\"2022-05-19T20:58:18+00:00\",\"dateModified\":\"2022-05-20T05:16:49+00:00\",\"description\":\"En madera esculpida y dorada con hoja de oro. El estilo g\u00f3tico se expresa en los ricos paneles con bajorrelieves que representan los rosetones que ornamentan cada uno de los elementos. Una peque\u00f1a obra de arte escult\u00f3rica. Dimensiones interiores 36 x 45 x 29 cm exteriores 50 x 92 x 42 cm Versi\u00f3n para apoyar\",\"breadcrumb\":{\"@id\":\"https:\/\/www.gruppoliturgico.com\/es\/producto\/sagrario-13\/#breadcrumb\"},\"inLanguage\":\"es\",\"potentialAction\":[{\"@type\":\"ReadAction\",\"target\":[\"https:\/\/www.gruppoliturgico.com\/es\/producto\/sagrario-13\/\"]}]},{\"@type\":\"BreadcrumbList\",\"@id\":\"https:\/\/www.gruppoliturgico.com\/es\/producto\/sagrario-13\/#breadcrumb\",\"itemListElement\":[{\"@type\":\"ListItem\",\"position\":1,\"name\":\"Home\",\"item\":\"https:\/\/www.gruppoliturgico.com\/es\/\"},{\"@type\":\"ListItem\",\"position\":2,\"name\":\"Tienda\",\"item\":\"https:\/\/www.gruppoliturgico.com\/es\/tienda\/\"},{\"@type\":\"ListItem\",\"position\":3,\"name\":\"Sagrario\"}]},{\"@type\":\"WebSite\",\"@id\":\"https:\/\/www.gruppoliturgico.com\/es\/#website\",\"url\":\"https:\/\/www.gruppoliturgico.com\/es\/\",\"name\":\"Laboratorio Gruppo Liturgico\",\"description\":\"Articoli Religiosi online\",\"publisher\":{\"@id\":\"https:\/\/www.gruppoliturgico.com\/es\/#organization\"},\"potentialAction\":[{\"@type\":\"SearchAction\",\"target\":{\"@type\":\"EntryPoint\",\"urlTemplate\":\"https:\/\/www.gruppoliturgico.com\/es\/?s={search_term_string}\"},\"query-input\":\"required name=search_term_string\"}],\"inLanguage\":\"es\"},{\"@type\":\"Organization\",\"@id\":\"https:\/\/www.gruppoliturgico.com\/es\/#organization\",\"name\":\"Laboratorio Gruppo Liturgico\",\"url\":\"https:\/\/www.gruppoliturgico.com\/es\/\",\"logo\":{\"@type\":\"ImageObject\",\"inLanguage\":\"es\",\"@id\":\"https:\/\/www.gruppoliturgico.com\/es\/#\/schema\/logo\/image\/\",\"url\":\"https:\/\/www.gruppoliturgico.com\/wp-content\/uploads\/2022\/02\/logo-laboratoriogruppoliturgico.png\",\"contentUrl\":\"https:\/\/www.gruppoliturgico.com\/wp-content\/uploads\/2022\/02\/logo-laboratoriogruppoliturgico.png\",\"width\":400,\"height\":114,\"caption\":\"Laboratorio Gruppo Liturgico\"},\"image\":{\"@id\":\"https:\/\/www.gruppoliturgico.com\/es\/#\/schema\/logo\/image\/\"}}]}<\/script>\n<!-- \/ Yoast SEO plugin. -->","yoast_head_json":{"title":"Sagrario - Sagrarios de madera y Laboratorio Gruppo Liturgico","description":"En madera esculpida y dorada con hoja de oro.  El estilo g\u00f3tico se expresa en los ricos paneles con bajorrelieves que representan los rosetones que ornamentan cada uno de los elementos.  Una peque\u00f1a obra de arte escult\u00f3rica.  Dimensiones  interiores 36 x 45 x 29 cm exteriores 50 x 92 x 42 cm   Versi\u00f3n para apoyar","robots":{"index":"index","follow":"follow","max-snippet":"max-snippet:-1","max-image-preview":"max-image-preview:large","max-video-preview":"max-video-preview:-1"},"canonical":"https:\/\/www.gruppoliturgico.com\/es\/producto\/sagrario-13\/","og_locale":"es_ES","og_type":"article","og_title":"Sagrario - Sagrarios de madera y Laboratorio Gruppo Liturgico","og_description":"En madera esculpida y dorada con hoja de oro.  El estilo g\u00f3tico se expresa en los ricos paneles con bajorrelieves que representan los rosetones que ornamentan cada uno de los elementos.  Una peque\u00f1a obra de arte escult\u00f3rica.  Dimensiones  interiores 36 x 45 x 29 cm exteriores 50 x 92 x 42 cm   Versi\u00f3n para apoyar","og_url":"https:\/\/www.gruppoliturgico.com\/es\/producto\/sagrario-13\/","og_site_name":"Laboratorio Gruppo Liturgico","article_modified_time":"2022-05-20T05:16:49+00:00","og_image":[{"width":863,"height":1500,"url":"https:\/\/www.gruppoliturgico.com\/wp-content\/uploads\/2022\/05\/292_1.jpg","type":"image\/jpeg"}],"twitter_card":"summary_large_image","schema":{"@context":"https:\/\/schema.org","@graph":[{"@type":"WebPage","@id":"https:\/\/www.gruppoliturgico.com\/es\/producto\/sagrario-13\/","url":"https:\/\/www.gruppoliturgico.com\/es\/producto\/sagrario-13\/","name":"Sagrario - Sagrarios de madera y Laboratorio Gruppo Liturgico","isPartOf":{"@id":"https:\/\/www.gruppoliturgico.com\/es\/#website"},"datePublished":"2022-05-19T20:58:18+00:00","dateModified":"2022-05-20T05:16:49+00:00","description":"En madera esculpida y dorada con hoja de oro. El estilo g\u00f3tico se expresa en los ricos paneles con bajorrelieves que representan los rosetones que ornamentan cada uno de los elementos. Una peque\u00f1a obra de arte escult\u00f3rica. Dimensiones interiores 36 x 45 x 29 cm exteriores 50 x 92 x 42 cm Versi\u00f3n para apoyar","breadcrumb":{"@id":"https:\/\/www.gruppoliturgico.com\/es\/producto\/sagrario-13\/#breadcrumb"},"inLanguage":"es","potentialAction":[{"@type":"ReadAction","target":["https:\/\/www.gruppoliturgico.com\/es\/producto\/sagrario-13\/"]}]},{"@type":"BreadcrumbList","@id":"https:\/\/www.gruppoliturgico.com\/es\/producto\/sagrario-13\/#breadcrumb","itemListElement":[{"@type":"ListItem","position":1,"name":"Home","item":"https:\/\/www.gruppoliturgico.com\/es\/"},{"@type":"ListItem","position":2,"name":"Tienda","item":"https:\/\/www.gruppoliturgico.com\/es\/tienda\/"},{"@type":"ListItem","position":3,"name":"Sagrario"}]},{"@type":"WebSite","@id":"https:\/\/www.gruppoliturgico.com\/es\/#website","url":"https:\/\/www.gruppoliturgico.com\/es\/","name":"Laboratorio Gruppo Liturgico","description":"Articoli Religiosi online","publisher":{"@id":"https:\/\/www.gruppoliturgico.com\/es\/#organization"},"potentialAction":[{"@type":"SearchAction","target":{"@type":"EntryPoint","urlTemplate":"https:\/\/www.gruppoliturgico.com\/es\/?s={search_term_string}"},"query-input":"required name=search_term_string"}],"inLanguage":"es"},{"@type":"Organization","@id":"https:\/\/www.gruppoliturgico.com\/es\/#organization","name":"Laboratorio Gruppo Liturgico","url":"https:\/\/www.gruppoliturgico.com\/es\/","logo":{"@type":"ImageObject","inLanguage":"es","@id":"https:\/\/www.gruppoliturgico.com\/es\/#\/schema\/logo\/image\/","url":"https:\/\/www.gruppoliturgico.com\/wp-content\/uploads\/2022\/02\/logo-laboratoriogruppoliturgico.png","contentUrl":"https:\/\/www.gruppoliturgico.com\/wp-content\/uploads\/2022\/02\/logo-laboratoriogruppoliturgico.png","width":400,"height":114,"caption":"Laboratorio Gruppo Liturgico"},"image":{"@id":"https:\/\/www.gruppoliturgico.com\/es\/#\/schema\/logo\/image\/"}}]}},"_links":{"self":[{"href":"https:\/\/www.gruppoliturgico.com\/es\/wp-json\/wp\/v2\/product\/63254"}],"collection":[{"href":"https:\/\/www.gruppoliturgico.com\/es\/wp-json\/wp\/v2\/product"}],"about":[{"href":"https:\/\/www.gruppoliturgico.com\/es\/wp-json\/wp\/v2\/types\/product"}],"wp:featuredmedia":[{"embeddable":true,"href":"https:\/\/www.gruppoliturgico.com\/es\/wp-json\/wp\/v2\/media\/73599"}],"wp:attachment":[{"href":"https:\/\/www.gruppoliturgico.com\/es\/wp-json\/wp\/v2\/media?parent=63254"}],"wp:term":[{"taxonomy":"product_cat","embeddable":true,"href":"https:\/\/www.gruppoliturgico.com\/es\/wp-json\/wp\/v2\/product_cat?post=63254"},{"taxonomy":"product_tag","embeddable":true,"href":"https:\/\/www.gruppoliturgico.com\/es\/wp-json\/wp\/v2\/product_tag?post=63254"}],"curies":[{"name":"wp","href":"https:\/\/api.w.org\/{rel}","templated":true}]}}