{"id":63190,"date":"2022-05-19T22:55:00","date_gmt":"2022-05-19T20:55:46","guid":{"rendered":"https:\/\/www.gruppoliturgico.com\/prodotto\/casulla-romana\/"},"modified":"2022-06-02T11:25:19","modified_gmt":"2022-06-02T09:25:19","slug":"casulla-romana","status":"publish","type":"product","link":"https:\/\/www.gruppoliturgico.com\/es\/producto\/casulla-romana\/","title":{"rendered":"Casulla romana"},"content":{"rendered":"<html><body><p>Casulla romana confeccionada con un original tejido jacquard.<br>\nLa particular tejedura se obtiene gracias a un espec\u00edfico telar que sirve para evidenciar las decoraciones doradas, de tipo arabesco, que se diferencian seg\u00fan sea el color elegido para la liturgia.<br>\nIncluye la estola.<br>\nEst\u00e1 disponible en todos los colores lit\u00fargicos.<\/p>\n<\/body><\/html>","protected":false},"excerpt":{"rendered":"<p>Casulla romana confeccionada con un original tejido jacquard.<br \/>\nLa particular tejedura se obtiene gracias a un espec\u00edfico telar que sirve para evidenciar las decoraciones doradas, de tipo arabesco, que se diferencian seg\u00fan sea el color elegido para la liturgia.<br \/>\nIncluye la estola.<br \/>\nEst\u00e1 disponible en todos los colores lit\u00fargicos.<\/p>\n","protected":false},"featured_media":129777,"template":"","meta":[],"product_cat":[12279],"product_tag":[],"yoast_head":"<!-- This site is optimized with the Yoast SEO plugin v20.4 - https:\/\/yoast.com\/wordpress\/plugins\/seo\/ -->\n<title>Casulla romana - casullas romanas y Laboratorio Gruppo Liturgico<\/title>\n<meta name=\"description\" content=\"Casulla romana confeccionada con un original tejido jacquard.  La particular tejedura se obtiene gracias a un espec\u00edfico telar que sirve para evidenciar las decoraciones doradas, de tipo arabesco, que se diferencian seg\u00fan sea el color elegido para la liturgia.  Incluye la estola. Est\u00e1 disponible en todos los colores lit\u00fargicos.\" \/>\n<meta name=\"robots\" content=\"index, follow, max-snippet:-1, max-image-preview:large, max-video-preview:-1\" \/>\n<link rel=\"canonical\" href=\"https:\/\/www.gruppoliturgico.com\/es\/producto\/casulla-romana\/\" \/>\n<meta property=\"og:locale\" content=\"es_ES\" \/>\n<meta property=\"og:type\" content=\"article\" \/>\n<meta property=\"og:title\" content=\"Casulla romana - casullas romanas y Laboratorio Gruppo Liturgico\" \/>\n<meta property=\"og:description\" content=\"Casulla romana confeccionada con un original tejido jacquard.  La particular tejedura se obtiene gracias a un espec\u00edfico telar que sirve para evidenciar las decoraciones doradas, de tipo arabesco, que se diferencian seg\u00fan sea el color elegido para la liturgia.  Incluye la estola. Est\u00e1 disponible en todos los colores lit\u00fargicos.\" \/>\n<meta property=\"og:url\" content=\"https:\/\/www.gruppoliturgico.com\/es\/producto\/casulla-romana\/\" \/>\n<meta property=\"og:site_name\" content=\"Laboratorio Gruppo Liturgico\" \/>\n<meta property=\"article:modified_time\" content=\"2022-06-02T09:25:19+00:00\" \/>\n<meta property=\"og:image\" content=\"https:\/\/www.gruppoliturgico.com\/wp-content\/uploads\/2022\/09\/3403-bianca.jpg\" \/>\n\t<meta property=\"og:image:width\" content=\"1051\" \/>\n\t<meta property=\"og:image:height\" content=\"1500\" \/>\n\t<meta property=\"og:image:type\" content=\"image\/jpeg\" \/>\n<meta name=\"twitter:card\" content=\"summary_large_image\" \/>\n<script type=\"application\/ld+json\" class=\"yoast-schema-graph\">{\"@context\":\"https:\/\/schema.org\",\"@graph\":[{\"@type\":\"WebPage\",\"@id\":\"https:\/\/www.gruppoliturgico.com\/es\/producto\/casulla-romana\/\",\"url\":\"https:\/\/www.gruppoliturgico.com\/es\/producto\/casulla-romana\/\",\"name\":\"Casulla romana - casullas romanas y Laboratorio Gruppo Liturgico\",\"isPartOf\":{\"@id\":\"https:\/\/www.gruppoliturgico.com\/es\/#website\"},\"datePublished\":\"2022-05-19T20:55:46+00:00\",\"dateModified\":\"2022-06-02T09:25:19+00:00\",\"description\":\"Casulla romana confeccionada con un original tejido jacquard. La particular tejedura se obtiene gracias a un espec\u00edfico telar que sirve para evidenciar las decoraciones doradas, de tipo arabesco, que se diferencian seg\u00fan sea el color elegido para la liturgia. Incluye la estola. Est\u00e1 disponible en todos los colores lit\u00fargicos.\",\"breadcrumb\":{\"@id\":\"https:\/\/www.gruppoliturgico.com\/es\/producto\/casulla-romana\/#breadcrumb\"},\"inLanguage\":\"es\",\"potentialAction\":[{\"@type\":\"ReadAction\",\"target\":[\"https:\/\/www.gruppoliturgico.com\/es\/producto\/casulla-romana\/\"]}]},{\"@type\":\"BreadcrumbList\",\"@id\":\"https:\/\/www.gruppoliturgico.com\/es\/producto\/casulla-romana\/#breadcrumb\",\"itemListElement\":[{\"@type\":\"ListItem\",\"position\":1,\"name\":\"Home\",\"item\":\"https:\/\/www.gruppoliturgico.com\/es\/\"},{\"@type\":\"ListItem\",\"position\":2,\"name\":\"Tienda\",\"item\":\"https:\/\/www.gruppoliturgico.com\/es\/tienda\/\"},{\"@type\":\"ListItem\",\"position\":3,\"name\":\"Casulla romana\"}]},{\"@type\":\"WebSite\",\"@id\":\"https:\/\/www.gruppoliturgico.com\/es\/#website\",\"url\":\"https:\/\/www.gruppoliturgico.com\/es\/\",\"name\":\"Laboratorio Gruppo Liturgico\",\"description\":\"Articoli Religiosi online\",\"publisher\":{\"@id\":\"https:\/\/www.gruppoliturgico.com\/es\/#organization\"},\"potentialAction\":[{\"@type\":\"SearchAction\",\"target\":{\"@type\":\"EntryPoint\",\"urlTemplate\":\"https:\/\/www.gruppoliturgico.com\/es\/?s={search_term_string}\"},\"query-input\":\"required name=search_term_string\"}],\"inLanguage\":\"es\"},{\"@type\":\"Organization\",\"@id\":\"https:\/\/www.gruppoliturgico.com\/es\/#organization\",\"name\":\"Laboratorio Gruppo Liturgico\",\"url\":\"https:\/\/www.gruppoliturgico.com\/es\/\",\"logo\":{\"@type\":\"ImageObject\",\"inLanguage\":\"es\",\"@id\":\"https:\/\/www.gruppoliturgico.com\/es\/#\/schema\/logo\/image\/\",\"url\":\"https:\/\/www.gruppoliturgico.com\/wp-content\/uploads\/2022\/02\/logo-laboratoriogruppoliturgico.png\",\"contentUrl\":\"https:\/\/www.gruppoliturgico.com\/wp-content\/uploads\/2022\/02\/logo-laboratoriogruppoliturgico.png\",\"width\":400,\"height\":114,\"caption\":\"Laboratorio Gruppo Liturgico\"},\"image\":{\"@id\":\"https:\/\/www.gruppoliturgico.com\/es\/#\/schema\/logo\/image\/\"}}]}<\/script>\n<!-- \/ Yoast SEO plugin. -->","yoast_head_json":{"title":"Casulla romana - casullas romanas y Laboratorio Gruppo Liturgico","description":"Casulla romana confeccionada con un original tejido jacquard.  La particular tejedura se obtiene gracias a un espec\u00edfico telar que sirve para evidenciar las decoraciones doradas, de tipo arabesco, que se diferencian seg\u00fan sea el color elegido para la liturgia.  Incluye la estola. Est\u00e1 disponible en todos los colores lit\u00fargicos.","robots":{"index":"index","follow":"follow","max-snippet":"max-snippet:-1","max-image-preview":"max-image-preview:large","max-video-preview":"max-video-preview:-1"},"canonical":"https:\/\/www.gruppoliturgico.com\/es\/producto\/casulla-romana\/","og_locale":"es_ES","og_type":"article","og_title":"Casulla romana - casullas romanas y Laboratorio Gruppo Liturgico","og_description":"Casulla romana confeccionada con un original tejido jacquard.  La particular tejedura se obtiene gracias a un espec\u00edfico telar que sirve para evidenciar las decoraciones doradas, de tipo arabesco, que se diferencian seg\u00fan sea el color elegido para la liturgia.  Incluye la estola. Est\u00e1 disponible en todos los colores lit\u00fargicos.","og_url":"https:\/\/www.gruppoliturgico.com\/es\/producto\/casulla-romana\/","og_site_name":"Laboratorio Gruppo Liturgico","article_modified_time":"2022-06-02T09:25:19+00:00","og_image":[{"width":1051,"height":1500,"url":"https:\/\/www.gruppoliturgico.com\/wp-content\/uploads\/2022\/09\/3403-bianca.jpg","type":"image\/jpeg"}],"twitter_card":"summary_large_image","schema":{"@context":"https:\/\/schema.org","@graph":[{"@type":"WebPage","@id":"https:\/\/www.gruppoliturgico.com\/es\/producto\/casulla-romana\/","url":"https:\/\/www.gruppoliturgico.com\/es\/producto\/casulla-romana\/","name":"Casulla romana - casullas romanas y Laboratorio Gruppo Liturgico","isPartOf":{"@id":"https:\/\/www.gruppoliturgico.com\/es\/#website"},"datePublished":"2022-05-19T20:55:46+00:00","dateModified":"2022-06-02T09:25:19+00:00","description":"Casulla romana confeccionada con un original tejido jacquard. La particular tejedura se obtiene gracias a un espec\u00edfico telar que sirve para evidenciar las decoraciones doradas, de tipo arabesco, que se diferencian seg\u00fan sea el color elegido para la liturgia. Incluye la estola. Est\u00e1 disponible en todos los colores lit\u00fargicos.","breadcrumb":{"@id":"https:\/\/www.gruppoliturgico.com\/es\/producto\/casulla-romana\/#breadcrumb"},"inLanguage":"es","potentialAction":[{"@type":"ReadAction","target":["https:\/\/www.gruppoliturgico.com\/es\/producto\/casulla-romana\/"]}]},{"@type":"BreadcrumbList","@id":"https:\/\/www.gruppoliturgico.com\/es\/producto\/casulla-romana\/#breadcrumb","itemListElement":[{"@type":"ListItem","position":1,"name":"Home","item":"https:\/\/www.gruppoliturgico.com\/es\/"},{"@type":"ListItem","position":2,"name":"Tienda","item":"https:\/\/www.gruppoliturgico.com\/es\/tienda\/"},{"@type":"ListItem","position":3,"name":"Casulla romana"}]},{"@type":"WebSite","@id":"https:\/\/www.gruppoliturgico.com\/es\/#website","url":"https:\/\/www.gruppoliturgico.com\/es\/","name":"Laboratorio Gruppo Liturgico","description":"Articoli Religiosi online","publisher":{"@id":"https:\/\/www.gruppoliturgico.com\/es\/#organization"},"potentialAction":[{"@type":"SearchAction","target":{"@type":"EntryPoint","urlTemplate":"https:\/\/www.gruppoliturgico.com\/es\/?s={search_term_string}"},"query-input":"required name=search_term_string"}],"inLanguage":"es"},{"@type":"Organization","@id":"https:\/\/www.gruppoliturgico.com\/es\/#organization","name":"Laboratorio Gruppo Liturgico","url":"https:\/\/www.gruppoliturgico.com\/es\/","logo":{"@type":"ImageObject","inLanguage":"es","@id":"https:\/\/www.gruppoliturgico.com\/es\/#\/schema\/logo\/image\/","url":"https:\/\/www.gruppoliturgico.com\/wp-content\/uploads\/2022\/02\/logo-laboratoriogruppoliturgico.png","contentUrl":"https:\/\/www.gruppoliturgico.com\/wp-content\/uploads\/2022\/02\/logo-laboratoriogruppoliturgico.png","width":400,"height":114,"caption":"Laboratorio Gruppo Liturgico"},"image":{"@id":"https:\/\/www.gruppoliturgico.com\/es\/#\/schema\/logo\/image\/"}}]}},"_links":{"self":[{"href":"https:\/\/www.gruppoliturgico.com\/es\/wp-json\/wp\/v2\/product\/63190"}],"collection":[{"href":"https:\/\/www.gruppoliturgico.com\/es\/wp-json\/wp\/v2\/product"}],"about":[{"href":"https:\/\/www.gruppoliturgico.com\/es\/wp-json\/wp\/v2\/types\/product"}],"wp:featuredmedia":[{"embeddable":true,"href":"https:\/\/www.gruppoliturgico.com\/es\/wp-json\/wp\/v2\/media\/129777"}],"wp:attachment":[{"href":"https:\/\/www.gruppoliturgico.com\/es\/wp-json\/wp\/v2\/media?parent=63190"}],"wp:term":[{"taxonomy":"product_cat","embeddable":true,"href":"https:\/\/www.gruppoliturgico.com\/es\/wp-json\/wp\/v2\/product_cat?post=63190"},{"taxonomy":"product_tag","embeddable":true,"href":"https:\/\/www.gruppoliturgico.com\/es\/wp-json\/wp\/v2\/product_tag?post=63190"}],"curies":[{"name":"wp","href":"https:\/\/api.w.org\/{rel}","templated":true}]}}