{"id":63182,"date":"2022-05-19T22:55:18","date_gmt":"2022-05-19T20:55:25","guid":{"rendered":"https:\/\/www.gruppoliturgico.com\/prodotto\/custodia-4\/"},"modified":"2022-05-20T07:13:58","modified_gmt":"2022-05-20T05:13:58","slug":"custodia-4","status":"publish","type":"product","link":"https:\/\/www.gruppoliturgico.com\/es\/producto\/custodia-4\/","title":{"rendered":"Custodia"},"content":{"rendered":"<html><body><p>En bronce fundido dorado con partes plateadas.<br>\nEn la base, profusamente cincelada, se representan escenas del V\u00eda Crucis con piedras duras ornamentales.<br>\nLos rayos tambi\u00e9n son en fundici\u00f3n.<br>\nPara Sagrada Forma de 7,5 cm.<\/p>\n<p>Altura 56 cm<\/p>\n<\/body><\/html>","protected":false},"excerpt":{"rendered":"<p>En bronce fundido dorado con partes plateadas.<br \/>\nEn la base, profusamente cincelada, se representan escenas del V\u00eda Crucis con piedras duras ornamentales.<br \/>\nLos rayos tambi\u00e9n son en fundici\u00f3n.<br \/>\nPara Sagrada Forma de 7,5 cm.<\/p>\n<p>Altura 56 cm<\/p>\n","protected":false},"featured_media":73527,"template":"","meta":[],"product_cat":[12063],"product_tag":[],"yoast_head":"<!-- This site is optimized with the Yoast SEO plugin v20.4 - https:\/\/yoast.com\/wordpress\/plugins\/seo\/ -->\n<title>Custodia - custodias y Laboratorio Gruppo Liturgico<\/title>\n<meta name=\"description\" content=\"En bronce fundido dorado con partes plateadas.  En la base, profusamente cincelada, se representan escenas del V\u00eda Crucis con piedras duras ornamentales. Los rayos tambi\u00e9n son en fundici\u00f3n. Para Sagrada Forma de 7,5 cm.  Altura 56 cm\" \/>\n<meta name=\"robots\" content=\"index, follow, max-snippet:-1, max-image-preview:large, max-video-preview:-1\" \/>\n<link rel=\"canonical\" href=\"https:\/\/www.gruppoliturgico.com\/es\/producto\/custodia-4\/\" \/>\n<meta property=\"og:locale\" content=\"es_ES\" \/>\n<meta property=\"og:type\" content=\"article\" \/>\n<meta property=\"og:title\" content=\"Custodia - custodias y Laboratorio Gruppo Liturgico\" \/>\n<meta property=\"og:description\" content=\"En bronce fundido dorado con partes plateadas.  En la base, profusamente cincelada, se representan escenas del V\u00eda Crucis con piedras duras ornamentales. Los rayos tambi\u00e9n son en fundici\u00f3n. Para Sagrada Forma de 7,5 cm.  Altura 56 cm\" \/>\n<meta property=\"og:url\" content=\"https:\/\/www.gruppoliturgico.com\/es\/producto\/custodia-4\/\" \/>\n<meta property=\"og:site_name\" content=\"Laboratorio Gruppo Liturgico\" \/>\n<meta property=\"article:modified_time\" content=\"2022-05-20T05:13:58+00:00\" \/>\n<meta property=\"og:image\" content=\"https:\/\/www.gruppoliturgico.com\/wp-content\/uploads\/2022\/05\/1252.jpg\" \/>\n\t<meta property=\"og:image:width\" content=\"952\" \/>\n\t<meta property=\"og:image:height\" content=\"1500\" \/>\n\t<meta property=\"og:image:type\" content=\"image\/jpeg\" \/>\n<meta name=\"twitter:card\" content=\"summary_large_image\" \/>\n<script type=\"application\/ld+json\" class=\"yoast-schema-graph\">{\"@context\":\"https:\/\/schema.org\",\"@graph\":[{\"@type\":\"WebPage\",\"@id\":\"https:\/\/www.gruppoliturgico.com\/es\/producto\/custodia-4\/\",\"url\":\"https:\/\/www.gruppoliturgico.com\/es\/producto\/custodia-4\/\",\"name\":\"Custodia - custodias y Laboratorio Gruppo Liturgico\",\"isPartOf\":{\"@id\":\"https:\/\/www.gruppoliturgico.com\/es\/#website\"},\"datePublished\":\"2022-05-19T20:55:25+00:00\",\"dateModified\":\"2022-05-20T05:13:58+00:00\",\"description\":\"En bronce fundido dorado con partes plateadas. En la base, profusamente cincelada, se representan escenas del V\u00eda Crucis con piedras duras ornamentales. Los rayos tambi\u00e9n son en fundici\u00f3n. Para Sagrada Forma de 7,5 cm. Altura 56 cm\",\"breadcrumb\":{\"@id\":\"https:\/\/www.gruppoliturgico.com\/es\/producto\/custodia-4\/#breadcrumb\"},\"inLanguage\":\"es\",\"potentialAction\":[{\"@type\":\"ReadAction\",\"target\":[\"https:\/\/www.gruppoliturgico.com\/es\/producto\/custodia-4\/\"]}]},{\"@type\":\"BreadcrumbList\",\"@id\":\"https:\/\/www.gruppoliturgico.com\/es\/producto\/custodia-4\/#breadcrumb\",\"itemListElement\":[{\"@type\":\"ListItem\",\"position\":1,\"name\":\"Home\",\"item\":\"https:\/\/www.gruppoliturgico.com\/es\/\"},{\"@type\":\"ListItem\",\"position\":2,\"name\":\"Tienda\",\"item\":\"https:\/\/www.gruppoliturgico.com\/es\/tienda\/\"},{\"@type\":\"ListItem\",\"position\":3,\"name\":\"Custodia\"}]},{\"@type\":\"WebSite\",\"@id\":\"https:\/\/www.gruppoliturgico.com\/es\/#website\",\"url\":\"https:\/\/www.gruppoliturgico.com\/es\/\",\"name\":\"Laboratorio Gruppo Liturgico\",\"description\":\"Articoli Religiosi online\",\"publisher\":{\"@id\":\"https:\/\/www.gruppoliturgico.com\/es\/#organization\"},\"potentialAction\":[{\"@type\":\"SearchAction\",\"target\":{\"@type\":\"EntryPoint\",\"urlTemplate\":\"https:\/\/www.gruppoliturgico.com\/es\/?s={search_term_string}\"},\"query-input\":\"required name=search_term_string\"}],\"inLanguage\":\"es\"},{\"@type\":\"Organization\",\"@id\":\"https:\/\/www.gruppoliturgico.com\/es\/#organization\",\"name\":\"Laboratorio Gruppo Liturgico\",\"url\":\"https:\/\/www.gruppoliturgico.com\/es\/\",\"logo\":{\"@type\":\"ImageObject\",\"inLanguage\":\"es\",\"@id\":\"https:\/\/www.gruppoliturgico.com\/es\/#\/schema\/logo\/image\/\",\"url\":\"https:\/\/www.gruppoliturgico.com\/wp-content\/uploads\/2022\/02\/logo-laboratoriogruppoliturgico.png\",\"contentUrl\":\"https:\/\/www.gruppoliturgico.com\/wp-content\/uploads\/2022\/02\/logo-laboratoriogruppoliturgico.png\",\"width\":400,\"height\":114,\"caption\":\"Laboratorio Gruppo Liturgico\"},\"image\":{\"@id\":\"https:\/\/www.gruppoliturgico.com\/es\/#\/schema\/logo\/image\/\"}}]}<\/script>\n<!-- \/ Yoast SEO plugin. -->","yoast_head_json":{"title":"Custodia - custodias y Laboratorio Gruppo Liturgico","description":"En bronce fundido dorado con partes plateadas.  En la base, profusamente cincelada, se representan escenas del V\u00eda Crucis con piedras duras ornamentales. Los rayos tambi\u00e9n son en fundici\u00f3n. Para Sagrada Forma de 7,5 cm.  Altura 56 cm","robots":{"index":"index","follow":"follow","max-snippet":"max-snippet:-1","max-image-preview":"max-image-preview:large","max-video-preview":"max-video-preview:-1"},"canonical":"https:\/\/www.gruppoliturgico.com\/es\/producto\/custodia-4\/","og_locale":"es_ES","og_type":"article","og_title":"Custodia - custodias y Laboratorio Gruppo Liturgico","og_description":"En bronce fundido dorado con partes plateadas.  En la base, profusamente cincelada, se representan escenas del V\u00eda Crucis con piedras duras ornamentales. Los rayos tambi\u00e9n son en fundici\u00f3n. Para Sagrada Forma de 7,5 cm.  Altura 56 cm","og_url":"https:\/\/www.gruppoliturgico.com\/es\/producto\/custodia-4\/","og_site_name":"Laboratorio Gruppo Liturgico","article_modified_time":"2022-05-20T05:13:58+00:00","og_image":[{"width":952,"height":1500,"url":"https:\/\/www.gruppoliturgico.com\/wp-content\/uploads\/2022\/05\/1252.jpg","type":"image\/jpeg"}],"twitter_card":"summary_large_image","schema":{"@context":"https:\/\/schema.org","@graph":[{"@type":"WebPage","@id":"https:\/\/www.gruppoliturgico.com\/es\/producto\/custodia-4\/","url":"https:\/\/www.gruppoliturgico.com\/es\/producto\/custodia-4\/","name":"Custodia - custodias y Laboratorio Gruppo Liturgico","isPartOf":{"@id":"https:\/\/www.gruppoliturgico.com\/es\/#website"},"datePublished":"2022-05-19T20:55:25+00:00","dateModified":"2022-05-20T05:13:58+00:00","description":"En bronce fundido dorado con partes plateadas. En la base, profusamente cincelada, se representan escenas del V\u00eda Crucis con piedras duras ornamentales. Los rayos tambi\u00e9n son en fundici\u00f3n. Para Sagrada Forma de 7,5 cm. Altura 56 cm","breadcrumb":{"@id":"https:\/\/www.gruppoliturgico.com\/es\/producto\/custodia-4\/#breadcrumb"},"inLanguage":"es","potentialAction":[{"@type":"ReadAction","target":["https:\/\/www.gruppoliturgico.com\/es\/producto\/custodia-4\/"]}]},{"@type":"BreadcrumbList","@id":"https:\/\/www.gruppoliturgico.com\/es\/producto\/custodia-4\/#breadcrumb","itemListElement":[{"@type":"ListItem","position":1,"name":"Home","item":"https:\/\/www.gruppoliturgico.com\/es\/"},{"@type":"ListItem","position":2,"name":"Tienda","item":"https:\/\/www.gruppoliturgico.com\/es\/tienda\/"},{"@type":"ListItem","position":3,"name":"Custodia"}]},{"@type":"WebSite","@id":"https:\/\/www.gruppoliturgico.com\/es\/#website","url":"https:\/\/www.gruppoliturgico.com\/es\/","name":"Laboratorio Gruppo Liturgico","description":"Articoli Religiosi online","publisher":{"@id":"https:\/\/www.gruppoliturgico.com\/es\/#organization"},"potentialAction":[{"@type":"SearchAction","target":{"@type":"EntryPoint","urlTemplate":"https:\/\/www.gruppoliturgico.com\/es\/?s={search_term_string}"},"query-input":"required name=search_term_string"}],"inLanguage":"es"},{"@type":"Organization","@id":"https:\/\/www.gruppoliturgico.com\/es\/#organization","name":"Laboratorio Gruppo Liturgico","url":"https:\/\/www.gruppoliturgico.com\/es\/","logo":{"@type":"ImageObject","inLanguage":"es","@id":"https:\/\/www.gruppoliturgico.com\/es\/#\/schema\/logo\/image\/","url":"https:\/\/www.gruppoliturgico.com\/wp-content\/uploads\/2022\/02\/logo-laboratoriogruppoliturgico.png","contentUrl":"https:\/\/www.gruppoliturgico.com\/wp-content\/uploads\/2022\/02\/logo-laboratoriogruppoliturgico.png","width":400,"height":114,"caption":"Laboratorio Gruppo Liturgico"},"image":{"@id":"https:\/\/www.gruppoliturgico.com\/es\/#\/schema\/logo\/image\/"}}]}},"_links":{"self":[{"href":"https:\/\/www.gruppoliturgico.com\/es\/wp-json\/wp\/v2\/product\/63182"}],"collection":[{"href":"https:\/\/www.gruppoliturgico.com\/es\/wp-json\/wp\/v2\/product"}],"about":[{"href":"https:\/\/www.gruppoliturgico.com\/es\/wp-json\/wp\/v2\/types\/product"}],"wp:featuredmedia":[{"embeddable":true,"href":"https:\/\/www.gruppoliturgico.com\/es\/wp-json\/wp\/v2\/media\/73527"}],"wp:attachment":[{"href":"https:\/\/www.gruppoliturgico.com\/es\/wp-json\/wp\/v2\/media?parent=63182"}],"wp:term":[{"taxonomy":"product_cat","embeddable":true,"href":"https:\/\/www.gruppoliturgico.com\/es\/wp-json\/wp\/v2\/product_cat?post=63182"},{"taxonomy":"product_tag","embeddable":true,"href":"https:\/\/www.gruppoliturgico.com\/es\/wp-json\/wp\/v2\/product_tag?post=63182"}],"curies":[{"name":"wp","href":"https:\/\/api.w.org\/{rel}","templated":true}]}}