{"id":63010,"date":"2022-05-19T22:48:15","date_gmt":"2022-05-19T20:48:22","guid":{"rendered":"https:\/\/www.gruppoliturgico.com\/prodotto\/candelero-de-mesa-10\/"},"modified":"2022-09-28T15:59:36","modified_gmt":"2022-09-28T13:59:36","slug":"candelero-de-mesa-10","status":"publish","type":"product","link":"https:\/\/www.gruppoliturgico.com\/es\/producto\/candelero-de-mesa-10\/","title":{"rendered":"Candelero de mesa"},"content":{"rendered":"<html><body><p>Candelero de mesa en fundici\u00f3n, tratado con dorado con efecto antiguo.<br>\nTres \u00e1ngeles un c\u00edrculo que unen las alas.<br>\nAltura cm 10 <\/p>\n<p>El precio incluye vela de cera l\u00edquida \u00d8 cm 4 altura cm 20.<\/p>\n<\/body><\/html>","protected":false},"excerpt":{"rendered":"<p>Candelero de mesa en fundici\u00f3n, tratado con dorado con efecto antiguo.<br \/>\nTres \u00e1ngeles un c\u00edrculo que unen las alas.<br \/>\nAltura cm 10 <\/p>\n<p>El precio incluye vela de cera l\u00edquida \u00d8 cm 4 altura cm 20.<\/p>\n","protected":false},"featured_media":132350,"template":"","meta":[],"product_cat":[12059],"product_tag":[],"yoast_head":"<!-- This site is optimized with the Yoast SEO plugin v20.4 - https:\/\/yoast.com\/wordpress\/plugins\/seo\/ -->\n<title>Candelero de mesa - candeleros de mesa y Laboratorio Gruppo Liturgico<\/title>\n<meta name=\"description\" content=\"Candelero de mesa en fundici\u00f3n, tratado con dorado con efecto antiguo.  Tres \u00e1ngeles un c\u00edrculo que unen las alas.  Altura cm 10   El precio incluye vela de cera l\u00edquida \u00d8 cm 4 altura cm 20.\" \/>\n<meta name=\"robots\" content=\"index, follow, max-snippet:-1, max-image-preview:large, max-video-preview:-1\" \/>\n<link rel=\"canonical\" href=\"https:\/\/www.gruppoliturgico.com\/es\/producto\/candelero-de-mesa-10\/\" \/>\n<meta property=\"og:locale\" content=\"es_ES\" \/>\n<meta property=\"og:type\" content=\"article\" \/>\n<meta property=\"og:title\" content=\"Candelero de mesa - candeleros de mesa y Laboratorio Gruppo Liturgico\" \/>\n<meta property=\"og:description\" content=\"Candelero de mesa en fundici\u00f3n, tratado con dorado con efecto antiguo.  Tres \u00e1ngeles un c\u00edrculo que unen las alas.  Altura cm 10   El precio incluye vela de cera l\u00edquida \u00d8 cm 4 altura cm 20.\" \/>\n<meta property=\"og:url\" content=\"https:\/\/www.gruppoliturgico.com\/es\/producto\/candelero-de-mesa-10\/\" \/>\n<meta property=\"og:site_name\" content=\"Laboratorio Gruppo Liturgico\" \/>\n<meta property=\"article:modified_time\" content=\"2022-09-28T13:59:36+00:00\" \/>\n<meta property=\"og:image\" content=\"https:\/\/www.gruppoliturgico.com\/wp-content\/uploads\/2022\/05\/22520candeliere.jpg\" \/>\n\t<meta property=\"og:image:width\" content=\"826\" \/>\n\t<meta property=\"og:image:height\" content=\"1500\" \/>\n\t<meta property=\"og:image:type\" content=\"image\/jpeg\" \/>\n<meta name=\"twitter:card\" content=\"summary_large_image\" \/>\n<script type=\"application\/ld+json\" class=\"yoast-schema-graph\">{\"@context\":\"https:\/\/schema.org\",\"@graph\":[{\"@type\":\"WebPage\",\"@id\":\"https:\/\/www.gruppoliturgico.com\/es\/producto\/candelero-de-mesa-10\/\",\"url\":\"https:\/\/www.gruppoliturgico.com\/es\/producto\/candelero-de-mesa-10\/\",\"name\":\"Candelero de mesa - candeleros de mesa y Laboratorio Gruppo Liturgico\",\"isPartOf\":{\"@id\":\"https:\/\/www.gruppoliturgico.com\/es\/#website\"},\"datePublished\":\"2022-05-19T20:48:22+00:00\",\"dateModified\":\"2022-09-28T13:59:36+00:00\",\"description\":\"Candelero de mesa en fundici\u00f3n, tratado con dorado con efecto antiguo. Tres \u00e1ngeles un c\u00edrculo que unen las alas. Altura cm 10 El precio incluye vela de cera l\u00edquida \u00d8 cm 4 altura cm 20.\",\"breadcrumb\":{\"@id\":\"https:\/\/www.gruppoliturgico.com\/es\/producto\/candelero-de-mesa-10\/#breadcrumb\"},\"inLanguage\":\"es\",\"potentialAction\":[{\"@type\":\"ReadAction\",\"target\":[\"https:\/\/www.gruppoliturgico.com\/es\/producto\/candelero-de-mesa-10\/\"]}]},{\"@type\":\"BreadcrumbList\",\"@id\":\"https:\/\/www.gruppoliturgico.com\/es\/producto\/candelero-de-mesa-10\/#breadcrumb\",\"itemListElement\":[{\"@type\":\"ListItem\",\"position\":1,\"name\":\"Home\",\"item\":\"https:\/\/www.gruppoliturgico.com\/es\/\"},{\"@type\":\"ListItem\",\"position\":2,\"name\":\"Tienda\",\"item\":\"https:\/\/www.gruppoliturgico.com\/es\/tienda\/\"},{\"@type\":\"ListItem\",\"position\":3,\"name\":\"Candelero de mesa\"}]},{\"@type\":\"WebSite\",\"@id\":\"https:\/\/www.gruppoliturgico.com\/es\/#website\",\"url\":\"https:\/\/www.gruppoliturgico.com\/es\/\",\"name\":\"Laboratorio Gruppo Liturgico\",\"description\":\"Articoli Religiosi online\",\"publisher\":{\"@id\":\"https:\/\/www.gruppoliturgico.com\/es\/#organization\"},\"potentialAction\":[{\"@type\":\"SearchAction\",\"target\":{\"@type\":\"EntryPoint\",\"urlTemplate\":\"https:\/\/www.gruppoliturgico.com\/es\/?s={search_term_string}\"},\"query-input\":\"required name=search_term_string\"}],\"inLanguage\":\"es\"},{\"@type\":\"Organization\",\"@id\":\"https:\/\/www.gruppoliturgico.com\/es\/#organization\",\"name\":\"Laboratorio Gruppo Liturgico\",\"url\":\"https:\/\/www.gruppoliturgico.com\/es\/\",\"logo\":{\"@type\":\"ImageObject\",\"inLanguage\":\"es\",\"@id\":\"https:\/\/www.gruppoliturgico.com\/es\/#\/schema\/logo\/image\/\",\"url\":\"https:\/\/www.gruppoliturgico.com\/wp-content\/uploads\/2022\/02\/logo-laboratoriogruppoliturgico.png\",\"contentUrl\":\"https:\/\/www.gruppoliturgico.com\/wp-content\/uploads\/2022\/02\/logo-laboratoriogruppoliturgico.png\",\"width\":400,\"height\":114,\"caption\":\"Laboratorio Gruppo Liturgico\"},\"image\":{\"@id\":\"https:\/\/www.gruppoliturgico.com\/es\/#\/schema\/logo\/image\/\"}}]}<\/script>\n<!-- \/ Yoast SEO plugin. -->","yoast_head_json":{"title":"Candelero de mesa - candeleros de mesa y Laboratorio Gruppo Liturgico","description":"Candelero de mesa en fundici\u00f3n, tratado con dorado con efecto antiguo.  Tres \u00e1ngeles un c\u00edrculo que unen las alas.  Altura cm 10   El precio incluye vela de cera l\u00edquida \u00d8 cm 4 altura cm 20.","robots":{"index":"index","follow":"follow","max-snippet":"max-snippet:-1","max-image-preview":"max-image-preview:large","max-video-preview":"max-video-preview:-1"},"canonical":"https:\/\/www.gruppoliturgico.com\/es\/producto\/candelero-de-mesa-10\/","og_locale":"es_ES","og_type":"article","og_title":"Candelero de mesa - candeleros de mesa y Laboratorio Gruppo Liturgico","og_description":"Candelero de mesa en fundici\u00f3n, tratado con dorado con efecto antiguo.  Tres \u00e1ngeles un c\u00edrculo que unen las alas.  Altura cm 10   El precio incluye vela de cera l\u00edquida \u00d8 cm 4 altura cm 20.","og_url":"https:\/\/www.gruppoliturgico.com\/es\/producto\/candelero-de-mesa-10\/","og_site_name":"Laboratorio Gruppo Liturgico","article_modified_time":"2022-09-28T13:59:36+00:00","og_image":[{"width":826,"height":1500,"url":"https:\/\/www.gruppoliturgico.com\/wp-content\/uploads\/2022\/05\/22520candeliere.jpg","type":"image\/jpeg"}],"twitter_card":"summary_large_image","schema":{"@context":"https:\/\/schema.org","@graph":[{"@type":"WebPage","@id":"https:\/\/www.gruppoliturgico.com\/es\/producto\/candelero-de-mesa-10\/","url":"https:\/\/www.gruppoliturgico.com\/es\/producto\/candelero-de-mesa-10\/","name":"Candelero de mesa - candeleros de mesa y Laboratorio Gruppo Liturgico","isPartOf":{"@id":"https:\/\/www.gruppoliturgico.com\/es\/#website"},"datePublished":"2022-05-19T20:48:22+00:00","dateModified":"2022-09-28T13:59:36+00:00","description":"Candelero de mesa en fundici\u00f3n, tratado con dorado con efecto antiguo. Tres \u00e1ngeles un c\u00edrculo que unen las alas. Altura cm 10 El precio incluye vela de cera l\u00edquida \u00d8 cm 4 altura cm 20.","breadcrumb":{"@id":"https:\/\/www.gruppoliturgico.com\/es\/producto\/candelero-de-mesa-10\/#breadcrumb"},"inLanguage":"es","potentialAction":[{"@type":"ReadAction","target":["https:\/\/www.gruppoliturgico.com\/es\/producto\/candelero-de-mesa-10\/"]}]},{"@type":"BreadcrumbList","@id":"https:\/\/www.gruppoliturgico.com\/es\/producto\/candelero-de-mesa-10\/#breadcrumb","itemListElement":[{"@type":"ListItem","position":1,"name":"Home","item":"https:\/\/www.gruppoliturgico.com\/es\/"},{"@type":"ListItem","position":2,"name":"Tienda","item":"https:\/\/www.gruppoliturgico.com\/es\/tienda\/"},{"@type":"ListItem","position":3,"name":"Candelero de mesa"}]},{"@type":"WebSite","@id":"https:\/\/www.gruppoliturgico.com\/es\/#website","url":"https:\/\/www.gruppoliturgico.com\/es\/","name":"Laboratorio Gruppo Liturgico","description":"Articoli Religiosi online","publisher":{"@id":"https:\/\/www.gruppoliturgico.com\/es\/#organization"},"potentialAction":[{"@type":"SearchAction","target":{"@type":"EntryPoint","urlTemplate":"https:\/\/www.gruppoliturgico.com\/es\/?s={search_term_string}"},"query-input":"required name=search_term_string"}],"inLanguage":"es"},{"@type":"Organization","@id":"https:\/\/www.gruppoliturgico.com\/es\/#organization","name":"Laboratorio Gruppo Liturgico","url":"https:\/\/www.gruppoliturgico.com\/es\/","logo":{"@type":"ImageObject","inLanguage":"es","@id":"https:\/\/www.gruppoliturgico.com\/es\/#\/schema\/logo\/image\/","url":"https:\/\/www.gruppoliturgico.com\/wp-content\/uploads\/2022\/02\/logo-laboratoriogruppoliturgico.png","contentUrl":"https:\/\/www.gruppoliturgico.com\/wp-content\/uploads\/2022\/02\/logo-laboratoriogruppoliturgico.png","width":400,"height":114,"caption":"Laboratorio Gruppo Liturgico"},"image":{"@id":"https:\/\/www.gruppoliturgico.com\/es\/#\/schema\/logo\/image\/"}}]}},"_links":{"self":[{"href":"https:\/\/www.gruppoliturgico.com\/es\/wp-json\/wp\/v2\/product\/63010"}],"collection":[{"href":"https:\/\/www.gruppoliturgico.com\/es\/wp-json\/wp\/v2\/product"}],"about":[{"href":"https:\/\/www.gruppoliturgico.com\/es\/wp-json\/wp\/v2\/types\/product"}],"wp:featuredmedia":[{"embeddable":true,"href":"https:\/\/www.gruppoliturgico.com\/es\/wp-json\/wp\/v2\/media\/132350"}],"wp:attachment":[{"href":"https:\/\/www.gruppoliturgico.com\/es\/wp-json\/wp\/v2\/media?parent=63010"}],"wp:term":[{"taxonomy":"product_cat","embeddable":true,"href":"https:\/\/www.gruppoliturgico.com\/es\/wp-json\/wp\/v2\/product_cat?post=63010"},{"taxonomy":"product_tag","embeddable":true,"href":"https:\/\/www.gruppoliturgico.com\/es\/wp-json\/wp\/v2\/product_tag?post=63010"}],"curies":[{"name":"wp","href":"https:\/\/api.w.org\/{rel}","templated":true}]}}