{"id":62690,"date":"2022-05-19T22:33:53","date_gmt":"2022-05-19T20:34:02","guid":{"rendered":"https:\/\/www.gruppoliturgico.com\/prodotto\/caliz-y-patena\/"},"modified":"2022-09-23T08:06:32","modified_gmt":"2022-09-23T06:06:32","slug":"caliz-y-patena","status":"publish","type":"product","link":"https:\/\/www.gruppoliturgico.com\/es\/producto\/caliz-y-patena\/","title":{"rendered":"c\u00e1liz y patena"},"content":{"rendered":"<html><body><p>Obra art\u00edstica de la artesan\u00eda espa\u00f1ola de plata maciza.<br>\nTodo el cincelado ha sido realizado completamente a mano por maestros cinceladores.<br>\nEn estilo rom\u00e1nico, presenta en la copa las figuras y los nombres en lat\u00edn de los doce Ap\u00f3stoles.<br>\nEn la base est\u00e1n reproducidos los s\u00edmbolos de los cuatro Evangelistas.<br>\nAltura 17 cm<br>\nCopa \u00d8 cm 12,5<\/p>\n<p>Tambi\u00e9n disponible en metal plateado.<br>\nPrecio bajo pedido.<br>\nEnv\u00eda un correo electr\u00f3nico a &#105;&#x6e;&#x66;o&#64;&#x67;&#x72;u&#112;&#x70;o&#108;&#x69;&#x74;u&#114;&#x67;i&#99;&#x6f;&#x2e;c&#111;&#x6d;<\/p>\n<\/body><\/html>","protected":false},"excerpt":{"rendered":"<p>Obra art\u00edstica de la artesan\u00eda espa\u00f1ola de plata maciza.<br \/>\nTodo el cincelado ha sido realizado completamente a mano por maestros cinceladores.<br \/>\nEn estilo rom\u00e1nico, presenta en la copa las figuras y los nombres en lat\u00edn de los doce Ap\u00f3stoles.<br \/>\nEn la base est\u00e1n reproducidos los s\u00edmbolos de los cuatro Evangelistas.<br \/>\nAltura 17 cm<br \/>\nCopa \u00d8 cm 12,5<\/p>\n<p>Tambi\u00e9n disponible en metal plateado.<br \/>\nPrecio bajo pedido.<br \/>\nEnv\u00eda un correo electr\u00f3nico a &#x69;&#110;&#102;&#x6f;&#x40;&#103;&#114;&#x75;&#x70;&#112;&#111;&#x6c;&#x69;&#116;&#117;&#x72;&#x67;&#105;&#99;&#x6f;&#x2e;&#99;&#111;&#x6d;<\/p>\n","protected":false},"featured_media":73035,"template":"","meta":[],"product_cat":[12019],"product_tag":[],"yoast_head":"<!-- This site is optimized with the Yoast SEO plugin v20.4 - https:\/\/yoast.com\/wordpress\/plugins\/seo\/ -->\n<title>c\u00e1liz y patena - colecci\u00f3n en plata de ley y Laboratorio Gruppo Liturgico<\/title>\n<meta name=\"description\" content=\"Obra art\u00edstica de la artesan\u00eda espa\u00f1ola de plata maciza.  Todo el cincelado ha sido realizado completamente a mano por maestros cinceladores.  En estilo rom\u00e1nico, presenta en la copa las figuras y los nombres en lat\u00edn de los doce Ap\u00f3stoles.  En la base est\u00e1n reproducidos los s\u00edmbolos de los cuatro Evangelistas.  Altura 17 cm Copa \u00d8 cm 12,5  Tambi\u00e9n disponible en metal plateado. Precio bajo pedido. Env\u00eda un correo electr\u00f3nico a info@gruppoliturgico.com\" \/>\n<meta name=\"robots\" content=\"index, follow, max-snippet:-1, max-image-preview:large, max-video-preview:-1\" \/>\n<link rel=\"canonical\" href=\"https:\/\/www.gruppoliturgico.com\/es\/producto\/caliz-y-patena\/\" \/>\n<meta property=\"og:locale\" content=\"es_ES\" \/>\n<meta property=\"og:type\" content=\"article\" \/>\n<meta property=\"og:title\" content=\"c\u00e1liz y patena - colecci\u00f3n en plata de ley y Laboratorio Gruppo Liturgico\" \/>\n<meta property=\"og:description\" content=\"Obra art\u00edstica de la artesan\u00eda espa\u00f1ola de plata maciza.  Todo el cincelado ha sido realizado completamente a mano por maestros cinceladores.  En estilo rom\u00e1nico, presenta en la copa las figuras y los nombres en lat\u00edn de los doce Ap\u00f3stoles.  En la base est\u00e1n reproducidos los s\u00edmbolos de los cuatro Evangelistas.  Altura 17 cm Copa \u00d8 cm 12,5  Tambi\u00e9n disponible en metal plateado. Precio bajo pedido. Env\u00eda un correo electr\u00f3nico a info@gruppoliturgico.com\" \/>\n<meta property=\"og:url\" content=\"https:\/\/www.gruppoliturgico.com\/es\/producto\/caliz-y-patena\/\" \/>\n<meta property=\"og:site_name\" content=\"Laboratorio Gruppo Liturgico\" \/>\n<meta property=\"article:modified_time\" content=\"2022-09-23T06:06:32+00:00\" \/>\n<meta property=\"og:image\" content=\"https:\/\/www.gruppoliturgico.com\/wp-content\/uploads\/2022\/05\/1339_0.jpg\" \/>\n\t<meta property=\"og:image:width\" content=\"1053\" \/>\n\t<meta property=\"og:image:height\" content=\"1500\" \/>\n\t<meta property=\"og:image:type\" content=\"image\/jpeg\" \/>\n<meta name=\"twitter:card\" content=\"summary_large_image\" \/>\n<script type=\"application\/ld+json\" class=\"yoast-schema-graph\">{\"@context\":\"https:\/\/schema.org\",\"@graph\":[{\"@type\":\"WebPage\",\"@id\":\"https:\/\/www.gruppoliturgico.com\/es\/producto\/caliz-y-patena\/\",\"url\":\"https:\/\/www.gruppoliturgico.com\/es\/producto\/caliz-y-patena\/\",\"name\":\"c\u00e1liz y patena - colecci\u00f3n en plata de ley y Laboratorio Gruppo Liturgico\",\"isPartOf\":{\"@id\":\"https:\/\/www.gruppoliturgico.com\/es\/#website\"},\"datePublished\":\"2022-05-19T20:34:02+00:00\",\"dateModified\":\"2022-09-23T06:06:32+00:00\",\"description\":\"Obra art\u00edstica de la artesan\u00eda espa\u00f1ola de plata maciza. Todo el cincelado ha sido realizado completamente a mano por maestros cinceladores. En estilo rom\u00e1nico, presenta en la copa las figuras y los nombres en lat\u00edn de los doce Ap\u00f3stoles. En la base est\u00e1n reproducidos los s\u00edmbolos de los cuatro Evangelistas. Altura 17 cm Copa \u00d8 cm 12,5 Tambi\u00e9n disponible en metal plateado. Precio bajo pedido. Env\u00eda un correo electr\u00f3nico a info@gruppoliturgico.com\",\"breadcrumb\":{\"@id\":\"https:\/\/www.gruppoliturgico.com\/es\/producto\/caliz-y-patena\/#breadcrumb\"},\"inLanguage\":\"es\",\"potentialAction\":[{\"@type\":\"ReadAction\",\"target\":[\"https:\/\/www.gruppoliturgico.com\/es\/producto\/caliz-y-patena\/\"]}]},{\"@type\":\"BreadcrumbList\",\"@id\":\"https:\/\/www.gruppoliturgico.com\/es\/producto\/caliz-y-patena\/#breadcrumb\",\"itemListElement\":[{\"@type\":\"ListItem\",\"position\":1,\"name\":\"Home\",\"item\":\"https:\/\/www.gruppoliturgico.com\/es\/\"},{\"@type\":\"ListItem\",\"position\":2,\"name\":\"Tienda\",\"item\":\"https:\/\/www.gruppoliturgico.com\/es\/tienda\/\"},{\"@type\":\"ListItem\",\"position\":3,\"name\":\"c\u00e1liz y patena\"}]},{\"@type\":\"WebSite\",\"@id\":\"https:\/\/www.gruppoliturgico.com\/es\/#website\",\"url\":\"https:\/\/www.gruppoliturgico.com\/es\/\",\"name\":\"Laboratorio Gruppo Liturgico\",\"description\":\"Articoli Religiosi online\",\"publisher\":{\"@id\":\"https:\/\/www.gruppoliturgico.com\/es\/#organization\"},\"potentialAction\":[{\"@type\":\"SearchAction\",\"target\":{\"@type\":\"EntryPoint\",\"urlTemplate\":\"https:\/\/www.gruppoliturgico.com\/es\/?s={search_term_string}\"},\"query-input\":\"required name=search_term_string\"}],\"inLanguage\":\"es\"},{\"@type\":\"Organization\",\"@id\":\"https:\/\/www.gruppoliturgico.com\/es\/#organization\",\"name\":\"Laboratorio Gruppo Liturgico\",\"url\":\"https:\/\/www.gruppoliturgico.com\/es\/\",\"logo\":{\"@type\":\"ImageObject\",\"inLanguage\":\"es\",\"@id\":\"https:\/\/www.gruppoliturgico.com\/es\/#\/schema\/logo\/image\/\",\"url\":\"https:\/\/www.gruppoliturgico.com\/wp-content\/uploads\/2022\/02\/logo-laboratoriogruppoliturgico.png\",\"contentUrl\":\"https:\/\/www.gruppoliturgico.com\/wp-content\/uploads\/2022\/02\/logo-laboratoriogruppoliturgico.png\",\"width\":400,\"height\":114,\"caption\":\"Laboratorio Gruppo Liturgico\"},\"image\":{\"@id\":\"https:\/\/www.gruppoliturgico.com\/es\/#\/schema\/logo\/image\/\"}}]}<\/script>\n<!-- \/ Yoast SEO plugin. -->","yoast_head_json":{"title":"c\u00e1liz y patena - colecci\u00f3n en plata de ley y Laboratorio Gruppo Liturgico","description":"Obra art\u00edstica de la artesan\u00eda espa\u00f1ola de plata maciza.  Todo el cincelado ha sido realizado completamente a mano por maestros cinceladores.  En estilo rom\u00e1nico, presenta en la copa las figuras y los nombres en lat\u00edn de los doce Ap\u00f3stoles.  En la base est\u00e1n reproducidos los s\u00edmbolos de los cuatro Evangelistas.  Altura 17 cm Copa \u00d8 cm 12,5  Tambi\u00e9n disponible en metal plateado. Precio bajo pedido. Env\u00eda un correo electr\u00f3nico a info@gruppoliturgico.com","robots":{"index":"index","follow":"follow","max-snippet":"max-snippet:-1","max-image-preview":"max-image-preview:large","max-video-preview":"max-video-preview:-1"},"canonical":"https:\/\/www.gruppoliturgico.com\/es\/producto\/caliz-y-patena\/","og_locale":"es_ES","og_type":"article","og_title":"c\u00e1liz y patena - colecci\u00f3n en plata de ley y Laboratorio Gruppo Liturgico","og_description":"Obra art\u00edstica de la artesan\u00eda espa\u00f1ola de plata maciza.  Todo el cincelado ha sido realizado completamente a mano por maestros cinceladores.  En estilo rom\u00e1nico, presenta en la copa las figuras y los nombres en lat\u00edn de los doce Ap\u00f3stoles.  En la base est\u00e1n reproducidos los s\u00edmbolos de los cuatro Evangelistas.  Altura 17 cm Copa \u00d8 cm 12,5  Tambi\u00e9n disponible en metal plateado. Precio bajo pedido. Env\u00eda un correo electr\u00f3nico a info@gruppoliturgico.com","og_url":"https:\/\/www.gruppoliturgico.com\/es\/producto\/caliz-y-patena\/","og_site_name":"Laboratorio Gruppo Liturgico","article_modified_time":"2022-09-23T06:06:32+00:00","og_image":[{"width":1053,"height":1500,"url":"https:\/\/www.gruppoliturgico.com\/wp-content\/uploads\/2022\/05\/1339_0.jpg","type":"image\/jpeg"}],"twitter_card":"summary_large_image","schema":{"@context":"https:\/\/schema.org","@graph":[{"@type":"WebPage","@id":"https:\/\/www.gruppoliturgico.com\/es\/producto\/caliz-y-patena\/","url":"https:\/\/www.gruppoliturgico.com\/es\/producto\/caliz-y-patena\/","name":"c\u00e1liz y patena - colecci\u00f3n en plata de ley y Laboratorio Gruppo Liturgico","isPartOf":{"@id":"https:\/\/www.gruppoliturgico.com\/es\/#website"},"datePublished":"2022-05-19T20:34:02+00:00","dateModified":"2022-09-23T06:06:32+00:00","description":"Obra art\u00edstica de la artesan\u00eda espa\u00f1ola de plata maciza. Todo el cincelado ha sido realizado completamente a mano por maestros cinceladores. En estilo rom\u00e1nico, presenta en la copa las figuras y los nombres en lat\u00edn de los doce Ap\u00f3stoles. En la base est\u00e1n reproducidos los s\u00edmbolos de los cuatro Evangelistas. Altura 17 cm Copa \u00d8 cm 12,5 Tambi\u00e9n disponible en metal plateado. Precio bajo pedido. Env\u00eda un correo electr\u00f3nico a info@gruppoliturgico.com","breadcrumb":{"@id":"https:\/\/www.gruppoliturgico.com\/es\/producto\/caliz-y-patena\/#breadcrumb"},"inLanguage":"es","potentialAction":[{"@type":"ReadAction","target":["https:\/\/www.gruppoliturgico.com\/es\/producto\/caliz-y-patena\/"]}]},{"@type":"BreadcrumbList","@id":"https:\/\/www.gruppoliturgico.com\/es\/producto\/caliz-y-patena\/#breadcrumb","itemListElement":[{"@type":"ListItem","position":1,"name":"Home","item":"https:\/\/www.gruppoliturgico.com\/es\/"},{"@type":"ListItem","position":2,"name":"Tienda","item":"https:\/\/www.gruppoliturgico.com\/es\/tienda\/"},{"@type":"ListItem","position":3,"name":"c\u00e1liz y patena"}]},{"@type":"WebSite","@id":"https:\/\/www.gruppoliturgico.com\/es\/#website","url":"https:\/\/www.gruppoliturgico.com\/es\/","name":"Laboratorio Gruppo Liturgico","description":"Articoli Religiosi online","publisher":{"@id":"https:\/\/www.gruppoliturgico.com\/es\/#organization"},"potentialAction":[{"@type":"SearchAction","target":{"@type":"EntryPoint","urlTemplate":"https:\/\/www.gruppoliturgico.com\/es\/?s={search_term_string}"},"query-input":"required name=search_term_string"}],"inLanguage":"es"},{"@type":"Organization","@id":"https:\/\/www.gruppoliturgico.com\/es\/#organization","name":"Laboratorio Gruppo Liturgico","url":"https:\/\/www.gruppoliturgico.com\/es\/","logo":{"@type":"ImageObject","inLanguage":"es","@id":"https:\/\/www.gruppoliturgico.com\/es\/#\/schema\/logo\/image\/","url":"https:\/\/www.gruppoliturgico.com\/wp-content\/uploads\/2022\/02\/logo-laboratoriogruppoliturgico.png","contentUrl":"https:\/\/www.gruppoliturgico.com\/wp-content\/uploads\/2022\/02\/logo-laboratoriogruppoliturgico.png","width":400,"height":114,"caption":"Laboratorio Gruppo Liturgico"},"image":{"@id":"https:\/\/www.gruppoliturgico.com\/es\/#\/schema\/logo\/image\/"}}]}},"_links":{"self":[{"href":"https:\/\/www.gruppoliturgico.com\/es\/wp-json\/wp\/v2\/product\/62690"}],"collection":[{"href":"https:\/\/www.gruppoliturgico.com\/es\/wp-json\/wp\/v2\/product"}],"about":[{"href":"https:\/\/www.gruppoliturgico.com\/es\/wp-json\/wp\/v2\/types\/product"}],"wp:featuredmedia":[{"embeddable":true,"href":"https:\/\/www.gruppoliturgico.com\/es\/wp-json\/wp\/v2\/media\/73035"}],"wp:attachment":[{"href":"https:\/\/www.gruppoliturgico.com\/es\/wp-json\/wp\/v2\/media?parent=62690"}],"wp:term":[{"taxonomy":"product_cat","embeddable":true,"href":"https:\/\/www.gruppoliturgico.com\/es\/wp-json\/wp\/v2\/product_cat?post=62690"},{"taxonomy":"product_tag","embeddable":true,"href":"https:\/\/www.gruppoliturgico.com\/es\/wp-json\/wp\/v2\/product_tag?post=62690"}],"curies":[{"name":"wp","href":"https:\/\/api.w.org\/{rel}","templated":true}]}}