{"id":143041,"date":"2026-04-14T17:08:09","date_gmt":"2026-04-14T15:08:09","guid":{"rendered":"https:\/\/www.gruppoliturgico.com\/prodotto\/candelero-de-mesa-5\/"},"modified":"2026-04-14T17:08:09","modified_gmt":"2026-04-14T15:08:09","slug":"candelero-de-mesa-5","status":"publish","type":"product","link":"https:\/\/www.gruppoliturgico.com\/es\/producto\/candelero-de-mesa-5\/","title":{"rendered":"Candelero de mesa"},"content":{"rendered":"<html><body><p>Candelero de mesa en fundici\u00f3n, tratado con dorado.<br>\nMagn\u00edfico capitel en estilo Barroco se transforma en base para el candelero.<br>\nAltura cm 11<br>\nDi\u00e1metro cm 12<\/p>\n<p>El precio incluye vela de cera l\u00edquida \u00d8 cm 4 altura cm 20.<\/p>\n<\/body><\/html>","protected":false},"excerpt":{"rendered":"<p>Candelero de mesa en fundici\u00f3n, tratado con dorado.<br \/>\nMagn\u00edfico capitel en estilo Barroco se transforma en base para el candelero.<br \/>\nAltura cm 11<br \/>\nDi\u00e1metro cm 12<\/p>\n<p>El precio incluye vela de cera l\u00edquida \u00d8 cm 4 altura cm 20.<\/p>\n","protected":false},"featured_media":143026,"template":"","meta":[],"product_cat":[12059],"product_tag":[],"yoast_head":"<!-- This site is optimized with the Yoast SEO plugin v20.4 - https:\/\/yoast.com\/wordpress\/plugins\/seo\/ -->\n<title>Candelero de mesa - candeleros de mesa y Laboratorio Gruppo Liturgico<\/title>\n<meta name=\"description\" content=\"Candelero de mesa en fundici\u00f3n, tratado con dorado. Magn\u00edfico capitel en estilo Barroco se transforma en base para el candelero. Altura cm 11 Di\u00e1metro cm 12  El precio incluye vela de cera l\u00edquida \u00d8 cm 4 altura cm 20.\" \/>\n<meta name=\"robots\" content=\"index, follow, max-snippet:-1, max-image-preview:large, max-video-preview:-1\" \/>\n<link rel=\"canonical\" href=\"https:\/\/www.gruppoliturgico.com\/es\/producto\/candelero-de-mesa-5\/\" \/>\n<meta property=\"og:locale\" content=\"es_ES\" \/>\n<meta property=\"og:type\" content=\"article\" \/>\n<meta property=\"og:title\" content=\"Candelero de mesa - candeleros de mesa y Laboratorio Gruppo Liturgico\" \/>\n<meta property=\"og:description\" content=\"Candelero de mesa en fundici\u00f3n, tratado con dorado. Magn\u00edfico capitel en estilo Barroco se transforma en base para el candelero. Altura cm 11 Di\u00e1metro cm 12  El precio incluye vela de cera l\u00edquida \u00d8 cm 4 altura cm 20.\" \/>\n<meta property=\"og:url\" content=\"https:\/\/www.gruppoliturgico.com\/es\/producto\/candelero-de-mesa-5\/\" \/>\n<meta property=\"og:site_name\" content=\"Laboratorio Gruppo Liturgico\" \/>\n<meta property=\"og:image\" content=\"https:\/\/www.gruppoliturgico.com\/wp-content\/uploads\/2026\/04\/4188-1-2-.jpg\" \/>\n\t<meta property=\"og:image:width\" content=\"1568\" \/>\n\t<meta property=\"og:image:height\" content=\"2001\" \/>\n\t<meta property=\"og:image:type\" content=\"image\/jpeg\" \/>\n<meta name=\"twitter:card\" content=\"summary_large_image\" \/>\n<script type=\"application\/ld+json\" class=\"yoast-schema-graph\">{\"@context\":\"https:\/\/schema.org\",\"@graph\":[{\"@type\":\"WebPage\",\"@id\":\"https:\/\/www.gruppoliturgico.com\/es\/producto\/candelero-de-mesa-5\/\",\"url\":\"https:\/\/www.gruppoliturgico.com\/es\/producto\/candelero-de-mesa-5\/\",\"name\":\"Candelero de mesa - candeleros de mesa y Laboratorio Gruppo Liturgico\",\"isPartOf\":{\"@id\":\"https:\/\/www.gruppoliturgico.com\/es\/#website\"},\"datePublished\":\"2026-04-14T15:08:09+00:00\",\"dateModified\":\"2026-04-14T15:08:09+00:00\",\"description\":\"Candelero de mesa en fundici\u00f3n, tratado con dorado. Magn\u00edfico capitel en estilo Barroco se transforma en base para el candelero. Altura cm 11 Di\u00e1metro cm 12 El precio incluye vela de cera l\u00edquida \u00d8 cm 4 altura cm 20.\",\"breadcrumb\":{\"@id\":\"https:\/\/www.gruppoliturgico.com\/es\/producto\/candelero-de-mesa-5\/#breadcrumb\"},\"inLanguage\":\"es\",\"potentialAction\":[{\"@type\":\"ReadAction\",\"target\":[\"https:\/\/www.gruppoliturgico.com\/es\/producto\/candelero-de-mesa-5\/\"]}]},{\"@type\":\"BreadcrumbList\",\"@id\":\"https:\/\/www.gruppoliturgico.com\/es\/producto\/candelero-de-mesa-5\/#breadcrumb\",\"itemListElement\":[{\"@type\":\"ListItem\",\"position\":1,\"name\":\"Home\",\"item\":\"https:\/\/www.gruppoliturgico.com\/es\/\"},{\"@type\":\"ListItem\",\"position\":2,\"name\":\"Tienda\",\"item\":\"https:\/\/www.gruppoliturgico.com\/es\/tienda\/\"},{\"@type\":\"ListItem\",\"position\":3,\"name\":\"Candelero de mesa\"}]},{\"@type\":\"WebSite\",\"@id\":\"https:\/\/www.gruppoliturgico.com\/es\/#website\",\"url\":\"https:\/\/www.gruppoliturgico.com\/es\/\",\"name\":\"Laboratorio Gruppo Liturgico\",\"description\":\"Articoli Religiosi online\",\"publisher\":{\"@id\":\"https:\/\/www.gruppoliturgico.com\/es\/#organization\"},\"potentialAction\":[{\"@type\":\"SearchAction\",\"target\":{\"@type\":\"EntryPoint\",\"urlTemplate\":\"https:\/\/www.gruppoliturgico.com\/es\/?s={search_term_string}\"},\"query-input\":\"required name=search_term_string\"}],\"inLanguage\":\"es\"},{\"@type\":\"Organization\",\"@id\":\"https:\/\/www.gruppoliturgico.com\/es\/#organization\",\"name\":\"Laboratorio Gruppo Liturgico\",\"url\":\"https:\/\/www.gruppoliturgico.com\/es\/\",\"logo\":{\"@type\":\"ImageObject\",\"inLanguage\":\"es\",\"@id\":\"https:\/\/www.gruppoliturgico.com\/es\/#\/schema\/logo\/image\/\",\"url\":\"https:\/\/www.gruppoliturgico.com\/wp-content\/uploads\/2022\/02\/logo-laboratoriogruppoliturgico.png\",\"contentUrl\":\"https:\/\/www.gruppoliturgico.com\/wp-content\/uploads\/2022\/02\/logo-laboratoriogruppoliturgico.png\",\"width\":400,\"height\":114,\"caption\":\"Laboratorio Gruppo Liturgico\"},\"image\":{\"@id\":\"https:\/\/www.gruppoliturgico.com\/es\/#\/schema\/logo\/image\/\"}}]}<\/script>\n<!-- \/ Yoast SEO plugin. -->","yoast_head_json":{"title":"Candelero de mesa - candeleros de mesa y Laboratorio Gruppo Liturgico","description":"Candelero de mesa en fundici\u00f3n, tratado con dorado. Magn\u00edfico capitel en estilo Barroco se transforma en base para el candelero. Altura cm 11 Di\u00e1metro cm 12  El precio incluye vela de cera l\u00edquida \u00d8 cm 4 altura cm 20.","robots":{"index":"index","follow":"follow","max-snippet":"max-snippet:-1","max-image-preview":"max-image-preview:large","max-video-preview":"max-video-preview:-1"},"canonical":"https:\/\/www.gruppoliturgico.com\/es\/producto\/candelero-de-mesa-5\/","og_locale":"es_ES","og_type":"article","og_title":"Candelero de mesa - candeleros de mesa y Laboratorio Gruppo Liturgico","og_description":"Candelero de mesa en fundici\u00f3n, tratado con dorado. Magn\u00edfico capitel en estilo Barroco se transforma en base para el candelero. Altura cm 11 Di\u00e1metro cm 12  El precio incluye vela de cera l\u00edquida \u00d8 cm 4 altura cm 20.","og_url":"https:\/\/www.gruppoliturgico.com\/es\/producto\/candelero-de-mesa-5\/","og_site_name":"Laboratorio Gruppo Liturgico","og_image":[{"width":1568,"height":2001,"url":"https:\/\/www.gruppoliturgico.com\/wp-content\/uploads\/2026\/04\/4188-1-2-.jpg","type":"image\/jpeg"}],"twitter_card":"summary_large_image","schema":{"@context":"https:\/\/schema.org","@graph":[{"@type":"WebPage","@id":"https:\/\/www.gruppoliturgico.com\/es\/producto\/candelero-de-mesa-5\/","url":"https:\/\/www.gruppoliturgico.com\/es\/producto\/candelero-de-mesa-5\/","name":"Candelero de mesa - candeleros de mesa y Laboratorio Gruppo Liturgico","isPartOf":{"@id":"https:\/\/www.gruppoliturgico.com\/es\/#website"},"datePublished":"2026-04-14T15:08:09+00:00","dateModified":"2026-04-14T15:08:09+00:00","description":"Candelero de mesa en fundici\u00f3n, tratado con dorado. Magn\u00edfico capitel en estilo Barroco se transforma en base para el candelero. Altura cm 11 Di\u00e1metro cm 12 El precio incluye vela de cera l\u00edquida \u00d8 cm 4 altura cm 20.","breadcrumb":{"@id":"https:\/\/www.gruppoliturgico.com\/es\/producto\/candelero-de-mesa-5\/#breadcrumb"},"inLanguage":"es","potentialAction":[{"@type":"ReadAction","target":["https:\/\/www.gruppoliturgico.com\/es\/producto\/candelero-de-mesa-5\/"]}]},{"@type":"BreadcrumbList","@id":"https:\/\/www.gruppoliturgico.com\/es\/producto\/candelero-de-mesa-5\/#breadcrumb","itemListElement":[{"@type":"ListItem","position":1,"name":"Home","item":"https:\/\/www.gruppoliturgico.com\/es\/"},{"@type":"ListItem","position":2,"name":"Tienda","item":"https:\/\/www.gruppoliturgico.com\/es\/tienda\/"},{"@type":"ListItem","position":3,"name":"Candelero de mesa"}]},{"@type":"WebSite","@id":"https:\/\/www.gruppoliturgico.com\/es\/#website","url":"https:\/\/www.gruppoliturgico.com\/es\/","name":"Laboratorio Gruppo Liturgico","description":"Articoli Religiosi online","publisher":{"@id":"https:\/\/www.gruppoliturgico.com\/es\/#organization"},"potentialAction":[{"@type":"SearchAction","target":{"@type":"EntryPoint","urlTemplate":"https:\/\/www.gruppoliturgico.com\/es\/?s={search_term_string}"},"query-input":"required name=search_term_string"}],"inLanguage":"es"},{"@type":"Organization","@id":"https:\/\/www.gruppoliturgico.com\/es\/#organization","name":"Laboratorio Gruppo Liturgico","url":"https:\/\/www.gruppoliturgico.com\/es\/","logo":{"@type":"ImageObject","inLanguage":"es","@id":"https:\/\/www.gruppoliturgico.com\/es\/#\/schema\/logo\/image\/","url":"https:\/\/www.gruppoliturgico.com\/wp-content\/uploads\/2022\/02\/logo-laboratoriogruppoliturgico.png","contentUrl":"https:\/\/www.gruppoliturgico.com\/wp-content\/uploads\/2022\/02\/logo-laboratoriogruppoliturgico.png","width":400,"height":114,"caption":"Laboratorio Gruppo Liturgico"},"image":{"@id":"https:\/\/www.gruppoliturgico.com\/es\/#\/schema\/logo\/image\/"}}]}},"_links":{"self":[{"href":"https:\/\/www.gruppoliturgico.com\/es\/wp-json\/wp\/v2\/product\/143041"}],"collection":[{"href":"https:\/\/www.gruppoliturgico.com\/es\/wp-json\/wp\/v2\/product"}],"about":[{"href":"https:\/\/www.gruppoliturgico.com\/es\/wp-json\/wp\/v2\/types\/product"}],"wp:featuredmedia":[{"embeddable":true,"href":"https:\/\/www.gruppoliturgico.com\/es\/wp-json\/wp\/v2\/media\/143026"}],"wp:attachment":[{"href":"https:\/\/www.gruppoliturgico.com\/es\/wp-json\/wp\/v2\/media?parent=143041"}],"wp:term":[{"taxonomy":"product_cat","embeddable":true,"href":"https:\/\/www.gruppoliturgico.com\/es\/wp-json\/wp\/v2\/product_cat?post=143041"},{"taxonomy":"product_tag","embeddable":true,"href":"https:\/\/www.gruppoliturgico.com\/es\/wp-json\/wp\/v2\/product_tag?post=143041"}],"curies":[{"name":"wp","href":"https:\/\/api.w.org\/{rel}","templated":true}]}}