{"id":142950,"date":"2026-04-10T16:24:16","date_gmt":"2026-04-10T14:24:16","guid":{"rendered":"https:\/\/www.gruppoliturgico.com\/prodotto\/crismeras-triple-con-estuche-3\/"},"modified":"2026-04-10T16:24:16","modified_gmt":"2026-04-10T14:24:16","slug":"crismeras-triple-con-estuche-3","status":"publish","type":"product","link":"https:\/\/www.gruppoliturgico.com\/es\/producto\/crismeras-triple-con-estuche-3\/","title":{"rendered":"Crismeras triple con estuche"},"content":{"rendered":"<html><body><p>Crismeras para aceites sagrados de aluminio con interior de vitrocer\u00e1mica.<br>\nCapacidad: 30 cc.<br>\nSe incluyen en un estuche de imitaci\u00f3n de piel ecol\u00f3gica forrado en terciopelo.<br>\nDimensiones totales: 18 x 7 x 6 cm<\/p>\n<\/body><\/html>","protected":false},"excerpt":{"rendered":"<p>Crismeras para aceites sagrados de aluminio con interior de vitrocer\u00e1mica.<br \/>\nCapacidad: 30 cc.<br \/>\nSe incluyen en un estuche de imitaci\u00f3n de piel ecol\u00f3gica forrado en terciopelo.<br \/>\nDimensiones totales: 18 x 7 x 6 cm<\/p>\n","protected":false},"featured_media":142938,"template":"","meta":[],"product_cat":[12423],"product_tag":[],"yoast_head":"<!-- This site is optimized with the Yoast SEO plugin v20.4 - https:\/\/yoast.com\/wordpress\/plugins\/seo\/ -->\n<title>Crismeras triple con estuche - Crismeras y Laboratorio Gruppo Liturgico<\/title>\n<meta name=\"description\" content=\"Crismeras para aceites sagrados de aluminio con interior de vitrocer\u00e1mica. Capacidad: 30 cc. Se incluyen en un estuche de imitaci\u00f3n de piel ecol\u00f3gica forrado en terciopelo. Dimensiones totales: 18 x 7 x 6 cm\" \/>\n<meta name=\"robots\" content=\"index, follow, max-snippet:-1, max-image-preview:large, max-video-preview:-1\" \/>\n<link rel=\"canonical\" href=\"https:\/\/www.gruppoliturgico.com\/es\/producto\/crismeras-triple-con-estuche-3\/\" \/>\n<meta property=\"og:locale\" content=\"es_ES\" \/>\n<meta property=\"og:type\" content=\"article\" \/>\n<meta property=\"og:title\" content=\"Crismeras triple con estuche - Crismeras y Laboratorio Gruppo Liturgico\" \/>\n<meta property=\"og:description\" content=\"Crismeras para aceites sagrados de aluminio con interior de vitrocer\u00e1mica. Capacidad: 30 cc. Se incluyen en un estuche de imitaci\u00f3n de piel ecol\u00f3gica forrado en terciopelo. Dimensiones totales: 18 x 7 x 6 cm\" \/>\n<meta property=\"og:url\" content=\"https:\/\/www.gruppoliturgico.com\/es\/producto\/crismeras-triple-con-estuche-3\/\" \/>\n<meta property=\"og:site_name\" content=\"Laboratorio Gruppo Liturgico\" \/>\n<meta property=\"og:image\" content=\"https:\/\/www.gruppoliturgico.com\/wp-content\/uploads\/2026\/04\/4195-1.jpg\" \/>\n\t<meta property=\"og:image:width\" content=\"2000\" \/>\n\t<meta property=\"og:image:height\" content=\"1929\" \/>\n\t<meta property=\"og:image:type\" content=\"image\/jpeg\" \/>\n<meta name=\"twitter:card\" content=\"summary_large_image\" \/>\n<script type=\"application\/ld+json\" class=\"yoast-schema-graph\">{\"@context\":\"https:\/\/schema.org\",\"@graph\":[{\"@type\":\"WebPage\",\"@id\":\"https:\/\/www.gruppoliturgico.com\/es\/producto\/crismeras-triple-con-estuche-3\/\",\"url\":\"https:\/\/www.gruppoliturgico.com\/es\/producto\/crismeras-triple-con-estuche-3\/\",\"name\":\"Crismeras triple con estuche - Crismeras y Laboratorio Gruppo Liturgico\",\"isPartOf\":{\"@id\":\"https:\/\/www.gruppoliturgico.com\/es\/#website\"},\"datePublished\":\"2026-04-10T14:24:16+00:00\",\"dateModified\":\"2026-04-10T14:24:16+00:00\",\"description\":\"Crismeras para aceites sagrados de aluminio con interior de vitrocer\u00e1mica. Capacidad: 30 cc. Se incluyen en un estuche de imitaci\u00f3n de piel ecol\u00f3gica forrado en terciopelo. Dimensiones totales: 18 x 7 x 6 cm\",\"breadcrumb\":{\"@id\":\"https:\/\/www.gruppoliturgico.com\/es\/producto\/crismeras-triple-con-estuche-3\/#breadcrumb\"},\"inLanguage\":\"es\",\"potentialAction\":[{\"@type\":\"ReadAction\",\"target\":[\"https:\/\/www.gruppoliturgico.com\/es\/producto\/crismeras-triple-con-estuche-3\/\"]}]},{\"@type\":\"BreadcrumbList\",\"@id\":\"https:\/\/www.gruppoliturgico.com\/es\/producto\/crismeras-triple-con-estuche-3\/#breadcrumb\",\"itemListElement\":[{\"@type\":\"ListItem\",\"position\":1,\"name\":\"Home\",\"item\":\"https:\/\/www.gruppoliturgico.com\/es\/\"},{\"@type\":\"ListItem\",\"position\":2,\"name\":\"Tienda\",\"item\":\"https:\/\/www.gruppoliturgico.com\/es\/tienda\/\"},{\"@type\":\"ListItem\",\"position\":3,\"name\":\"Crismeras triple con estuche\"}]},{\"@type\":\"WebSite\",\"@id\":\"https:\/\/www.gruppoliturgico.com\/es\/#website\",\"url\":\"https:\/\/www.gruppoliturgico.com\/es\/\",\"name\":\"Laboratorio Gruppo Liturgico\",\"description\":\"Articoli Religiosi online\",\"publisher\":{\"@id\":\"https:\/\/www.gruppoliturgico.com\/es\/#organization\"},\"potentialAction\":[{\"@type\":\"SearchAction\",\"target\":{\"@type\":\"EntryPoint\",\"urlTemplate\":\"https:\/\/www.gruppoliturgico.com\/es\/?s={search_term_string}\"},\"query-input\":\"required name=search_term_string\"}],\"inLanguage\":\"es\"},{\"@type\":\"Organization\",\"@id\":\"https:\/\/www.gruppoliturgico.com\/es\/#organization\",\"name\":\"Laboratorio Gruppo Liturgico\",\"url\":\"https:\/\/www.gruppoliturgico.com\/es\/\",\"logo\":{\"@type\":\"ImageObject\",\"inLanguage\":\"es\",\"@id\":\"https:\/\/www.gruppoliturgico.com\/es\/#\/schema\/logo\/image\/\",\"url\":\"https:\/\/www.gruppoliturgico.com\/wp-content\/uploads\/2022\/02\/logo-laboratoriogruppoliturgico.png\",\"contentUrl\":\"https:\/\/www.gruppoliturgico.com\/wp-content\/uploads\/2022\/02\/logo-laboratoriogruppoliturgico.png\",\"width\":400,\"height\":114,\"caption\":\"Laboratorio Gruppo Liturgico\"},\"image\":{\"@id\":\"https:\/\/www.gruppoliturgico.com\/es\/#\/schema\/logo\/image\/\"}}]}<\/script>\n<!-- \/ Yoast SEO plugin. -->","yoast_head_json":{"title":"Crismeras triple con estuche - Crismeras y Laboratorio Gruppo Liturgico","description":"Crismeras para aceites sagrados de aluminio con interior de vitrocer\u00e1mica. Capacidad: 30 cc. Se incluyen en un estuche de imitaci\u00f3n de piel ecol\u00f3gica forrado en terciopelo. Dimensiones totales: 18 x 7 x 6 cm","robots":{"index":"index","follow":"follow","max-snippet":"max-snippet:-1","max-image-preview":"max-image-preview:large","max-video-preview":"max-video-preview:-1"},"canonical":"https:\/\/www.gruppoliturgico.com\/es\/producto\/crismeras-triple-con-estuche-3\/","og_locale":"es_ES","og_type":"article","og_title":"Crismeras triple con estuche - Crismeras y Laboratorio Gruppo Liturgico","og_description":"Crismeras para aceites sagrados de aluminio con interior de vitrocer\u00e1mica. Capacidad: 30 cc. Se incluyen en un estuche de imitaci\u00f3n de piel ecol\u00f3gica forrado en terciopelo. Dimensiones totales: 18 x 7 x 6 cm","og_url":"https:\/\/www.gruppoliturgico.com\/es\/producto\/crismeras-triple-con-estuche-3\/","og_site_name":"Laboratorio Gruppo Liturgico","og_image":[{"width":2000,"height":1929,"url":"https:\/\/www.gruppoliturgico.com\/wp-content\/uploads\/2026\/04\/4195-1.jpg","type":"image\/jpeg"}],"twitter_card":"summary_large_image","schema":{"@context":"https:\/\/schema.org","@graph":[{"@type":"WebPage","@id":"https:\/\/www.gruppoliturgico.com\/es\/producto\/crismeras-triple-con-estuche-3\/","url":"https:\/\/www.gruppoliturgico.com\/es\/producto\/crismeras-triple-con-estuche-3\/","name":"Crismeras triple con estuche - Crismeras y Laboratorio Gruppo Liturgico","isPartOf":{"@id":"https:\/\/www.gruppoliturgico.com\/es\/#website"},"datePublished":"2026-04-10T14:24:16+00:00","dateModified":"2026-04-10T14:24:16+00:00","description":"Crismeras para aceites sagrados de aluminio con interior de vitrocer\u00e1mica. Capacidad: 30 cc. Se incluyen en un estuche de imitaci\u00f3n de piel ecol\u00f3gica forrado en terciopelo. Dimensiones totales: 18 x 7 x 6 cm","breadcrumb":{"@id":"https:\/\/www.gruppoliturgico.com\/es\/producto\/crismeras-triple-con-estuche-3\/#breadcrumb"},"inLanguage":"es","potentialAction":[{"@type":"ReadAction","target":["https:\/\/www.gruppoliturgico.com\/es\/producto\/crismeras-triple-con-estuche-3\/"]}]},{"@type":"BreadcrumbList","@id":"https:\/\/www.gruppoliturgico.com\/es\/producto\/crismeras-triple-con-estuche-3\/#breadcrumb","itemListElement":[{"@type":"ListItem","position":1,"name":"Home","item":"https:\/\/www.gruppoliturgico.com\/es\/"},{"@type":"ListItem","position":2,"name":"Tienda","item":"https:\/\/www.gruppoliturgico.com\/es\/tienda\/"},{"@type":"ListItem","position":3,"name":"Crismeras triple con estuche"}]},{"@type":"WebSite","@id":"https:\/\/www.gruppoliturgico.com\/es\/#website","url":"https:\/\/www.gruppoliturgico.com\/es\/","name":"Laboratorio Gruppo Liturgico","description":"Articoli Religiosi online","publisher":{"@id":"https:\/\/www.gruppoliturgico.com\/es\/#organization"},"potentialAction":[{"@type":"SearchAction","target":{"@type":"EntryPoint","urlTemplate":"https:\/\/www.gruppoliturgico.com\/es\/?s={search_term_string}"},"query-input":"required name=search_term_string"}],"inLanguage":"es"},{"@type":"Organization","@id":"https:\/\/www.gruppoliturgico.com\/es\/#organization","name":"Laboratorio Gruppo Liturgico","url":"https:\/\/www.gruppoliturgico.com\/es\/","logo":{"@type":"ImageObject","inLanguage":"es","@id":"https:\/\/www.gruppoliturgico.com\/es\/#\/schema\/logo\/image\/","url":"https:\/\/www.gruppoliturgico.com\/wp-content\/uploads\/2022\/02\/logo-laboratoriogruppoliturgico.png","contentUrl":"https:\/\/www.gruppoliturgico.com\/wp-content\/uploads\/2022\/02\/logo-laboratoriogruppoliturgico.png","width":400,"height":114,"caption":"Laboratorio Gruppo Liturgico"},"image":{"@id":"https:\/\/www.gruppoliturgico.com\/es\/#\/schema\/logo\/image\/"}}]}},"_links":{"self":[{"href":"https:\/\/www.gruppoliturgico.com\/es\/wp-json\/wp\/v2\/product\/142950"}],"collection":[{"href":"https:\/\/www.gruppoliturgico.com\/es\/wp-json\/wp\/v2\/product"}],"about":[{"href":"https:\/\/www.gruppoliturgico.com\/es\/wp-json\/wp\/v2\/types\/product"}],"wp:featuredmedia":[{"embeddable":true,"href":"https:\/\/www.gruppoliturgico.com\/es\/wp-json\/wp\/v2\/media\/142938"}],"wp:attachment":[{"href":"https:\/\/www.gruppoliturgico.com\/es\/wp-json\/wp\/v2\/media?parent=142950"}],"wp:term":[{"taxonomy":"product_cat","embeddable":true,"href":"https:\/\/www.gruppoliturgico.com\/es\/wp-json\/wp\/v2\/product_cat?post=142950"},{"taxonomy":"product_tag","embeddable":true,"href":"https:\/\/www.gruppoliturgico.com\/es\/wp-json\/wp\/v2\/product_tag?post=142950"}],"curies":[{"name":"wp","href":"https:\/\/api.w.org\/{rel}","templated":true}]}}