{"id":141234,"date":"2025-10-31T17:03:27","date_gmt":"2025-10-31T16:03:27","guid":{"rendered":"https:\/\/www.gruppoliturgico.com\/prodotto\/pano-de-atril-18\/"},"modified":"2025-10-31T17:03:27","modified_gmt":"2025-10-31T16:03:27","slug":"pano-de-atril-18","status":"publish","type":"product","link":"https:\/\/www.gruppoliturgico.com\/es\/producto\/pano-de-atril-18\/","title":{"rendered":"Pa\u00f1o de atril"},"content":{"rendered":"<html><body><p>Pa\u00f1o de atril  con elaboraci\u00f3n artesanal en telar de tres tramas.<br>\nEfecto relieve tipo tapiz.<br>\nSan Francisco est\u00e1 representado en la naturaleza con palomas, flores, p\u00e1jaros y, al fondo, la iglesia de San Dami\u00e1n.<br>\nApto para cualquier atril de 240 x 50 cm.<\/p>\n<\/body><\/html>","protected":false},"excerpt":{"rendered":"<p>Pa\u00f1o de atril  con elaboraci\u00f3n artesanal en telar de tres tramas.<br \/>\nEfecto relieve tipo tapiz.<br \/>\nSan Francisco est\u00e1 representado en la naturaleza con palomas, flores, p\u00e1jaros y, al fondo, la iglesia de San Dami\u00e1n.<br \/>\nApto para cualquier atril de 240 x 50 cm.<\/p>\n","protected":false},"featured_media":141227,"template":"","meta":[],"product_cat":[11771],"product_tag":[15379],"yoast_head":"<!-- This site is optimized with the Yoast SEO plugin v20.4 - https:\/\/yoast.com\/wordpress\/plugins\/seo\/ -->\n<title>Pa\u00f1o de atril - pa\u00f1os de atril y Laboratorio Gruppo Liturgico<\/title>\n<meta name=\"description\" content=\"Pa\u00f1o de atril con elaboraci\u00f3n artesanal en telar de tres tramas.  Efecto relieve tipo tapiz. San Francisco est\u00e1 representado en la naturaleza con palomas, flores, p\u00e1jaros y, al fondo, la iglesia de San Dami\u00e1n. Apto para cualquier atril de 240 x 50 cm.\" \/>\n<meta name=\"robots\" content=\"index, follow, max-snippet:-1, max-image-preview:large, max-video-preview:-1\" \/>\n<link rel=\"canonical\" href=\"https:\/\/www.gruppoliturgico.com\/es\/producto\/pano-de-atril-18\/\" \/>\n<meta property=\"og:locale\" content=\"es_ES\" \/>\n<meta property=\"og:type\" content=\"article\" \/>\n<meta property=\"og:title\" content=\"Pa\u00f1o de atril - pa\u00f1os de atril y Laboratorio Gruppo Liturgico\" \/>\n<meta property=\"og:description\" content=\"Pa\u00f1o de atril con elaboraci\u00f3n artesanal en telar de tres tramas.  Efecto relieve tipo tapiz. San Francisco est\u00e1 representado en la naturaleza con palomas, flores, p\u00e1jaros y, al fondo, la iglesia de San Dami\u00e1n. Apto para cualquier atril de 240 x 50 cm.\" \/>\n<meta property=\"og:url\" content=\"https:\/\/www.gruppoliturgico.com\/es\/producto\/pano-de-atril-18\/\" \/>\n<meta property=\"og:site_name\" content=\"Laboratorio Gruppo Liturgico\" \/>\n<meta property=\"og:image\" content=\"https:\/\/www.gruppoliturgico.com\/wp-content\/uploads\/2025\/10\/4143_-438x1024.jpg\" \/>\n\t<meta property=\"og:image:width\" content=\"438\" \/>\n\t<meta property=\"og:image:height\" content=\"1024\" \/>\n\t<meta property=\"og:image:type\" content=\"image\/jpeg\" \/>\n<meta name=\"twitter:card\" content=\"summary_large_image\" \/>\n<script type=\"application\/ld+json\" class=\"yoast-schema-graph\">{\"@context\":\"https:\/\/schema.org\",\"@graph\":[{\"@type\":\"WebPage\",\"@id\":\"https:\/\/www.gruppoliturgico.com\/es\/producto\/pano-de-atril-18\/\",\"url\":\"https:\/\/www.gruppoliturgico.com\/es\/producto\/pano-de-atril-18\/\",\"name\":\"Pa\u00f1o de atril - pa\u00f1os de atril y Laboratorio Gruppo Liturgico\",\"isPartOf\":{\"@id\":\"https:\/\/www.gruppoliturgico.com\/es\/#website\"},\"datePublished\":\"2025-10-31T16:03:27+00:00\",\"dateModified\":\"2025-10-31T16:03:27+00:00\",\"description\":\"Pa\u00f1o de atril con elaboraci\u00f3n artesanal en telar de tres tramas. Efecto relieve tipo tapiz. San Francisco est\u00e1 representado en la naturaleza con palomas, flores, p\u00e1jaros y, al fondo, la iglesia de San Dami\u00e1n. Apto para cualquier atril de 240 x 50 cm.\",\"breadcrumb\":{\"@id\":\"https:\/\/www.gruppoliturgico.com\/es\/producto\/pano-de-atril-18\/#breadcrumb\"},\"inLanguage\":\"es\",\"potentialAction\":[{\"@type\":\"ReadAction\",\"target\":[\"https:\/\/www.gruppoliturgico.com\/es\/producto\/pano-de-atril-18\/\"]}]},{\"@type\":\"BreadcrumbList\",\"@id\":\"https:\/\/www.gruppoliturgico.com\/es\/producto\/pano-de-atril-18\/#breadcrumb\",\"itemListElement\":[{\"@type\":\"ListItem\",\"position\":1,\"name\":\"Home\",\"item\":\"https:\/\/www.gruppoliturgico.com\/es\/\"},{\"@type\":\"ListItem\",\"position\":2,\"name\":\"Tienda\",\"item\":\"https:\/\/www.gruppoliturgico.com\/es\/tienda\/\"},{\"@type\":\"ListItem\",\"position\":3,\"name\":\"Pa\u00f1o de atril\"}]},{\"@type\":\"WebSite\",\"@id\":\"https:\/\/www.gruppoliturgico.com\/es\/#website\",\"url\":\"https:\/\/www.gruppoliturgico.com\/es\/\",\"name\":\"Laboratorio Gruppo Liturgico\",\"description\":\"Articoli Religiosi online\",\"publisher\":{\"@id\":\"https:\/\/www.gruppoliturgico.com\/es\/#organization\"},\"potentialAction\":[{\"@type\":\"SearchAction\",\"target\":{\"@type\":\"EntryPoint\",\"urlTemplate\":\"https:\/\/www.gruppoliturgico.com\/es\/?s={search_term_string}\"},\"query-input\":\"required name=search_term_string\"}],\"inLanguage\":\"es\"},{\"@type\":\"Organization\",\"@id\":\"https:\/\/www.gruppoliturgico.com\/es\/#organization\",\"name\":\"Laboratorio Gruppo Liturgico\",\"url\":\"https:\/\/www.gruppoliturgico.com\/es\/\",\"logo\":{\"@type\":\"ImageObject\",\"inLanguage\":\"es\",\"@id\":\"https:\/\/www.gruppoliturgico.com\/es\/#\/schema\/logo\/image\/\",\"url\":\"https:\/\/www.gruppoliturgico.com\/wp-content\/uploads\/2022\/02\/logo-laboratoriogruppoliturgico.png\",\"contentUrl\":\"https:\/\/www.gruppoliturgico.com\/wp-content\/uploads\/2022\/02\/logo-laboratoriogruppoliturgico.png\",\"width\":400,\"height\":114,\"caption\":\"Laboratorio Gruppo Liturgico\"},\"image\":{\"@id\":\"https:\/\/www.gruppoliturgico.com\/es\/#\/schema\/logo\/image\/\"}}]}<\/script>\n<!-- \/ Yoast SEO plugin. -->","yoast_head_json":{"title":"Pa\u00f1o de atril - pa\u00f1os de atril y Laboratorio Gruppo Liturgico","description":"Pa\u00f1o de atril con elaboraci\u00f3n artesanal en telar de tres tramas.  Efecto relieve tipo tapiz. San Francisco est\u00e1 representado en la naturaleza con palomas, flores, p\u00e1jaros y, al fondo, la iglesia de San Dami\u00e1n. Apto para cualquier atril de 240 x 50 cm.","robots":{"index":"index","follow":"follow","max-snippet":"max-snippet:-1","max-image-preview":"max-image-preview:large","max-video-preview":"max-video-preview:-1"},"canonical":"https:\/\/www.gruppoliturgico.com\/es\/producto\/pano-de-atril-18\/","og_locale":"es_ES","og_type":"article","og_title":"Pa\u00f1o de atril - pa\u00f1os de atril y Laboratorio Gruppo Liturgico","og_description":"Pa\u00f1o de atril con elaboraci\u00f3n artesanal en telar de tres tramas.  Efecto relieve tipo tapiz. San Francisco est\u00e1 representado en la naturaleza con palomas, flores, p\u00e1jaros y, al fondo, la iglesia de San Dami\u00e1n. Apto para cualquier atril de 240 x 50 cm.","og_url":"https:\/\/www.gruppoliturgico.com\/es\/producto\/pano-de-atril-18\/","og_site_name":"Laboratorio Gruppo Liturgico","og_image":[{"width":438,"height":1024,"url":"https:\/\/www.gruppoliturgico.com\/wp-content\/uploads\/2025\/10\/4143_-438x1024.jpg","type":"image\/jpeg"}],"twitter_card":"summary_large_image","schema":{"@context":"https:\/\/schema.org","@graph":[{"@type":"WebPage","@id":"https:\/\/www.gruppoliturgico.com\/es\/producto\/pano-de-atril-18\/","url":"https:\/\/www.gruppoliturgico.com\/es\/producto\/pano-de-atril-18\/","name":"Pa\u00f1o de atril - pa\u00f1os de atril y Laboratorio Gruppo Liturgico","isPartOf":{"@id":"https:\/\/www.gruppoliturgico.com\/es\/#website"},"datePublished":"2025-10-31T16:03:27+00:00","dateModified":"2025-10-31T16:03:27+00:00","description":"Pa\u00f1o de atril con elaboraci\u00f3n artesanal en telar de tres tramas. Efecto relieve tipo tapiz. San Francisco est\u00e1 representado en la naturaleza con palomas, flores, p\u00e1jaros y, al fondo, la iglesia de San Dami\u00e1n. Apto para cualquier atril de 240 x 50 cm.","breadcrumb":{"@id":"https:\/\/www.gruppoliturgico.com\/es\/producto\/pano-de-atril-18\/#breadcrumb"},"inLanguage":"es","potentialAction":[{"@type":"ReadAction","target":["https:\/\/www.gruppoliturgico.com\/es\/producto\/pano-de-atril-18\/"]}]},{"@type":"BreadcrumbList","@id":"https:\/\/www.gruppoliturgico.com\/es\/producto\/pano-de-atril-18\/#breadcrumb","itemListElement":[{"@type":"ListItem","position":1,"name":"Home","item":"https:\/\/www.gruppoliturgico.com\/es\/"},{"@type":"ListItem","position":2,"name":"Tienda","item":"https:\/\/www.gruppoliturgico.com\/es\/tienda\/"},{"@type":"ListItem","position":3,"name":"Pa\u00f1o de atril"}]},{"@type":"WebSite","@id":"https:\/\/www.gruppoliturgico.com\/es\/#website","url":"https:\/\/www.gruppoliturgico.com\/es\/","name":"Laboratorio Gruppo Liturgico","description":"Articoli Religiosi online","publisher":{"@id":"https:\/\/www.gruppoliturgico.com\/es\/#organization"},"potentialAction":[{"@type":"SearchAction","target":{"@type":"EntryPoint","urlTemplate":"https:\/\/www.gruppoliturgico.com\/es\/?s={search_term_string}"},"query-input":"required name=search_term_string"}],"inLanguage":"es"},{"@type":"Organization","@id":"https:\/\/www.gruppoliturgico.com\/es\/#organization","name":"Laboratorio Gruppo Liturgico","url":"https:\/\/www.gruppoliturgico.com\/es\/","logo":{"@type":"ImageObject","inLanguage":"es","@id":"https:\/\/www.gruppoliturgico.com\/es\/#\/schema\/logo\/image\/","url":"https:\/\/www.gruppoliturgico.com\/wp-content\/uploads\/2022\/02\/logo-laboratoriogruppoliturgico.png","contentUrl":"https:\/\/www.gruppoliturgico.com\/wp-content\/uploads\/2022\/02\/logo-laboratoriogruppoliturgico.png","width":400,"height":114,"caption":"Laboratorio Gruppo Liturgico"},"image":{"@id":"https:\/\/www.gruppoliturgico.com\/es\/#\/schema\/logo\/image\/"}}]}},"_links":{"self":[{"href":"https:\/\/www.gruppoliturgico.com\/es\/wp-json\/wp\/v2\/product\/141234"}],"collection":[{"href":"https:\/\/www.gruppoliturgico.com\/es\/wp-json\/wp\/v2\/product"}],"about":[{"href":"https:\/\/www.gruppoliturgico.com\/es\/wp-json\/wp\/v2\/types\/product"}],"wp:featuredmedia":[{"embeddable":true,"href":"https:\/\/www.gruppoliturgico.com\/es\/wp-json\/wp\/v2\/media\/141227"}],"wp:attachment":[{"href":"https:\/\/www.gruppoliturgico.com\/es\/wp-json\/wp\/v2\/media?parent=141234"}],"wp:term":[{"taxonomy":"product_cat","embeddable":true,"href":"https:\/\/www.gruppoliturgico.com\/es\/wp-json\/wp\/v2\/product_cat?post=141234"},{"taxonomy":"product_tag","embeddable":true,"href":"https:\/\/www.gruppoliturgico.com\/es\/wp-json\/wp\/v2\/product_tag?post=141234"}],"curies":[{"name":"wp","href":"https:\/\/api.w.org\/{rel}","templated":true}]}}