{"id":140604,"date":"2025-10-02T16:14:35","date_gmt":"2025-10-02T14:14:35","guid":{"rendered":"https:\/\/www.gruppoliturgico.com\/prodotto\/casulla-44\/"},"modified":"2025-10-21T16:28:58","modified_gmt":"2025-10-21T14:28:58","slug":"casulla-44","status":"publish","type":"product","link":"https:\/\/www.gruppoliturgico.com\/es\/producto\/casulla-44\/","title":{"rendered":"Casulla"},"content":{"rendered":"<html><body><p>una secuencia de paneles, bordados con t\u00e9cnica artesanal, que se desarrolla en los dos ricos estolones  de sat\u00e9n que se repiten en los dos lados de la casulla, realizada en fin\u00edsima y ligera saglia de pura lana. Los bordados de cruces y motivos geom\u00e9tricos est\u00e1n realizados con hilos de oro y plata y est\u00e1n enriquecidos con cristales, strass y lentejuelas.<br>\nEl importante bordado que adorna el cuello, tambi\u00e9n realizado con hilos de oro, plata y cuentas ornamentales.<br>\nTodo el dobladillo est\u00e1 adornado con pasamaner\u00eda de oro y plata decorada con cuentas.<\/p>\n<\/body><\/html>","protected":false},"excerpt":{"rendered":"<p>una secuencia de paneles, bordados con t\u00e9cnica artesanal, que se desarrolla en los dos ricos estolones  de sat\u00e9n que se repiten en los dos lados de la casulla, realizada en fin\u00edsima y ligera saglia de pura lana. Los bordados de cruces y motivos geom\u00e9tricos est\u00e1n realizados con hilos de oro y plata y est\u00e1n enriquecidos con cristales, strass y lentejuelas.<br \/>\nEl importante bordado que adorna el cuello, tambi\u00e9n realizado con hilos de oro, plata y cuentas ornamentales.<br \/>\nTodo el dobladillo est\u00e1 adornado con pasamaner\u00eda de oro y plata decorada con cuentas.<\/p>\n","protected":false},"featured_media":140929,"template":"","meta":[],"product_cat":[12243],"product_tag":[],"yoast_head":"<!-- This site is optimized with the Yoast SEO plugin v20.4 - https:\/\/yoast.com\/wordpress\/plugins\/seo\/ -->\n<title>Casulla - colecci\u00f3n cl\u00e1sica y Laboratorio Gruppo Liturgico<\/title>\n<meta name=\"description\" content=\"una secuencia de paneles, bordados con t\u00e9cnica artesanal, que se desarrolla en los dos ricos estolones de sat\u00e9n que se repiten en los dos lados de la casulla, realizada en fin\u00edsima y ligera saglia de pura lana. Los bordados de cruces y motivos geom\u00e9tricos est\u00e1n realizados con hilos de oro y plata y est\u00e1n enriquecidos con cristales, strass y lentejuelas. El importante bordado que adorna el cuello, tambi\u00e9n realizado con hilos de oro, plata y cuentas ornamentales. Todo el dobladillo est\u00e1 adornado con pasamaner\u00eda de oro y plata decorada con cuentas.\" \/>\n<meta name=\"robots\" content=\"index, follow, max-snippet:-1, max-image-preview:large, max-video-preview:-1\" \/>\n<link rel=\"canonical\" href=\"https:\/\/www.gruppoliturgico.com\/es\/producto\/casulla-44\/\" \/>\n<meta property=\"og:locale\" content=\"es_ES\" \/>\n<meta property=\"og:type\" content=\"article\" \/>\n<meta property=\"og:title\" content=\"Casulla - colecci\u00f3n cl\u00e1sica y Laboratorio Gruppo Liturgico\" \/>\n<meta property=\"og:description\" content=\"una secuencia de paneles, bordados con t\u00e9cnica artesanal, que se desarrolla en los dos ricos estolones de sat\u00e9n que se repiten en los dos lados de la casulla, realizada en fin\u00edsima y ligera saglia de pura lana. Los bordados de cruces y motivos geom\u00e9tricos est\u00e1n realizados con hilos de oro y plata y est\u00e1n enriquecidos con cristales, strass y lentejuelas. El importante bordado que adorna el cuello, tambi\u00e9n realizado con hilos de oro, plata y cuentas ornamentales. Todo el dobladillo est\u00e1 adornado con pasamaner\u00eda de oro y plata decorada con cuentas.\" \/>\n<meta property=\"og:url\" content=\"https:\/\/www.gruppoliturgico.com\/es\/producto\/casulla-44\/\" \/>\n<meta property=\"og:site_name\" content=\"Laboratorio Gruppo Liturgico\" \/>\n<meta property=\"article:modified_time\" content=\"2025-10-21T14:28:58+00:00\" \/>\n<meta property=\"og:image\" content=\"https:\/\/www.gruppoliturgico.com\/wp-content\/uploads\/2025\/10\/4126-nv_rit-1.jpg\" \/>\n\t<meta property=\"og:image:width\" content=\"1319\" \/>\n\t<meta property=\"og:image:height\" content=\"2002\" \/>\n\t<meta property=\"og:image:type\" content=\"image\/jpeg\" \/>\n<meta name=\"twitter:card\" content=\"summary_large_image\" \/>\n<script type=\"application\/ld+json\" class=\"yoast-schema-graph\">{\"@context\":\"https:\/\/schema.org\",\"@graph\":[{\"@type\":\"WebPage\",\"@id\":\"https:\/\/www.gruppoliturgico.com\/es\/producto\/casulla-44\/\",\"url\":\"https:\/\/www.gruppoliturgico.com\/es\/producto\/casulla-44\/\",\"name\":\"Casulla - colecci\u00f3n cl\u00e1sica y Laboratorio Gruppo Liturgico\",\"isPartOf\":{\"@id\":\"https:\/\/www.gruppoliturgico.com\/es\/#website\"},\"datePublished\":\"2025-10-02T14:14:35+00:00\",\"dateModified\":\"2025-10-21T14:28:58+00:00\",\"description\":\"una secuencia de paneles, bordados con t\u00e9cnica artesanal, que se desarrolla en los dos ricos estolones de sat\u00e9n que se repiten en los dos lados de la casulla, realizada en fin\u00edsima y ligera saglia de pura lana. Los bordados de cruces y motivos geom\u00e9tricos est\u00e1n realizados con hilos de oro y plata y est\u00e1n enriquecidos con cristales, strass y lentejuelas. El importante bordado que adorna el cuello, tambi\u00e9n realizado con hilos de oro, plata y cuentas ornamentales. Todo el dobladillo est\u00e1 adornado con pasamaner\u00eda de oro y plata decorada con cuentas.\",\"breadcrumb\":{\"@id\":\"https:\/\/www.gruppoliturgico.com\/es\/producto\/casulla-44\/#breadcrumb\"},\"inLanguage\":\"es\",\"potentialAction\":[{\"@type\":\"ReadAction\",\"target\":[\"https:\/\/www.gruppoliturgico.com\/es\/producto\/casulla-44\/\"]}]},{\"@type\":\"BreadcrumbList\",\"@id\":\"https:\/\/www.gruppoliturgico.com\/es\/producto\/casulla-44\/#breadcrumb\",\"itemListElement\":[{\"@type\":\"ListItem\",\"position\":1,\"name\":\"Home\",\"item\":\"https:\/\/www.gruppoliturgico.com\/es\/\"},{\"@type\":\"ListItem\",\"position\":2,\"name\":\"Tienda\",\"item\":\"https:\/\/www.gruppoliturgico.com\/es\/tienda\/\"},{\"@type\":\"ListItem\",\"position\":3,\"name\":\"Casulla\"}]},{\"@type\":\"WebSite\",\"@id\":\"https:\/\/www.gruppoliturgico.com\/es\/#website\",\"url\":\"https:\/\/www.gruppoliturgico.com\/es\/\",\"name\":\"Laboratorio Gruppo Liturgico\",\"description\":\"Articoli Religiosi online\",\"publisher\":{\"@id\":\"https:\/\/www.gruppoliturgico.com\/es\/#organization\"},\"potentialAction\":[{\"@type\":\"SearchAction\",\"target\":{\"@type\":\"EntryPoint\",\"urlTemplate\":\"https:\/\/www.gruppoliturgico.com\/es\/?s={search_term_string}\"},\"query-input\":\"required name=search_term_string\"}],\"inLanguage\":\"es\"},{\"@type\":\"Organization\",\"@id\":\"https:\/\/www.gruppoliturgico.com\/es\/#organization\",\"name\":\"Laboratorio Gruppo Liturgico\",\"url\":\"https:\/\/www.gruppoliturgico.com\/es\/\",\"logo\":{\"@type\":\"ImageObject\",\"inLanguage\":\"es\",\"@id\":\"https:\/\/www.gruppoliturgico.com\/es\/#\/schema\/logo\/image\/\",\"url\":\"https:\/\/www.gruppoliturgico.com\/wp-content\/uploads\/2022\/02\/logo-laboratoriogruppoliturgico.png\",\"contentUrl\":\"https:\/\/www.gruppoliturgico.com\/wp-content\/uploads\/2022\/02\/logo-laboratoriogruppoliturgico.png\",\"width\":400,\"height\":114,\"caption\":\"Laboratorio Gruppo Liturgico\"},\"image\":{\"@id\":\"https:\/\/www.gruppoliturgico.com\/es\/#\/schema\/logo\/image\/\"}}]}<\/script>\n<!-- \/ Yoast SEO plugin. -->","yoast_head_json":{"title":"Casulla - colecci\u00f3n cl\u00e1sica y Laboratorio Gruppo Liturgico","description":"una secuencia de paneles, bordados con t\u00e9cnica artesanal, que se desarrolla en los dos ricos estolones de sat\u00e9n que se repiten en los dos lados de la casulla, realizada en fin\u00edsima y ligera saglia de pura lana. Los bordados de cruces y motivos geom\u00e9tricos est\u00e1n realizados con hilos de oro y plata y est\u00e1n enriquecidos con cristales, strass y lentejuelas. El importante bordado que adorna el cuello, tambi\u00e9n realizado con hilos de oro, plata y cuentas ornamentales. Todo el dobladillo est\u00e1 adornado con pasamaner\u00eda de oro y plata decorada con cuentas.","robots":{"index":"index","follow":"follow","max-snippet":"max-snippet:-1","max-image-preview":"max-image-preview:large","max-video-preview":"max-video-preview:-1"},"canonical":"https:\/\/www.gruppoliturgico.com\/es\/producto\/casulla-44\/","og_locale":"es_ES","og_type":"article","og_title":"Casulla - colecci\u00f3n cl\u00e1sica y Laboratorio Gruppo Liturgico","og_description":"una secuencia de paneles, bordados con t\u00e9cnica artesanal, que se desarrolla en los dos ricos estolones de sat\u00e9n que se repiten en los dos lados de la casulla, realizada en fin\u00edsima y ligera saglia de pura lana. Los bordados de cruces y motivos geom\u00e9tricos est\u00e1n realizados con hilos de oro y plata y est\u00e1n enriquecidos con cristales, strass y lentejuelas. El importante bordado que adorna el cuello, tambi\u00e9n realizado con hilos de oro, plata y cuentas ornamentales. Todo el dobladillo est\u00e1 adornado con pasamaner\u00eda de oro y plata decorada con cuentas.","og_url":"https:\/\/www.gruppoliturgico.com\/es\/producto\/casulla-44\/","og_site_name":"Laboratorio Gruppo Liturgico","article_modified_time":"2025-10-21T14:28:58+00:00","og_image":[{"width":1319,"height":2002,"url":"https:\/\/www.gruppoliturgico.com\/wp-content\/uploads\/2025\/10\/4126-nv_rit-1.jpg","type":"image\/jpeg"}],"twitter_card":"summary_large_image","schema":{"@context":"https:\/\/schema.org","@graph":[{"@type":"WebPage","@id":"https:\/\/www.gruppoliturgico.com\/es\/producto\/casulla-44\/","url":"https:\/\/www.gruppoliturgico.com\/es\/producto\/casulla-44\/","name":"Casulla - colecci\u00f3n cl\u00e1sica y Laboratorio Gruppo Liturgico","isPartOf":{"@id":"https:\/\/www.gruppoliturgico.com\/es\/#website"},"datePublished":"2025-10-02T14:14:35+00:00","dateModified":"2025-10-21T14:28:58+00:00","description":"una secuencia de paneles, bordados con t\u00e9cnica artesanal, que se desarrolla en los dos ricos estolones de sat\u00e9n que se repiten en los dos lados de la casulla, realizada en fin\u00edsima y ligera saglia de pura lana. Los bordados de cruces y motivos geom\u00e9tricos est\u00e1n realizados con hilos de oro y plata y est\u00e1n enriquecidos con cristales, strass y lentejuelas. El importante bordado que adorna el cuello, tambi\u00e9n realizado con hilos de oro, plata y cuentas ornamentales. Todo el dobladillo est\u00e1 adornado con pasamaner\u00eda de oro y plata decorada con cuentas.","breadcrumb":{"@id":"https:\/\/www.gruppoliturgico.com\/es\/producto\/casulla-44\/#breadcrumb"},"inLanguage":"es","potentialAction":[{"@type":"ReadAction","target":["https:\/\/www.gruppoliturgico.com\/es\/producto\/casulla-44\/"]}]},{"@type":"BreadcrumbList","@id":"https:\/\/www.gruppoliturgico.com\/es\/producto\/casulla-44\/#breadcrumb","itemListElement":[{"@type":"ListItem","position":1,"name":"Home","item":"https:\/\/www.gruppoliturgico.com\/es\/"},{"@type":"ListItem","position":2,"name":"Tienda","item":"https:\/\/www.gruppoliturgico.com\/es\/tienda\/"},{"@type":"ListItem","position":3,"name":"Casulla"}]},{"@type":"WebSite","@id":"https:\/\/www.gruppoliturgico.com\/es\/#website","url":"https:\/\/www.gruppoliturgico.com\/es\/","name":"Laboratorio Gruppo Liturgico","description":"Articoli Religiosi online","publisher":{"@id":"https:\/\/www.gruppoliturgico.com\/es\/#organization"},"potentialAction":[{"@type":"SearchAction","target":{"@type":"EntryPoint","urlTemplate":"https:\/\/www.gruppoliturgico.com\/es\/?s={search_term_string}"},"query-input":"required name=search_term_string"}],"inLanguage":"es"},{"@type":"Organization","@id":"https:\/\/www.gruppoliturgico.com\/es\/#organization","name":"Laboratorio Gruppo Liturgico","url":"https:\/\/www.gruppoliturgico.com\/es\/","logo":{"@type":"ImageObject","inLanguage":"es","@id":"https:\/\/www.gruppoliturgico.com\/es\/#\/schema\/logo\/image\/","url":"https:\/\/www.gruppoliturgico.com\/wp-content\/uploads\/2022\/02\/logo-laboratoriogruppoliturgico.png","contentUrl":"https:\/\/www.gruppoliturgico.com\/wp-content\/uploads\/2022\/02\/logo-laboratoriogruppoliturgico.png","width":400,"height":114,"caption":"Laboratorio Gruppo Liturgico"},"image":{"@id":"https:\/\/www.gruppoliturgico.com\/es\/#\/schema\/logo\/image\/"}}]}},"_links":{"self":[{"href":"https:\/\/www.gruppoliturgico.com\/es\/wp-json\/wp\/v2\/product\/140604"}],"collection":[{"href":"https:\/\/www.gruppoliturgico.com\/es\/wp-json\/wp\/v2\/product"}],"about":[{"href":"https:\/\/www.gruppoliturgico.com\/es\/wp-json\/wp\/v2\/types\/product"}],"wp:featuredmedia":[{"embeddable":true,"href":"https:\/\/www.gruppoliturgico.com\/es\/wp-json\/wp\/v2\/media\/140929"}],"wp:attachment":[{"href":"https:\/\/www.gruppoliturgico.com\/es\/wp-json\/wp\/v2\/media?parent=140604"}],"wp:term":[{"taxonomy":"product_cat","embeddable":true,"href":"https:\/\/www.gruppoliturgico.com\/es\/wp-json\/wp\/v2\/product_cat?post=140604"},{"taxonomy":"product_tag","embeddable":true,"href":"https:\/\/www.gruppoliturgico.com\/es\/wp-json\/wp\/v2\/product_tag?post=140604"}],"curies":[{"name":"wp","href":"https:\/\/api.w.org\/{rel}","templated":true}]}}