{"id":140584,"date":"2025-10-02T16:07:35","date_gmt":"2025-10-02T14:07:35","guid":{"rendered":"https:\/\/www.gruppoliturgico.com\/prodotto\/casulla-42\/"},"modified":"2025-10-02T16:07:35","modified_gmt":"2025-10-02T14:07:35","slug":"casulla-42","status":"publish","type":"product","link":"https:\/\/www.gruppoliturgico.com\/es\/producto\/casulla-42\/","title":{"rendered":"Casulla"},"content":{"rendered":"<html><body><p>Esta casulla est\u00e1 confeccionada con un tejido muy ligero de pura lana.<br>\nEst\u00e1 adornada, en ambos lados, con un particular entrelazado de bordados y enriquecida con cientos de cristales multicolores que le confieren una intensidad crom\u00e1tica especial.<br>\nEste trabajo se repite en el importante cuello.<br>\nSe completa con una estola.<br>\nUna verdadera obra de arte.<br>\nBajo pedido, tambi\u00e9n se puede realizar sin cristales.<\/p>\n<\/body><\/html>","protected":false},"excerpt":{"rendered":"<p>Esta casulla est\u00e1 confeccionada con un tejido muy ligero de pura lana.<br \/>\nEst\u00e1 adornada, en ambos lados, con un particular entrelazado de bordados y enriquecida con cientos de cristales multicolores que le confieren una intensidad crom\u00e1tica especial.<br \/>\nEste trabajo se repite en el importante cuello.<br \/>\nSe completa con una estola.<br \/>\nUna verdadera obra de arte.<br \/>\nBajo pedido, tambi\u00e9n se puede realizar sin cristales.<\/p>\n","protected":false},"featured_media":140825,"template":"","meta":[],"product_cat":[12243],"product_tag":[],"yoast_head":"<!-- This site is optimized with the Yoast SEO plugin v20.4 - https:\/\/yoast.com\/wordpress\/plugins\/seo\/ -->\n<title>Casulla - colecci\u00f3n cl\u00e1sica y Laboratorio Gruppo Liturgico<\/title>\n<meta name=\"description\" content=\"Esta casulla est\u00e1 confeccionada con un tejido muy ligero de pura lana. Est\u00e1 adornada, en ambos lados, con un particular entrelazado de bordados y enriquecida con cientos de cristales multicolores que le confieren una intensidad crom\u00e1tica especial. Este trabajo se repite en el importante cuello. Se completa con una estola. Una verdadera obra de arte. Bajo pedido, tambi\u00e9n se puede realizar sin cristales.\" \/>\n<meta name=\"robots\" content=\"index, follow, max-snippet:-1, max-image-preview:large, max-video-preview:-1\" \/>\n<link rel=\"canonical\" href=\"https:\/\/www.gruppoliturgico.com\/es\/producto\/casulla-42\/\" \/>\n<meta property=\"og:locale\" content=\"es_ES\" \/>\n<meta property=\"og:type\" content=\"article\" \/>\n<meta property=\"og:title\" content=\"Casulla - colecci\u00f3n cl\u00e1sica y Laboratorio Gruppo Liturgico\" \/>\n<meta property=\"og:description\" content=\"Esta casulla est\u00e1 confeccionada con un tejido muy ligero de pura lana. Est\u00e1 adornada, en ambos lados, con un particular entrelazado de bordados y enriquecida con cientos de cristales multicolores que le confieren una intensidad crom\u00e1tica especial. Este trabajo se repite en el importante cuello. Se completa con una estola. Una verdadera obra de arte. Bajo pedido, tambi\u00e9n se puede realizar sin cristales.\" \/>\n<meta property=\"og:url\" content=\"https:\/\/www.gruppoliturgico.com\/es\/producto\/casulla-42\/\" \/>\n<meta property=\"og:site_name\" content=\"Laboratorio Gruppo Liturgico\" \/>\n<meta property=\"og:image\" content=\"https:\/\/www.gruppoliturgico.com\/wp-content\/uploads\/2025\/10\/4127_rit.jpg\" \/>\n\t<meta property=\"og:image:width\" content=\"1167\" \/>\n\t<meta property=\"og:image:height\" content=\"1939\" \/>\n\t<meta property=\"og:image:type\" content=\"image\/jpeg\" \/>\n<meta name=\"twitter:card\" content=\"summary_large_image\" \/>\n<script type=\"application\/ld+json\" class=\"yoast-schema-graph\">{\"@context\":\"https:\/\/schema.org\",\"@graph\":[{\"@type\":\"WebPage\",\"@id\":\"https:\/\/www.gruppoliturgico.com\/es\/producto\/casulla-42\/\",\"url\":\"https:\/\/www.gruppoliturgico.com\/es\/producto\/casulla-42\/\",\"name\":\"Casulla - colecci\u00f3n cl\u00e1sica y Laboratorio Gruppo Liturgico\",\"isPartOf\":{\"@id\":\"https:\/\/www.gruppoliturgico.com\/es\/#website\"},\"datePublished\":\"2025-10-02T14:07:35+00:00\",\"dateModified\":\"2025-10-02T14:07:35+00:00\",\"description\":\"Esta casulla est\u00e1 confeccionada con un tejido muy ligero de pura lana. Est\u00e1 adornada, en ambos lados, con un particular entrelazado de bordados y enriquecida con cientos de cristales multicolores que le confieren una intensidad crom\u00e1tica especial. Este trabajo se repite en el importante cuello. Se completa con una estola. Una verdadera obra de arte. Bajo pedido, tambi\u00e9n se puede realizar sin cristales.\",\"breadcrumb\":{\"@id\":\"https:\/\/www.gruppoliturgico.com\/es\/producto\/casulla-42\/#breadcrumb\"},\"inLanguage\":\"es\",\"potentialAction\":[{\"@type\":\"ReadAction\",\"target\":[\"https:\/\/www.gruppoliturgico.com\/es\/producto\/casulla-42\/\"]}]},{\"@type\":\"BreadcrumbList\",\"@id\":\"https:\/\/www.gruppoliturgico.com\/es\/producto\/casulla-42\/#breadcrumb\",\"itemListElement\":[{\"@type\":\"ListItem\",\"position\":1,\"name\":\"Home\",\"item\":\"https:\/\/www.gruppoliturgico.com\/es\/\"},{\"@type\":\"ListItem\",\"position\":2,\"name\":\"Tienda\",\"item\":\"https:\/\/www.gruppoliturgico.com\/es\/tienda\/\"},{\"@type\":\"ListItem\",\"position\":3,\"name\":\"Casulla\"}]},{\"@type\":\"WebSite\",\"@id\":\"https:\/\/www.gruppoliturgico.com\/es\/#website\",\"url\":\"https:\/\/www.gruppoliturgico.com\/es\/\",\"name\":\"Laboratorio Gruppo Liturgico\",\"description\":\"Articoli Religiosi online\",\"publisher\":{\"@id\":\"https:\/\/www.gruppoliturgico.com\/es\/#organization\"},\"potentialAction\":[{\"@type\":\"SearchAction\",\"target\":{\"@type\":\"EntryPoint\",\"urlTemplate\":\"https:\/\/www.gruppoliturgico.com\/es\/?s={search_term_string}\"},\"query-input\":\"required name=search_term_string\"}],\"inLanguage\":\"es\"},{\"@type\":\"Organization\",\"@id\":\"https:\/\/www.gruppoliturgico.com\/es\/#organization\",\"name\":\"Laboratorio Gruppo Liturgico\",\"url\":\"https:\/\/www.gruppoliturgico.com\/es\/\",\"logo\":{\"@type\":\"ImageObject\",\"inLanguage\":\"es\",\"@id\":\"https:\/\/www.gruppoliturgico.com\/es\/#\/schema\/logo\/image\/\",\"url\":\"https:\/\/www.gruppoliturgico.com\/wp-content\/uploads\/2022\/02\/logo-laboratoriogruppoliturgico.png\",\"contentUrl\":\"https:\/\/www.gruppoliturgico.com\/wp-content\/uploads\/2022\/02\/logo-laboratoriogruppoliturgico.png\",\"width\":400,\"height\":114,\"caption\":\"Laboratorio Gruppo Liturgico\"},\"image\":{\"@id\":\"https:\/\/www.gruppoliturgico.com\/es\/#\/schema\/logo\/image\/\"}}]}<\/script>\n<!-- \/ Yoast SEO plugin. -->","yoast_head_json":{"title":"Casulla - colecci\u00f3n cl\u00e1sica y Laboratorio Gruppo Liturgico","description":"Esta casulla est\u00e1 confeccionada con un tejido muy ligero de pura lana. Est\u00e1 adornada, en ambos lados, con un particular entrelazado de bordados y enriquecida con cientos de cristales multicolores que le confieren una intensidad crom\u00e1tica especial. Este trabajo se repite en el importante cuello. Se completa con una estola. Una verdadera obra de arte. Bajo pedido, tambi\u00e9n se puede realizar sin cristales.","robots":{"index":"index","follow":"follow","max-snippet":"max-snippet:-1","max-image-preview":"max-image-preview:large","max-video-preview":"max-video-preview:-1"},"canonical":"https:\/\/www.gruppoliturgico.com\/es\/producto\/casulla-42\/","og_locale":"es_ES","og_type":"article","og_title":"Casulla - colecci\u00f3n cl\u00e1sica y Laboratorio Gruppo Liturgico","og_description":"Esta casulla est\u00e1 confeccionada con un tejido muy ligero de pura lana. Est\u00e1 adornada, en ambos lados, con un particular entrelazado de bordados y enriquecida con cientos de cristales multicolores que le confieren una intensidad crom\u00e1tica especial. Este trabajo se repite en el importante cuello. Se completa con una estola. Una verdadera obra de arte. Bajo pedido, tambi\u00e9n se puede realizar sin cristales.","og_url":"https:\/\/www.gruppoliturgico.com\/es\/producto\/casulla-42\/","og_site_name":"Laboratorio Gruppo Liturgico","og_image":[{"width":1167,"height":1939,"url":"https:\/\/www.gruppoliturgico.com\/wp-content\/uploads\/2025\/10\/4127_rit.jpg","type":"image\/jpeg"}],"twitter_card":"summary_large_image","schema":{"@context":"https:\/\/schema.org","@graph":[{"@type":"WebPage","@id":"https:\/\/www.gruppoliturgico.com\/es\/producto\/casulla-42\/","url":"https:\/\/www.gruppoliturgico.com\/es\/producto\/casulla-42\/","name":"Casulla - colecci\u00f3n cl\u00e1sica y Laboratorio Gruppo Liturgico","isPartOf":{"@id":"https:\/\/www.gruppoliturgico.com\/es\/#website"},"datePublished":"2025-10-02T14:07:35+00:00","dateModified":"2025-10-02T14:07:35+00:00","description":"Esta casulla est\u00e1 confeccionada con un tejido muy ligero de pura lana. Est\u00e1 adornada, en ambos lados, con un particular entrelazado de bordados y enriquecida con cientos de cristales multicolores que le confieren una intensidad crom\u00e1tica especial. Este trabajo se repite en el importante cuello. Se completa con una estola. Una verdadera obra de arte. Bajo pedido, tambi\u00e9n se puede realizar sin cristales.","breadcrumb":{"@id":"https:\/\/www.gruppoliturgico.com\/es\/producto\/casulla-42\/#breadcrumb"},"inLanguage":"es","potentialAction":[{"@type":"ReadAction","target":["https:\/\/www.gruppoliturgico.com\/es\/producto\/casulla-42\/"]}]},{"@type":"BreadcrumbList","@id":"https:\/\/www.gruppoliturgico.com\/es\/producto\/casulla-42\/#breadcrumb","itemListElement":[{"@type":"ListItem","position":1,"name":"Home","item":"https:\/\/www.gruppoliturgico.com\/es\/"},{"@type":"ListItem","position":2,"name":"Tienda","item":"https:\/\/www.gruppoliturgico.com\/es\/tienda\/"},{"@type":"ListItem","position":3,"name":"Casulla"}]},{"@type":"WebSite","@id":"https:\/\/www.gruppoliturgico.com\/es\/#website","url":"https:\/\/www.gruppoliturgico.com\/es\/","name":"Laboratorio Gruppo Liturgico","description":"Articoli Religiosi online","publisher":{"@id":"https:\/\/www.gruppoliturgico.com\/es\/#organization"},"potentialAction":[{"@type":"SearchAction","target":{"@type":"EntryPoint","urlTemplate":"https:\/\/www.gruppoliturgico.com\/es\/?s={search_term_string}"},"query-input":"required name=search_term_string"}],"inLanguage":"es"},{"@type":"Organization","@id":"https:\/\/www.gruppoliturgico.com\/es\/#organization","name":"Laboratorio Gruppo Liturgico","url":"https:\/\/www.gruppoliturgico.com\/es\/","logo":{"@type":"ImageObject","inLanguage":"es","@id":"https:\/\/www.gruppoliturgico.com\/es\/#\/schema\/logo\/image\/","url":"https:\/\/www.gruppoliturgico.com\/wp-content\/uploads\/2022\/02\/logo-laboratoriogruppoliturgico.png","contentUrl":"https:\/\/www.gruppoliturgico.com\/wp-content\/uploads\/2022\/02\/logo-laboratoriogruppoliturgico.png","width":400,"height":114,"caption":"Laboratorio Gruppo Liturgico"},"image":{"@id":"https:\/\/www.gruppoliturgico.com\/es\/#\/schema\/logo\/image\/"}}]}},"_links":{"self":[{"href":"https:\/\/www.gruppoliturgico.com\/es\/wp-json\/wp\/v2\/product\/140584"}],"collection":[{"href":"https:\/\/www.gruppoliturgico.com\/es\/wp-json\/wp\/v2\/product"}],"about":[{"href":"https:\/\/www.gruppoliturgico.com\/es\/wp-json\/wp\/v2\/types\/product"}],"wp:featuredmedia":[{"embeddable":true,"href":"https:\/\/www.gruppoliturgico.com\/es\/wp-json\/wp\/v2\/media\/140825"}],"wp:attachment":[{"href":"https:\/\/www.gruppoliturgico.com\/es\/wp-json\/wp\/v2\/media?parent=140584"}],"wp:term":[{"taxonomy":"product_cat","embeddable":true,"href":"https:\/\/www.gruppoliturgico.com\/es\/wp-json\/wp\/v2\/product_cat?post=140584"},{"taxonomy":"product_tag","embeddable":true,"href":"https:\/\/www.gruppoliturgico.com\/es\/wp-json\/wp\/v2\/product_tag?post=140584"}],"curies":[{"name":"wp","href":"https:\/\/api.w.org\/{rel}","templated":true}]}}