{"id":140540,"date":"2025-10-01T16:17:48","date_gmt":"2025-10-01T14:17:48","guid":{"rendered":"https:\/\/www.gruppoliturgico.com\/prodotto\/casulla-romana-5\/"},"modified":"2025-10-01T16:17:48","modified_gmt":"2025-10-01T14:17:48","slug":"casulla-romana-5","status":"publish","type":"product","link":"https:\/\/www.gruppoliturgico.com\/es\/producto\/casulla-romana-5\/","title":{"rendered":"casulla romana"},"content":{"rendered":"<html><body><p>Maravillosa casulla romana confeccionada con un preciado tejido brocado dorado producido por un artesano griego.<br>\nEst\u00e1 adornada y embellecida con una rica pasamaner\u00eda dorada.<br>\nYa viene completa con estola, man\u00edpulo, bolsa y velo para el c\u00e1liz.<\/p>\n<\/body><\/html>","protected":false},"excerpt":{"rendered":"<p>Maravillosa casulla romana confeccionada con un preciado tejido brocado dorado producido por un artesano griego.<br \/>\nEst\u00e1 adornada y embellecida con una rica pasamaner\u00eda dorada.<br \/>\nYa viene completa con estola, man\u00edpulo, bolsa y velo para el c\u00e1liz<\/p>\n","protected":false},"featured_media":140525,"template":"","meta":[],"product_cat":[12279],"product_tag":[],"yoast_head":"<!-- This site is optimized with the Yoast SEO plugin v20.4 - https:\/\/yoast.com\/wordpress\/plugins\/seo\/ -->\n<title>casulla romana - casullas romanas y Laboratorio Gruppo Liturgico<\/title>\n<meta name=\"description\" content=\"Maravillosa casulla romana confeccionada con un preciado tejido brocado dorado producido por un artesano griego. Est\u00e1 adornada y embellecida con una rica pasamaner\u00eda dorada. Ya viene completa con estola, man\u00edpulo, bolsa y velo para el c\u00e1liz\" \/>\n<meta name=\"robots\" content=\"index, follow, max-snippet:-1, max-image-preview:large, max-video-preview:-1\" \/>\n<link rel=\"canonical\" href=\"https:\/\/www.gruppoliturgico.com\/es\/producto\/casulla-romana-5\/\" \/>\n<meta property=\"og:locale\" content=\"es_ES\" \/>\n<meta property=\"og:type\" content=\"article\" \/>\n<meta property=\"og:title\" content=\"casulla romana - casullas romanas y Laboratorio Gruppo Liturgico\" \/>\n<meta property=\"og:description\" content=\"Maravillosa casulla romana confeccionada con un preciado tejido brocado dorado producido por un artesano griego. Est\u00e1 adornada y embellecida con una rica pasamaner\u00eda dorada. Ya viene completa con estola, man\u00edpulo, bolsa y velo para el c\u00e1liz\" \/>\n<meta property=\"og:url\" content=\"https:\/\/www.gruppoliturgico.com\/es\/producto\/casulla-romana-5\/\" \/>\n<meta property=\"og:site_name\" content=\"Laboratorio Gruppo Liturgico\" \/>\n<meta property=\"og:image\" content=\"https:\/\/www.gruppoliturgico.com\/wp-content\/uploads\/2025\/10\/4133_rit-568x1024.jpg\" \/>\n\t<meta property=\"og:image:width\" content=\"568\" \/>\n\t<meta property=\"og:image:height\" content=\"1024\" \/>\n\t<meta property=\"og:image:type\" content=\"image\/jpeg\" \/>\n<meta name=\"twitter:card\" content=\"summary_large_image\" \/>\n<script type=\"application\/ld+json\" class=\"yoast-schema-graph\">{\"@context\":\"https:\/\/schema.org\",\"@graph\":[{\"@type\":\"WebPage\",\"@id\":\"https:\/\/www.gruppoliturgico.com\/es\/producto\/casulla-romana-5\/\",\"url\":\"https:\/\/www.gruppoliturgico.com\/es\/producto\/casulla-romana-5\/\",\"name\":\"casulla romana - casullas romanas y Laboratorio Gruppo Liturgico\",\"isPartOf\":{\"@id\":\"https:\/\/www.gruppoliturgico.com\/es\/#website\"},\"datePublished\":\"2025-10-01T14:17:48+00:00\",\"dateModified\":\"2025-10-01T14:17:48+00:00\",\"description\":\"Maravillosa casulla romana confeccionada con un preciado tejido brocado dorado producido por un artesano griego. Est\u00e1 adornada y embellecida con una rica pasamaner\u00eda dorada. Ya viene completa con estola, man\u00edpulo, bolsa y velo para el c\u00e1liz\",\"breadcrumb\":{\"@id\":\"https:\/\/www.gruppoliturgico.com\/es\/producto\/casulla-romana-5\/#breadcrumb\"},\"inLanguage\":\"es\",\"potentialAction\":[{\"@type\":\"ReadAction\",\"target\":[\"https:\/\/www.gruppoliturgico.com\/es\/producto\/casulla-romana-5\/\"]}]},{\"@type\":\"BreadcrumbList\",\"@id\":\"https:\/\/www.gruppoliturgico.com\/es\/producto\/casulla-romana-5\/#breadcrumb\",\"itemListElement\":[{\"@type\":\"ListItem\",\"position\":1,\"name\":\"Home\",\"item\":\"https:\/\/www.gruppoliturgico.com\/es\/\"},{\"@type\":\"ListItem\",\"position\":2,\"name\":\"Tienda\",\"item\":\"https:\/\/www.gruppoliturgico.com\/es\/tienda\/\"},{\"@type\":\"ListItem\",\"position\":3,\"name\":\"casulla romana\"}]},{\"@type\":\"WebSite\",\"@id\":\"https:\/\/www.gruppoliturgico.com\/es\/#website\",\"url\":\"https:\/\/www.gruppoliturgico.com\/es\/\",\"name\":\"Laboratorio Gruppo Liturgico\",\"description\":\"Articoli Religiosi online\",\"publisher\":{\"@id\":\"https:\/\/www.gruppoliturgico.com\/es\/#organization\"},\"potentialAction\":[{\"@type\":\"SearchAction\",\"target\":{\"@type\":\"EntryPoint\",\"urlTemplate\":\"https:\/\/www.gruppoliturgico.com\/es\/?s={search_term_string}\"},\"query-input\":\"required name=search_term_string\"}],\"inLanguage\":\"es\"},{\"@type\":\"Organization\",\"@id\":\"https:\/\/www.gruppoliturgico.com\/es\/#organization\",\"name\":\"Laboratorio Gruppo Liturgico\",\"url\":\"https:\/\/www.gruppoliturgico.com\/es\/\",\"logo\":{\"@type\":\"ImageObject\",\"inLanguage\":\"es\",\"@id\":\"https:\/\/www.gruppoliturgico.com\/es\/#\/schema\/logo\/image\/\",\"url\":\"https:\/\/www.gruppoliturgico.com\/wp-content\/uploads\/2022\/02\/logo-laboratoriogruppoliturgico.png\",\"contentUrl\":\"https:\/\/www.gruppoliturgico.com\/wp-content\/uploads\/2022\/02\/logo-laboratoriogruppoliturgico.png\",\"width\":400,\"height\":114,\"caption\":\"Laboratorio Gruppo Liturgico\"},\"image\":{\"@id\":\"https:\/\/www.gruppoliturgico.com\/es\/#\/schema\/logo\/image\/\"}}]}<\/script>\n<!-- \/ Yoast SEO plugin. -->","yoast_head_json":{"title":"casulla romana - casullas romanas y Laboratorio Gruppo Liturgico","description":"Maravillosa casulla romana confeccionada con un preciado tejido brocado dorado producido por un artesano griego. Est\u00e1 adornada y embellecida con una rica pasamaner\u00eda dorada. Ya viene completa con estola, man\u00edpulo, bolsa y velo para el c\u00e1liz","robots":{"index":"index","follow":"follow","max-snippet":"max-snippet:-1","max-image-preview":"max-image-preview:large","max-video-preview":"max-video-preview:-1"},"canonical":"https:\/\/www.gruppoliturgico.com\/es\/producto\/casulla-romana-5\/","og_locale":"es_ES","og_type":"article","og_title":"casulla romana - casullas romanas y Laboratorio Gruppo Liturgico","og_description":"Maravillosa casulla romana confeccionada con un preciado tejido brocado dorado producido por un artesano griego. Est\u00e1 adornada y embellecida con una rica pasamaner\u00eda dorada. Ya viene completa con estola, man\u00edpulo, bolsa y velo para el c\u00e1liz","og_url":"https:\/\/www.gruppoliturgico.com\/es\/producto\/casulla-romana-5\/","og_site_name":"Laboratorio Gruppo Liturgico","og_image":[{"width":568,"height":1024,"url":"https:\/\/www.gruppoliturgico.com\/wp-content\/uploads\/2025\/10\/4133_rit-568x1024.jpg","type":"image\/jpeg"}],"twitter_card":"summary_large_image","schema":{"@context":"https:\/\/schema.org","@graph":[{"@type":"WebPage","@id":"https:\/\/www.gruppoliturgico.com\/es\/producto\/casulla-romana-5\/","url":"https:\/\/www.gruppoliturgico.com\/es\/producto\/casulla-romana-5\/","name":"casulla romana - casullas romanas y Laboratorio Gruppo Liturgico","isPartOf":{"@id":"https:\/\/www.gruppoliturgico.com\/es\/#website"},"datePublished":"2025-10-01T14:17:48+00:00","dateModified":"2025-10-01T14:17:48+00:00","description":"Maravillosa casulla romana confeccionada con un preciado tejido brocado dorado producido por un artesano griego. Est\u00e1 adornada y embellecida con una rica pasamaner\u00eda dorada. Ya viene completa con estola, man\u00edpulo, bolsa y velo para el c\u00e1liz","breadcrumb":{"@id":"https:\/\/www.gruppoliturgico.com\/es\/producto\/casulla-romana-5\/#breadcrumb"},"inLanguage":"es","potentialAction":[{"@type":"ReadAction","target":["https:\/\/www.gruppoliturgico.com\/es\/producto\/casulla-romana-5\/"]}]},{"@type":"BreadcrumbList","@id":"https:\/\/www.gruppoliturgico.com\/es\/producto\/casulla-romana-5\/#breadcrumb","itemListElement":[{"@type":"ListItem","position":1,"name":"Home","item":"https:\/\/www.gruppoliturgico.com\/es\/"},{"@type":"ListItem","position":2,"name":"Tienda","item":"https:\/\/www.gruppoliturgico.com\/es\/tienda\/"},{"@type":"ListItem","position":3,"name":"casulla romana"}]},{"@type":"WebSite","@id":"https:\/\/www.gruppoliturgico.com\/es\/#website","url":"https:\/\/www.gruppoliturgico.com\/es\/","name":"Laboratorio Gruppo Liturgico","description":"Articoli Religiosi online","publisher":{"@id":"https:\/\/www.gruppoliturgico.com\/es\/#organization"},"potentialAction":[{"@type":"SearchAction","target":{"@type":"EntryPoint","urlTemplate":"https:\/\/www.gruppoliturgico.com\/es\/?s={search_term_string}"},"query-input":"required name=search_term_string"}],"inLanguage":"es"},{"@type":"Organization","@id":"https:\/\/www.gruppoliturgico.com\/es\/#organization","name":"Laboratorio Gruppo Liturgico","url":"https:\/\/www.gruppoliturgico.com\/es\/","logo":{"@type":"ImageObject","inLanguage":"es","@id":"https:\/\/www.gruppoliturgico.com\/es\/#\/schema\/logo\/image\/","url":"https:\/\/www.gruppoliturgico.com\/wp-content\/uploads\/2022\/02\/logo-laboratoriogruppoliturgico.png","contentUrl":"https:\/\/www.gruppoliturgico.com\/wp-content\/uploads\/2022\/02\/logo-laboratoriogruppoliturgico.png","width":400,"height":114,"caption":"Laboratorio Gruppo Liturgico"},"image":{"@id":"https:\/\/www.gruppoliturgico.com\/es\/#\/schema\/logo\/image\/"}}]}},"_links":{"self":[{"href":"https:\/\/www.gruppoliturgico.com\/es\/wp-json\/wp\/v2\/product\/140540"}],"collection":[{"href":"https:\/\/www.gruppoliturgico.com\/es\/wp-json\/wp\/v2\/product"}],"about":[{"href":"https:\/\/www.gruppoliturgico.com\/es\/wp-json\/wp\/v2\/types\/product"}],"wp:featuredmedia":[{"embeddable":true,"href":"https:\/\/www.gruppoliturgico.com\/es\/wp-json\/wp\/v2\/media\/140525"}],"wp:attachment":[{"href":"https:\/\/www.gruppoliturgico.com\/es\/wp-json\/wp\/v2\/media?parent=140540"}],"wp:term":[{"taxonomy":"product_cat","embeddable":true,"href":"https:\/\/www.gruppoliturgico.com\/es\/wp-json\/wp\/v2\/product_cat?post=140540"},{"taxonomy":"product_tag","embeddable":true,"href":"https:\/\/www.gruppoliturgico.com\/es\/wp-json\/wp\/v2\/product_tag?post=140540"}],"curies":[{"name":"wp","href":"https:\/\/api.w.org\/{rel}","templated":true}]}}