{"id":140500,"date":"2025-10-01T15:36:09","date_gmt":"2025-10-01T13:36:09","guid":{"rendered":"https:\/\/www.gruppoliturgico.com\/prodotto\/caliz-19\/"},"modified":"2025-10-01T15:36:09","modified_gmt":"2025-10-01T13:36:09","slug":"caliz-19","status":"publish","type":"product","link":"https:\/\/www.gruppoliturgico.com\/es\/producto\/caliz-19\/","title":{"rendered":"c\u00e1liz"},"content":{"rendered":"<html><body><p>Magn\u00edfico c\u00e1liz de estilo antiguo realizado \u00edntegramente en fundici\u00f3n a la cera perdida.<br>\nPresenta en la copa y en el tallo varios s\u00edmbolos relacionados con el V\u00eda Crucis.<br>\nEn el tallo y en la base hay cabezas de \u00e1ngeles ornamentales con racimos de uvas y hojas de vid.<br>\nDorado y plateado de alta calidad.<br>\nAltura: 30 cm<br>\nDi\u00e1metro de la copa: 9 cm<\/p>\n<p>\u00a0<\/p>\n<\/body><\/html>","protected":false},"excerpt":{"rendered":"<p>Magn\u00edfico c\u00e1liz de estilo antiguo realizado \u00edntegramente en fundici\u00f3n a la cera perdida.<br \/>\nPresenta en la copa y en el tallo varios s\u00edmbolos relacionados con el V\u00eda Crucis.<br \/>\nEn el tallo y en la base hay cabezas de \u00e1ngeles ornamentales con racimos de uvas y hojas de vid.<br \/>\nDorado y plateado de alta calidad.<br \/>\nAltura: 30 cm<br \/>\nDi\u00e1metro de la copa: 9 cm<\/p>\n","protected":false},"featured_media":140489,"template":"","meta":[],"product_cat":[12027],"product_tag":[],"yoast_head":"<!-- This site is optimized with the Yoast SEO plugin v20.4 - https:\/\/yoast.com\/wordpress\/plugins\/seo\/ -->\n<title>c\u00e1liz - colecci\u00f3n calices y Laboratorio Gruppo Liturgico<\/title>\n<meta name=\"description\" content=\"Magn\u00edfico c\u00e1liz de estilo antiguo realizado \u00edntegramente en fundici\u00f3n a la cera perdida. Presenta en la copa y en el tallo varios s\u00edmbolos relacionados con el V\u00eda Crucis. En el tallo y en la base hay cabezas de \u00e1ngeles ornamentales con racimos de uvas y hojas de vid. Dorado y plateado de alta calidad. Altura: 30 cm Di\u00e1metro de la copa: 9 cm\" \/>\n<meta name=\"robots\" content=\"index, follow, max-snippet:-1, max-image-preview:large, max-video-preview:-1\" \/>\n<link rel=\"canonical\" href=\"https:\/\/www.gruppoliturgico.com\/es\/producto\/caliz-19\/\" \/>\n<meta property=\"og:locale\" content=\"es_ES\" \/>\n<meta property=\"og:type\" content=\"article\" \/>\n<meta property=\"og:title\" content=\"c\u00e1liz - colecci\u00f3n calices y Laboratorio Gruppo Liturgico\" \/>\n<meta property=\"og:description\" content=\"Magn\u00edfico c\u00e1liz de estilo antiguo realizado \u00edntegramente en fundici\u00f3n a la cera perdida. Presenta en la copa y en el tallo varios s\u00edmbolos relacionados con el V\u00eda Crucis. En el tallo y en la base hay cabezas de \u00e1ngeles ornamentales con racimos de uvas y hojas de vid. Dorado y plateado de alta calidad. Altura: 30 cm Di\u00e1metro de la copa: 9 cm\" \/>\n<meta property=\"og:url\" content=\"https:\/\/www.gruppoliturgico.com\/es\/producto\/caliz-19\/\" \/>\n<meta property=\"og:site_name\" content=\"Laboratorio Gruppo Liturgico\" \/>\n<meta property=\"og:image\" content=\"https:\/\/www.gruppoliturgico.com\/wp-content\/uploads\/2025\/10\/4117-2.jpg\" \/>\n\t<meta property=\"og:image:width\" content=\"944\" \/>\n\t<meta property=\"og:image:height\" content=\"2000\" \/>\n\t<meta property=\"og:image:type\" content=\"image\/jpeg\" \/>\n<meta name=\"twitter:card\" content=\"summary_large_image\" \/>\n<script type=\"application\/ld+json\" class=\"yoast-schema-graph\">{\"@context\":\"https:\/\/schema.org\",\"@graph\":[{\"@type\":\"WebPage\",\"@id\":\"https:\/\/www.gruppoliturgico.com\/es\/producto\/caliz-19\/\",\"url\":\"https:\/\/www.gruppoliturgico.com\/es\/producto\/caliz-19\/\",\"name\":\"c\u00e1liz - colecci\u00f3n calices y Laboratorio Gruppo Liturgico\",\"isPartOf\":{\"@id\":\"https:\/\/www.gruppoliturgico.com\/es\/#website\"},\"datePublished\":\"2025-10-01T13:36:09+00:00\",\"dateModified\":\"2025-10-01T13:36:09+00:00\",\"description\":\"Magn\u00edfico c\u00e1liz de estilo antiguo realizado \u00edntegramente en fundici\u00f3n a la cera perdida. Presenta en la copa y en el tallo varios s\u00edmbolos relacionados con el V\u00eda Crucis. En el tallo y en la base hay cabezas de \u00e1ngeles ornamentales con racimos de uvas y hojas de vid. Dorado y plateado de alta calidad. Altura: 30 cm Di\u00e1metro de la copa: 9 cm\",\"breadcrumb\":{\"@id\":\"https:\/\/www.gruppoliturgico.com\/es\/producto\/caliz-19\/#breadcrumb\"},\"inLanguage\":\"es\",\"potentialAction\":[{\"@type\":\"ReadAction\",\"target\":[\"https:\/\/www.gruppoliturgico.com\/es\/producto\/caliz-19\/\"]}]},{\"@type\":\"BreadcrumbList\",\"@id\":\"https:\/\/www.gruppoliturgico.com\/es\/producto\/caliz-19\/#breadcrumb\",\"itemListElement\":[{\"@type\":\"ListItem\",\"position\":1,\"name\":\"Home\",\"item\":\"https:\/\/www.gruppoliturgico.com\/es\/\"},{\"@type\":\"ListItem\",\"position\":2,\"name\":\"Tienda\",\"item\":\"https:\/\/www.gruppoliturgico.com\/es\/tienda\/\"},{\"@type\":\"ListItem\",\"position\":3,\"name\":\"c\u00e1liz\"}]},{\"@type\":\"WebSite\",\"@id\":\"https:\/\/www.gruppoliturgico.com\/es\/#website\",\"url\":\"https:\/\/www.gruppoliturgico.com\/es\/\",\"name\":\"Laboratorio Gruppo Liturgico\",\"description\":\"Articoli Religiosi online\",\"publisher\":{\"@id\":\"https:\/\/www.gruppoliturgico.com\/es\/#organization\"},\"potentialAction\":[{\"@type\":\"SearchAction\",\"target\":{\"@type\":\"EntryPoint\",\"urlTemplate\":\"https:\/\/www.gruppoliturgico.com\/es\/?s={search_term_string}\"},\"query-input\":\"required name=search_term_string\"}],\"inLanguage\":\"es\"},{\"@type\":\"Organization\",\"@id\":\"https:\/\/www.gruppoliturgico.com\/es\/#organization\",\"name\":\"Laboratorio Gruppo Liturgico\",\"url\":\"https:\/\/www.gruppoliturgico.com\/es\/\",\"logo\":{\"@type\":\"ImageObject\",\"inLanguage\":\"es\",\"@id\":\"https:\/\/www.gruppoliturgico.com\/es\/#\/schema\/logo\/image\/\",\"url\":\"https:\/\/www.gruppoliturgico.com\/wp-content\/uploads\/2022\/02\/logo-laboratoriogruppoliturgico.png\",\"contentUrl\":\"https:\/\/www.gruppoliturgico.com\/wp-content\/uploads\/2022\/02\/logo-laboratoriogruppoliturgico.png\",\"width\":400,\"height\":114,\"caption\":\"Laboratorio Gruppo Liturgico\"},\"image\":{\"@id\":\"https:\/\/www.gruppoliturgico.com\/es\/#\/schema\/logo\/image\/\"}}]}<\/script>\n<!-- \/ Yoast SEO plugin. -->","yoast_head_json":{"title":"c\u00e1liz - colecci\u00f3n calices y Laboratorio Gruppo Liturgico","description":"Magn\u00edfico c\u00e1liz de estilo antiguo realizado \u00edntegramente en fundici\u00f3n a la cera perdida. Presenta en la copa y en el tallo varios s\u00edmbolos relacionados con el V\u00eda Crucis. En el tallo y en la base hay cabezas de \u00e1ngeles ornamentales con racimos de uvas y hojas de vid. Dorado y plateado de alta calidad. Altura: 30 cm Di\u00e1metro de la copa: 9 cm","robots":{"index":"index","follow":"follow","max-snippet":"max-snippet:-1","max-image-preview":"max-image-preview:large","max-video-preview":"max-video-preview:-1"},"canonical":"https:\/\/www.gruppoliturgico.com\/es\/producto\/caliz-19\/","og_locale":"es_ES","og_type":"article","og_title":"c\u00e1liz - colecci\u00f3n calices y Laboratorio Gruppo Liturgico","og_description":"Magn\u00edfico c\u00e1liz de estilo antiguo realizado \u00edntegramente en fundici\u00f3n a la cera perdida. Presenta en la copa y en el tallo varios s\u00edmbolos relacionados con el V\u00eda Crucis. En el tallo y en la base hay cabezas de \u00e1ngeles ornamentales con racimos de uvas y hojas de vid. Dorado y plateado de alta calidad. Altura: 30 cm Di\u00e1metro de la copa: 9 cm","og_url":"https:\/\/www.gruppoliturgico.com\/es\/producto\/caliz-19\/","og_site_name":"Laboratorio Gruppo Liturgico","og_image":[{"width":944,"height":2000,"url":"https:\/\/www.gruppoliturgico.com\/wp-content\/uploads\/2025\/10\/4117-2.jpg","type":"image\/jpeg"}],"twitter_card":"summary_large_image","schema":{"@context":"https:\/\/schema.org","@graph":[{"@type":"WebPage","@id":"https:\/\/www.gruppoliturgico.com\/es\/producto\/caliz-19\/","url":"https:\/\/www.gruppoliturgico.com\/es\/producto\/caliz-19\/","name":"c\u00e1liz - colecci\u00f3n calices y Laboratorio Gruppo Liturgico","isPartOf":{"@id":"https:\/\/www.gruppoliturgico.com\/es\/#website"},"datePublished":"2025-10-01T13:36:09+00:00","dateModified":"2025-10-01T13:36:09+00:00","description":"Magn\u00edfico c\u00e1liz de estilo antiguo realizado \u00edntegramente en fundici\u00f3n a la cera perdida. Presenta en la copa y en el tallo varios s\u00edmbolos relacionados con el V\u00eda Crucis. En el tallo y en la base hay cabezas de \u00e1ngeles ornamentales con racimos de uvas y hojas de vid. Dorado y plateado de alta calidad. Altura: 30 cm Di\u00e1metro de la copa: 9 cm","breadcrumb":{"@id":"https:\/\/www.gruppoliturgico.com\/es\/producto\/caliz-19\/#breadcrumb"},"inLanguage":"es","potentialAction":[{"@type":"ReadAction","target":["https:\/\/www.gruppoliturgico.com\/es\/producto\/caliz-19\/"]}]},{"@type":"BreadcrumbList","@id":"https:\/\/www.gruppoliturgico.com\/es\/producto\/caliz-19\/#breadcrumb","itemListElement":[{"@type":"ListItem","position":1,"name":"Home","item":"https:\/\/www.gruppoliturgico.com\/es\/"},{"@type":"ListItem","position":2,"name":"Tienda","item":"https:\/\/www.gruppoliturgico.com\/es\/tienda\/"},{"@type":"ListItem","position":3,"name":"c\u00e1liz"}]},{"@type":"WebSite","@id":"https:\/\/www.gruppoliturgico.com\/es\/#website","url":"https:\/\/www.gruppoliturgico.com\/es\/","name":"Laboratorio Gruppo Liturgico","description":"Articoli Religiosi online","publisher":{"@id":"https:\/\/www.gruppoliturgico.com\/es\/#organization"},"potentialAction":[{"@type":"SearchAction","target":{"@type":"EntryPoint","urlTemplate":"https:\/\/www.gruppoliturgico.com\/es\/?s={search_term_string}"},"query-input":"required name=search_term_string"}],"inLanguage":"es"},{"@type":"Organization","@id":"https:\/\/www.gruppoliturgico.com\/es\/#organization","name":"Laboratorio Gruppo Liturgico","url":"https:\/\/www.gruppoliturgico.com\/es\/","logo":{"@type":"ImageObject","inLanguage":"es","@id":"https:\/\/www.gruppoliturgico.com\/es\/#\/schema\/logo\/image\/","url":"https:\/\/www.gruppoliturgico.com\/wp-content\/uploads\/2022\/02\/logo-laboratoriogruppoliturgico.png","contentUrl":"https:\/\/www.gruppoliturgico.com\/wp-content\/uploads\/2022\/02\/logo-laboratoriogruppoliturgico.png","width":400,"height":114,"caption":"Laboratorio Gruppo Liturgico"},"image":{"@id":"https:\/\/www.gruppoliturgico.com\/es\/#\/schema\/logo\/image\/"}}]}},"_links":{"self":[{"href":"https:\/\/www.gruppoliturgico.com\/es\/wp-json\/wp\/v2\/product\/140500"}],"collection":[{"href":"https:\/\/www.gruppoliturgico.com\/es\/wp-json\/wp\/v2\/product"}],"about":[{"href":"https:\/\/www.gruppoliturgico.com\/es\/wp-json\/wp\/v2\/types\/product"}],"wp:featuredmedia":[{"embeddable":true,"href":"https:\/\/www.gruppoliturgico.com\/es\/wp-json\/wp\/v2\/media\/140489"}],"wp:attachment":[{"href":"https:\/\/www.gruppoliturgico.com\/es\/wp-json\/wp\/v2\/media?parent=140500"}],"wp:term":[{"taxonomy":"product_cat","embeddable":true,"href":"https:\/\/www.gruppoliturgico.com\/es\/wp-json\/wp\/v2\/product_cat?post=140500"},{"taxonomy":"product_tag","embeddable":true,"href":"https:\/\/www.gruppoliturgico.com\/es\/wp-json\/wp\/v2\/product_tag?post=140500"}],"curies":[{"name":"wp","href":"https:\/\/api.w.org\/{rel}","templated":true}]}}