{"id":140475,"date":"2025-10-01T15:15:25","date_gmt":"2025-10-01T13:15:25","guid":{"rendered":"https:\/\/www.gruppoliturgico.com\/prodotto\/caliz-18\/"},"modified":"2025-10-01T15:15:25","modified_gmt":"2025-10-01T13:15:25","slug":"caliz-18","status":"publish","type":"product","link":"https:\/\/www.gruppoliturgico.com\/es\/producto\/caliz-18\/","title":{"rendered":"C\u00e1liz"},"content":{"rendered":"<html><body><p>C\u00e1liz fabricado \u00edntegramente en lat\u00f3n dorado de alta calidad.<br>\nEl tallo y la base est\u00e1n totalmente satinados a mano.<br>\nNudo central en fundici\u00f3n maciza que representa \u00abLa \u00faltima cena\u00bb.<br>\nDorado de alta calidad.<br>\nAltura 20 cm<br>\nCopa dorada en oro fino con un di\u00e1metro de 10 cm<\/p>\n<\/body><\/html>","protected":false},"excerpt":{"rendered":"<p>C\u00e1liz fabricado \u00edntegramente en lat\u00f3n dorado de alta calidad.<br \/>\nEl tallo y la base est\u00e1n totalmente satinados a mano.<br \/>\nNudo central en fundici\u00f3n maciza que representa \u00abLa \u00faltima cena\u00bb.<br \/>\nDorado de alta calidad.<br \/>\nAltura 20 cm<br \/>\nCopa dorada en oro fino con un di\u00e1metro de 10 cm<\/p>\n","protected":false},"featured_media":140472,"template":"","meta":[],"product_cat":[12027],"product_tag":[],"yoast_head":"<!-- This site is optimized with the Yoast SEO plugin v20.4 - https:\/\/yoast.com\/wordpress\/plugins\/seo\/ -->\n<title>C\u00e1liz - colecci\u00f3n calices y Laboratorio Gruppo Liturgico<\/title>\n<meta name=\"description\" content=\"C\u00e1liz fabricado \u00edntegramente en lat\u00f3n dorado de alta calidad. El tallo y la base est\u00e1n totalmente satinados a mano. Nudo central en fundici\u00f3n maciza que representa \u00abLa \u00faltima cena\u00bb. Dorado de alta calidad. Altura 20 cm Copa dorada en oro fino con un di\u00e1metro de 10 cm\" \/>\n<meta name=\"robots\" content=\"index, follow, max-snippet:-1, max-image-preview:large, max-video-preview:-1\" \/>\n<link rel=\"canonical\" href=\"https:\/\/www.gruppoliturgico.com\/es\/producto\/caliz-18\/\" \/>\n<meta property=\"og:locale\" content=\"es_ES\" \/>\n<meta property=\"og:type\" content=\"article\" \/>\n<meta property=\"og:title\" content=\"C\u00e1liz - colecci\u00f3n calices y Laboratorio Gruppo Liturgico\" \/>\n<meta property=\"og:description\" content=\"C\u00e1liz fabricado \u00edntegramente en lat\u00f3n dorado de alta calidad. El tallo y la base est\u00e1n totalmente satinados a mano. Nudo central en fundici\u00f3n maciza que representa \u00abLa \u00faltima cena\u00bb. Dorado de alta calidad. Altura 20 cm Copa dorada en oro fino con un di\u00e1metro de 10 cm\" \/>\n<meta property=\"og:url\" content=\"https:\/\/www.gruppoliturgico.com\/es\/producto\/caliz-18\/\" \/>\n<meta property=\"og:site_name\" content=\"Laboratorio Gruppo Liturgico\" \/>\n<meta property=\"og:image\" content=\"https:\/\/www.gruppoliturgico.com\/wp-content\/uploads\/2025\/10\/4115.jpg\" \/>\n\t<meta property=\"og:image:width\" content=\"1123\" \/>\n\t<meta property=\"og:image:height\" content=\"2000\" \/>\n\t<meta property=\"og:image:type\" content=\"image\/jpeg\" \/>\n<meta name=\"twitter:card\" content=\"summary_large_image\" \/>\n<script type=\"application\/ld+json\" class=\"yoast-schema-graph\">{\"@context\":\"https:\/\/schema.org\",\"@graph\":[{\"@type\":\"WebPage\",\"@id\":\"https:\/\/www.gruppoliturgico.com\/es\/producto\/caliz-18\/\",\"url\":\"https:\/\/www.gruppoliturgico.com\/es\/producto\/caliz-18\/\",\"name\":\"C\u00e1liz - colecci\u00f3n calices y Laboratorio Gruppo Liturgico\",\"isPartOf\":{\"@id\":\"https:\/\/www.gruppoliturgico.com\/es\/#website\"},\"datePublished\":\"2025-10-01T13:15:25+00:00\",\"dateModified\":\"2025-10-01T13:15:25+00:00\",\"description\":\"C\u00e1liz fabricado \u00edntegramente en lat\u00f3n dorado de alta calidad. El tallo y la base est\u00e1n totalmente satinados a mano. Nudo central en fundici\u00f3n maciza que representa \u00abLa \u00faltima cena\u00bb. Dorado de alta calidad. Altura 20 cm Copa dorada en oro fino con un di\u00e1metro de 10 cm\",\"breadcrumb\":{\"@id\":\"https:\/\/www.gruppoliturgico.com\/es\/producto\/caliz-18\/#breadcrumb\"},\"inLanguage\":\"es\",\"potentialAction\":[{\"@type\":\"ReadAction\",\"target\":[\"https:\/\/www.gruppoliturgico.com\/es\/producto\/caliz-18\/\"]}]},{\"@type\":\"BreadcrumbList\",\"@id\":\"https:\/\/www.gruppoliturgico.com\/es\/producto\/caliz-18\/#breadcrumb\",\"itemListElement\":[{\"@type\":\"ListItem\",\"position\":1,\"name\":\"Home\",\"item\":\"https:\/\/www.gruppoliturgico.com\/es\/\"},{\"@type\":\"ListItem\",\"position\":2,\"name\":\"Tienda\",\"item\":\"https:\/\/www.gruppoliturgico.com\/es\/tienda\/\"},{\"@type\":\"ListItem\",\"position\":3,\"name\":\"C\u00e1liz\"}]},{\"@type\":\"WebSite\",\"@id\":\"https:\/\/www.gruppoliturgico.com\/es\/#website\",\"url\":\"https:\/\/www.gruppoliturgico.com\/es\/\",\"name\":\"Laboratorio Gruppo Liturgico\",\"description\":\"Articoli Religiosi online\",\"publisher\":{\"@id\":\"https:\/\/www.gruppoliturgico.com\/es\/#organization\"},\"potentialAction\":[{\"@type\":\"SearchAction\",\"target\":{\"@type\":\"EntryPoint\",\"urlTemplate\":\"https:\/\/www.gruppoliturgico.com\/es\/?s={search_term_string}\"},\"query-input\":\"required name=search_term_string\"}],\"inLanguage\":\"es\"},{\"@type\":\"Organization\",\"@id\":\"https:\/\/www.gruppoliturgico.com\/es\/#organization\",\"name\":\"Laboratorio Gruppo Liturgico\",\"url\":\"https:\/\/www.gruppoliturgico.com\/es\/\",\"logo\":{\"@type\":\"ImageObject\",\"inLanguage\":\"es\",\"@id\":\"https:\/\/www.gruppoliturgico.com\/es\/#\/schema\/logo\/image\/\",\"url\":\"https:\/\/www.gruppoliturgico.com\/wp-content\/uploads\/2022\/02\/logo-laboratoriogruppoliturgico.png\",\"contentUrl\":\"https:\/\/www.gruppoliturgico.com\/wp-content\/uploads\/2022\/02\/logo-laboratoriogruppoliturgico.png\",\"width\":400,\"height\":114,\"caption\":\"Laboratorio Gruppo Liturgico\"},\"image\":{\"@id\":\"https:\/\/www.gruppoliturgico.com\/es\/#\/schema\/logo\/image\/\"}}]}<\/script>\n<!-- \/ Yoast SEO plugin. -->","yoast_head_json":{"title":"C\u00e1liz - colecci\u00f3n calices y Laboratorio Gruppo Liturgico","description":"C\u00e1liz fabricado \u00edntegramente en lat\u00f3n dorado de alta calidad. El tallo y la base est\u00e1n totalmente satinados a mano. Nudo central en fundici\u00f3n maciza que representa \u00abLa \u00faltima cena\u00bb. Dorado de alta calidad. Altura 20 cm Copa dorada en oro fino con un di\u00e1metro de 10 cm","robots":{"index":"index","follow":"follow","max-snippet":"max-snippet:-1","max-image-preview":"max-image-preview:large","max-video-preview":"max-video-preview:-1"},"canonical":"https:\/\/www.gruppoliturgico.com\/es\/producto\/caliz-18\/","og_locale":"es_ES","og_type":"article","og_title":"C\u00e1liz - colecci\u00f3n calices y Laboratorio Gruppo Liturgico","og_description":"C\u00e1liz fabricado \u00edntegramente en lat\u00f3n dorado de alta calidad. El tallo y la base est\u00e1n totalmente satinados a mano. Nudo central en fundici\u00f3n maciza que representa \u00abLa \u00faltima cena\u00bb. Dorado de alta calidad. Altura 20 cm Copa dorada en oro fino con un di\u00e1metro de 10 cm","og_url":"https:\/\/www.gruppoliturgico.com\/es\/producto\/caliz-18\/","og_site_name":"Laboratorio Gruppo Liturgico","og_image":[{"width":1123,"height":2000,"url":"https:\/\/www.gruppoliturgico.com\/wp-content\/uploads\/2025\/10\/4115.jpg","type":"image\/jpeg"}],"twitter_card":"summary_large_image","schema":{"@context":"https:\/\/schema.org","@graph":[{"@type":"WebPage","@id":"https:\/\/www.gruppoliturgico.com\/es\/producto\/caliz-18\/","url":"https:\/\/www.gruppoliturgico.com\/es\/producto\/caliz-18\/","name":"C\u00e1liz - colecci\u00f3n calices y Laboratorio Gruppo Liturgico","isPartOf":{"@id":"https:\/\/www.gruppoliturgico.com\/es\/#website"},"datePublished":"2025-10-01T13:15:25+00:00","dateModified":"2025-10-01T13:15:25+00:00","description":"C\u00e1liz fabricado \u00edntegramente en lat\u00f3n dorado de alta calidad. El tallo y la base est\u00e1n totalmente satinados a mano. Nudo central en fundici\u00f3n maciza que representa \u00abLa \u00faltima cena\u00bb. Dorado de alta calidad. Altura 20 cm Copa dorada en oro fino con un di\u00e1metro de 10 cm","breadcrumb":{"@id":"https:\/\/www.gruppoliturgico.com\/es\/producto\/caliz-18\/#breadcrumb"},"inLanguage":"es","potentialAction":[{"@type":"ReadAction","target":["https:\/\/www.gruppoliturgico.com\/es\/producto\/caliz-18\/"]}]},{"@type":"BreadcrumbList","@id":"https:\/\/www.gruppoliturgico.com\/es\/producto\/caliz-18\/#breadcrumb","itemListElement":[{"@type":"ListItem","position":1,"name":"Home","item":"https:\/\/www.gruppoliturgico.com\/es\/"},{"@type":"ListItem","position":2,"name":"Tienda","item":"https:\/\/www.gruppoliturgico.com\/es\/tienda\/"},{"@type":"ListItem","position":3,"name":"C\u00e1liz"}]},{"@type":"WebSite","@id":"https:\/\/www.gruppoliturgico.com\/es\/#website","url":"https:\/\/www.gruppoliturgico.com\/es\/","name":"Laboratorio Gruppo Liturgico","description":"Articoli Religiosi online","publisher":{"@id":"https:\/\/www.gruppoliturgico.com\/es\/#organization"},"potentialAction":[{"@type":"SearchAction","target":{"@type":"EntryPoint","urlTemplate":"https:\/\/www.gruppoliturgico.com\/es\/?s={search_term_string}"},"query-input":"required name=search_term_string"}],"inLanguage":"es"},{"@type":"Organization","@id":"https:\/\/www.gruppoliturgico.com\/es\/#organization","name":"Laboratorio Gruppo Liturgico","url":"https:\/\/www.gruppoliturgico.com\/es\/","logo":{"@type":"ImageObject","inLanguage":"es","@id":"https:\/\/www.gruppoliturgico.com\/es\/#\/schema\/logo\/image\/","url":"https:\/\/www.gruppoliturgico.com\/wp-content\/uploads\/2022\/02\/logo-laboratoriogruppoliturgico.png","contentUrl":"https:\/\/www.gruppoliturgico.com\/wp-content\/uploads\/2022\/02\/logo-laboratoriogruppoliturgico.png","width":400,"height":114,"caption":"Laboratorio Gruppo Liturgico"},"image":{"@id":"https:\/\/www.gruppoliturgico.com\/es\/#\/schema\/logo\/image\/"}}]}},"_links":{"self":[{"href":"https:\/\/www.gruppoliturgico.com\/es\/wp-json\/wp\/v2\/product\/140475"}],"collection":[{"href":"https:\/\/www.gruppoliturgico.com\/es\/wp-json\/wp\/v2\/product"}],"about":[{"href":"https:\/\/www.gruppoliturgico.com\/es\/wp-json\/wp\/v2\/types\/product"}],"wp:featuredmedia":[{"embeddable":true,"href":"https:\/\/www.gruppoliturgico.com\/es\/wp-json\/wp\/v2\/media\/140472"}],"wp:attachment":[{"href":"https:\/\/www.gruppoliturgico.com\/es\/wp-json\/wp\/v2\/media?parent=140475"}],"wp:term":[{"taxonomy":"product_cat","embeddable":true,"href":"https:\/\/www.gruppoliturgico.com\/es\/wp-json\/wp\/v2\/product_cat?post=140475"},{"taxonomy":"product_tag","embeddable":true,"href":"https:\/\/www.gruppoliturgico.com\/es\/wp-json\/wp\/v2\/product_tag?post=140475"}],"curies":[{"name":"wp","href":"https:\/\/api.w.org\/{rel}","templated":true}]}}