{"id":140281,"date":"2025-09-29T17:06:25","date_gmt":"2025-09-29T15:06:25","guid":{"rendered":"https:\/\/www.gruppoliturgico.com\/prodotto\/140281\/"},"modified":"2025-09-29T17:06:25","modified_gmt":"2025-09-29T15:06:25","slug":"140281","status":"publish","type":"product","link":"https:\/\/www.gruppoliturgico.com\/es\/producto\/140281\/","title":{"rendered":""},"content":{"rendered":"<html><body><p>Casulla extremadamente elegante, confeccionada con un suave tejido de alta calidad en color crudo, totalmente bordada con motivos florales como los damascos.<br>\nSu composici\u00f3n es una mezcla de fibras naturales, como el lino y la seda, y viscosa.<br>\nEsta casulla presenta un suntuoso bordado en hilo dorado, presente en el cuello y en el estol\u00f3n central, que se repite en ambos lados, completado con strass ornamentales.<br>\nRica pasamaner\u00eda trenzada en color oro antiguo.<br>\nTodos los acabados est\u00e1n realizados a mano.<br>\nTiene un corte amplio, mide 130 cm de largo y 145 de ancho.<br>\nSe completa con una estola ricamente bordada que tambi\u00e9n se puede utilizar por separado.<br>\nUn paramento de absoluta elegancia y prestigio.<\/p>\n<\/body><\/html>","protected":false},"excerpt":{"rendered":"<p>Casulla extremadamente elegante, confeccionada con un suave tejido de alta calidad en color crudo, totalmente bordada con motivos florales como los damascos.<br \/>\nSu composici\u00f3n es una mezcla de fibras naturales, como el lino y la seda, y viscosa.<br \/>\nEsta casulla presenta un suntuoso bordado en hilo dorado, presente en el cuello y en el estol\u00f3n central, que se repite en ambos lados, completado con strass ornamentales.<br \/>\nRica pasamaner\u00eda trenzada en color oro antiguo.<br \/>\nTodos los acabados est\u00e1n realizados a mano.<br \/>\nTiene un corte amplio, mide 130 cm de largo y 145 de ancho.<br \/>\nSe completa con una estola ricamente bordada que tambi\u00e9n se puede utilizar por separado.<br \/>\nUn paramento de absoluta elegancia y prestigio.<\/p>\n","protected":false},"featured_media":140266,"template":"","meta":[],"product_cat":[12243],"product_tag":[],"yoast_head":"<!-- This site is optimized with the Yoast SEO plugin v20.4 - https:\/\/yoast.com\/wordpress\/plugins\/seo\/ -->\n<title>- colecci\u00f3n cl\u00e1sica y Laboratorio Gruppo Liturgico<\/title>\n<meta name=\"description\" content=\"Casulla extremadamente elegante, confeccionada con un suave tejido de alta calidad en color crudo, totalmente bordada con motivos florales como los damascos. Su composici\u00f3n es una mezcla de fibras naturales, como el lino y la seda, y viscosa. Esta casulla presenta un suntuoso bordado en hilo dorado, presente en el cuello y en el estol\u00f3n central, que se repite en ambos lados, completado con strass ornamentales. Rica pasamaner\u00eda trenzada en color oro antiguo. Todos los acabados est\u00e1n realizados a mano. Tiene un corte amplio, mide 130 cm de largo y 145 de ancho. Se completa con una estola ricamente bordada que tambi\u00e9n se puede utilizar por separado. Un paramento de absoluta elegancia y prestigio.\" \/>\n<meta name=\"robots\" content=\"index, follow, max-snippet:-1, max-image-preview:large, max-video-preview:-1\" \/>\n<link rel=\"canonical\" href=\"https:\/\/www.gruppoliturgico.com\/es\/producto\/140281\/\" \/>\n<meta property=\"og:locale\" content=\"es_ES\" \/>\n<meta property=\"og:type\" content=\"article\" \/>\n<meta property=\"og:title\" content=\"- colecci\u00f3n cl\u00e1sica y Laboratorio Gruppo Liturgico\" \/>\n<meta property=\"og:description\" content=\"Casulla extremadamente elegante, confeccionada con un suave tejido de alta calidad en color crudo, totalmente bordada con motivos florales como los damascos. Su composici\u00f3n es una mezcla de fibras naturales, como el lino y la seda, y viscosa. Esta casulla presenta un suntuoso bordado en hilo dorado, presente en el cuello y en el estol\u00f3n central, que se repite en ambos lados, completado con strass ornamentales. Rica pasamaner\u00eda trenzada en color oro antiguo. Todos los acabados est\u00e1n realizados a mano. Tiene un corte amplio, mide 130 cm de largo y 145 de ancho. Se completa con una estola ricamente bordada que tambi\u00e9n se puede utilizar por separado. Un paramento de absoluta elegancia y prestigio.\" \/>\n<meta property=\"og:url\" content=\"https:\/\/www.gruppoliturgico.com\/es\/producto\/140281\/\" \/>\n<meta property=\"og:site_name\" content=\"Laboratorio Gruppo Liturgico\" \/>\n<meta property=\"og:image\" content=\"https:\/\/www.gruppoliturgico.com\/wp-content\/uploads\/2025\/09\/4111-b-nv_rit.jpg\" \/>\n\t<meta property=\"og:image:width\" content=\"1270\" \/>\n\t<meta property=\"og:image:height\" content=\"1674\" \/>\n\t<meta property=\"og:image:type\" content=\"image\/jpeg\" \/>\n<meta name=\"twitter:card\" content=\"summary_large_image\" \/>\n<meta name=\"twitter:label1\" content=\"Tiempo de lectura\" \/>\n\t<meta name=\"twitter:data1\" content=\"1 minuto\" \/>\n<script type=\"application\/ld+json\" class=\"yoast-schema-graph\">{\"@context\":\"https:\/\/schema.org\",\"@graph\":[{\"@type\":\"WebPage\",\"@id\":\"https:\/\/www.gruppoliturgico.com\/es\/producto\/140281\/\",\"url\":\"https:\/\/www.gruppoliturgico.com\/es\/producto\/140281\/\",\"name\":\"- colecci\u00f3n cl\u00e1sica y Laboratorio Gruppo Liturgico\",\"isPartOf\":{\"@id\":\"https:\/\/www.gruppoliturgico.com\/es\/#website\"},\"datePublished\":\"2025-09-29T15:06:25+00:00\",\"dateModified\":\"2025-09-29T15:06:25+00:00\",\"description\":\"Casulla extremadamente elegante, confeccionada con un suave tejido de alta calidad en color crudo, totalmente bordada con motivos florales como los damascos. Su composici\u00f3n es una mezcla de fibras naturales, como el lino y la seda, y viscosa. Esta casulla presenta un suntuoso bordado en hilo dorado, presente en el cuello y en el estol\u00f3n central, que se repite en ambos lados, completado con strass ornamentales. Rica pasamaner\u00eda trenzada en color oro antiguo. Todos los acabados est\u00e1n realizados a mano. Tiene un corte amplio, mide 130 cm de largo y 145 de ancho. Se completa con una estola ricamente bordada que tambi\u00e9n se puede utilizar por separado. Un paramento de absoluta elegancia y prestigio.\",\"breadcrumb\":{\"@id\":\"https:\/\/www.gruppoliturgico.com\/es\/producto\/140281\/#breadcrumb\"},\"inLanguage\":\"es\",\"potentialAction\":[{\"@type\":\"ReadAction\",\"target\":[\"https:\/\/www.gruppoliturgico.com\/es\/producto\/140281\/\"]}]},{\"@type\":\"BreadcrumbList\",\"@id\":\"https:\/\/www.gruppoliturgico.com\/es\/producto\/140281\/#breadcrumb\",\"itemListElement\":[{\"@type\":\"ListItem\",\"position\":1,\"name\":\"Home\",\"item\":\"https:\/\/www.gruppoliturgico.com\/es\/\"},{\"@type\":\"ListItem\",\"position\":2,\"name\":\"Tienda\",\"item\":\"https:\/\/www.gruppoliturgico.com\/es\/tienda\/\"}]},{\"@type\":\"WebSite\",\"@id\":\"https:\/\/www.gruppoliturgico.com\/es\/#website\",\"url\":\"https:\/\/www.gruppoliturgico.com\/es\/\",\"name\":\"Laboratorio Gruppo Liturgico\",\"description\":\"Articoli Religiosi online\",\"publisher\":{\"@id\":\"https:\/\/www.gruppoliturgico.com\/es\/#organization\"},\"potentialAction\":[{\"@type\":\"SearchAction\",\"target\":{\"@type\":\"EntryPoint\",\"urlTemplate\":\"https:\/\/www.gruppoliturgico.com\/es\/?s={search_term_string}\"},\"query-input\":\"required name=search_term_string\"}],\"inLanguage\":\"es\"},{\"@type\":\"Organization\",\"@id\":\"https:\/\/www.gruppoliturgico.com\/es\/#organization\",\"name\":\"Laboratorio Gruppo Liturgico\",\"url\":\"https:\/\/www.gruppoliturgico.com\/es\/\",\"logo\":{\"@type\":\"ImageObject\",\"inLanguage\":\"es\",\"@id\":\"https:\/\/www.gruppoliturgico.com\/es\/#\/schema\/logo\/image\/\",\"url\":\"https:\/\/www.gruppoliturgico.com\/wp-content\/uploads\/2022\/02\/logo-laboratoriogruppoliturgico.png\",\"contentUrl\":\"https:\/\/www.gruppoliturgico.com\/wp-content\/uploads\/2022\/02\/logo-laboratoriogruppoliturgico.png\",\"width\":400,\"height\":114,\"caption\":\"Laboratorio Gruppo Liturgico\"},\"image\":{\"@id\":\"https:\/\/www.gruppoliturgico.com\/es\/#\/schema\/logo\/image\/\"}}]}<\/script>\n<!-- \/ Yoast SEO plugin. -->","yoast_head_json":{"title":"- colecci\u00f3n cl\u00e1sica y Laboratorio Gruppo Liturgico","description":"Casulla extremadamente elegante, confeccionada con un suave tejido de alta calidad en color crudo, totalmente bordada con motivos florales como los damascos. Su composici\u00f3n es una mezcla de fibras naturales, como el lino y la seda, y viscosa. Esta casulla presenta un suntuoso bordado en hilo dorado, presente en el cuello y en el estol\u00f3n central, que se repite en ambos lados, completado con strass ornamentales. Rica pasamaner\u00eda trenzada en color oro antiguo. Todos los acabados est\u00e1n realizados a mano. Tiene un corte amplio, mide 130 cm de largo y 145 de ancho. Se completa con una estola ricamente bordada que tambi\u00e9n se puede utilizar por separado. Un paramento de absoluta elegancia y prestigio.","robots":{"index":"index","follow":"follow","max-snippet":"max-snippet:-1","max-image-preview":"max-image-preview:large","max-video-preview":"max-video-preview:-1"},"canonical":"https:\/\/www.gruppoliturgico.com\/es\/producto\/140281\/","og_locale":"es_ES","og_type":"article","og_title":"- colecci\u00f3n cl\u00e1sica y Laboratorio Gruppo Liturgico","og_description":"Casulla extremadamente elegante, confeccionada con un suave tejido de alta calidad en color crudo, totalmente bordada con motivos florales como los damascos. Su composici\u00f3n es una mezcla de fibras naturales, como el lino y la seda, y viscosa. Esta casulla presenta un suntuoso bordado en hilo dorado, presente en el cuello y en el estol\u00f3n central, que se repite en ambos lados, completado con strass ornamentales. Rica pasamaner\u00eda trenzada en color oro antiguo. Todos los acabados est\u00e1n realizados a mano. Tiene un corte amplio, mide 130 cm de largo y 145 de ancho. Se completa con una estola ricamente bordada que tambi\u00e9n se puede utilizar por separado. Un paramento de absoluta elegancia y prestigio.","og_url":"https:\/\/www.gruppoliturgico.com\/es\/producto\/140281\/","og_site_name":"Laboratorio Gruppo Liturgico","og_image":[{"width":1270,"height":1674,"url":"https:\/\/www.gruppoliturgico.com\/wp-content\/uploads\/2025\/09\/4111-b-nv_rit.jpg","type":"image\/jpeg"}],"twitter_card":"summary_large_image","twitter_misc":{"Tiempo de lectura":"1 minuto"},"schema":{"@context":"https:\/\/schema.org","@graph":[{"@type":"WebPage","@id":"https:\/\/www.gruppoliturgico.com\/es\/producto\/140281\/","url":"https:\/\/www.gruppoliturgico.com\/es\/producto\/140281\/","name":"- colecci\u00f3n cl\u00e1sica y Laboratorio Gruppo Liturgico","isPartOf":{"@id":"https:\/\/www.gruppoliturgico.com\/es\/#website"},"datePublished":"2025-09-29T15:06:25+00:00","dateModified":"2025-09-29T15:06:25+00:00","description":"Casulla extremadamente elegante, confeccionada con un suave tejido de alta calidad en color crudo, totalmente bordada con motivos florales como los damascos. Su composici\u00f3n es una mezcla de fibras naturales, como el lino y la seda, y viscosa. Esta casulla presenta un suntuoso bordado en hilo dorado, presente en el cuello y en el estol\u00f3n central, que se repite en ambos lados, completado con strass ornamentales. Rica pasamaner\u00eda trenzada en color oro antiguo. Todos los acabados est\u00e1n realizados a mano. Tiene un corte amplio, mide 130 cm de largo y 145 de ancho. Se completa con una estola ricamente bordada que tambi\u00e9n se puede utilizar por separado. Un paramento de absoluta elegancia y prestigio.","breadcrumb":{"@id":"https:\/\/www.gruppoliturgico.com\/es\/producto\/140281\/#breadcrumb"},"inLanguage":"es","potentialAction":[{"@type":"ReadAction","target":["https:\/\/www.gruppoliturgico.com\/es\/producto\/140281\/"]}]},{"@type":"BreadcrumbList","@id":"https:\/\/www.gruppoliturgico.com\/es\/producto\/140281\/#breadcrumb","itemListElement":[{"@type":"ListItem","position":1,"name":"Home","item":"https:\/\/www.gruppoliturgico.com\/es\/"},{"@type":"ListItem","position":2,"name":"Tienda","item":"https:\/\/www.gruppoliturgico.com\/es\/tienda\/"}]},{"@type":"WebSite","@id":"https:\/\/www.gruppoliturgico.com\/es\/#website","url":"https:\/\/www.gruppoliturgico.com\/es\/","name":"Laboratorio Gruppo Liturgico","description":"Articoli Religiosi online","publisher":{"@id":"https:\/\/www.gruppoliturgico.com\/es\/#organization"},"potentialAction":[{"@type":"SearchAction","target":{"@type":"EntryPoint","urlTemplate":"https:\/\/www.gruppoliturgico.com\/es\/?s={search_term_string}"},"query-input":"required name=search_term_string"}],"inLanguage":"es"},{"@type":"Organization","@id":"https:\/\/www.gruppoliturgico.com\/es\/#organization","name":"Laboratorio Gruppo Liturgico","url":"https:\/\/www.gruppoliturgico.com\/es\/","logo":{"@type":"ImageObject","inLanguage":"es","@id":"https:\/\/www.gruppoliturgico.com\/es\/#\/schema\/logo\/image\/","url":"https:\/\/www.gruppoliturgico.com\/wp-content\/uploads\/2022\/02\/logo-laboratoriogruppoliturgico.png","contentUrl":"https:\/\/www.gruppoliturgico.com\/wp-content\/uploads\/2022\/02\/logo-laboratoriogruppoliturgico.png","width":400,"height":114,"caption":"Laboratorio Gruppo Liturgico"},"image":{"@id":"https:\/\/www.gruppoliturgico.com\/es\/#\/schema\/logo\/image\/"}}]}},"_links":{"self":[{"href":"https:\/\/www.gruppoliturgico.com\/es\/wp-json\/wp\/v2\/product\/140281"}],"collection":[{"href":"https:\/\/www.gruppoliturgico.com\/es\/wp-json\/wp\/v2\/product"}],"about":[{"href":"https:\/\/www.gruppoliturgico.com\/es\/wp-json\/wp\/v2\/types\/product"}],"wp:featuredmedia":[{"embeddable":true,"href":"https:\/\/www.gruppoliturgico.com\/es\/wp-json\/wp\/v2\/media\/140266"}],"wp:attachment":[{"href":"https:\/\/www.gruppoliturgico.com\/es\/wp-json\/wp\/v2\/media?parent=140281"}],"wp:term":[{"taxonomy":"product_cat","embeddable":true,"href":"https:\/\/www.gruppoliturgico.com\/es\/wp-json\/wp\/v2\/product_cat?post=140281"},{"taxonomy":"product_tag","embeddable":true,"href":"https:\/\/www.gruppoliturgico.com\/es\/wp-json\/wp\/v2\/product_tag?post=140281"}],"curies":[{"name":"wp","href":"https:\/\/api.w.org\/{rel}","templated":true}]}}