{"id":137668,"date":"2024-12-04T16:21:23","date_gmt":"2024-12-04T15:21:23","guid":{"rendered":"https:\/\/www.gruppoliturgico.com\/prodotto\/copon-angeli\/"},"modified":"2024-12-04T16:21:23","modified_gmt":"2024-12-04T15:21:23","slug":"copon-angeli","status":"publish","type":"product","link":"https:\/\/www.gruppoliturgico.com\/es\/producto\/copon-angeli\/","title":{"rendered":"cop\u00f3n \u00abAngeli\u00bb"},"content":{"rendered":"<html><body><p>cop\u00f3n de lat\u00f3n dorado enteramente cincelado.<br>\nEst\u00e1 decorado con cabezas de \u00e1ngel de bronce fundido en plata.<br>\nEn la base, tres \u00e1ngeles orantes de bronce dorado fundido<br>\nPiedras semipreciosas ornamentales.<\/p>\n<p>Altura cm 26<br>\ndi\u00e1metro de la copa cm 12<\/p>\n<\/body><\/html>","protected":false},"excerpt":{"rendered":"<p>cop\u00f3n de lat\u00f3n dorado enteramente cincelado.<br \/>\nEst\u00e1 decorado con cabezas de \u00e1ngel de bronce fundido en plata.<br \/>\nEn la base, tres \u00e1ngeles orantes de bronce dorado fundido<br \/>\nPiedras semipreciosas ornamentales.<\/p>\n<p>Altura cm 26<br \/>\ndi\u00e1metro de la copa cm 12<\/p>\n","protected":false},"featured_media":137688,"template":"","meta":[],"product_cat":[12031],"product_tag":[],"yoast_head":"<!-- This site is optimized with the Yoast SEO plugin v20.4 - https:\/\/yoast.com\/wordpress\/plugins\/seo\/ -->\n<title>cop\u00f3n &quot;Angeli&quot; - colecci\u00f3n copones y Laboratorio Gruppo Liturgico<\/title>\n<meta name=\"description\" content=\"cop\u00f3n de lat\u00f3n dorado enteramente cincelado. Est\u00e1 decorado con cabezas de \u00e1ngel de bronce fundido en plata. En la base, tres \u00e1ngeles orantes de bronce dorado fundido Piedras semipreciosas ornamentales.  Altura cm 26 di\u00e1metro de la copa cm 12\" \/>\n<meta name=\"robots\" content=\"index, follow, max-snippet:-1, max-image-preview:large, max-video-preview:-1\" \/>\n<link rel=\"canonical\" href=\"https:\/\/www.gruppoliturgico.com\/es\/producto\/copon-angeli\/\" \/>\n<meta property=\"og:locale\" content=\"es_ES\" \/>\n<meta property=\"og:type\" content=\"article\" \/>\n<meta property=\"og:title\" content=\"cop\u00f3n &quot;Angeli&quot; - colecci\u00f3n copones y Laboratorio Gruppo Liturgico\" \/>\n<meta property=\"og:description\" content=\"cop\u00f3n de lat\u00f3n dorado enteramente cincelado. Est\u00e1 decorado con cabezas de \u00e1ngel de bronce fundido en plata. En la base, tres \u00e1ngeles orantes de bronce dorado fundido Piedras semipreciosas ornamentales.  Altura cm 26 di\u00e1metro de la copa cm 12\" \/>\n<meta property=\"og:url\" content=\"https:\/\/www.gruppoliturgico.com\/es\/producto\/copon-angeli\/\" \/>\n<meta property=\"og:site_name\" content=\"Laboratorio Gruppo Liturgico\" \/>\n<meta property=\"og:image\" content=\"https:\/\/www.gruppoliturgico.com\/wp-content\/uploads\/2024\/12\/4092-1.jpg\" \/>\n\t<meta property=\"og:image:width\" content=\"1046\" \/>\n\t<meta property=\"og:image:height\" content=\"2000\" \/>\n\t<meta property=\"og:image:type\" content=\"image\/jpeg\" \/>\n<meta name=\"twitter:card\" content=\"summary_large_image\" \/>\n<script type=\"application\/ld+json\" class=\"yoast-schema-graph\">{\"@context\":\"https:\/\/schema.org\",\"@graph\":[{\"@type\":\"WebPage\",\"@id\":\"https:\/\/www.gruppoliturgico.com\/es\/producto\/copon-angeli\/\",\"url\":\"https:\/\/www.gruppoliturgico.com\/es\/producto\/copon-angeli\/\",\"name\":\"cop\u00f3n \\\"Angeli\\\" - colecci\u00f3n copones y Laboratorio Gruppo Liturgico\",\"isPartOf\":{\"@id\":\"https:\/\/www.gruppoliturgico.com\/es\/#website\"},\"datePublished\":\"2024-12-04T15:21:23+00:00\",\"dateModified\":\"2024-12-04T15:21:23+00:00\",\"description\":\"cop\u00f3n de lat\u00f3n dorado enteramente cincelado. Est\u00e1 decorado con cabezas de \u00e1ngel de bronce fundido en plata. En la base, tres \u00e1ngeles orantes de bronce dorado fundido Piedras semipreciosas ornamentales. Altura cm 26 di\u00e1metro de la copa cm 12\",\"breadcrumb\":{\"@id\":\"https:\/\/www.gruppoliturgico.com\/es\/producto\/copon-angeli\/#breadcrumb\"},\"inLanguage\":\"es\",\"potentialAction\":[{\"@type\":\"ReadAction\",\"target\":[\"https:\/\/www.gruppoliturgico.com\/es\/producto\/copon-angeli\/\"]}]},{\"@type\":\"BreadcrumbList\",\"@id\":\"https:\/\/www.gruppoliturgico.com\/es\/producto\/copon-angeli\/#breadcrumb\",\"itemListElement\":[{\"@type\":\"ListItem\",\"position\":1,\"name\":\"Home\",\"item\":\"https:\/\/www.gruppoliturgico.com\/es\/\"},{\"@type\":\"ListItem\",\"position\":2,\"name\":\"Tienda\",\"item\":\"https:\/\/www.gruppoliturgico.com\/es\/tienda\/\"},{\"@type\":\"ListItem\",\"position\":3,\"name\":\"cop\u00f3n \u00abAngeli\u00bb\"}]},{\"@type\":\"WebSite\",\"@id\":\"https:\/\/www.gruppoliturgico.com\/es\/#website\",\"url\":\"https:\/\/www.gruppoliturgico.com\/es\/\",\"name\":\"Laboratorio Gruppo Liturgico\",\"description\":\"Articoli Religiosi online\",\"publisher\":{\"@id\":\"https:\/\/www.gruppoliturgico.com\/es\/#organization\"},\"potentialAction\":[{\"@type\":\"SearchAction\",\"target\":{\"@type\":\"EntryPoint\",\"urlTemplate\":\"https:\/\/www.gruppoliturgico.com\/es\/?s={search_term_string}\"},\"query-input\":\"required name=search_term_string\"}],\"inLanguage\":\"es\"},{\"@type\":\"Organization\",\"@id\":\"https:\/\/www.gruppoliturgico.com\/es\/#organization\",\"name\":\"Laboratorio Gruppo Liturgico\",\"url\":\"https:\/\/www.gruppoliturgico.com\/es\/\",\"logo\":{\"@type\":\"ImageObject\",\"inLanguage\":\"es\",\"@id\":\"https:\/\/www.gruppoliturgico.com\/es\/#\/schema\/logo\/image\/\",\"url\":\"https:\/\/www.gruppoliturgico.com\/wp-content\/uploads\/2022\/02\/logo-laboratoriogruppoliturgico.png\",\"contentUrl\":\"https:\/\/www.gruppoliturgico.com\/wp-content\/uploads\/2022\/02\/logo-laboratoriogruppoliturgico.png\",\"width\":400,\"height\":114,\"caption\":\"Laboratorio Gruppo Liturgico\"},\"image\":{\"@id\":\"https:\/\/www.gruppoliturgico.com\/es\/#\/schema\/logo\/image\/\"}}]}<\/script>\n<!-- \/ Yoast SEO plugin. -->","yoast_head_json":{"title":"cop\u00f3n \"Angeli\" - colecci\u00f3n copones y Laboratorio Gruppo Liturgico","description":"cop\u00f3n de lat\u00f3n dorado enteramente cincelado. Est\u00e1 decorado con cabezas de \u00e1ngel de bronce fundido en plata. En la base, tres \u00e1ngeles orantes de bronce dorado fundido Piedras semipreciosas ornamentales.  Altura cm 26 di\u00e1metro de la copa cm 12","robots":{"index":"index","follow":"follow","max-snippet":"max-snippet:-1","max-image-preview":"max-image-preview:large","max-video-preview":"max-video-preview:-1"},"canonical":"https:\/\/www.gruppoliturgico.com\/es\/producto\/copon-angeli\/","og_locale":"es_ES","og_type":"article","og_title":"cop\u00f3n \"Angeli\" - colecci\u00f3n copones y Laboratorio Gruppo Liturgico","og_description":"cop\u00f3n de lat\u00f3n dorado enteramente cincelado. Est\u00e1 decorado con cabezas de \u00e1ngel de bronce fundido en plata. En la base, tres \u00e1ngeles orantes de bronce dorado fundido Piedras semipreciosas ornamentales.  Altura cm 26 di\u00e1metro de la copa cm 12","og_url":"https:\/\/www.gruppoliturgico.com\/es\/producto\/copon-angeli\/","og_site_name":"Laboratorio Gruppo Liturgico","og_image":[{"width":1046,"height":2000,"url":"https:\/\/www.gruppoliturgico.com\/wp-content\/uploads\/2024\/12\/4092-1.jpg","type":"image\/jpeg"}],"twitter_card":"summary_large_image","schema":{"@context":"https:\/\/schema.org","@graph":[{"@type":"WebPage","@id":"https:\/\/www.gruppoliturgico.com\/es\/producto\/copon-angeli\/","url":"https:\/\/www.gruppoliturgico.com\/es\/producto\/copon-angeli\/","name":"cop\u00f3n \"Angeli\" - colecci\u00f3n copones y Laboratorio Gruppo Liturgico","isPartOf":{"@id":"https:\/\/www.gruppoliturgico.com\/es\/#website"},"datePublished":"2024-12-04T15:21:23+00:00","dateModified":"2024-12-04T15:21:23+00:00","description":"cop\u00f3n de lat\u00f3n dorado enteramente cincelado. Est\u00e1 decorado con cabezas de \u00e1ngel de bronce fundido en plata. En la base, tres \u00e1ngeles orantes de bronce dorado fundido Piedras semipreciosas ornamentales. Altura cm 26 di\u00e1metro de la copa cm 12","breadcrumb":{"@id":"https:\/\/www.gruppoliturgico.com\/es\/producto\/copon-angeli\/#breadcrumb"},"inLanguage":"es","potentialAction":[{"@type":"ReadAction","target":["https:\/\/www.gruppoliturgico.com\/es\/producto\/copon-angeli\/"]}]},{"@type":"BreadcrumbList","@id":"https:\/\/www.gruppoliturgico.com\/es\/producto\/copon-angeli\/#breadcrumb","itemListElement":[{"@type":"ListItem","position":1,"name":"Home","item":"https:\/\/www.gruppoliturgico.com\/es\/"},{"@type":"ListItem","position":2,"name":"Tienda","item":"https:\/\/www.gruppoliturgico.com\/es\/tienda\/"},{"@type":"ListItem","position":3,"name":"cop\u00f3n \u00abAngeli\u00bb"}]},{"@type":"WebSite","@id":"https:\/\/www.gruppoliturgico.com\/es\/#website","url":"https:\/\/www.gruppoliturgico.com\/es\/","name":"Laboratorio Gruppo Liturgico","description":"Articoli Religiosi online","publisher":{"@id":"https:\/\/www.gruppoliturgico.com\/es\/#organization"},"potentialAction":[{"@type":"SearchAction","target":{"@type":"EntryPoint","urlTemplate":"https:\/\/www.gruppoliturgico.com\/es\/?s={search_term_string}"},"query-input":"required name=search_term_string"}],"inLanguage":"es"},{"@type":"Organization","@id":"https:\/\/www.gruppoliturgico.com\/es\/#organization","name":"Laboratorio Gruppo Liturgico","url":"https:\/\/www.gruppoliturgico.com\/es\/","logo":{"@type":"ImageObject","inLanguage":"es","@id":"https:\/\/www.gruppoliturgico.com\/es\/#\/schema\/logo\/image\/","url":"https:\/\/www.gruppoliturgico.com\/wp-content\/uploads\/2022\/02\/logo-laboratoriogruppoliturgico.png","contentUrl":"https:\/\/www.gruppoliturgico.com\/wp-content\/uploads\/2022\/02\/logo-laboratoriogruppoliturgico.png","width":400,"height":114,"caption":"Laboratorio Gruppo Liturgico"},"image":{"@id":"https:\/\/www.gruppoliturgico.com\/es\/#\/schema\/logo\/image\/"}}]}},"_links":{"self":[{"href":"https:\/\/www.gruppoliturgico.com\/es\/wp-json\/wp\/v2\/product\/137668"}],"collection":[{"href":"https:\/\/www.gruppoliturgico.com\/es\/wp-json\/wp\/v2\/product"}],"about":[{"href":"https:\/\/www.gruppoliturgico.com\/es\/wp-json\/wp\/v2\/types\/product"}],"wp:featuredmedia":[{"embeddable":true,"href":"https:\/\/www.gruppoliturgico.com\/es\/wp-json\/wp\/v2\/media\/137688"}],"wp:attachment":[{"href":"https:\/\/www.gruppoliturgico.com\/es\/wp-json\/wp\/v2\/media?parent=137668"}],"wp:term":[{"taxonomy":"product_cat","embeddable":true,"href":"https:\/\/www.gruppoliturgico.com\/es\/wp-json\/wp\/v2\/product_cat?post=137668"},{"taxonomy":"product_tag","embeddable":true,"href":"https:\/\/www.gruppoliturgico.com\/es\/wp-json\/wp\/v2\/product_tag?post=137668"}],"curies":[{"name":"wp","href":"https:\/\/api.w.org\/{rel}","templated":true}]}}