{"id":137659,"date":"2024-12-04T16:11:47","date_gmt":"2024-12-04T15:11:47","guid":{"rendered":"https:\/\/www.gruppoliturgico.com\/prodotto\/caliz-angeli-2\/"},"modified":"2024-12-04T16:11:47","modified_gmt":"2024-12-04T15:11:47","slug":"caliz-angeli-2","status":"publish","type":"product","link":"https:\/\/www.gruppoliturgico.com\/es\/producto\/caliz-angeli-2\/","title":{"rendered":"c\u00e1liz \u00abAngeli\u00bb"},"content":{"rendered":"<html><body><p>c\u00e1liz de lat\u00f3n dorado enteramente cincelado.<br>\nEst\u00e1 decorado con cabezas de \u00e1ngel de bronce fundido en plata.<br>\nEn la base, tres \u00e1ngeles orantes de bronce dorado fundido<br>\nPiedras semipreciosas ornamentales.<\/p>\n<p>Altura cm 23<br>\ndi\u00e1metro de la copa cm 9,5<\/p>\n<\/body><\/html>","protected":false},"excerpt":{"rendered":"<p>c\u00e1liz de lat\u00f3n dorado enteramente cincelado.<br \/>\nEst\u00e1 decorado con cabezas de \u00e1ngel de bronce fundido en plata.<br \/>\nEn la base, tres \u00e1ngeles orantes de bronce dorado fundido<br \/>\nPiedras semipreciosas ornamentales.<\/p>\n<p>Altura cm 23<br \/>\ndi\u00e1metro de la copa cm 9,5<\/p>\n","protected":false},"featured_media":137680,"template":"","meta":[],"product_cat":[12027],"product_tag":[],"yoast_head":"<!-- This site is optimized with the Yoast SEO plugin v20.4 - https:\/\/yoast.com\/wordpress\/plugins\/seo\/ -->\n<title>c\u00e1liz &quot;Angeli&quot; - colecci\u00f3n calices y Laboratorio Gruppo Liturgico<\/title>\n<meta name=\"description\" content=\"c\u00e1liz de lat\u00f3n dorado enteramente cincelado. Est\u00e1 decorado con cabezas de \u00e1ngel de bronce fundido en plata. En la base, tres \u00e1ngeles orantes de bronce dorado fundido Piedras semipreciosas ornamentales.  Altura cm 23 di\u00e1metro de la copa cm 9,5\" \/>\n<meta name=\"robots\" content=\"index, follow, max-snippet:-1, max-image-preview:large, max-video-preview:-1\" \/>\n<link rel=\"canonical\" href=\"https:\/\/www.gruppoliturgico.com\/es\/producto\/caliz-angeli-2\/\" \/>\n<meta property=\"og:locale\" content=\"es_ES\" \/>\n<meta property=\"og:type\" content=\"article\" \/>\n<meta property=\"og:title\" content=\"c\u00e1liz &quot;Angeli&quot; - colecci\u00f3n calices y Laboratorio Gruppo Liturgico\" \/>\n<meta property=\"og:description\" content=\"c\u00e1liz de lat\u00f3n dorado enteramente cincelado. Est\u00e1 decorado con cabezas de \u00e1ngel de bronce fundido en plata. En la base, tres \u00e1ngeles orantes de bronce dorado fundido Piedras semipreciosas ornamentales.  Altura cm 23 di\u00e1metro de la copa cm 9,5\" \/>\n<meta property=\"og:url\" content=\"https:\/\/www.gruppoliturgico.com\/es\/producto\/caliz-angeli-2\/\" \/>\n<meta property=\"og:site_name\" content=\"Laboratorio Gruppo Liturgico\" \/>\n<meta property=\"og:image\" content=\"https:\/\/www.gruppoliturgico.com\/wp-content\/uploads\/2024\/12\/4091-1.jpg\" \/>\n\t<meta property=\"og:image:width\" content=\"1034\" \/>\n\t<meta property=\"og:image:height\" content=\"2000\" \/>\n\t<meta property=\"og:image:type\" content=\"image\/jpeg\" \/>\n<meta name=\"twitter:card\" content=\"summary_large_image\" \/>\n<script type=\"application\/ld+json\" class=\"yoast-schema-graph\">{\"@context\":\"https:\/\/schema.org\",\"@graph\":[{\"@type\":\"WebPage\",\"@id\":\"https:\/\/www.gruppoliturgico.com\/es\/producto\/caliz-angeli-2\/\",\"url\":\"https:\/\/www.gruppoliturgico.com\/es\/producto\/caliz-angeli-2\/\",\"name\":\"c\u00e1liz \\\"Angeli\\\" - colecci\u00f3n calices y Laboratorio Gruppo Liturgico\",\"isPartOf\":{\"@id\":\"https:\/\/www.gruppoliturgico.com\/es\/#website\"},\"datePublished\":\"2024-12-04T15:11:47+00:00\",\"dateModified\":\"2024-12-04T15:11:47+00:00\",\"description\":\"c\u00e1liz de lat\u00f3n dorado enteramente cincelado. Est\u00e1 decorado con cabezas de \u00e1ngel de bronce fundido en plata. En la base, tres \u00e1ngeles orantes de bronce dorado fundido Piedras semipreciosas ornamentales. Altura cm 23 di\u00e1metro de la copa cm 9,5\",\"breadcrumb\":{\"@id\":\"https:\/\/www.gruppoliturgico.com\/es\/producto\/caliz-angeli-2\/#breadcrumb\"},\"inLanguage\":\"es\",\"potentialAction\":[{\"@type\":\"ReadAction\",\"target\":[\"https:\/\/www.gruppoliturgico.com\/es\/producto\/caliz-angeli-2\/\"]}]},{\"@type\":\"BreadcrumbList\",\"@id\":\"https:\/\/www.gruppoliturgico.com\/es\/producto\/caliz-angeli-2\/#breadcrumb\",\"itemListElement\":[{\"@type\":\"ListItem\",\"position\":1,\"name\":\"Home\",\"item\":\"https:\/\/www.gruppoliturgico.com\/es\/\"},{\"@type\":\"ListItem\",\"position\":2,\"name\":\"Tienda\",\"item\":\"https:\/\/www.gruppoliturgico.com\/es\/tienda\/\"},{\"@type\":\"ListItem\",\"position\":3,\"name\":\"c\u00e1liz \u00abAngeli\u00bb\"}]},{\"@type\":\"WebSite\",\"@id\":\"https:\/\/www.gruppoliturgico.com\/es\/#website\",\"url\":\"https:\/\/www.gruppoliturgico.com\/es\/\",\"name\":\"Laboratorio Gruppo Liturgico\",\"description\":\"Articoli Religiosi online\",\"publisher\":{\"@id\":\"https:\/\/www.gruppoliturgico.com\/es\/#organization\"},\"potentialAction\":[{\"@type\":\"SearchAction\",\"target\":{\"@type\":\"EntryPoint\",\"urlTemplate\":\"https:\/\/www.gruppoliturgico.com\/es\/?s={search_term_string}\"},\"query-input\":\"required name=search_term_string\"}],\"inLanguage\":\"es\"},{\"@type\":\"Organization\",\"@id\":\"https:\/\/www.gruppoliturgico.com\/es\/#organization\",\"name\":\"Laboratorio Gruppo Liturgico\",\"url\":\"https:\/\/www.gruppoliturgico.com\/es\/\",\"logo\":{\"@type\":\"ImageObject\",\"inLanguage\":\"es\",\"@id\":\"https:\/\/www.gruppoliturgico.com\/es\/#\/schema\/logo\/image\/\",\"url\":\"https:\/\/www.gruppoliturgico.com\/wp-content\/uploads\/2022\/02\/logo-laboratoriogruppoliturgico.png\",\"contentUrl\":\"https:\/\/www.gruppoliturgico.com\/wp-content\/uploads\/2022\/02\/logo-laboratoriogruppoliturgico.png\",\"width\":400,\"height\":114,\"caption\":\"Laboratorio Gruppo Liturgico\"},\"image\":{\"@id\":\"https:\/\/www.gruppoliturgico.com\/es\/#\/schema\/logo\/image\/\"}}]}<\/script>\n<!-- \/ Yoast SEO plugin. -->","yoast_head_json":{"title":"c\u00e1liz \"Angeli\" - colecci\u00f3n calices y Laboratorio Gruppo Liturgico","description":"c\u00e1liz de lat\u00f3n dorado enteramente cincelado. Est\u00e1 decorado con cabezas de \u00e1ngel de bronce fundido en plata. En la base, tres \u00e1ngeles orantes de bronce dorado fundido Piedras semipreciosas ornamentales.  Altura cm 23 di\u00e1metro de la copa cm 9,5","robots":{"index":"index","follow":"follow","max-snippet":"max-snippet:-1","max-image-preview":"max-image-preview:large","max-video-preview":"max-video-preview:-1"},"canonical":"https:\/\/www.gruppoliturgico.com\/es\/producto\/caliz-angeli-2\/","og_locale":"es_ES","og_type":"article","og_title":"c\u00e1liz \"Angeli\" - colecci\u00f3n calices y Laboratorio Gruppo Liturgico","og_description":"c\u00e1liz de lat\u00f3n dorado enteramente cincelado. Est\u00e1 decorado con cabezas de \u00e1ngel de bronce fundido en plata. En la base, tres \u00e1ngeles orantes de bronce dorado fundido Piedras semipreciosas ornamentales.  Altura cm 23 di\u00e1metro de la copa cm 9,5","og_url":"https:\/\/www.gruppoliturgico.com\/es\/producto\/caliz-angeli-2\/","og_site_name":"Laboratorio Gruppo Liturgico","og_image":[{"width":1034,"height":2000,"url":"https:\/\/www.gruppoliturgico.com\/wp-content\/uploads\/2024\/12\/4091-1.jpg","type":"image\/jpeg"}],"twitter_card":"summary_large_image","schema":{"@context":"https:\/\/schema.org","@graph":[{"@type":"WebPage","@id":"https:\/\/www.gruppoliturgico.com\/es\/producto\/caliz-angeli-2\/","url":"https:\/\/www.gruppoliturgico.com\/es\/producto\/caliz-angeli-2\/","name":"c\u00e1liz \"Angeli\" - colecci\u00f3n calices y Laboratorio Gruppo Liturgico","isPartOf":{"@id":"https:\/\/www.gruppoliturgico.com\/es\/#website"},"datePublished":"2024-12-04T15:11:47+00:00","dateModified":"2024-12-04T15:11:47+00:00","description":"c\u00e1liz de lat\u00f3n dorado enteramente cincelado. Est\u00e1 decorado con cabezas de \u00e1ngel de bronce fundido en plata. En la base, tres \u00e1ngeles orantes de bronce dorado fundido Piedras semipreciosas ornamentales. Altura cm 23 di\u00e1metro de la copa cm 9,5","breadcrumb":{"@id":"https:\/\/www.gruppoliturgico.com\/es\/producto\/caliz-angeli-2\/#breadcrumb"},"inLanguage":"es","potentialAction":[{"@type":"ReadAction","target":["https:\/\/www.gruppoliturgico.com\/es\/producto\/caliz-angeli-2\/"]}]},{"@type":"BreadcrumbList","@id":"https:\/\/www.gruppoliturgico.com\/es\/producto\/caliz-angeli-2\/#breadcrumb","itemListElement":[{"@type":"ListItem","position":1,"name":"Home","item":"https:\/\/www.gruppoliturgico.com\/es\/"},{"@type":"ListItem","position":2,"name":"Tienda","item":"https:\/\/www.gruppoliturgico.com\/es\/tienda\/"},{"@type":"ListItem","position":3,"name":"c\u00e1liz \u00abAngeli\u00bb"}]},{"@type":"WebSite","@id":"https:\/\/www.gruppoliturgico.com\/es\/#website","url":"https:\/\/www.gruppoliturgico.com\/es\/","name":"Laboratorio Gruppo Liturgico","description":"Articoli Religiosi online","publisher":{"@id":"https:\/\/www.gruppoliturgico.com\/es\/#organization"},"potentialAction":[{"@type":"SearchAction","target":{"@type":"EntryPoint","urlTemplate":"https:\/\/www.gruppoliturgico.com\/es\/?s={search_term_string}"},"query-input":"required name=search_term_string"}],"inLanguage":"es"},{"@type":"Organization","@id":"https:\/\/www.gruppoliturgico.com\/es\/#organization","name":"Laboratorio Gruppo Liturgico","url":"https:\/\/www.gruppoliturgico.com\/es\/","logo":{"@type":"ImageObject","inLanguage":"es","@id":"https:\/\/www.gruppoliturgico.com\/es\/#\/schema\/logo\/image\/","url":"https:\/\/www.gruppoliturgico.com\/wp-content\/uploads\/2022\/02\/logo-laboratoriogruppoliturgico.png","contentUrl":"https:\/\/www.gruppoliturgico.com\/wp-content\/uploads\/2022\/02\/logo-laboratoriogruppoliturgico.png","width":400,"height":114,"caption":"Laboratorio Gruppo Liturgico"},"image":{"@id":"https:\/\/www.gruppoliturgico.com\/es\/#\/schema\/logo\/image\/"}}]}},"_links":{"self":[{"href":"https:\/\/www.gruppoliturgico.com\/es\/wp-json\/wp\/v2\/product\/137659"}],"collection":[{"href":"https:\/\/www.gruppoliturgico.com\/es\/wp-json\/wp\/v2\/product"}],"about":[{"href":"https:\/\/www.gruppoliturgico.com\/es\/wp-json\/wp\/v2\/types\/product"}],"wp:featuredmedia":[{"embeddable":true,"href":"https:\/\/www.gruppoliturgico.com\/es\/wp-json\/wp\/v2\/media\/137680"}],"wp:attachment":[{"href":"https:\/\/www.gruppoliturgico.com\/es\/wp-json\/wp\/v2\/media?parent=137659"}],"wp:term":[{"taxonomy":"product_cat","embeddable":true,"href":"https:\/\/www.gruppoliturgico.com\/es\/wp-json\/wp\/v2\/product_cat?post=137659"},{"taxonomy":"product_tag","embeddable":true,"href":"https:\/\/www.gruppoliturgico.com\/es\/wp-json\/wp\/v2\/product_tag?post=137659"}],"curies":[{"name":"wp","href":"https:\/\/api.w.org\/{rel}","templated":true}]}}