{"id":137513,"date":"2024-11-29T15:57:21","date_gmt":"2024-11-29T14:57:21","guid":{"rendered":"https:\/\/www.gruppoliturgico.com\/prodotto\/baculo-3\/"},"modified":"2024-11-29T15:57:21","modified_gmt":"2024-11-29T14:57:21","slug":"baculo-3","status":"publish","type":"product","link":"https:\/\/www.gruppoliturgico.com\/es\/producto\/baculo-3\/","title":{"rendered":"B\u00e1culo"},"content":{"rendered":"<html><body><p>B\u00e1culo de obispo de lat\u00f3n plateado.<br>\nMagn\u00edfica artesan\u00eda con fundici\u00f3n a la cera perdida de hojas de olivo y cincelado a mano.<br>\nImportante piedra de nudo central.<br>\nEl b\u00e1culo de lat\u00f3n plateado puede suministrarse tambi\u00e9n en otros colores.<br>\nAltura 40 cm.<br>\nCompleto con varilla met\u00e1lica de 150 cm que puede dividirse en tres piezas.<br>\nMalet\u00edn de transporte incluido.<\/p>\n<\/body><\/html>","protected":false},"excerpt":{"rendered":"<p>B\u00e1culo de obispo de lat\u00f3n plateado.<br \/>\nMagn\u00edfica artesan\u00eda con fundici\u00f3n a la cera perdida de hojas de olivo y cincelado a mano.<br \/>\nImportante piedra de nudo central.<br \/>\nEl b\u00e1culo de lat\u00f3n plateado puede suministrarse tambi\u00e9n en otros colores.<br \/>\nAltura 40 cm.<br \/>\nCompleto con varilla met\u00e1lica de 150 cm que puede dividirse en tres piezas.<br \/>\nMalet\u00edn de transporte incluido.<\/p>\n","protected":false},"featured_media":137510,"template":"","meta":[],"product_cat":[12119],"product_tag":[],"yoast_head":"<!-- This site is optimized with the Yoast SEO plugin v20.4 - https:\/\/yoast.com\/wordpress\/plugins\/seo\/ -->\n<title>B\u00e1culo - b\u00e1culos y Laboratorio Gruppo Liturgico<\/title>\n<meta name=\"description\" content=\"B\u00e1culo de obispo de lat\u00f3n plateado. Magn\u00edfica artesan\u00eda con fundici\u00f3n a la cera perdida de hojas de olivo y cincelado a mano. Importante piedra de nudo central. El b\u00e1culo de lat\u00f3n plateado puede suministrarse tambi\u00e9n en otros colores. Altura 40 cm. Completo con varilla met\u00e1lica de 150 cm que puede dividirse en tres piezas. Malet\u00edn de transporte incluido.\" \/>\n<meta name=\"robots\" content=\"index, follow, max-snippet:-1, max-image-preview:large, max-video-preview:-1\" \/>\n<link rel=\"canonical\" href=\"https:\/\/www.gruppoliturgico.com\/es\/producto\/baculo-3\/\" \/>\n<meta property=\"og:locale\" content=\"es_ES\" \/>\n<meta property=\"og:type\" content=\"article\" \/>\n<meta property=\"og:title\" content=\"B\u00e1culo - b\u00e1culos y Laboratorio Gruppo Liturgico\" \/>\n<meta property=\"og:description\" content=\"B\u00e1culo de obispo de lat\u00f3n plateado. Magn\u00edfica artesan\u00eda con fundici\u00f3n a la cera perdida de hojas de olivo y cincelado a mano. Importante piedra de nudo central. El b\u00e1culo de lat\u00f3n plateado puede suministrarse tambi\u00e9n en otros colores. Altura 40 cm. Completo con varilla met\u00e1lica de 150 cm que puede dividirse en tres piezas. Malet\u00edn de transporte incluido.\" \/>\n<meta property=\"og:url\" content=\"https:\/\/www.gruppoliturgico.com\/es\/producto\/baculo-3\/\" \/>\n<meta property=\"og:site_name\" content=\"Laboratorio Gruppo Liturgico\" \/>\n<meta property=\"og:image\" content=\"https:\/\/www.gruppoliturgico.com\/wp-content\/uploads\/2024\/11\/4086-1.jpg\" \/>\n\t<meta property=\"og:image:width\" content=\"1157\" \/>\n\t<meta property=\"og:image:height\" content=\"2000\" \/>\n\t<meta property=\"og:image:type\" content=\"image\/jpeg\" \/>\n<meta name=\"twitter:card\" content=\"summary_large_image\" \/>\n<script type=\"application\/ld+json\" class=\"yoast-schema-graph\">{\"@context\":\"https:\/\/schema.org\",\"@graph\":[{\"@type\":\"WebPage\",\"@id\":\"https:\/\/www.gruppoliturgico.com\/es\/producto\/baculo-3\/\",\"url\":\"https:\/\/www.gruppoliturgico.com\/es\/producto\/baculo-3\/\",\"name\":\"B\u00e1culo - b\u00e1culos y Laboratorio Gruppo Liturgico\",\"isPartOf\":{\"@id\":\"https:\/\/www.gruppoliturgico.com\/es\/#website\"},\"datePublished\":\"2024-11-29T14:57:21+00:00\",\"dateModified\":\"2024-11-29T14:57:21+00:00\",\"description\":\"B\u00e1culo de obispo de lat\u00f3n plateado. Magn\u00edfica artesan\u00eda con fundici\u00f3n a la cera perdida de hojas de olivo y cincelado a mano. Importante piedra de nudo central. El b\u00e1culo de lat\u00f3n plateado puede suministrarse tambi\u00e9n en otros colores. Altura 40 cm. Completo con varilla met\u00e1lica de 150 cm que puede dividirse en tres piezas. Malet\u00edn de transporte incluido.\",\"breadcrumb\":{\"@id\":\"https:\/\/www.gruppoliturgico.com\/es\/producto\/baculo-3\/#breadcrumb\"},\"inLanguage\":\"es\",\"potentialAction\":[{\"@type\":\"ReadAction\",\"target\":[\"https:\/\/www.gruppoliturgico.com\/es\/producto\/baculo-3\/\"]}]},{\"@type\":\"BreadcrumbList\",\"@id\":\"https:\/\/www.gruppoliturgico.com\/es\/producto\/baculo-3\/#breadcrumb\",\"itemListElement\":[{\"@type\":\"ListItem\",\"position\":1,\"name\":\"Home\",\"item\":\"https:\/\/www.gruppoliturgico.com\/es\/\"},{\"@type\":\"ListItem\",\"position\":2,\"name\":\"Tienda\",\"item\":\"https:\/\/www.gruppoliturgico.com\/es\/tienda\/\"},{\"@type\":\"ListItem\",\"position\":3,\"name\":\"B\u00e1culo\"}]},{\"@type\":\"WebSite\",\"@id\":\"https:\/\/www.gruppoliturgico.com\/es\/#website\",\"url\":\"https:\/\/www.gruppoliturgico.com\/es\/\",\"name\":\"Laboratorio Gruppo Liturgico\",\"description\":\"Articoli Religiosi online\",\"publisher\":{\"@id\":\"https:\/\/www.gruppoliturgico.com\/es\/#organization\"},\"potentialAction\":[{\"@type\":\"SearchAction\",\"target\":{\"@type\":\"EntryPoint\",\"urlTemplate\":\"https:\/\/www.gruppoliturgico.com\/es\/?s={search_term_string}\"},\"query-input\":\"required name=search_term_string\"}],\"inLanguage\":\"es\"},{\"@type\":\"Organization\",\"@id\":\"https:\/\/www.gruppoliturgico.com\/es\/#organization\",\"name\":\"Laboratorio Gruppo Liturgico\",\"url\":\"https:\/\/www.gruppoliturgico.com\/es\/\",\"logo\":{\"@type\":\"ImageObject\",\"inLanguage\":\"es\",\"@id\":\"https:\/\/www.gruppoliturgico.com\/es\/#\/schema\/logo\/image\/\",\"url\":\"https:\/\/www.gruppoliturgico.com\/wp-content\/uploads\/2022\/02\/logo-laboratoriogruppoliturgico.png\",\"contentUrl\":\"https:\/\/www.gruppoliturgico.com\/wp-content\/uploads\/2022\/02\/logo-laboratoriogruppoliturgico.png\",\"width\":400,\"height\":114,\"caption\":\"Laboratorio Gruppo Liturgico\"},\"image\":{\"@id\":\"https:\/\/www.gruppoliturgico.com\/es\/#\/schema\/logo\/image\/\"}}]}<\/script>\n<!-- \/ Yoast SEO plugin. -->","yoast_head_json":{"title":"B\u00e1culo - b\u00e1culos y Laboratorio Gruppo Liturgico","description":"B\u00e1culo de obispo de lat\u00f3n plateado. Magn\u00edfica artesan\u00eda con fundici\u00f3n a la cera perdida de hojas de olivo y cincelado a mano. Importante piedra de nudo central. El b\u00e1culo de lat\u00f3n plateado puede suministrarse tambi\u00e9n en otros colores. Altura 40 cm. Completo con varilla met\u00e1lica de 150 cm que puede dividirse en tres piezas. Malet\u00edn de transporte incluido.","robots":{"index":"index","follow":"follow","max-snippet":"max-snippet:-1","max-image-preview":"max-image-preview:large","max-video-preview":"max-video-preview:-1"},"canonical":"https:\/\/www.gruppoliturgico.com\/es\/producto\/baculo-3\/","og_locale":"es_ES","og_type":"article","og_title":"B\u00e1culo - b\u00e1culos y Laboratorio Gruppo Liturgico","og_description":"B\u00e1culo de obispo de lat\u00f3n plateado. Magn\u00edfica artesan\u00eda con fundici\u00f3n a la cera perdida de hojas de olivo y cincelado a mano. Importante piedra de nudo central. El b\u00e1culo de lat\u00f3n plateado puede suministrarse tambi\u00e9n en otros colores. Altura 40 cm. Completo con varilla met\u00e1lica de 150 cm que puede dividirse en tres piezas. Malet\u00edn de transporte incluido.","og_url":"https:\/\/www.gruppoliturgico.com\/es\/producto\/baculo-3\/","og_site_name":"Laboratorio Gruppo Liturgico","og_image":[{"width":1157,"height":2000,"url":"https:\/\/www.gruppoliturgico.com\/wp-content\/uploads\/2024\/11\/4086-1.jpg","type":"image\/jpeg"}],"twitter_card":"summary_large_image","schema":{"@context":"https:\/\/schema.org","@graph":[{"@type":"WebPage","@id":"https:\/\/www.gruppoliturgico.com\/es\/producto\/baculo-3\/","url":"https:\/\/www.gruppoliturgico.com\/es\/producto\/baculo-3\/","name":"B\u00e1culo - b\u00e1culos y Laboratorio Gruppo Liturgico","isPartOf":{"@id":"https:\/\/www.gruppoliturgico.com\/es\/#website"},"datePublished":"2024-11-29T14:57:21+00:00","dateModified":"2024-11-29T14:57:21+00:00","description":"B\u00e1culo de obispo de lat\u00f3n plateado. Magn\u00edfica artesan\u00eda con fundici\u00f3n a la cera perdida de hojas de olivo y cincelado a mano. Importante piedra de nudo central. El b\u00e1culo de lat\u00f3n plateado puede suministrarse tambi\u00e9n en otros colores. Altura 40 cm. Completo con varilla met\u00e1lica de 150 cm que puede dividirse en tres piezas. Malet\u00edn de transporte incluido.","breadcrumb":{"@id":"https:\/\/www.gruppoliturgico.com\/es\/producto\/baculo-3\/#breadcrumb"},"inLanguage":"es","potentialAction":[{"@type":"ReadAction","target":["https:\/\/www.gruppoliturgico.com\/es\/producto\/baculo-3\/"]}]},{"@type":"BreadcrumbList","@id":"https:\/\/www.gruppoliturgico.com\/es\/producto\/baculo-3\/#breadcrumb","itemListElement":[{"@type":"ListItem","position":1,"name":"Home","item":"https:\/\/www.gruppoliturgico.com\/es\/"},{"@type":"ListItem","position":2,"name":"Tienda","item":"https:\/\/www.gruppoliturgico.com\/es\/tienda\/"},{"@type":"ListItem","position":3,"name":"B\u00e1culo"}]},{"@type":"WebSite","@id":"https:\/\/www.gruppoliturgico.com\/es\/#website","url":"https:\/\/www.gruppoliturgico.com\/es\/","name":"Laboratorio Gruppo Liturgico","description":"Articoli Religiosi online","publisher":{"@id":"https:\/\/www.gruppoliturgico.com\/es\/#organization"},"potentialAction":[{"@type":"SearchAction","target":{"@type":"EntryPoint","urlTemplate":"https:\/\/www.gruppoliturgico.com\/es\/?s={search_term_string}"},"query-input":"required name=search_term_string"}],"inLanguage":"es"},{"@type":"Organization","@id":"https:\/\/www.gruppoliturgico.com\/es\/#organization","name":"Laboratorio Gruppo Liturgico","url":"https:\/\/www.gruppoliturgico.com\/es\/","logo":{"@type":"ImageObject","inLanguage":"es","@id":"https:\/\/www.gruppoliturgico.com\/es\/#\/schema\/logo\/image\/","url":"https:\/\/www.gruppoliturgico.com\/wp-content\/uploads\/2022\/02\/logo-laboratoriogruppoliturgico.png","contentUrl":"https:\/\/www.gruppoliturgico.com\/wp-content\/uploads\/2022\/02\/logo-laboratoriogruppoliturgico.png","width":400,"height":114,"caption":"Laboratorio Gruppo Liturgico"},"image":{"@id":"https:\/\/www.gruppoliturgico.com\/es\/#\/schema\/logo\/image\/"}}]}},"_links":{"self":[{"href":"https:\/\/www.gruppoliturgico.com\/es\/wp-json\/wp\/v2\/product\/137513"}],"collection":[{"href":"https:\/\/www.gruppoliturgico.com\/es\/wp-json\/wp\/v2\/product"}],"about":[{"href":"https:\/\/www.gruppoliturgico.com\/es\/wp-json\/wp\/v2\/types\/product"}],"wp:featuredmedia":[{"embeddable":true,"href":"https:\/\/www.gruppoliturgico.com\/es\/wp-json\/wp\/v2\/media\/137510"}],"wp:attachment":[{"href":"https:\/\/www.gruppoliturgico.com\/es\/wp-json\/wp\/v2\/media?parent=137513"}],"wp:term":[{"taxonomy":"product_cat","embeddable":true,"href":"https:\/\/www.gruppoliturgico.com\/es\/wp-json\/wp\/v2\/product_cat?post=137513"},{"taxonomy":"product_tag","embeddable":true,"href":"https:\/\/www.gruppoliturgico.com\/es\/wp-json\/wp\/v2\/product_tag?post=137513"}],"curies":[{"name":"wp","href":"https:\/\/api.w.org\/{rel}","templated":true}]}}