{"id":136401,"date":"2024-09-27T15:12:51","date_gmt":"2024-09-27T13:12:51","guid":{"rendered":"https:\/\/www.gruppoliturgico.com\/prodotto\/baculo-2\/"},"modified":"2024-09-27T15:12:51","modified_gmt":"2024-09-27T13:12:51","slug":"baculo-2","status":"publish","type":"product","link":"https:\/\/www.gruppoliturgico.com\/es\/producto\/baculo-2\/","title":{"rendered":"B\u00e1culo"},"content":{"rendered":"<html><body><p>Majestuoso b\u00e1culo episcopal de lat\u00f3n plateado.<br>\nEst\u00e1 enriquecido con estatuillas de los cuatro Evangelistas en bronce fundido plateado envejecido colocadas en ed\u00edculos de estilo g\u00f3tico.<br>\nAltura 40 cm<br>\nVara de metal de 150 cm divisible en tres piezas.<br>\nIncluye el malet\u00edn para su transporte.<\/p>\n<\/body><\/html>","protected":false},"excerpt":{"rendered":"<p>Majestuoso b\u00e1culo episcopal de lat\u00f3n plateado.<br \/>\nEst\u00e1 enriquecido con estatuillas de los cuatro Evangelistas en bronce fundido plateado envejecido colocadas en ed\u00edculos de estilo g\u00f3tico.<br \/>\nAltura 40 cm<br \/>\nVara de metal de 150 cm divisible en tres piezas.<br \/>\nIncluye el malet\u00edn para su transporte.<\/p>\n","protected":false},"featured_media":136405,"template":"","meta":[],"product_cat":[12119],"product_tag":[],"yoast_head":"<!-- This site is optimized with the Yoast SEO plugin v20.4 - https:\/\/yoast.com\/wordpress\/plugins\/seo\/ -->\n<title>B\u00e1culo - b\u00e1culos y Laboratorio Gruppo Liturgico<\/title>\n<meta name=\"description\" content=\"Majestuoso b\u00e1culo episcopal de lat\u00f3n plateado. Est\u00e1 enriquecido con estatuillas de los cuatro Evangelistas en bronce fundido plateado envejecido colocadas en ed\u00edculos de estilo g\u00f3tico. Altura 40 cm Vara de metal de 150 cm divisible en tres piezas. Incluye el malet\u00edn para su transporte.\" \/>\n<meta name=\"robots\" content=\"index, follow, max-snippet:-1, max-image-preview:large, max-video-preview:-1\" \/>\n<link rel=\"canonical\" href=\"https:\/\/www.gruppoliturgico.com\/es\/producto\/baculo-2\/\" \/>\n<meta property=\"og:locale\" content=\"es_ES\" \/>\n<meta property=\"og:type\" content=\"article\" \/>\n<meta property=\"og:title\" content=\"B\u00e1culo - b\u00e1culos y Laboratorio Gruppo Liturgico\" \/>\n<meta property=\"og:description\" content=\"Majestuoso b\u00e1culo episcopal de lat\u00f3n plateado. Est\u00e1 enriquecido con estatuillas de los cuatro Evangelistas en bronce fundido plateado envejecido colocadas en ed\u00edculos de estilo g\u00f3tico. Altura 40 cm Vara de metal de 150 cm divisible en tres piezas. Incluye el malet\u00edn para su transporte.\" \/>\n<meta property=\"og:url\" content=\"https:\/\/www.gruppoliturgico.com\/es\/producto\/baculo-2\/\" \/>\n<meta property=\"og:site_name\" content=\"Laboratorio Gruppo Liturgico\" \/>\n<meta property=\"og:image\" content=\"https:\/\/www.gruppoliturgico.com\/wp-content\/uploads\/2024\/09\/4047-nv-2.jpg\" \/>\n\t<meta property=\"og:image:width\" content=\"894\" \/>\n\t<meta property=\"og:image:height\" content=\"2000\" \/>\n\t<meta property=\"og:image:type\" content=\"image\/jpeg\" \/>\n<meta name=\"twitter:card\" content=\"summary_large_image\" \/>\n<script type=\"application\/ld+json\" class=\"yoast-schema-graph\">{\"@context\":\"https:\/\/schema.org\",\"@graph\":[{\"@type\":\"WebPage\",\"@id\":\"https:\/\/www.gruppoliturgico.com\/es\/producto\/baculo-2\/\",\"url\":\"https:\/\/www.gruppoliturgico.com\/es\/producto\/baculo-2\/\",\"name\":\"B\u00e1culo - b\u00e1culos y Laboratorio Gruppo Liturgico\",\"isPartOf\":{\"@id\":\"https:\/\/www.gruppoliturgico.com\/es\/#website\"},\"datePublished\":\"2024-09-27T13:12:51+00:00\",\"dateModified\":\"2024-09-27T13:12:51+00:00\",\"description\":\"Majestuoso b\u00e1culo episcopal de lat\u00f3n plateado. Est\u00e1 enriquecido con estatuillas de los cuatro Evangelistas en bronce fundido plateado envejecido colocadas en ed\u00edculos de estilo g\u00f3tico. Altura 40 cm Vara de metal de 150 cm divisible en tres piezas. Incluye el malet\u00edn para su transporte.\",\"breadcrumb\":{\"@id\":\"https:\/\/www.gruppoliturgico.com\/es\/producto\/baculo-2\/#breadcrumb\"},\"inLanguage\":\"es\",\"potentialAction\":[{\"@type\":\"ReadAction\",\"target\":[\"https:\/\/www.gruppoliturgico.com\/es\/producto\/baculo-2\/\"]}]},{\"@type\":\"BreadcrumbList\",\"@id\":\"https:\/\/www.gruppoliturgico.com\/es\/producto\/baculo-2\/#breadcrumb\",\"itemListElement\":[{\"@type\":\"ListItem\",\"position\":1,\"name\":\"Home\",\"item\":\"https:\/\/www.gruppoliturgico.com\/es\/\"},{\"@type\":\"ListItem\",\"position\":2,\"name\":\"Tienda\",\"item\":\"https:\/\/www.gruppoliturgico.com\/es\/tienda\/\"},{\"@type\":\"ListItem\",\"position\":3,\"name\":\"B\u00e1culo\"}]},{\"@type\":\"WebSite\",\"@id\":\"https:\/\/www.gruppoliturgico.com\/es\/#website\",\"url\":\"https:\/\/www.gruppoliturgico.com\/es\/\",\"name\":\"Laboratorio Gruppo Liturgico\",\"description\":\"Articoli Religiosi online\",\"publisher\":{\"@id\":\"https:\/\/www.gruppoliturgico.com\/es\/#organization\"},\"potentialAction\":[{\"@type\":\"SearchAction\",\"target\":{\"@type\":\"EntryPoint\",\"urlTemplate\":\"https:\/\/www.gruppoliturgico.com\/es\/?s={search_term_string}\"},\"query-input\":\"required name=search_term_string\"}],\"inLanguage\":\"es\"},{\"@type\":\"Organization\",\"@id\":\"https:\/\/www.gruppoliturgico.com\/es\/#organization\",\"name\":\"Laboratorio Gruppo Liturgico\",\"url\":\"https:\/\/www.gruppoliturgico.com\/es\/\",\"logo\":{\"@type\":\"ImageObject\",\"inLanguage\":\"es\",\"@id\":\"https:\/\/www.gruppoliturgico.com\/es\/#\/schema\/logo\/image\/\",\"url\":\"https:\/\/www.gruppoliturgico.com\/wp-content\/uploads\/2022\/02\/logo-laboratoriogruppoliturgico.png\",\"contentUrl\":\"https:\/\/www.gruppoliturgico.com\/wp-content\/uploads\/2022\/02\/logo-laboratoriogruppoliturgico.png\",\"width\":400,\"height\":114,\"caption\":\"Laboratorio Gruppo Liturgico\"},\"image\":{\"@id\":\"https:\/\/www.gruppoliturgico.com\/es\/#\/schema\/logo\/image\/\"}}]}<\/script>\n<!-- \/ Yoast SEO plugin. -->","yoast_head_json":{"title":"B\u00e1culo - b\u00e1culos y Laboratorio Gruppo Liturgico","description":"Majestuoso b\u00e1culo episcopal de lat\u00f3n plateado. Est\u00e1 enriquecido con estatuillas de los cuatro Evangelistas en bronce fundido plateado envejecido colocadas en ed\u00edculos de estilo g\u00f3tico. Altura 40 cm Vara de metal de 150 cm divisible en tres piezas. Incluye el malet\u00edn para su transporte.","robots":{"index":"index","follow":"follow","max-snippet":"max-snippet:-1","max-image-preview":"max-image-preview:large","max-video-preview":"max-video-preview:-1"},"canonical":"https:\/\/www.gruppoliturgico.com\/es\/producto\/baculo-2\/","og_locale":"es_ES","og_type":"article","og_title":"B\u00e1culo - b\u00e1culos y Laboratorio Gruppo Liturgico","og_description":"Majestuoso b\u00e1culo episcopal de lat\u00f3n plateado. Est\u00e1 enriquecido con estatuillas de los cuatro Evangelistas en bronce fundido plateado envejecido colocadas en ed\u00edculos de estilo g\u00f3tico. Altura 40 cm Vara de metal de 150 cm divisible en tres piezas. Incluye el malet\u00edn para su transporte.","og_url":"https:\/\/www.gruppoliturgico.com\/es\/producto\/baculo-2\/","og_site_name":"Laboratorio Gruppo Liturgico","og_image":[{"width":894,"height":2000,"url":"https:\/\/www.gruppoliturgico.com\/wp-content\/uploads\/2024\/09\/4047-nv-2.jpg","type":"image\/jpeg"}],"twitter_card":"summary_large_image","schema":{"@context":"https:\/\/schema.org","@graph":[{"@type":"WebPage","@id":"https:\/\/www.gruppoliturgico.com\/es\/producto\/baculo-2\/","url":"https:\/\/www.gruppoliturgico.com\/es\/producto\/baculo-2\/","name":"B\u00e1culo - b\u00e1culos y Laboratorio Gruppo Liturgico","isPartOf":{"@id":"https:\/\/www.gruppoliturgico.com\/es\/#website"},"datePublished":"2024-09-27T13:12:51+00:00","dateModified":"2024-09-27T13:12:51+00:00","description":"Majestuoso b\u00e1culo episcopal de lat\u00f3n plateado. Est\u00e1 enriquecido con estatuillas de los cuatro Evangelistas en bronce fundido plateado envejecido colocadas en ed\u00edculos de estilo g\u00f3tico. Altura 40 cm Vara de metal de 150 cm divisible en tres piezas. Incluye el malet\u00edn para su transporte.","breadcrumb":{"@id":"https:\/\/www.gruppoliturgico.com\/es\/producto\/baculo-2\/#breadcrumb"},"inLanguage":"es","potentialAction":[{"@type":"ReadAction","target":["https:\/\/www.gruppoliturgico.com\/es\/producto\/baculo-2\/"]}]},{"@type":"BreadcrumbList","@id":"https:\/\/www.gruppoliturgico.com\/es\/producto\/baculo-2\/#breadcrumb","itemListElement":[{"@type":"ListItem","position":1,"name":"Home","item":"https:\/\/www.gruppoliturgico.com\/es\/"},{"@type":"ListItem","position":2,"name":"Tienda","item":"https:\/\/www.gruppoliturgico.com\/es\/tienda\/"},{"@type":"ListItem","position":3,"name":"B\u00e1culo"}]},{"@type":"WebSite","@id":"https:\/\/www.gruppoliturgico.com\/es\/#website","url":"https:\/\/www.gruppoliturgico.com\/es\/","name":"Laboratorio Gruppo Liturgico","description":"Articoli Religiosi online","publisher":{"@id":"https:\/\/www.gruppoliturgico.com\/es\/#organization"},"potentialAction":[{"@type":"SearchAction","target":{"@type":"EntryPoint","urlTemplate":"https:\/\/www.gruppoliturgico.com\/es\/?s={search_term_string}"},"query-input":"required name=search_term_string"}],"inLanguage":"es"},{"@type":"Organization","@id":"https:\/\/www.gruppoliturgico.com\/es\/#organization","name":"Laboratorio Gruppo Liturgico","url":"https:\/\/www.gruppoliturgico.com\/es\/","logo":{"@type":"ImageObject","inLanguage":"es","@id":"https:\/\/www.gruppoliturgico.com\/es\/#\/schema\/logo\/image\/","url":"https:\/\/www.gruppoliturgico.com\/wp-content\/uploads\/2022\/02\/logo-laboratoriogruppoliturgico.png","contentUrl":"https:\/\/www.gruppoliturgico.com\/wp-content\/uploads\/2022\/02\/logo-laboratoriogruppoliturgico.png","width":400,"height":114,"caption":"Laboratorio Gruppo Liturgico"},"image":{"@id":"https:\/\/www.gruppoliturgico.com\/es\/#\/schema\/logo\/image\/"}}]}},"_links":{"self":[{"href":"https:\/\/www.gruppoliturgico.com\/es\/wp-json\/wp\/v2\/product\/136401"}],"collection":[{"href":"https:\/\/www.gruppoliturgico.com\/es\/wp-json\/wp\/v2\/product"}],"about":[{"href":"https:\/\/www.gruppoliturgico.com\/es\/wp-json\/wp\/v2\/types\/product"}],"wp:featuredmedia":[{"embeddable":true,"href":"https:\/\/www.gruppoliturgico.com\/es\/wp-json\/wp\/v2\/media\/136405"}],"wp:attachment":[{"href":"https:\/\/www.gruppoliturgico.com\/es\/wp-json\/wp\/v2\/media?parent=136401"}],"wp:term":[{"taxonomy":"product_cat","embeddable":true,"href":"https:\/\/www.gruppoliturgico.com\/es\/wp-json\/wp\/v2\/product_cat?post=136401"},{"taxonomy":"product_tag","embeddable":true,"href":"https:\/\/www.gruppoliturgico.com\/es\/wp-json\/wp\/v2\/product_tag?post=136401"}],"curies":[{"name":"wp","href":"https:\/\/api.w.org\/{rel}","templated":true}]}}