{"id":127227,"date":"2024-06-02T08:46:59","date_gmt":"2024-06-02T06:46:59","guid":{"rendered":"https:\/\/www.gruppoliturgico.com\/prodotto\/alba-de-bordado-tradicional-3\/"},"modified":"2024-06-02T08:46:59","modified_gmt":"2024-06-02T06:46:59","slug":"alba-de-bordado-tradicional-3","status":"publish","type":"product","link":"https:\/\/www.gruppoliturgico.com\/es\/producto\/alba-de-bordado-tradicional-3\/","title":{"rendered":"Alba de bordado tradicional"},"content":{"rendered":"<html><body><p>Alba de estilo tradicional con dise\u00f1o tipo Cant\u00f9 bordado en hilo presente en el dobladillo y las mangas.<br>\nEl tejido es una tela de poli\u00e9ster cristal que da consistencia incluso para el lavado normal en agua y jab\u00f3n.<br>\nLas fotograf\u00edas muestran todos los detalles del bordado.<\/p>\n<p>\u00a0<\/p>\n<\/body><\/html>","protected":false},"excerpt":{"rendered":"<p>Alba de estilo tradicional con dise\u00f1o tipo Cant\u00f9 bordado en hilo presente en el dobladillo y las mangas.<br \/>\nEl tejido es una tela de poli\u00e9ster cristal que da consistencia incluso para el lavado normal en agua y jab\u00f3n.<br \/>\nLas fotograf\u00edas muestran todos los detalles del bordado.<\/p>\n","protected":false},"featured_media":136020,"template":"","meta":[],"product_cat":[12223],"product_tag":[],"yoast_head":"<!-- This site is optimized with the Yoast SEO plugin v20.4 - https:\/\/yoast.com\/wordpress\/plugins\/seo\/ -->\n<title>Alba de bordado tradicional - albas y Laboratorio Gruppo Liturgico<\/title>\n<meta name=\"description\" content=\"Alba de estilo tradicional con dise\u00f1o tipo Cant\u00f9 bordado en hilo presente en el dobladillo y las mangas. El tejido es una tela de poli\u00e9ster cristal que da consistencia incluso para el lavado normal en agua y jab\u00f3n. Las fotograf\u00edas muestran todos los detalles del bordado.\" \/>\n<meta name=\"robots\" content=\"index, follow, max-snippet:-1, max-image-preview:large, max-video-preview:-1\" \/>\n<link rel=\"canonical\" href=\"https:\/\/www.gruppoliturgico.com\/es\/producto\/alba-de-bordado-tradicional-3\/\" \/>\n<meta property=\"og:locale\" content=\"es_ES\" \/>\n<meta property=\"og:type\" content=\"article\" \/>\n<meta property=\"og:title\" content=\"Alba de bordado tradicional - albas y Laboratorio Gruppo Liturgico\" \/>\n<meta property=\"og:description\" content=\"Alba de estilo tradicional con dise\u00f1o tipo Cant\u00f9 bordado en hilo presente en el dobladillo y las mangas. El tejido es una tela de poli\u00e9ster cristal que da consistencia incluso para el lavado normal en agua y jab\u00f3n. Las fotograf\u00edas muestran todos los detalles del bordado.\" \/>\n<meta property=\"og:url\" content=\"https:\/\/www.gruppoliturgico.com\/es\/producto\/alba-de-bordado-tradicional-3\/\" \/>\n<meta property=\"og:site_name\" content=\"Laboratorio Gruppo Liturgico\" \/>\n<meta property=\"og:image\" content=\"https:\/\/www.gruppoliturgico.com\/wp-content\/uploads\/2024\/06\/4018-nv-3-rit.jpg\" \/>\n\t<meta property=\"og:image:width\" content=\"1026\" \/>\n\t<meta property=\"og:image:height\" content=\"2000\" \/>\n\t<meta property=\"og:image:type\" content=\"image\/jpeg\" \/>\n<meta name=\"twitter:card\" content=\"summary_large_image\" \/>\n<script type=\"application\/ld+json\" class=\"yoast-schema-graph\">{\"@context\":\"https:\/\/schema.org\",\"@graph\":[{\"@type\":\"WebPage\",\"@id\":\"https:\/\/www.gruppoliturgico.com\/es\/producto\/alba-de-bordado-tradicional-3\/\",\"url\":\"https:\/\/www.gruppoliturgico.com\/es\/producto\/alba-de-bordado-tradicional-3\/\",\"name\":\"Alba de bordado tradicional - albas y Laboratorio Gruppo Liturgico\",\"isPartOf\":{\"@id\":\"https:\/\/www.gruppoliturgico.com\/es\/#website\"},\"datePublished\":\"2024-06-02T06:46:59+00:00\",\"dateModified\":\"2024-06-02T06:46:59+00:00\",\"description\":\"Alba de estilo tradicional con dise\u00f1o tipo Cant\u00f9 bordado en hilo presente en el dobladillo y las mangas. El tejido es una tela de poli\u00e9ster cristal que da consistencia incluso para el lavado normal en agua y jab\u00f3n. Las fotograf\u00edas muestran todos los detalles del bordado.\",\"breadcrumb\":{\"@id\":\"https:\/\/www.gruppoliturgico.com\/es\/producto\/alba-de-bordado-tradicional-3\/#breadcrumb\"},\"inLanguage\":\"es\",\"potentialAction\":[{\"@type\":\"ReadAction\",\"target\":[\"https:\/\/www.gruppoliturgico.com\/es\/producto\/alba-de-bordado-tradicional-3\/\"]}]},{\"@type\":\"BreadcrumbList\",\"@id\":\"https:\/\/www.gruppoliturgico.com\/es\/producto\/alba-de-bordado-tradicional-3\/#breadcrumb\",\"itemListElement\":[{\"@type\":\"ListItem\",\"position\":1,\"name\":\"Home\",\"item\":\"https:\/\/www.gruppoliturgico.com\/es\/\"},{\"@type\":\"ListItem\",\"position\":2,\"name\":\"Tienda\",\"item\":\"https:\/\/www.gruppoliturgico.com\/es\/tienda\/\"},{\"@type\":\"ListItem\",\"position\":3,\"name\":\"Alba de bordado tradicional\"}]},{\"@type\":\"WebSite\",\"@id\":\"https:\/\/www.gruppoliturgico.com\/es\/#website\",\"url\":\"https:\/\/www.gruppoliturgico.com\/es\/\",\"name\":\"Laboratorio Gruppo Liturgico\",\"description\":\"Articoli Religiosi online\",\"publisher\":{\"@id\":\"https:\/\/www.gruppoliturgico.com\/es\/#organization\"},\"potentialAction\":[{\"@type\":\"SearchAction\",\"target\":{\"@type\":\"EntryPoint\",\"urlTemplate\":\"https:\/\/www.gruppoliturgico.com\/es\/?s={search_term_string}\"},\"query-input\":\"required name=search_term_string\"}],\"inLanguage\":\"es\"},{\"@type\":\"Organization\",\"@id\":\"https:\/\/www.gruppoliturgico.com\/es\/#organization\",\"name\":\"Laboratorio Gruppo Liturgico\",\"url\":\"https:\/\/www.gruppoliturgico.com\/es\/\",\"logo\":{\"@type\":\"ImageObject\",\"inLanguage\":\"es\",\"@id\":\"https:\/\/www.gruppoliturgico.com\/es\/#\/schema\/logo\/image\/\",\"url\":\"https:\/\/www.gruppoliturgico.com\/wp-content\/uploads\/2022\/02\/logo-laboratoriogruppoliturgico.png\",\"contentUrl\":\"https:\/\/www.gruppoliturgico.com\/wp-content\/uploads\/2022\/02\/logo-laboratoriogruppoliturgico.png\",\"width\":400,\"height\":114,\"caption\":\"Laboratorio Gruppo Liturgico\"},\"image\":{\"@id\":\"https:\/\/www.gruppoliturgico.com\/es\/#\/schema\/logo\/image\/\"}}]}<\/script>\n<!-- \/ Yoast SEO plugin. -->","yoast_head_json":{"title":"Alba de bordado tradicional - albas y Laboratorio Gruppo Liturgico","description":"Alba de estilo tradicional con dise\u00f1o tipo Cant\u00f9 bordado en hilo presente en el dobladillo y las mangas. El tejido es una tela de poli\u00e9ster cristal que da consistencia incluso para el lavado normal en agua y jab\u00f3n. Las fotograf\u00edas muestran todos los detalles del bordado.","robots":{"index":"index","follow":"follow","max-snippet":"max-snippet:-1","max-image-preview":"max-image-preview:large","max-video-preview":"max-video-preview:-1"},"canonical":"https:\/\/www.gruppoliturgico.com\/es\/producto\/alba-de-bordado-tradicional-3\/","og_locale":"es_ES","og_type":"article","og_title":"Alba de bordado tradicional - albas y Laboratorio Gruppo Liturgico","og_description":"Alba de estilo tradicional con dise\u00f1o tipo Cant\u00f9 bordado en hilo presente en el dobladillo y las mangas. El tejido es una tela de poli\u00e9ster cristal que da consistencia incluso para el lavado normal en agua y jab\u00f3n. Las fotograf\u00edas muestran todos los detalles del bordado.","og_url":"https:\/\/www.gruppoliturgico.com\/es\/producto\/alba-de-bordado-tradicional-3\/","og_site_name":"Laboratorio Gruppo Liturgico","og_image":[{"width":1026,"height":2000,"url":"https:\/\/www.gruppoliturgico.com\/wp-content\/uploads\/2024\/06\/4018-nv-3-rit.jpg","type":"image\/jpeg"}],"twitter_card":"summary_large_image","schema":{"@context":"https:\/\/schema.org","@graph":[{"@type":"WebPage","@id":"https:\/\/www.gruppoliturgico.com\/es\/producto\/alba-de-bordado-tradicional-3\/","url":"https:\/\/www.gruppoliturgico.com\/es\/producto\/alba-de-bordado-tradicional-3\/","name":"Alba de bordado tradicional - albas y Laboratorio Gruppo Liturgico","isPartOf":{"@id":"https:\/\/www.gruppoliturgico.com\/es\/#website"},"datePublished":"2024-06-02T06:46:59+00:00","dateModified":"2024-06-02T06:46:59+00:00","description":"Alba de estilo tradicional con dise\u00f1o tipo Cant\u00f9 bordado en hilo presente en el dobladillo y las mangas. El tejido es una tela de poli\u00e9ster cristal que da consistencia incluso para el lavado normal en agua y jab\u00f3n. Las fotograf\u00edas muestran todos los detalles del bordado.","breadcrumb":{"@id":"https:\/\/www.gruppoliturgico.com\/es\/producto\/alba-de-bordado-tradicional-3\/#breadcrumb"},"inLanguage":"es","potentialAction":[{"@type":"ReadAction","target":["https:\/\/www.gruppoliturgico.com\/es\/producto\/alba-de-bordado-tradicional-3\/"]}]},{"@type":"BreadcrumbList","@id":"https:\/\/www.gruppoliturgico.com\/es\/producto\/alba-de-bordado-tradicional-3\/#breadcrumb","itemListElement":[{"@type":"ListItem","position":1,"name":"Home","item":"https:\/\/www.gruppoliturgico.com\/es\/"},{"@type":"ListItem","position":2,"name":"Tienda","item":"https:\/\/www.gruppoliturgico.com\/es\/tienda\/"},{"@type":"ListItem","position":3,"name":"Alba de bordado tradicional"}]},{"@type":"WebSite","@id":"https:\/\/www.gruppoliturgico.com\/es\/#website","url":"https:\/\/www.gruppoliturgico.com\/es\/","name":"Laboratorio Gruppo Liturgico","description":"Articoli Religiosi online","publisher":{"@id":"https:\/\/www.gruppoliturgico.com\/es\/#organization"},"potentialAction":[{"@type":"SearchAction","target":{"@type":"EntryPoint","urlTemplate":"https:\/\/www.gruppoliturgico.com\/es\/?s={search_term_string}"},"query-input":"required name=search_term_string"}],"inLanguage":"es"},{"@type":"Organization","@id":"https:\/\/www.gruppoliturgico.com\/es\/#organization","name":"Laboratorio Gruppo Liturgico","url":"https:\/\/www.gruppoliturgico.com\/es\/","logo":{"@type":"ImageObject","inLanguage":"es","@id":"https:\/\/www.gruppoliturgico.com\/es\/#\/schema\/logo\/image\/","url":"https:\/\/www.gruppoliturgico.com\/wp-content\/uploads\/2022\/02\/logo-laboratoriogruppoliturgico.png","contentUrl":"https:\/\/www.gruppoliturgico.com\/wp-content\/uploads\/2022\/02\/logo-laboratoriogruppoliturgico.png","width":400,"height":114,"caption":"Laboratorio Gruppo Liturgico"},"image":{"@id":"https:\/\/www.gruppoliturgico.com\/es\/#\/schema\/logo\/image\/"}}]}},"_links":{"self":[{"href":"https:\/\/www.gruppoliturgico.com\/es\/wp-json\/wp\/v2\/product\/127227"}],"collection":[{"href":"https:\/\/www.gruppoliturgico.com\/es\/wp-json\/wp\/v2\/product"}],"about":[{"href":"https:\/\/www.gruppoliturgico.com\/es\/wp-json\/wp\/v2\/types\/product"}],"wp:featuredmedia":[{"embeddable":true,"href":"https:\/\/www.gruppoliturgico.com\/es\/wp-json\/wp\/v2\/media\/136020"}],"wp:attachment":[{"href":"https:\/\/www.gruppoliturgico.com\/es\/wp-json\/wp\/v2\/media?parent=127227"}],"wp:term":[{"taxonomy":"product_cat","embeddable":true,"href":"https:\/\/www.gruppoliturgico.com\/es\/wp-json\/wp\/v2\/product_cat?post=127227"},{"taxonomy":"product_tag","embeddable":true,"href":"https:\/\/www.gruppoliturgico.com\/es\/wp-json\/wp\/v2\/product_tag?post=127227"}],"curies":[{"name":"wp","href":"https:\/\/api.w.org\/{rel}","templated":true}]}}