{"id":124192,"date":"2023-11-17T16:53:00","date_gmt":"2023-11-17T15:53:00","guid":{"rendered":"https:\/\/www.gruppoliturgico.com\/prodotto\/vino-de-misa-blanco-dulce-2\/"},"modified":"2023-11-17T16:53:00","modified_gmt":"2023-11-17T15:53:00","slug":"vino-de-misa-blanco-dulce-2","status":"publish","type":"product","link":"https:\/\/www.gruppoliturgico.com\/es\/producto\/vino-de-misa-blanco-dulce-2\/","title":{"rendered":"Vino de Misa blanco dulce"},"content":{"rendered":"<html><body><p>VINO DE MISA \u201cEX GENIME VITIS\u201d<br>\nproducido en Marsala (Sicilia) por las prestigiosas bodegas VINCI siguiendo todos los preceptos del Derecho Can\u00f3nico.<br>\nEmbotellado y comercializado solamente tras certificaci\u00f3n de la Curia Episcopal de Mazara del Vallo.<br>\nPor sus especiales caracter\u00edsticas de pureza y de gradaci\u00f3n alcoh\u00f3lica, est\u00e1 particularmente indicado para su larga conservaci\u00f3n.<br>\nSe env\u00eda en recipientes de seguridad que contienen 6 botellas.<br>\nEl precio es por 6 botellas de 1 litro.<\/p>\n<\/body><\/html>","protected":false},"excerpt":{"rendered":"<p>VINO DE MISA \u201cEX GENIME VITIS\u201d<br \/>\nproducido en Marsala (Sicilia) por las prestigiosas bodegas VINCI siguiendo todos los preceptos del Derecho Can\u00f3nico.<br \/>\nEmbotellado y comercializado solamente tras certificaci\u00f3n de la Curia Episcopal de Mazara del Vallo.<br \/>\nPor sus especiales caracter\u00edsticas de pureza y de gradaci\u00f3n alcoh\u00f3lica, est\u00e1 particularmente indicado para su larga conservaci\u00f3n.<br \/>\nSe env\u00eda en recipientes de seguridad que contienen 6 botellas.<br \/>\nEl precio es por 6 botellas de 1 litro.<\/p>\n","protected":false},"featured_media":124189,"template":"","meta":[],"product_cat":[11851],"product_tag":[],"yoast_head":"<!-- This site is optimized with the Yoast SEO plugin v20.4 - https:\/\/yoast.com\/wordpress\/plugins\/seo\/ -->\n<title>Vino de Misa blanco dulce - Vino de Misa y Laboratorio Gruppo Liturgico<\/title>\n<meta name=\"description\" content=\"VINO DE MISA \u201cEX GENIME VITIS\u201d producido en Marsala (Sicilia) por las prestigiosas bodegas VINCI siguiendo todos los preceptos del Derecho Can\u00f3nico. Embotellado y comercializado solamente tras certificaci\u00f3n de la Curia Episcopal de Mazara del Vallo. Por sus especiales caracter\u00edsticas de pureza y de gradaci\u00f3n alcoh\u00f3lica, est\u00e1 particularmente indicado para su larga conservaci\u00f3n. Se env\u00eda en recipientes de seguridad que contienen 6 botellas. El precio es por 6 botellas de 1 litro.\" \/>\n<meta name=\"robots\" content=\"index, follow, max-snippet:-1, max-image-preview:large, max-video-preview:-1\" \/>\n<link rel=\"canonical\" href=\"https:\/\/www.gruppoliturgico.com\/es\/producto\/vino-de-misa-blanco-dulce-2\/\" \/>\n<meta property=\"og:locale\" content=\"es_ES\" \/>\n<meta property=\"og:type\" content=\"article\" \/>\n<meta property=\"og:title\" content=\"Vino de Misa blanco dulce - Vino de Misa y Laboratorio Gruppo Liturgico\" \/>\n<meta property=\"og:description\" content=\"VINO DE MISA \u201cEX GENIME VITIS\u201d producido en Marsala (Sicilia) por las prestigiosas bodegas VINCI siguiendo todos los preceptos del Derecho Can\u00f3nico. Embotellado y comercializado solamente tras certificaci\u00f3n de la Curia Episcopal de Mazara del Vallo. Por sus especiales caracter\u00edsticas de pureza y de gradaci\u00f3n alcoh\u00f3lica, est\u00e1 particularmente indicado para su larga conservaci\u00f3n. Se env\u00eda en recipientes de seguridad que contienen 6 botellas. El precio es por 6 botellas de 1 litro.\" \/>\n<meta property=\"og:url\" content=\"https:\/\/www.gruppoliturgico.com\/es\/producto\/vino-de-misa-blanco-dulce-2\/\" \/>\n<meta property=\"og:site_name\" content=\"Laboratorio Gruppo Liturgico\" \/>\n<meta property=\"og:image\" content=\"https:\/\/www.gruppoliturgico.com\/wp-content\/uploads\/2023\/11\/3999-1.jpg\" \/>\n\t<meta property=\"og:image:width\" content=\"636\" \/>\n\t<meta property=\"og:image:height\" content=\"2000\" \/>\n\t<meta property=\"og:image:type\" content=\"image\/jpeg\" \/>\n<meta name=\"twitter:card\" content=\"summary_large_image\" \/>\n<script type=\"application\/ld+json\" class=\"yoast-schema-graph\">{\"@context\":\"https:\/\/schema.org\",\"@graph\":[{\"@type\":\"WebPage\",\"@id\":\"https:\/\/www.gruppoliturgico.com\/es\/producto\/vino-de-misa-blanco-dulce-2\/\",\"url\":\"https:\/\/www.gruppoliturgico.com\/es\/producto\/vino-de-misa-blanco-dulce-2\/\",\"name\":\"Vino de Misa blanco dulce - Vino de Misa y Laboratorio Gruppo Liturgico\",\"isPartOf\":{\"@id\":\"https:\/\/www.gruppoliturgico.com\/es\/#website\"},\"datePublished\":\"2023-11-17T15:53:00+00:00\",\"dateModified\":\"2023-11-17T15:53:00+00:00\",\"description\":\"VINO DE MISA \u201cEX GENIME VITIS\u201d producido en Marsala (Sicilia) por las prestigiosas bodegas VINCI siguiendo todos los preceptos del Derecho Can\u00f3nico. Embotellado y comercializado solamente tras certificaci\u00f3n de la Curia Episcopal de Mazara del Vallo. Por sus especiales caracter\u00edsticas de pureza y de gradaci\u00f3n alcoh\u00f3lica, est\u00e1 particularmente indicado para su larga conservaci\u00f3n. Se env\u00eda en recipientes de seguridad que contienen 6 botellas. El precio es por 6 botellas de 1 litro.\",\"breadcrumb\":{\"@id\":\"https:\/\/www.gruppoliturgico.com\/es\/producto\/vino-de-misa-blanco-dulce-2\/#breadcrumb\"},\"inLanguage\":\"es\",\"potentialAction\":[{\"@type\":\"ReadAction\",\"target\":[\"https:\/\/www.gruppoliturgico.com\/es\/producto\/vino-de-misa-blanco-dulce-2\/\"]}]},{\"@type\":\"BreadcrumbList\",\"@id\":\"https:\/\/www.gruppoliturgico.com\/es\/producto\/vino-de-misa-blanco-dulce-2\/#breadcrumb\",\"itemListElement\":[{\"@type\":\"ListItem\",\"position\":1,\"name\":\"Home\",\"item\":\"https:\/\/www.gruppoliturgico.com\/es\/\"},{\"@type\":\"ListItem\",\"position\":2,\"name\":\"Tienda\",\"item\":\"https:\/\/www.gruppoliturgico.com\/es\/tienda\/\"},{\"@type\":\"ListItem\",\"position\":3,\"name\":\"Vino de Misa blanco dulce\"}]},{\"@type\":\"WebSite\",\"@id\":\"https:\/\/www.gruppoliturgico.com\/es\/#website\",\"url\":\"https:\/\/www.gruppoliturgico.com\/es\/\",\"name\":\"Laboratorio Gruppo Liturgico\",\"description\":\"Articoli Religiosi online\",\"publisher\":{\"@id\":\"https:\/\/www.gruppoliturgico.com\/es\/#organization\"},\"potentialAction\":[{\"@type\":\"SearchAction\",\"target\":{\"@type\":\"EntryPoint\",\"urlTemplate\":\"https:\/\/www.gruppoliturgico.com\/es\/?s={search_term_string}\"},\"query-input\":\"required name=search_term_string\"}],\"inLanguage\":\"es\"},{\"@type\":\"Organization\",\"@id\":\"https:\/\/www.gruppoliturgico.com\/es\/#organization\",\"name\":\"Laboratorio Gruppo Liturgico\",\"url\":\"https:\/\/www.gruppoliturgico.com\/es\/\",\"logo\":{\"@type\":\"ImageObject\",\"inLanguage\":\"es\",\"@id\":\"https:\/\/www.gruppoliturgico.com\/es\/#\/schema\/logo\/image\/\",\"url\":\"https:\/\/www.gruppoliturgico.com\/wp-content\/uploads\/2022\/02\/logo-laboratoriogruppoliturgico.png\",\"contentUrl\":\"https:\/\/www.gruppoliturgico.com\/wp-content\/uploads\/2022\/02\/logo-laboratoriogruppoliturgico.png\",\"width\":400,\"height\":114,\"caption\":\"Laboratorio Gruppo Liturgico\"},\"image\":{\"@id\":\"https:\/\/www.gruppoliturgico.com\/es\/#\/schema\/logo\/image\/\"}}]}<\/script>\n<!-- \/ Yoast SEO plugin. -->","yoast_head_json":{"title":"Vino de Misa blanco dulce - Vino de Misa y Laboratorio Gruppo Liturgico","description":"VINO DE MISA \u201cEX GENIME VITIS\u201d producido en Marsala (Sicilia) por las prestigiosas bodegas VINCI siguiendo todos los preceptos del Derecho Can\u00f3nico. Embotellado y comercializado solamente tras certificaci\u00f3n de la Curia Episcopal de Mazara del Vallo. Por sus especiales caracter\u00edsticas de pureza y de gradaci\u00f3n alcoh\u00f3lica, est\u00e1 particularmente indicado para su larga conservaci\u00f3n. Se env\u00eda en recipientes de seguridad que contienen 6 botellas. El precio es por 6 botellas de 1 litro.","robots":{"index":"index","follow":"follow","max-snippet":"max-snippet:-1","max-image-preview":"max-image-preview:large","max-video-preview":"max-video-preview:-1"},"canonical":"https:\/\/www.gruppoliturgico.com\/es\/producto\/vino-de-misa-blanco-dulce-2\/","og_locale":"es_ES","og_type":"article","og_title":"Vino de Misa blanco dulce - Vino de Misa y Laboratorio Gruppo Liturgico","og_description":"VINO DE MISA \u201cEX GENIME VITIS\u201d producido en Marsala (Sicilia) por las prestigiosas bodegas VINCI siguiendo todos los preceptos del Derecho Can\u00f3nico. Embotellado y comercializado solamente tras certificaci\u00f3n de la Curia Episcopal de Mazara del Vallo. Por sus especiales caracter\u00edsticas de pureza y de gradaci\u00f3n alcoh\u00f3lica, est\u00e1 particularmente indicado para su larga conservaci\u00f3n. Se env\u00eda en recipientes de seguridad que contienen 6 botellas. El precio es por 6 botellas de 1 litro.","og_url":"https:\/\/www.gruppoliturgico.com\/es\/producto\/vino-de-misa-blanco-dulce-2\/","og_site_name":"Laboratorio Gruppo Liturgico","og_image":[{"width":636,"height":2000,"url":"https:\/\/www.gruppoliturgico.com\/wp-content\/uploads\/2023\/11\/3999-1.jpg","type":"image\/jpeg"}],"twitter_card":"summary_large_image","schema":{"@context":"https:\/\/schema.org","@graph":[{"@type":"WebPage","@id":"https:\/\/www.gruppoliturgico.com\/es\/producto\/vino-de-misa-blanco-dulce-2\/","url":"https:\/\/www.gruppoliturgico.com\/es\/producto\/vino-de-misa-blanco-dulce-2\/","name":"Vino de Misa blanco dulce - Vino de Misa y Laboratorio Gruppo Liturgico","isPartOf":{"@id":"https:\/\/www.gruppoliturgico.com\/es\/#website"},"datePublished":"2023-11-17T15:53:00+00:00","dateModified":"2023-11-17T15:53:00+00:00","description":"VINO DE MISA \u201cEX GENIME VITIS\u201d producido en Marsala (Sicilia) por las prestigiosas bodegas VINCI siguiendo todos los preceptos del Derecho Can\u00f3nico. Embotellado y comercializado solamente tras certificaci\u00f3n de la Curia Episcopal de Mazara del Vallo. Por sus especiales caracter\u00edsticas de pureza y de gradaci\u00f3n alcoh\u00f3lica, est\u00e1 particularmente indicado para su larga conservaci\u00f3n. Se env\u00eda en recipientes de seguridad que contienen 6 botellas. El precio es por 6 botellas de 1 litro.","breadcrumb":{"@id":"https:\/\/www.gruppoliturgico.com\/es\/producto\/vino-de-misa-blanco-dulce-2\/#breadcrumb"},"inLanguage":"es","potentialAction":[{"@type":"ReadAction","target":["https:\/\/www.gruppoliturgico.com\/es\/producto\/vino-de-misa-blanco-dulce-2\/"]}]},{"@type":"BreadcrumbList","@id":"https:\/\/www.gruppoliturgico.com\/es\/producto\/vino-de-misa-blanco-dulce-2\/#breadcrumb","itemListElement":[{"@type":"ListItem","position":1,"name":"Home","item":"https:\/\/www.gruppoliturgico.com\/es\/"},{"@type":"ListItem","position":2,"name":"Tienda","item":"https:\/\/www.gruppoliturgico.com\/es\/tienda\/"},{"@type":"ListItem","position":3,"name":"Vino de Misa blanco dulce"}]},{"@type":"WebSite","@id":"https:\/\/www.gruppoliturgico.com\/es\/#website","url":"https:\/\/www.gruppoliturgico.com\/es\/","name":"Laboratorio Gruppo Liturgico","description":"Articoli Religiosi online","publisher":{"@id":"https:\/\/www.gruppoliturgico.com\/es\/#organization"},"potentialAction":[{"@type":"SearchAction","target":{"@type":"EntryPoint","urlTemplate":"https:\/\/www.gruppoliturgico.com\/es\/?s={search_term_string}"},"query-input":"required name=search_term_string"}],"inLanguage":"es"},{"@type":"Organization","@id":"https:\/\/www.gruppoliturgico.com\/es\/#organization","name":"Laboratorio Gruppo Liturgico","url":"https:\/\/www.gruppoliturgico.com\/es\/","logo":{"@type":"ImageObject","inLanguage":"es","@id":"https:\/\/www.gruppoliturgico.com\/es\/#\/schema\/logo\/image\/","url":"https:\/\/www.gruppoliturgico.com\/wp-content\/uploads\/2022\/02\/logo-laboratoriogruppoliturgico.png","contentUrl":"https:\/\/www.gruppoliturgico.com\/wp-content\/uploads\/2022\/02\/logo-laboratoriogruppoliturgico.png","width":400,"height":114,"caption":"Laboratorio Gruppo Liturgico"},"image":{"@id":"https:\/\/www.gruppoliturgico.com\/es\/#\/schema\/logo\/image\/"}}]}},"_links":{"self":[{"href":"https:\/\/www.gruppoliturgico.com\/es\/wp-json\/wp\/v2\/product\/124192"}],"collection":[{"href":"https:\/\/www.gruppoliturgico.com\/es\/wp-json\/wp\/v2\/product"}],"about":[{"href":"https:\/\/www.gruppoliturgico.com\/es\/wp-json\/wp\/v2\/types\/product"}],"wp:featuredmedia":[{"embeddable":true,"href":"https:\/\/www.gruppoliturgico.com\/es\/wp-json\/wp\/v2\/media\/124189"}],"wp:attachment":[{"href":"https:\/\/www.gruppoliturgico.com\/es\/wp-json\/wp\/v2\/media?parent=124192"}],"wp:term":[{"taxonomy":"product_cat","embeddable":true,"href":"https:\/\/www.gruppoliturgico.com\/es\/wp-json\/wp\/v2\/product_cat?post=124192"},{"taxonomy":"product_tag","embeddable":true,"href":"https:\/\/www.gruppoliturgico.com\/es\/wp-json\/wp\/v2\/product_tag?post=124192"}],"curies":[{"name":"wp","href":"https:\/\/api.w.org\/{rel}","templated":true}]}}