{"id":124022,"date":"2023-11-08T15:56:24","date_gmt":"2023-11-08T14:56:24","guid":{"rendered":"https:\/\/www.gruppoliturgico.com\/prodotto\/mitra-2\/"},"modified":"2023-11-08T15:56:24","modified_gmt":"2023-11-08T14:56:24","slug":"mitra-2","status":"publish","type":"product","link":"https:\/\/www.gruppoliturgico.com\/es\/producto\/mitra-2\/","title":{"rendered":"Mitra"},"content":{"rendered":"<html><body><p>mitra cl\u00e1sica de forma tradicional confeccionada en raso de poli\u00e9ster blanco .<br>\nEl bordado est\u00e1 realizado con hilo marfil ton sur ton.<br>\nPeque\u00f1as borlas hiladas a mano est\u00e1n presentes en las infulas, tambi\u00e9n bordadas.<br>\nAltura 30 cm<\/p>\n<\/body><\/html>","protected":false},"excerpt":{"rendered":"<p>mitra cl\u00e1sica de forma tradicional confeccionada en raso de poli\u00e9ster blanco .<br \/>\nEl bordado est\u00e1 realizado con hilo marfil ton sur ton.<br \/>\nPeque\u00f1as borlas hiladas a mano est\u00e1n presentes en las infulas, tambi\u00e9n bordadas.<br \/>\nAltura 30 cm<\/p>\n","protected":false},"featured_media":135402,"template":"","meta":[],"product_cat":[11963],"product_tag":[],"yoast_head":"<!-- This site is optimized with the Yoast SEO plugin v20.4 - https:\/\/yoast.com\/wordpress\/plugins\/seo\/ -->\n<title>Mitra - mitras y Laboratorio Gruppo Liturgico<\/title>\n<meta name=\"description\" content=\"mitra cl\u00e1sica de forma tradicional confeccionada en raso de poli\u00e9ster blanco . El bordado est\u00e1 realizado con hilo marfil ton sur ton. Peque\u00f1as borlas hiladas a mano est\u00e1n presentes en las infulas, tambi\u00e9n bordadas. Altura 30 cm\" \/>\n<meta name=\"robots\" content=\"index, follow, max-snippet:-1, max-image-preview:large, max-video-preview:-1\" \/>\n<link rel=\"canonical\" href=\"https:\/\/www.gruppoliturgico.com\/es\/producto\/mitra-2\/\" \/>\n<meta property=\"og:locale\" content=\"es_ES\" \/>\n<meta property=\"og:type\" content=\"article\" \/>\n<meta property=\"og:title\" content=\"Mitra - mitras y Laboratorio Gruppo Liturgico\" \/>\n<meta property=\"og:description\" content=\"mitra cl\u00e1sica de forma tradicional confeccionada en raso de poli\u00e9ster blanco . El bordado est\u00e1 realizado con hilo marfil ton sur ton. Peque\u00f1as borlas hiladas a mano est\u00e1n presentes en las infulas, tambi\u00e9n bordadas. Altura 30 cm\" \/>\n<meta property=\"og:url\" content=\"https:\/\/www.gruppoliturgico.com\/es\/producto\/mitra-2\/\" \/>\n<meta property=\"og:site_name\" content=\"Laboratorio Gruppo Liturgico\" \/>\n<meta property=\"og:image\" content=\"https:\/\/www.gruppoliturgico.com\/wp-content\/uploads\/2023\/11\/3995-1-nv-rit-753x1024.jpg\" \/>\n\t<meta property=\"og:image:width\" content=\"753\" \/>\n\t<meta property=\"og:image:height\" content=\"1024\" \/>\n\t<meta property=\"og:image:type\" content=\"image\/jpeg\" \/>\n<meta name=\"twitter:card\" content=\"summary_large_image\" \/>\n<script type=\"application\/ld+json\" class=\"yoast-schema-graph\">{\"@context\":\"https:\/\/schema.org\",\"@graph\":[{\"@type\":\"WebPage\",\"@id\":\"https:\/\/www.gruppoliturgico.com\/es\/producto\/mitra-2\/\",\"url\":\"https:\/\/www.gruppoliturgico.com\/es\/producto\/mitra-2\/\",\"name\":\"Mitra - mitras y Laboratorio Gruppo Liturgico\",\"isPartOf\":{\"@id\":\"https:\/\/www.gruppoliturgico.com\/es\/#website\"},\"datePublished\":\"2023-11-08T14:56:24+00:00\",\"dateModified\":\"2023-11-08T14:56:24+00:00\",\"description\":\"mitra cl\u00e1sica de forma tradicional confeccionada en raso de poli\u00e9ster blanco . El bordado est\u00e1 realizado con hilo marfil ton sur ton. Peque\u00f1as borlas hiladas a mano est\u00e1n presentes en las infulas, tambi\u00e9n bordadas. Altura 30 cm\",\"breadcrumb\":{\"@id\":\"https:\/\/www.gruppoliturgico.com\/es\/producto\/mitra-2\/#breadcrumb\"},\"inLanguage\":\"es\",\"potentialAction\":[{\"@type\":\"ReadAction\",\"target\":[\"https:\/\/www.gruppoliturgico.com\/es\/producto\/mitra-2\/\"]}]},{\"@type\":\"BreadcrumbList\",\"@id\":\"https:\/\/www.gruppoliturgico.com\/es\/producto\/mitra-2\/#breadcrumb\",\"itemListElement\":[{\"@type\":\"ListItem\",\"position\":1,\"name\":\"Home\",\"item\":\"https:\/\/www.gruppoliturgico.com\/es\/\"},{\"@type\":\"ListItem\",\"position\":2,\"name\":\"Tienda\",\"item\":\"https:\/\/www.gruppoliturgico.com\/es\/tienda\/\"},{\"@type\":\"ListItem\",\"position\":3,\"name\":\"Mitra\"}]},{\"@type\":\"WebSite\",\"@id\":\"https:\/\/www.gruppoliturgico.com\/es\/#website\",\"url\":\"https:\/\/www.gruppoliturgico.com\/es\/\",\"name\":\"Laboratorio Gruppo Liturgico\",\"description\":\"Articoli Religiosi online\",\"publisher\":{\"@id\":\"https:\/\/www.gruppoliturgico.com\/es\/#organization\"},\"potentialAction\":[{\"@type\":\"SearchAction\",\"target\":{\"@type\":\"EntryPoint\",\"urlTemplate\":\"https:\/\/www.gruppoliturgico.com\/es\/?s={search_term_string}\"},\"query-input\":\"required name=search_term_string\"}],\"inLanguage\":\"es\"},{\"@type\":\"Organization\",\"@id\":\"https:\/\/www.gruppoliturgico.com\/es\/#organization\",\"name\":\"Laboratorio Gruppo Liturgico\",\"url\":\"https:\/\/www.gruppoliturgico.com\/es\/\",\"logo\":{\"@type\":\"ImageObject\",\"inLanguage\":\"es\",\"@id\":\"https:\/\/www.gruppoliturgico.com\/es\/#\/schema\/logo\/image\/\",\"url\":\"https:\/\/www.gruppoliturgico.com\/wp-content\/uploads\/2022\/02\/logo-laboratoriogruppoliturgico.png\",\"contentUrl\":\"https:\/\/www.gruppoliturgico.com\/wp-content\/uploads\/2022\/02\/logo-laboratoriogruppoliturgico.png\",\"width\":400,\"height\":114,\"caption\":\"Laboratorio Gruppo Liturgico\"},\"image\":{\"@id\":\"https:\/\/www.gruppoliturgico.com\/es\/#\/schema\/logo\/image\/\"}}]}<\/script>\n<!-- \/ Yoast SEO plugin. -->","yoast_head_json":{"title":"Mitra - mitras y Laboratorio Gruppo Liturgico","description":"mitra cl\u00e1sica de forma tradicional confeccionada en raso de poli\u00e9ster blanco . El bordado est\u00e1 realizado con hilo marfil ton sur ton. Peque\u00f1as borlas hiladas a mano est\u00e1n presentes en las infulas, tambi\u00e9n bordadas. Altura 30 cm","robots":{"index":"index","follow":"follow","max-snippet":"max-snippet:-1","max-image-preview":"max-image-preview:large","max-video-preview":"max-video-preview:-1"},"canonical":"https:\/\/www.gruppoliturgico.com\/es\/producto\/mitra-2\/","og_locale":"es_ES","og_type":"article","og_title":"Mitra - mitras y Laboratorio Gruppo Liturgico","og_description":"mitra cl\u00e1sica de forma tradicional confeccionada en raso de poli\u00e9ster blanco . El bordado est\u00e1 realizado con hilo marfil ton sur ton. Peque\u00f1as borlas hiladas a mano est\u00e1n presentes en las infulas, tambi\u00e9n bordadas. Altura 30 cm","og_url":"https:\/\/www.gruppoliturgico.com\/es\/producto\/mitra-2\/","og_site_name":"Laboratorio Gruppo Liturgico","og_image":[{"width":753,"height":1024,"url":"https:\/\/www.gruppoliturgico.com\/wp-content\/uploads\/2023\/11\/3995-1-nv-rit-753x1024.jpg","type":"image\/jpeg"}],"twitter_card":"summary_large_image","schema":{"@context":"https:\/\/schema.org","@graph":[{"@type":"WebPage","@id":"https:\/\/www.gruppoliturgico.com\/es\/producto\/mitra-2\/","url":"https:\/\/www.gruppoliturgico.com\/es\/producto\/mitra-2\/","name":"Mitra - mitras y Laboratorio Gruppo Liturgico","isPartOf":{"@id":"https:\/\/www.gruppoliturgico.com\/es\/#website"},"datePublished":"2023-11-08T14:56:24+00:00","dateModified":"2023-11-08T14:56:24+00:00","description":"mitra cl\u00e1sica de forma tradicional confeccionada en raso de poli\u00e9ster blanco . El bordado est\u00e1 realizado con hilo marfil ton sur ton. Peque\u00f1as borlas hiladas a mano est\u00e1n presentes en las infulas, tambi\u00e9n bordadas. Altura 30 cm","breadcrumb":{"@id":"https:\/\/www.gruppoliturgico.com\/es\/producto\/mitra-2\/#breadcrumb"},"inLanguage":"es","potentialAction":[{"@type":"ReadAction","target":["https:\/\/www.gruppoliturgico.com\/es\/producto\/mitra-2\/"]}]},{"@type":"BreadcrumbList","@id":"https:\/\/www.gruppoliturgico.com\/es\/producto\/mitra-2\/#breadcrumb","itemListElement":[{"@type":"ListItem","position":1,"name":"Home","item":"https:\/\/www.gruppoliturgico.com\/es\/"},{"@type":"ListItem","position":2,"name":"Tienda","item":"https:\/\/www.gruppoliturgico.com\/es\/tienda\/"},{"@type":"ListItem","position":3,"name":"Mitra"}]},{"@type":"WebSite","@id":"https:\/\/www.gruppoliturgico.com\/es\/#website","url":"https:\/\/www.gruppoliturgico.com\/es\/","name":"Laboratorio Gruppo Liturgico","description":"Articoli Religiosi online","publisher":{"@id":"https:\/\/www.gruppoliturgico.com\/es\/#organization"},"potentialAction":[{"@type":"SearchAction","target":{"@type":"EntryPoint","urlTemplate":"https:\/\/www.gruppoliturgico.com\/es\/?s={search_term_string}"},"query-input":"required name=search_term_string"}],"inLanguage":"es"},{"@type":"Organization","@id":"https:\/\/www.gruppoliturgico.com\/es\/#organization","name":"Laboratorio Gruppo Liturgico","url":"https:\/\/www.gruppoliturgico.com\/es\/","logo":{"@type":"ImageObject","inLanguage":"es","@id":"https:\/\/www.gruppoliturgico.com\/es\/#\/schema\/logo\/image\/","url":"https:\/\/www.gruppoliturgico.com\/wp-content\/uploads\/2022\/02\/logo-laboratoriogruppoliturgico.png","contentUrl":"https:\/\/www.gruppoliturgico.com\/wp-content\/uploads\/2022\/02\/logo-laboratoriogruppoliturgico.png","width":400,"height":114,"caption":"Laboratorio Gruppo Liturgico"},"image":{"@id":"https:\/\/www.gruppoliturgico.com\/es\/#\/schema\/logo\/image\/"}}]}},"_links":{"self":[{"href":"https:\/\/www.gruppoliturgico.com\/es\/wp-json\/wp\/v2\/product\/124022"}],"collection":[{"href":"https:\/\/www.gruppoliturgico.com\/es\/wp-json\/wp\/v2\/product"}],"about":[{"href":"https:\/\/www.gruppoliturgico.com\/es\/wp-json\/wp\/v2\/types\/product"}],"wp:featuredmedia":[{"embeddable":true,"href":"https:\/\/www.gruppoliturgico.com\/es\/wp-json\/wp\/v2\/media\/135402"}],"wp:attachment":[{"href":"https:\/\/www.gruppoliturgico.com\/es\/wp-json\/wp\/v2\/media?parent=124022"}],"wp:term":[{"taxonomy":"product_cat","embeddable":true,"href":"https:\/\/www.gruppoliturgico.com\/es\/wp-json\/wp\/v2\/product_cat?post=124022"},{"taxonomy":"product_tag","embeddable":true,"href":"https:\/\/www.gruppoliturgico.com\/es\/wp-json\/wp\/v2\/product_tag?post=124022"}],"curies":[{"name":"wp","href":"https:\/\/api.w.org\/{rel}","templated":true}]}}