{"id":122848,"date":"2023-09-11T16:10:59","date_gmt":"2023-09-11T14:10:59","guid":{"rendered":"https:\/\/www.gruppoliturgico.com\/prodotto\/juego-de-vinajeras-3\/"},"modified":"2023-09-11T16:10:59","modified_gmt":"2023-09-11T14:10:59","slug":"juego-de-vinajeras-3","status":"publish","type":"product","link":"https:\/\/www.gruppoliturgico.com\/es\/producto\/juego-de-vinajeras-3\/","title":{"rendered":"Juego de Vinajeras"},"content":{"rendered":"<html><body><p>Juego de Vinajeras de lat\u00f3n dorado con cruces de fundici\u00f3n.<br>\nCon su caracter\u00edstica forma de barco, lleva dos vinajeras de vidrio soplado firmemente fijadas en sus correspondientes alojamientos.<br>\nDimensiones cm 19 x 15 <\/p>\n<\/body><\/html>","protected":false},"excerpt":{"rendered":"<p>Juego de Vinajeras de lat\u00f3n dorado con cruces de fundici\u00f3n.<br \/>\nCon su caracter\u00edstica forma de barco, lleva dos vinajeras de vidrio soplado firmemente fijadas en sus correspondientes alojamientos.<br \/>\nDimensiones cm 19 x 15 <\/p>\n","protected":false},"featured_media":131847,"template":"","meta":[],"product_cat":[11635],"product_tag":[],"yoast_head":"<!-- This site is optimized with the Yoast SEO plugin v20.4 - https:\/\/yoast.com\/wordpress\/plugins\/seo\/ -->\n<title>Juego de Vinajeras - vinajeras y Laboratorio Gruppo Liturgico<\/title>\n<meta name=\"description\" content=\"Juego de Vinajeras de lat\u00f3n dorado con cruces de fundici\u00f3n. Con su caracter\u00edstica forma de barco, lleva dos vinajeras de vidrio soplado firmemente fijadas en sus correspondientes alojamientos. Dimensiones cm 19 x 15\" \/>\n<meta name=\"robots\" content=\"index, follow, max-snippet:-1, max-image-preview:large, max-video-preview:-1\" \/>\n<link rel=\"canonical\" href=\"https:\/\/www.gruppoliturgico.com\/es\/producto\/juego-de-vinajeras-3\/\" \/>\n<meta property=\"og:locale\" content=\"es_ES\" \/>\n<meta property=\"og:type\" content=\"article\" \/>\n<meta property=\"og:title\" content=\"Juego de Vinajeras - vinajeras y Laboratorio Gruppo Liturgico\" \/>\n<meta property=\"og:description\" content=\"Juego de Vinajeras de lat\u00f3n dorado con cruces de fundici\u00f3n. Con su caracter\u00edstica forma de barco, lleva dos vinajeras de vidrio soplado firmemente fijadas en sus correspondientes alojamientos. Dimensiones cm 19 x 15\" \/>\n<meta property=\"og:url\" content=\"https:\/\/www.gruppoliturgico.com\/es\/producto\/juego-de-vinajeras-3\/\" \/>\n<meta property=\"og:site_name\" content=\"Laboratorio Gruppo Liturgico\" \/>\n<meta property=\"og:image\" content=\"https:\/\/www.gruppoliturgico.com\/wp-content\/uploads\/2023\/09\/3980-2.jpg\" \/>\n\t<meta property=\"og:image:width\" content=\"2000\" \/>\n\t<meta property=\"og:image:height\" content=\"1368\" \/>\n\t<meta property=\"og:image:type\" content=\"image\/jpeg\" \/>\n<meta name=\"twitter:card\" content=\"summary_large_image\" \/>\n<script type=\"application\/ld+json\" class=\"yoast-schema-graph\">{\"@context\":\"https:\/\/schema.org\",\"@graph\":[{\"@type\":\"WebPage\",\"@id\":\"https:\/\/www.gruppoliturgico.com\/es\/producto\/juego-de-vinajeras-3\/\",\"url\":\"https:\/\/www.gruppoliturgico.com\/es\/producto\/juego-de-vinajeras-3\/\",\"name\":\"Juego de Vinajeras - vinajeras y Laboratorio Gruppo Liturgico\",\"isPartOf\":{\"@id\":\"https:\/\/www.gruppoliturgico.com\/es\/#website\"},\"datePublished\":\"2023-09-11T14:10:59+00:00\",\"dateModified\":\"2023-09-11T14:10:59+00:00\",\"description\":\"Juego de Vinajeras de lat\u00f3n dorado con cruces de fundici\u00f3n. Con su caracter\u00edstica forma de barco, lleva dos vinajeras de vidrio soplado firmemente fijadas en sus correspondientes alojamientos. Dimensiones cm 19 x 15\",\"breadcrumb\":{\"@id\":\"https:\/\/www.gruppoliturgico.com\/es\/producto\/juego-de-vinajeras-3\/#breadcrumb\"},\"inLanguage\":\"es\",\"potentialAction\":[{\"@type\":\"ReadAction\",\"target\":[\"https:\/\/www.gruppoliturgico.com\/es\/producto\/juego-de-vinajeras-3\/\"]}]},{\"@type\":\"BreadcrumbList\",\"@id\":\"https:\/\/www.gruppoliturgico.com\/es\/producto\/juego-de-vinajeras-3\/#breadcrumb\",\"itemListElement\":[{\"@type\":\"ListItem\",\"position\":1,\"name\":\"Home\",\"item\":\"https:\/\/www.gruppoliturgico.com\/es\/\"},{\"@type\":\"ListItem\",\"position\":2,\"name\":\"Tienda\",\"item\":\"https:\/\/www.gruppoliturgico.com\/es\/tienda\/\"},{\"@type\":\"ListItem\",\"position\":3,\"name\":\"Juego de Vinajeras\"}]},{\"@type\":\"WebSite\",\"@id\":\"https:\/\/www.gruppoliturgico.com\/es\/#website\",\"url\":\"https:\/\/www.gruppoliturgico.com\/es\/\",\"name\":\"Laboratorio Gruppo Liturgico\",\"description\":\"Articoli Religiosi online\",\"publisher\":{\"@id\":\"https:\/\/www.gruppoliturgico.com\/es\/#organization\"},\"potentialAction\":[{\"@type\":\"SearchAction\",\"target\":{\"@type\":\"EntryPoint\",\"urlTemplate\":\"https:\/\/www.gruppoliturgico.com\/es\/?s={search_term_string}\"},\"query-input\":\"required name=search_term_string\"}],\"inLanguage\":\"es\"},{\"@type\":\"Organization\",\"@id\":\"https:\/\/www.gruppoliturgico.com\/es\/#organization\",\"name\":\"Laboratorio Gruppo Liturgico\",\"url\":\"https:\/\/www.gruppoliturgico.com\/es\/\",\"logo\":{\"@type\":\"ImageObject\",\"inLanguage\":\"es\",\"@id\":\"https:\/\/www.gruppoliturgico.com\/es\/#\/schema\/logo\/image\/\",\"url\":\"https:\/\/www.gruppoliturgico.com\/wp-content\/uploads\/2022\/02\/logo-laboratoriogruppoliturgico.png\",\"contentUrl\":\"https:\/\/www.gruppoliturgico.com\/wp-content\/uploads\/2022\/02\/logo-laboratoriogruppoliturgico.png\",\"width\":400,\"height\":114,\"caption\":\"Laboratorio Gruppo Liturgico\"},\"image\":{\"@id\":\"https:\/\/www.gruppoliturgico.com\/es\/#\/schema\/logo\/image\/\"}}]}<\/script>\n<!-- \/ Yoast SEO plugin. -->","yoast_head_json":{"title":"Juego de Vinajeras - vinajeras y Laboratorio Gruppo Liturgico","description":"Juego de Vinajeras de lat\u00f3n dorado con cruces de fundici\u00f3n. Con su caracter\u00edstica forma de barco, lleva dos vinajeras de vidrio soplado firmemente fijadas en sus correspondientes alojamientos. Dimensiones cm 19 x 15","robots":{"index":"index","follow":"follow","max-snippet":"max-snippet:-1","max-image-preview":"max-image-preview:large","max-video-preview":"max-video-preview:-1"},"canonical":"https:\/\/www.gruppoliturgico.com\/es\/producto\/juego-de-vinajeras-3\/","og_locale":"es_ES","og_type":"article","og_title":"Juego de Vinajeras - vinajeras y Laboratorio Gruppo Liturgico","og_description":"Juego de Vinajeras de lat\u00f3n dorado con cruces de fundici\u00f3n. Con su caracter\u00edstica forma de barco, lleva dos vinajeras de vidrio soplado firmemente fijadas en sus correspondientes alojamientos. Dimensiones cm 19 x 15","og_url":"https:\/\/www.gruppoliturgico.com\/es\/producto\/juego-de-vinajeras-3\/","og_site_name":"Laboratorio Gruppo Liturgico","og_image":[{"width":2000,"height":1368,"url":"https:\/\/www.gruppoliturgico.com\/wp-content\/uploads\/2023\/09\/3980-2.jpg","type":"image\/jpeg"}],"twitter_card":"summary_large_image","schema":{"@context":"https:\/\/schema.org","@graph":[{"@type":"WebPage","@id":"https:\/\/www.gruppoliturgico.com\/es\/producto\/juego-de-vinajeras-3\/","url":"https:\/\/www.gruppoliturgico.com\/es\/producto\/juego-de-vinajeras-3\/","name":"Juego de Vinajeras - vinajeras y Laboratorio Gruppo Liturgico","isPartOf":{"@id":"https:\/\/www.gruppoliturgico.com\/es\/#website"},"datePublished":"2023-09-11T14:10:59+00:00","dateModified":"2023-09-11T14:10:59+00:00","description":"Juego de Vinajeras de lat\u00f3n dorado con cruces de fundici\u00f3n. Con su caracter\u00edstica forma de barco, lleva dos vinajeras de vidrio soplado firmemente fijadas en sus correspondientes alojamientos. Dimensiones cm 19 x 15","breadcrumb":{"@id":"https:\/\/www.gruppoliturgico.com\/es\/producto\/juego-de-vinajeras-3\/#breadcrumb"},"inLanguage":"es","potentialAction":[{"@type":"ReadAction","target":["https:\/\/www.gruppoliturgico.com\/es\/producto\/juego-de-vinajeras-3\/"]}]},{"@type":"BreadcrumbList","@id":"https:\/\/www.gruppoliturgico.com\/es\/producto\/juego-de-vinajeras-3\/#breadcrumb","itemListElement":[{"@type":"ListItem","position":1,"name":"Home","item":"https:\/\/www.gruppoliturgico.com\/es\/"},{"@type":"ListItem","position":2,"name":"Tienda","item":"https:\/\/www.gruppoliturgico.com\/es\/tienda\/"},{"@type":"ListItem","position":3,"name":"Juego de Vinajeras"}]},{"@type":"WebSite","@id":"https:\/\/www.gruppoliturgico.com\/es\/#website","url":"https:\/\/www.gruppoliturgico.com\/es\/","name":"Laboratorio Gruppo Liturgico","description":"Articoli Religiosi online","publisher":{"@id":"https:\/\/www.gruppoliturgico.com\/es\/#organization"},"potentialAction":[{"@type":"SearchAction","target":{"@type":"EntryPoint","urlTemplate":"https:\/\/www.gruppoliturgico.com\/es\/?s={search_term_string}"},"query-input":"required name=search_term_string"}],"inLanguage":"es"},{"@type":"Organization","@id":"https:\/\/www.gruppoliturgico.com\/es\/#organization","name":"Laboratorio Gruppo Liturgico","url":"https:\/\/www.gruppoliturgico.com\/es\/","logo":{"@type":"ImageObject","inLanguage":"es","@id":"https:\/\/www.gruppoliturgico.com\/es\/#\/schema\/logo\/image\/","url":"https:\/\/www.gruppoliturgico.com\/wp-content\/uploads\/2022\/02\/logo-laboratoriogruppoliturgico.png","contentUrl":"https:\/\/www.gruppoliturgico.com\/wp-content\/uploads\/2022\/02\/logo-laboratoriogruppoliturgico.png","width":400,"height":114,"caption":"Laboratorio Gruppo Liturgico"},"image":{"@id":"https:\/\/www.gruppoliturgico.com\/es\/#\/schema\/logo\/image\/"}}]}},"_links":{"self":[{"href":"https:\/\/www.gruppoliturgico.com\/es\/wp-json\/wp\/v2\/product\/122848"}],"collection":[{"href":"https:\/\/www.gruppoliturgico.com\/es\/wp-json\/wp\/v2\/product"}],"about":[{"href":"https:\/\/www.gruppoliturgico.com\/es\/wp-json\/wp\/v2\/types\/product"}],"wp:featuredmedia":[{"embeddable":true,"href":"https:\/\/www.gruppoliturgico.com\/es\/wp-json\/wp\/v2\/media\/131847"}],"wp:attachment":[{"href":"https:\/\/www.gruppoliturgico.com\/es\/wp-json\/wp\/v2\/media?parent=122848"}],"wp:term":[{"taxonomy":"product_cat","embeddable":true,"href":"https:\/\/www.gruppoliturgico.com\/es\/wp-json\/wp\/v2\/product_cat?post=122848"},{"taxonomy":"product_tag","embeddable":true,"href":"https:\/\/www.gruppoliturgico.com\/es\/wp-json\/wp\/v2\/product_tag?post=122848"}],"curies":[{"name":"wp","href":"https:\/\/api.w.org\/{rel}","templated":true}]}}