{"id":122443,"date":"2023-07-21T08:58:55","date_gmt":"2023-07-21T06:58:55","guid":{"rendered":"https:\/\/www.gruppoliturgico.com\/prodotto\/casulla-167\/"},"modified":"2023-07-21T09:06:28","modified_gmt":"2023-07-21T07:06:28","slug":"casulla-167","status":"publish","type":"product","link":"https:\/\/www.gruppoliturgico.com\/es\/producto\/casulla-167\/","title":{"rendered":"Casulla"},"content":{"rendered":"<html><body><p>Casulla de prestigio confeccionada en tejido de lana, seda y otras fibras naturales.<br>\nLigera y extremadamente suave.<br>\nPresenta elaborados bordados en los dos estolones, delante y detr\u00e1s, en el cuello y en la estola relativa.<br>\nTodos los acabados se realizan a mano.<br>\nPiedras de colores en las cruces.<br>\nLa casulla est\u00e1 totalmente ribeteada con finas pasamaner\u00edas de oro, tiene un corte amplio, mide 130 cm de largo y 145 de ancho.<br>\nL\u2019estol\u00f3n central  bordado mide 18 cm de ancho.<\/p>\n<\/body><\/html>","protected":false},"excerpt":{"rendered":"<p>Casulla de prestigio confeccionada en tejido de lana, seda y otras fibras naturales.<br \/>\nLigera y extremadamente suave.<br \/>\nPresenta elaborados bordados en los dos estolones, delante y detr\u00e1s, en el cuello y en la estola relativa.<br \/>\nTodos los acabados se realizan a mano.<br \/>\nPiedras de colores en las cruces.<br \/>\nLa casulla est\u00e1 totalmente ribeteada con finas pasamaner\u00edas de oro, tiene un corte amplio, mide 130 cm de largo y 145 de ancho.<br \/>\nL&#8217;estol\u00f3n central  bordado mide 18 cm de ancho.<\/p>\n","protected":false},"featured_media":128827,"template":"","meta":[],"product_cat":[12243],"product_tag":[],"yoast_head":"<!-- This site is optimized with the Yoast SEO plugin v20.4 - https:\/\/yoast.com\/wordpress\/plugins\/seo\/ -->\n<title>Casulla - colecci\u00f3n cl\u00e1sica y Laboratorio Gruppo Liturgico<\/title>\n<meta name=\"description\" content=\"Casulla de prestigio confeccionada en tejido de lana, seda y otras fibras naturales.  Ligera y extremadamente suave.  Presenta elaborados bordados en los dos estolones, delante y detr\u00e1s, en el cuello y en la estola relativa.  Todos los acabados se realizan a mano.  Piedras de colores en las cruces.  La casulla est\u00e1 totalmente ribeteada con finas pasamaner\u00edas de oro, tiene un corte amplio, mide 130 cm de largo y 145 de ancho.  L&#039;estol\u00f3n central bordado mide 18 cm de ancho.\" \/>\n<meta name=\"robots\" content=\"index, follow, max-snippet:-1, max-image-preview:large, max-video-preview:-1\" \/>\n<link rel=\"canonical\" href=\"https:\/\/www.gruppoliturgico.com\/es\/producto\/casulla-167\/\" \/>\n<meta property=\"og:locale\" content=\"es_ES\" \/>\n<meta property=\"og:type\" content=\"article\" \/>\n<meta property=\"og:title\" content=\"Casulla - colecci\u00f3n cl\u00e1sica y Laboratorio Gruppo Liturgico\" \/>\n<meta property=\"og:description\" content=\"Casulla de prestigio confeccionada en tejido de lana, seda y otras fibras naturales.  Ligera y extremadamente suave.  Presenta elaborados bordados en los dos estolones, delante y detr\u00e1s, en el cuello y en la estola relativa.  Todos los acabados se realizan a mano.  Piedras de colores en las cruces.  La casulla est\u00e1 totalmente ribeteada con finas pasamaner\u00edas de oro, tiene un corte amplio, mide 130 cm de largo y 145 de ancho.  L&#039;estol\u00f3n central bordado mide 18 cm de ancho.\" \/>\n<meta property=\"og:url\" content=\"https:\/\/www.gruppoliturgico.com\/es\/producto\/casulla-167\/\" \/>\n<meta property=\"og:site_name\" content=\"Laboratorio Gruppo Liturgico\" \/>\n<meta property=\"article:modified_time\" content=\"2023-07-21T07:06:28+00:00\" \/>\n<meta name=\"twitter:card\" content=\"summary_large_image\" \/>\n<script type=\"application\/ld+json\" class=\"yoast-schema-graph\">{\"@context\":\"https:\/\/schema.org\",\"@graph\":[{\"@type\":\"WebPage\",\"@id\":\"https:\/\/www.gruppoliturgico.com\/es\/producto\/casulla-167\/\",\"url\":\"https:\/\/www.gruppoliturgico.com\/es\/producto\/casulla-167\/\",\"name\":\"Casulla - colecci\u00f3n cl\u00e1sica y Laboratorio Gruppo Liturgico\",\"isPartOf\":{\"@id\":\"https:\/\/www.gruppoliturgico.com\/es\/#website\"},\"datePublished\":\"2023-07-21T06:58:55+00:00\",\"dateModified\":\"2023-07-21T07:06:28+00:00\",\"description\":\"Casulla de prestigio confeccionada en tejido de lana, seda y otras fibras naturales. Ligera y extremadamente suave. Presenta elaborados bordados en los dos estolones, delante y detr\u00e1s, en el cuello y en la estola relativa. Todos los acabados se realizan a mano. Piedras de colores en las cruces. La casulla est\u00e1 totalmente ribeteada con finas pasamaner\u00edas de oro, tiene un corte amplio, mide 130 cm de largo y 145 de ancho. L'estol\u00f3n central bordado mide 18 cm de ancho.\",\"breadcrumb\":{\"@id\":\"https:\/\/www.gruppoliturgico.com\/es\/producto\/casulla-167\/#breadcrumb\"},\"inLanguage\":\"es\",\"potentialAction\":[{\"@type\":\"ReadAction\",\"target\":[\"https:\/\/www.gruppoliturgico.com\/es\/producto\/casulla-167\/\"]}]},{\"@type\":\"BreadcrumbList\",\"@id\":\"https:\/\/www.gruppoliturgico.com\/es\/producto\/casulla-167\/#breadcrumb\",\"itemListElement\":[{\"@type\":\"ListItem\",\"position\":1,\"name\":\"Home\",\"item\":\"https:\/\/www.gruppoliturgico.com\/es\/\"},{\"@type\":\"ListItem\",\"position\":2,\"name\":\"Tienda\",\"item\":\"https:\/\/www.gruppoliturgico.com\/es\/tienda\/\"},{\"@type\":\"ListItem\",\"position\":3,\"name\":\"Casulla\"}]},{\"@type\":\"WebSite\",\"@id\":\"https:\/\/www.gruppoliturgico.com\/es\/#website\",\"url\":\"https:\/\/www.gruppoliturgico.com\/es\/\",\"name\":\"Laboratorio Gruppo Liturgico\",\"description\":\"Articoli Religiosi online\",\"publisher\":{\"@id\":\"https:\/\/www.gruppoliturgico.com\/es\/#organization\"},\"potentialAction\":[{\"@type\":\"SearchAction\",\"target\":{\"@type\":\"EntryPoint\",\"urlTemplate\":\"https:\/\/www.gruppoliturgico.com\/es\/?s={search_term_string}\"},\"query-input\":\"required name=search_term_string\"}],\"inLanguage\":\"es\"},{\"@type\":\"Organization\",\"@id\":\"https:\/\/www.gruppoliturgico.com\/es\/#organization\",\"name\":\"Laboratorio Gruppo Liturgico\",\"url\":\"https:\/\/www.gruppoliturgico.com\/es\/\",\"logo\":{\"@type\":\"ImageObject\",\"inLanguage\":\"es\",\"@id\":\"https:\/\/www.gruppoliturgico.com\/es\/#\/schema\/logo\/image\/\",\"url\":\"https:\/\/www.gruppoliturgico.com\/wp-content\/uploads\/2022\/02\/logo-laboratoriogruppoliturgico.png\",\"contentUrl\":\"https:\/\/www.gruppoliturgico.com\/wp-content\/uploads\/2022\/02\/logo-laboratoriogruppoliturgico.png\",\"width\":400,\"height\":114,\"caption\":\"Laboratorio Gruppo Liturgico\"},\"image\":{\"@id\":\"https:\/\/www.gruppoliturgico.com\/es\/#\/schema\/logo\/image\/\"}}]}<\/script>\n<!-- \/ Yoast SEO plugin. -->","yoast_head_json":{"title":"Casulla - colecci\u00f3n cl\u00e1sica y Laboratorio Gruppo Liturgico","description":"Casulla de prestigio confeccionada en tejido de lana, seda y otras fibras naturales.  Ligera y extremadamente suave.  Presenta elaborados bordados en los dos estolones, delante y detr\u00e1s, en el cuello y en la estola relativa.  Todos los acabados se realizan a mano.  Piedras de colores en las cruces.  La casulla est\u00e1 totalmente ribeteada con finas pasamaner\u00edas de oro, tiene un corte amplio, mide 130 cm de largo y 145 de ancho.  L'estol\u00f3n central bordado mide 18 cm de ancho.","robots":{"index":"index","follow":"follow","max-snippet":"max-snippet:-1","max-image-preview":"max-image-preview:large","max-video-preview":"max-video-preview:-1"},"canonical":"https:\/\/www.gruppoliturgico.com\/es\/producto\/casulla-167\/","og_locale":"es_ES","og_type":"article","og_title":"Casulla - colecci\u00f3n cl\u00e1sica y Laboratorio Gruppo Liturgico","og_description":"Casulla de prestigio confeccionada en tejido de lana, seda y otras fibras naturales.  Ligera y extremadamente suave.  Presenta elaborados bordados en los dos estolones, delante y detr\u00e1s, en el cuello y en la estola relativa.  Todos los acabados se realizan a mano.  Piedras de colores en las cruces.  La casulla est\u00e1 totalmente ribeteada con finas pasamaner\u00edas de oro, tiene un corte amplio, mide 130 cm de largo y 145 de ancho.  L'estol\u00f3n central bordado mide 18 cm de ancho.","og_url":"https:\/\/www.gruppoliturgico.com\/es\/producto\/casulla-167\/","og_site_name":"Laboratorio Gruppo Liturgico","article_modified_time":"2023-07-21T07:06:28+00:00","twitter_card":"summary_large_image","schema":{"@context":"https:\/\/schema.org","@graph":[{"@type":"WebPage","@id":"https:\/\/www.gruppoliturgico.com\/es\/producto\/casulla-167\/","url":"https:\/\/www.gruppoliturgico.com\/es\/producto\/casulla-167\/","name":"Casulla - colecci\u00f3n cl\u00e1sica y Laboratorio Gruppo Liturgico","isPartOf":{"@id":"https:\/\/www.gruppoliturgico.com\/es\/#website"},"datePublished":"2023-07-21T06:58:55+00:00","dateModified":"2023-07-21T07:06:28+00:00","description":"Casulla de prestigio confeccionada en tejido de lana, seda y otras fibras naturales. Ligera y extremadamente suave. Presenta elaborados bordados en los dos estolones, delante y detr\u00e1s, en el cuello y en la estola relativa. Todos los acabados se realizan a mano. Piedras de colores en las cruces. La casulla est\u00e1 totalmente ribeteada con finas pasamaner\u00edas de oro, tiene un corte amplio, mide 130 cm de largo y 145 de ancho. L'estol\u00f3n central bordado mide 18 cm de ancho.","breadcrumb":{"@id":"https:\/\/www.gruppoliturgico.com\/es\/producto\/casulla-167\/#breadcrumb"},"inLanguage":"es","potentialAction":[{"@type":"ReadAction","target":["https:\/\/www.gruppoliturgico.com\/es\/producto\/casulla-167\/"]}]},{"@type":"BreadcrumbList","@id":"https:\/\/www.gruppoliturgico.com\/es\/producto\/casulla-167\/#breadcrumb","itemListElement":[{"@type":"ListItem","position":1,"name":"Home","item":"https:\/\/www.gruppoliturgico.com\/es\/"},{"@type":"ListItem","position":2,"name":"Tienda","item":"https:\/\/www.gruppoliturgico.com\/es\/tienda\/"},{"@type":"ListItem","position":3,"name":"Casulla"}]},{"@type":"WebSite","@id":"https:\/\/www.gruppoliturgico.com\/es\/#website","url":"https:\/\/www.gruppoliturgico.com\/es\/","name":"Laboratorio Gruppo Liturgico","description":"Articoli Religiosi online","publisher":{"@id":"https:\/\/www.gruppoliturgico.com\/es\/#organization"},"potentialAction":[{"@type":"SearchAction","target":{"@type":"EntryPoint","urlTemplate":"https:\/\/www.gruppoliturgico.com\/es\/?s={search_term_string}"},"query-input":"required name=search_term_string"}],"inLanguage":"es"},{"@type":"Organization","@id":"https:\/\/www.gruppoliturgico.com\/es\/#organization","name":"Laboratorio Gruppo Liturgico","url":"https:\/\/www.gruppoliturgico.com\/es\/","logo":{"@type":"ImageObject","inLanguage":"es","@id":"https:\/\/www.gruppoliturgico.com\/es\/#\/schema\/logo\/image\/","url":"https:\/\/www.gruppoliturgico.com\/wp-content\/uploads\/2022\/02\/logo-laboratoriogruppoliturgico.png","contentUrl":"https:\/\/www.gruppoliturgico.com\/wp-content\/uploads\/2022\/02\/logo-laboratoriogruppoliturgico.png","width":400,"height":114,"caption":"Laboratorio Gruppo Liturgico"},"image":{"@id":"https:\/\/www.gruppoliturgico.com\/es\/#\/schema\/logo\/image\/"}}]}},"_links":{"self":[{"href":"https:\/\/www.gruppoliturgico.com\/es\/wp-json\/wp\/v2\/product\/122443"}],"collection":[{"href":"https:\/\/www.gruppoliturgico.com\/es\/wp-json\/wp\/v2\/product"}],"about":[{"href":"https:\/\/www.gruppoliturgico.com\/es\/wp-json\/wp\/v2\/types\/product"}],"wp:featuredmedia":[{"embeddable":true,"href":"https:\/\/www.gruppoliturgico.com\/es\/wp-json\/wp\/v2\/media\/128827"}],"wp:attachment":[{"href":"https:\/\/www.gruppoliturgico.com\/es\/wp-json\/wp\/v2\/media?parent=122443"}],"wp:term":[{"taxonomy":"product_cat","embeddable":true,"href":"https:\/\/www.gruppoliturgico.com\/es\/wp-json\/wp\/v2\/product_cat?post=122443"},{"taxonomy":"product_tag","embeddable":true,"href":"https:\/\/www.gruppoliturgico.com\/es\/wp-json\/wp\/v2\/product_tag?post=122443"}],"curies":[{"name":"wp","href":"https:\/\/api.w.org\/{rel}","templated":true}]}}