{"id":121408,"date":"2023-04-08T09:31:32","date_gmt":"2023-04-08T07:31:32","guid":{"rendered":"https:\/\/www.gruppoliturgico.com\/prodotto\/casulla-149\/"},"modified":"2023-04-08T09:31:32","modified_gmt":"2023-04-08T07:31:32","slug":"casulla-149","status":"publish","type":"product","link":"https:\/\/www.gruppoliturgico.com\/es\/producto\/casulla-149\/","title":{"rendered":"Casulla"},"content":{"rendered":"<html><body><p>Casulla tejida a mano en 55% lana y 45% poli\u00e9ster.<br>\nLa particularidad de esta vestidura es la delicadeza de la variedad de matices de color que, partiendo de la base del color lit\u00fargico elegido, se acent\u00faan gradualmente, enriqueci\u00e9ndose tanto con el color como con l\u00edneas de bordado m\u00e1s marcadas.<br>\nLa cruz central, en hilo de oro, est\u00e1 ejecutada \u00aba mano alzada\u00bb y es un ornamento sencillo pero muy expresivo.<br>\nEl bordado se repite en toda la casulla.<br>\nEst\u00e1 disponible en todos los colores Lit\u00fargicos.<\/p>\n<\/body><\/html>","protected":false},"excerpt":{"rendered":"<p>Casulla tejida a mano en 55% lana y 45% poli\u00e9ster.<br \/>\nLa particularidad de esta vestidura es la delicadeza de la variedad de matices de color que, partiendo de la base del color lit\u00fargico elegido, se acent\u00faan gradualmente, enriqueci\u00e9ndose tanto con el color como con l\u00edneas de bordado m\u00e1s marcadas.<br \/>\nLa cruz central, en hilo de oro, est\u00e1 ejecutada \u00aba mano alzada\u00bb y es un ornamento sencillo pero muy expresivo.<br \/>\nEl bordado se repite en toda la casulla.<br \/>\nEst\u00e1 disponible en todos los colores Lit\u00fargicos.<\/p>\n","protected":false},"featured_media":128653,"template":"","meta":[],"product_cat":[12239,12243],"product_tag":[],"yoast_head":"<!-- This site is optimized with the Yoast SEO plugin v20.4 - https:\/\/yoast.com\/wordpress\/plugins\/seo\/ -->\n<title>Casulla - tejidas a mano, colecci\u00f3n cl\u00e1sica y Laboratorio Gruppo Liturgico<\/title>\n<meta name=\"description\" content=\"Casulla tejida a mano en 55% lana y 45% poli\u00e9ster. La particularidad de esta vestidura es la delicadeza de la variedad de matices de color que, partiendo de la base del color lit\u00fargico elegido, se acent\u00faan gradualmente, enriqueci\u00e9ndose tanto con el color como con l\u00edneas de bordado m\u00e1s marcadas.  La cruz central, en hilo de oro, est\u00e1 ejecutada &quot;a mano alzada&quot; y es un ornamento sencillo pero muy expresivo. El bordado se repite en toda la casulla.  Est\u00e1 disponible en todos los colores Lit\u00fargicos.\" \/>\n<meta name=\"robots\" content=\"index, follow, max-snippet:-1, max-image-preview:large, max-video-preview:-1\" \/>\n<link rel=\"canonical\" href=\"https:\/\/www.gruppoliturgico.com\/es\/producto\/casulla-149\/\" \/>\n<meta property=\"og:locale\" content=\"es_ES\" \/>\n<meta property=\"og:type\" content=\"article\" \/>\n<meta property=\"og:title\" content=\"Casulla - tejidas a mano, colecci\u00f3n cl\u00e1sica y Laboratorio Gruppo Liturgico\" \/>\n<meta property=\"og:description\" content=\"Casulla tejida a mano en 55% lana y 45% poli\u00e9ster. La particularidad de esta vestidura es la delicadeza de la variedad de matices de color que, partiendo de la base del color lit\u00fargico elegido, se acent\u00faan gradualmente, enriqueci\u00e9ndose tanto con el color como con l\u00edneas de bordado m\u00e1s marcadas.  La cruz central, en hilo de oro, est\u00e1 ejecutada &quot;a mano alzada&quot; y es un ornamento sencillo pero muy expresivo. El bordado se repite en toda la casulla.  Est\u00e1 disponible en todos los colores Lit\u00fargicos.\" \/>\n<meta property=\"og:url\" content=\"https:\/\/www.gruppoliturgico.com\/es\/producto\/casulla-149\/\" \/>\n<meta property=\"og:site_name\" content=\"Laboratorio Gruppo Liturgico\" \/>\n<meta property=\"og:image\" content=\"https:\/\/www.gruppoliturgico.com\/wp-content\/uploads\/2023\/04\/3920-bianco-corretto.jpg\" \/>\n\t<meta property=\"og:image:width\" content=\"1684\" \/>\n\t<meta property=\"og:image:height\" content=\"2000\" \/>\n\t<meta property=\"og:image:type\" content=\"image\/jpeg\" \/>\n<meta name=\"twitter:card\" content=\"summary_large_image\" \/>\n<script type=\"application\/ld+json\" class=\"yoast-schema-graph\">{\"@context\":\"https:\/\/schema.org\",\"@graph\":[{\"@type\":\"WebPage\",\"@id\":\"https:\/\/www.gruppoliturgico.com\/es\/producto\/casulla-149\/\",\"url\":\"https:\/\/www.gruppoliturgico.com\/es\/producto\/casulla-149\/\",\"name\":\"Casulla - tejidas a mano, colecci\u00f3n cl\u00e1sica y Laboratorio Gruppo Liturgico\",\"isPartOf\":{\"@id\":\"https:\/\/www.gruppoliturgico.com\/es\/#website\"},\"datePublished\":\"2023-04-08T07:31:32+00:00\",\"dateModified\":\"2023-04-08T07:31:32+00:00\",\"description\":\"Casulla tejida a mano en 55% lana y 45% poli\u00e9ster. La particularidad de esta vestidura es la delicadeza de la variedad de matices de color que, partiendo de la base del color lit\u00fargico elegido, se acent\u00faan gradualmente, enriqueci\u00e9ndose tanto con el color como con l\u00edneas de bordado m\u00e1s marcadas. La cruz central, en hilo de oro, est\u00e1 ejecutada \\\"a mano alzada\\\" y es un ornamento sencillo pero muy expresivo. El bordado se repite en toda la casulla. Est\u00e1 disponible en todos los colores Lit\u00fargicos.\",\"breadcrumb\":{\"@id\":\"https:\/\/www.gruppoliturgico.com\/es\/producto\/casulla-149\/#breadcrumb\"},\"inLanguage\":\"es\",\"potentialAction\":[{\"@type\":\"ReadAction\",\"target\":[\"https:\/\/www.gruppoliturgico.com\/es\/producto\/casulla-149\/\"]}]},{\"@type\":\"BreadcrumbList\",\"@id\":\"https:\/\/www.gruppoliturgico.com\/es\/producto\/casulla-149\/#breadcrumb\",\"itemListElement\":[{\"@type\":\"ListItem\",\"position\":1,\"name\":\"Home\",\"item\":\"https:\/\/www.gruppoliturgico.com\/es\/\"},{\"@type\":\"ListItem\",\"position\":2,\"name\":\"Tienda\",\"item\":\"https:\/\/www.gruppoliturgico.com\/es\/tienda\/\"},{\"@type\":\"ListItem\",\"position\":3,\"name\":\"Casulla\"}]},{\"@type\":\"WebSite\",\"@id\":\"https:\/\/www.gruppoliturgico.com\/es\/#website\",\"url\":\"https:\/\/www.gruppoliturgico.com\/es\/\",\"name\":\"Laboratorio Gruppo Liturgico\",\"description\":\"Articoli Religiosi online\",\"publisher\":{\"@id\":\"https:\/\/www.gruppoliturgico.com\/es\/#organization\"},\"potentialAction\":[{\"@type\":\"SearchAction\",\"target\":{\"@type\":\"EntryPoint\",\"urlTemplate\":\"https:\/\/www.gruppoliturgico.com\/es\/?s={search_term_string}\"},\"query-input\":\"required name=search_term_string\"}],\"inLanguage\":\"es\"},{\"@type\":\"Organization\",\"@id\":\"https:\/\/www.gruppoliturgico.com\/es\/#organization\",\"name\":\"Laboratorio Gruppo Liturgico\",\"url\":\"https:\/\/www.gruppoliturgico.com\/es\/\",\"logo\":{\"@type\":\"ImageObject\",\"inLanguage\":\"es\",\"@id\":\"https:\/\/www.gruppoliturgico.com\/es\/#\/schema\/logo\/image\/\",\"url\":\"https:\/\/www.gruppoliturgico.com\/wp-content\/uploads\/2022\/02\/logo-laboratoriogruppoliturgico.png\",\"contentUrl\":\"https:\/\/www.gruppoliturgico.com\/wp-content\/uploads\/2022\/02\/logo-laboratoriogruppoliturgico.png\",\"width\":400,\"height\":114,\"caption\":\"Laboratorio Gruppo Liturgico\"},\"image\":{\"@id\":\"https:\/\/www.gruppoliturgico.com\/es\/#\/schema\/logo\/image\/\"}}]}<\/script>\n<!-- \/ Yoast SEO plugin. -->","yoast_head_json":{"title":"Casulla - tejidas a mano, colecci\u00f3n cl\u00e1sica y Laboratorio Gruppo Liturgico","description":"Casulla tejida a mano en 55% lana y 45% poli\u00e9ster. La particularidad de esta vestidura es la delicadeza de la variedad de matices de color que, partiendo de la base del color lit\u00fargico elegido, se acent\u00faan gradualmente, enriqueci\u00e9ndose tanto con el color como con l\u00edneas de bordado m\u00e1s marcadas.  La cruz central, en hilo de oro, est\u00e1 ejecutada \"a mano alzada\" y es un ornamento sencillo pero muy expresivo. El bordado se repite en toda la casulla.  Est\u00e1 disponible en todos los colores Lit\u00fargicos.","robots":{"index":"index","follow":"follow","max-snippet":"max-snippet:-1","max-image-preview":"max-image-preview:large","max-video-preview":"max-video-preview:-1"},"canonical":"https:\/\/www.gruppoliturgico.com\/es\/producto\/casulla-149\/","og_locale":"es_ES","og_type":"article","og_title":"Casulla - tejidas a mano, colecci\u00f3n cl\u00e1sica y Laboratorio Gruppo Liturgico","og_description":"Casulla tejida a mano en 55% lana y 45% poli\u00e9ster. La particularidad de esta vestidura es la delicadeza de la variedad de matices de color que, partiendo de la base del color lit\u00fargico elegido, se acent\u00faan gradualmente, enriqueci\u00e9ndose tanto con el color como con l\u00edneas de bordado m\u00e1s marcadas.  La cruz central, en hilo de oro, est\u00e1 ejecutada \"a mano alzada\" y es un ornamento sencillo pero muy expresivo. El bordado se repite en toda la casulla.  Est\u00e1 disponible en todos los colores Lit\u00fargicos.","og_url":"https:\/\/www.gruppoliturgico.com\/es\/producto\/casulla-149\/","og_site_name":"Laboratorio Gruppo Liturgico","og_image":[{"width":1684,"height":2000,"url":"https:\/\/www.gruppoliturgico.com\/wp-content\/uploads\/2023\/04\/3920-bianco-corretto.jpg","type":"image\/jpeg"}],"twitter_card":"summary_large_image","schema":{"@context":"https:\/\/schema.org","@graph":[{"@type":"WebPage","@id":"https:\/\/www.gruppoliturgico.com\/es\/producto\/casulla-149\/","url":"https:\/\/www.gruppoliturgico.com\/es\/producto\/casulla-149\/","name":"Casulla - tejidas a mano, colecci\u00f3n cl\u00e1sica y Laboratorio Gruppo Liturgico","isPartOf":{"@id":"https:\/\/www.gruppoliturgico.com\/es\/#website"},"datePublished":"2023-04-08T07:31:32+00:00","dateModified":"2023-04-08T07:31:32+00:00","description":"Casulla tejida a mano en 55% lana y 45% poli\u00e9ster. La particularidad de esta vestidura es la delicadeza de la variedad de matices de color que, partiendo de la base del color lit\u00fargico elegido, se acent\u00faan gradualmente, enriqueci\u00e9ndose tanto con el color como con l\u00edneas de bordado m\u00e1s marcadas. La cruz central, en hilo de oro, est\u00e1 ejecutada \"a mano alzada\" y es un ornamento sencillo pero muy expresivo. El bordado se repite en toda la casulla. Est\u00e1 disponible en todos los colores Lit\u00fargicos.","breadcrumb":{"@id":"https:\/\/www.gruppoliturgico.com\/es\/producto\/casulla-149\/#breadcrumb"},"inLanguage":"es","potentialAction":[{"@type":"ReadAction","target":["https:\/\/www.gruppoliturgico.com\/es\/producto\/casulla-149\/"]}]},{"@type":"BreadcrumbList","@id":"https:\/\/www.gruppoliturgico.com\/es\/producto\/casulla-149\/#breadcrumb","itemListElement":[{"@type":"ListItem","position":1,"name":"Home","item":"https:\/\/www.gruppoliturgico.com\/es\/"},{"@type":"ListItem","position":2,"name":"Tienda","item":"https:\/\/www.gruppoliturgico.com\/es\/tienda\/"},{"@type":"ListItem","position":3,"name":"Casulla"}]},{"@type":"WebSite","@id":"https:\/\/www.gruppoliturgico.com\/es\/#website","url":"https:\/\/www.gruppoliturgico.com\/es\/","name":"Laboratorio Gruppo Liturgico","description":"Articoli Religiosi online","publisher":{"@id":"https:\/\/www.gruppoliturgico.com\/es\/#organization"},"potentialAction":[{"@type":"SearchAction","target":{"@type":"EntryPoint","urlTemplate":"https:\/\/www.gruppoliturgico.com\/es\/?s={search_term_string}"},"query-input":"required name=search_term_string"}],"inLanguage":"es"},{"@type":"Organization","@id":"https:\/\/www.gruppoliturgico.com\/es\/#organization","name":"Laboratorio Gruppo Liturgico","url":"https:\/\/www.gruppoliturgico.com\/es\/","logo":{"@type":"ImageObject","inLanguage":"es","@id":"https:\/\/www.gruppoliturgico.com\/es\/#\/schema\/logo\/image\/","url":"https:\/\/www.gruppoliturgico.com\/wp-content\/uploads\/2022\/02\/logo-laboratoriogruppoliturgico.png","contentUrl":"https:\/\/www.gruppoliturgico.com\/wp-content\/uploads\/2022\/02\/logo-laboratoriogruppoliturgico.png","width":400,"height":114,"caption":"Laboratorio Gruppo Liturgico"},"image":{"@id":"https:\/\/www.gruppoliturgico.com\/es\/#\/schema\/logo\/image\/"}}]}},"_links":{"self":[{"href":"https:\/\/www.gruppoliturgico.com\/es\/wp-json\/wp\/v2\/product\/121408"}],"collection":[{"href":"https:\/\/www.gruppoliturgico.com\/es\/wp-json\/wp\/v2\/product"}],"about":[{"href":"https:\/\/www.gruppoliturgico.com\/es\/wp-json\/wp\/v2\/types\/product"}],"wp:featuredmedia":[{"embeddable":true,"href":"https:\/\/www.gruppoliturgico.com\/es\/wp-json\/wp\/v2\/media\/128653"}],"wp:attachment":[{"href":"https:\/\/www.gruppoliturgico.com\/es\/wp-json\/wp\/v2\/media?parent=121408"}],"wp:term":[{"taxonomy":"product_cat","embeddable":true,"href":"https:\/\/www.gruppoliturgico.com\/es\/wp-json\/wp\/v2\/product_cat?post=121408"},{"taxonomy":"product_tag","embeddable":true,"href":"https:\/\/www.gruppoliturgico.com\/es\/wp-json\/wp\/v2\/product_tag?post=121408"}],"curies":[{"name":"wp","href":"https:\/\/api.w.org\/{rel}","templated":true}]}}