{"id":121070,"date":"2023-04-05T15:04:21","date_gmt":"2023-04-05T13:04:21","guid":{"rendered":"https:\/\/www.gruppoliturgico.com\/prodotto\/casulla-73\/"},"modified":"2023-04-05T15:04:21","modified_gmt":"2023-04-05T13:04:21","slug":"casulla-73","status":"publish","type":"product","link":"https:\/\/www.gruppoliturgico.com\/es\/producto\/casulla-73\/","title":{"rendered":"Casulla"},"content":{"rendered":"<html><body><p>Casulla tejida con aro de bordado a mano 68% lana, 30% poli\u00e9ster 2% l\u00farex.<br>\nDelicado bordado, que se repite en los dos lados, de una cruz estilizada sobre tejido laminado en oro brillante.<br>\nEl tejido de base est\u00e1 adornado con un motivo lineal formado por un entrelazado de l\u00edneas bordadas en el tono de la tonalidad elegida.<br>\nEst\u00e1 disponible en todos los colores Lit\u00fargicos<\/p>\n<\/body><\/html>","protected":false},"excerpt":{"rendered":"<p>Casulla tejida con aro de bordado a mano 68% lana, 30% poli\u00e9ster 2% l\u00farex.<br \/>\nDelicado bordado, que se repite en los dos lados, de una cruz estilizada sobre tejido laminado en oro brillante.<br \/>\nEl tejido de base est\u00e1 adornado con un motivo lineal formado por un entrelazado de l\u00edneas bordadas en el tono de la tonalidad elegida.<br \/>\nEst\u00e1 disponible en todos los colores Lit\u00fargicos<\/p>\n","protected":false},"featured_media":128673,"template":"","meta":[],"product_cat":[12239,12243],"product_tag":[],"yoast_head":"<!-- This site is optimized with the Yoast SEO plugin v20.4 - https:\/\/yoast.com\/wordpress\/plugins\/seo\/ -->\n<title>Casulla - tejidas a mano, colecci\u00f3n cl\u00e1sica y Laboratorio Gruppo Liturgico<\/title>\n<meta name=\"description\" content=\"Casulla tejida con aro de bordado a mano 68% lana, 30% poli\u00e9ster 2% l\u00farex. Delicado bordado, que se repite en los dos lados, de una cruz estilizada sobre tejido laminado en oro brillante. El tejido de base est\u00e1 adornado con un motivo lineal formado por un entrelazado de l\u00edneas bordadas en el tono de la tonalidad elegida. Est\u00e1 disponible en todos los colores Lit\u00fargicos\" \/>\n<meta name=\"robots\" content=\"index, follow, max-snippet:-1, max-image-preview:large, max-video-preview:-1\" \/>\n<link rel=\"canonical\" href=\"https:\/\/www.gruppoliturgico.com\/es\/producto\/casulla-73\/\" \/>\n<meta property=\"og:locale\" content=\"es_ES\" \/>\n<meta property=\"og:type\" content=\"article\" \/>\n<meta property=\"og:title\" content=\"Casulla - tejidas a mano, colecci\u00f3n cl\u00e1sica y Laboratorio Gruppo Liturgico\" \/>\n<meta property=\"og:description\" content=\"Casulla tejida con aro de bordado a mano 68% lana, 30% poli\u00e9ster 2% l\u00farex. Delicado bordado, que se repite en los dos lados, de una cruz estilizada sobre tejido laminado en oro brillante. El tejido de base est\u00e1 adornado con un motivo lineal formado por un entrelazado de l\u00edneas bordadas en el tono de la tonalidad elegida. Est\u00e1 disponible en todos los colores Lit\u00fargicos\" \/>\n<meta property=\"og:url\" content=\"https:\/\/www.gruppoliturgico.com\/es\/producto\/casulla-73\/\" \/>\n<meta property=\"og:site_name\" content=\"Laboratorio Gruppo Liturgico\" \/>\n<meta name=\"twitter:card\" content=\"summary_large_image\" \/>\n<script type=\"application\/ld+json\" class=\"yoast-schema-graph\">{\"@context\":\"https:\/\/schema.org\",\"@graph\":[{\"@type\":\"WebPage\",\"@id\":\"https:\/\/www.gruppoliturgico.com\/es\/producto\/casulla-73\/\",\"url\":\"https:\/\/www.gruppoliturgico.com\/es\/producto\/casulla-73\/\",\"name\":\"Casulla - tejidas a mano, colecci\u00f3n cl\u00e1sica y Laboratorio Gruppo Liturgico\",\"isPartOf\":{\"@id\":\"https:\/\/www.gruppoliturgico.com\/es\/#website\"},\"datePublished\":\"2023-04-05T13:04:21+00:00\",\"dateModified\":\"2023-04-05T13:04:21+00:00\",\"description\":\"Casulla tejida con aro de bordado a mano 68% lana, 30% poli\u00e9ster 2% l\u00farex. Delicado bordado, que se repite en los dos lados, de una cruz estilizada sobre tejido laminado en oro brillante. El tejido de base est\u00e1 adornado con un motivo lineal formado por un entrelazado de l\u00edneas bordadas en el tono de la tonalidad elegida. Est\u00e1 disponible en todos los colores Lit\u00fargicos\",\"breadcrumb\":{\"@id\":\"https:\/\/www.gruppoliturgico.com\/es\/producto\/casulla-73\/#breadcrumb\"},\"inLanguage\":\"es\",\"potentialAction\":[{\"@type\":\"ReadAction\",\"target\":[\"https:\/\/www.gruppoliturgico.com\/es\/producto\/casulla-73\/\"]}]},{\"@type\":\"BreadcrumbList\",\"@id\":\"https:\/\/www.gruppoliturgico.com\/es\/producto\/casulla-73\/#breadcrumb\",\"itemListElement\":[{\"@type\":\"ListItem\",\"position\":1,\"name\":\"Home\",\"item\":\"https:\/\/www.gruppoliturgico.com\/es\/\"},{\"@type\":\"ListItem\",\"position\":2,\"name\":\"Tienda\",\"item\":\"https:\/\/www.gruppoliturgico.com\/es\/tienda\/\"},{\"@type\":\"ListItem\",\"position\":3,\"name\":\"Casulla\"}]},{\"@type\":\"WebSite\",\"@id\":\"https:\/\/www.gruppoliturgico.com\/es\/#website\",\"url\":\"https:\/\/www.gruppoliturgico.com\/es\/\",\"name\":\"Laboratorio Gruppo Liturgico\",\"description\":\"Articoli Religiosi online\",\"publisher\":{\"@id\":\"https:\/\/www.gruppoliturgico.com\/es\/#organization\"},\"potentialAction\":[{\"@type\":\"SearchAction\",\"target\":{\"@type\":\"EntryPoint\",\"urlTemplate\":\"https:\/\/www.gruppoliturgico.com\/es\/?s={search_term_string}\"},\"query-input\":\"required name=search_term_string\"}],\"inLanguage\":\"es\"},{\"@type\":\"Organization\",\"@id\":\"https:\/\/www.gruppoliturgico.com\/es\/#organization\",\"name\":\"Laboratorio Gruppo Liturgico\",\"url\":\"https:\/\/www.gruppoliturgico.com\/es\/\",\"logo\":{\"@type\":\"ImageObject\",\"inLanguage\":\"es\",\"@id\":\"https:\/\/www.gruppoliturgico.com\/es\/#\/schema\/logo\/image\/\",\"url\":\"https:\/\/www.gruppoliturgico.com\/wp-content\/uploads\/2022\/02\/logo-laboratoriogruppoliturgico.png\",\"contentUrl\":\"https:\/\/www.gruppoliturgico.com\/wp-content\/uploads\/2022\/02\/logo-laboratoriogruppoliturgico.png\",\"width\":400,\"height\":114,\"caption\":\"Laboratorio Gruppo Liturgico\"},\"image\":{\"@id\":\"https:\/\/www.gruppoliturgico.com\/es\/#\/schema\/logo\/image\/\"}}]}<\/script>\n<!-- \/ Yoast SEO plugin. -->","yoast_head_json":{"title":"Casulla - tejidas a mano, colecci\u00f3n cl\u00e1sica y Laboratorio Gruppo Liturgico","description":"Casulla tejida con aro de bordado a mano 68% lana, 30% poli\u00e9ster 2% l\u00farex. Delicado bordado, que se repite en los dos lados, de una cruz estilizada sobre tejido laminado en oro brillante. El tejido de base est\u00e1 adornado con un motivo lineal formado por un entrelazado de l\u00edneas bordadas en el tono de la tonalidad elegida. Est\u00e1 disponible en todos los colores Lit\u00fargicos","robots":{"index":"index","follow":"follow","max-snippet":"max-snippet:-1","max-image-preview":"max-image-preview:large","max-video-preview":"max-video-preview:-1"},"canonical":"https:\/\/www.gruppoliturgico.com\/es\/producto\/casulla-73\/","og_locale":"es_ES","og_type":"article","og_title":"Casulla - tejidas a mano, colecci\u00f3n cl\u00e1sica y Laboratorio Gruppo Liturgico","og_description":"Casulla tejida con aro de bordado a mano 68% lana, 30% poli\u00e9ster 2% l\u00farex. Delicado bordado, que se repite en los dos lados, de una cruz estilizada sobre tejido laminado en oro brillante. El tejido de base est\u00e1 adornado con un motivo lineal formado por un entrelazado de l\u00edneas bordadas en el tono de la tonalidad elegida. Est\u00e1 disponible en todos los colores Lit\u00fargicos","og_url":"https:\/\/www.gruppoliturgico.com\/es\/producto\/casulla-73\/","og_site_name":"Laboratorio Gruppo Liturgico","twitter_card":"summary_large_image","schema":{"@context":"https:\/\/schema.org","@graph":[{"@type":"WebPage","@id":"https:\/\/www.gruppoliturgico.com\/es\/producto\/casulla-73\/","url":"https:\/\/www.gruppoliturgico.com\/es\/producto\/casulla-73\/","name":"Casulla - tejidas a mano, colecci\u00f3n cl\u00e1sica y Laboratorio Gruppo Liturgico","isPartOf":{"@id":"https:\/\/www.gruppoliturgico.com\/es\/#website"},"datePublished":"2023-04-05T13:04:21+00:00","dateModified":"2023-04-05T13:04:21+00:00","description":"Casulla tejida con aro de bordado a mano 68% lana, 30% poli\u00e9ster 2% l\u00farex. Delicado bordado, que se repite en los dos lados, de una cruz estilizada sobre tejido laminado en oro brillante. El tejido de base est\u00e1 adornado con un motivo lineal formado por un entrelazado de l\u00edneas bordadas en el tono de la tonalidad elegida. Est\u00e1 disponible en todos los colores Lit\u00fargicos","breadcrumb":{"@id":"https:\/\/www.gruppoliturgico.com\/es\/producto\/casulla-73\/#breadcrumb"},"inLanguage":"es","potentialAction":[{"@type":"ReadAction","target":["https:\/\/www.gruppoliturgico.com\/es\/producto\/casulla-73\/"]}]},{"@type":"BreadcrumbList","@id":"https:\/\/www.gruppoliturgico.com\/es\/producto\/casulla-73\/#breadcrumb","itemListElement":[{"@type":"ListItem","position":1,"name":"Home","item":"https:\/\/www.gruppoliturgico.com\/es\/"},{"@type":"ListItem","position":2,"name":"Tienda","item":"https:\/\/www.gruppoliturgico.com\/es\/tienda\/"},{"@type":"ListItem","position":3,"name":"Casulla"}]},{"@type":"WebSite","@id":"https:\/\/www.gruppoliturgico.com\/es\/#website","url":"https:\/\/www.gruppoliturgico.com\/es\/","name":"Laboratorio Gruppo Liturgico","description":"Articoli Religiosi online","publisher":{"@id":"https:\/\/www.gruppoliturgico.com\/es\/#organization"},"potentialAction":[{"@type":"SearchAction","target":{"@type":"EntryPoint","urlTemplate":"https:\/\/www.gruppoliturgico.com\/es\/?s={search_term_string}"},"query-input":"required name=search_term_string"}],"inLanguage":"es"},{"@type":"Organization","@id":"https:\/\/www.gruppoliturgico.com\/es\/#organization","name":"Laboratorio Gruppo Liturgico","url":"https:\/\/www.gruppoliturgico.com\/es\/","logo":{"@type":"ImageObject","inLanguage":"es","@id":"https:\/\/www.gruppoliturgico.com\/es\/#\/schema\/logo\/image\/","url":"https:\/\/www.gruppoliturgico.com\/wp-content\/uploads\/2022\/02\/logo-laboratoriogruppoliturgico.png","contentUrl":"https:\/\/www.gruppoliturgico.com\/wp-content\/uploads\/2022\/02\/logo-laboratoriogruppoliturgico.png","width":400,"height":114,"caption":"Laboratorio Gruppo Liturgico"},"image":{"@id":"https:\/\/www.gruppoliturgico.com\/es\/#\/schema\/logo\/image\/"}}]}},"_links":{"self":[{"href":"https:\/\/www.gruppoliturgico.com\/es\/wp-json\/wp\/v2\/product\/121070"}],"collection":[{"href":"https:\/\/www.gruppoliturgico.com\/es\/wp-json\/wp\/v2\/product"}],"about":[{"href":"https:\/\/www.gruppoliturgico.com\/es\/wp-json\/wp\/v2\/types\/product"}],"wp:featuredmedia":[{"embeddable":true,"href":"https:\/\/www.gruppoliturgico.com\/es\/wp-json\/wp\/v2\/media\/128673"}],"wp:attachment":[{"href":"https:\/\/www.gruppoliturgico.com\/es\/wp-json\/wp\/v2\/media?parent=121070"}],"wp:term":[{"taxonomy":"product_cat","embeddable":true,"href":"https:\/\/www.gruppoliturgico.com\/es\/wp-json\/wp\/v2\/product_cat?post=121070"},{"taxonomy":"product_tag","embeddable":true,"href":"https:\/\/www.gruppoliturgico.com\/es\/wp-json\/wp\/v2\/product_tag?post=121070"}],"curies":[{"name":"wp","href":"https:\/\/api.w.org\/{rel}","templated":true}]}}