{"id":119039,"date":"2022-12-10T10:19:01","date_gmt":"2022-12-10T09:19:01","guid":{"rendered":"https:\/\/www.gruppoliturgico.com\/prodotto\/ambon-12\/"},"modified":"2022-12-10T10:19:01","modified_gmt":"2022-12-10T09:19:01","slug":"ambon-12","status":"publish","type":"product","link":"https:\/\/www.gruppoliturgico.com\/es\/producto\/ambon-12\/","title":{"rendered":"Amb\u00f3n"},"content":{"rendered":"<html><body><p>Grandioso amb\u00f3n de madera maciza.<br>\nLa estructura est\u00e1 completamente tallada con escultura manual. Paneles en madera dorada con hoja  de oro con s\u00edmbolos pirograbados de los cuatro evangelistas.<br>\nAltura cm 126<br>\nBase cm 60 x 40<br>\nAtril cm 50 x 33. <\/p>\n<\/body><\/html>","protected":false},"excerpt":{"rendered":"<p>Grandioso amb\u00f3n de madera maciza.<br \/>\nLa estructura est\u00e1 completamente tallada con escultura manual. Paneles en madera dorada con hoja  de oro con s\u00edmbolos pirograbados de los cuatro evangelistas.<br \/>\nAltura cm 126<br \/>\nBase cm 60 x 40<br \/>\nAtril cm 50 x 33.<\/p>\n","protected":false},"featured_media":131526,"template":"","meta":[],"product_cat":[12183],"product_tag":[],"yoast_head":"<!-- This site is optimized with the Yoast SEO plugin v20.4 - https:\/\/yoast.com\/wordpress\/plugins\/seo\/ -->\n<title>Amb\u00f3n - en madera esculpida y Laboratorio Gruppo Liturgico<\/title>\n<meta name=\"description\" content=\"Grandioso amb\u00f3n de madera maciza.  La estructura est\u00e1 completamente tallada con escultura manual. Paneles en madera dorada con hoja de oro con s\u00edmbolos pirograbados de los cuatro evangelistas.  Altura cm 126  Base cm 60 x 40  Atril cm 50 x 33.\" \/>\n<meta name=\"robots\" content=\"index, follow, max-snippet:-1, max-image-preview:large, max-video-preview:-1\" \/>\n<link rel=\"canonical\" href=\"https:\/\/www.gruppoliturgico.com\/es\/producto\/ambon-12\/\" \/>\n<meta property=\"og:locale\" content=\"es_ES\" \/>\n<meta property=\"og:type\" content=\"article\" \/>\n<meta property=\"og:title\" content=\"Amb\u00f3n - en madera esculpida y Laboratorio Gruppo Liturgico\" \/>\n<meta property=\"og:description\" content=\"Grandioso amb\u00f3n de madera maciza.  La estructura est\u00e1 completamente tallada con escultura manual. Paneles en madera dorada con hoja de oro con s\u00edmbolos pirograbados de los cuatro evangelistas.  Altura cm 126  Base cm 60 x 40  Atril cm 50 x 33.\" \/>\n<meta property=\"og:url\" content=\"https:\/\/www.gruppoliturgico.com\/es\/producto\/ambon-12\/\" \/>\n<meta property=\"og:site_name\" content=\"Laboratorio Gruppo Liturgico\" \/>\n<meta property=\"og:image\" content=\"https:\/\/www.gruppoliturgico.com\/wp-content\/uploads\/2022\/12\/651-516x1024.png\" \/>\n\t<meta property=\"og:image:width\" content=\"516\" \/>\n\t<meta property=\"og:image:height\" content=\"1024\" \/>\n\t<meta property=\"og:image:type\" content=\"image\/png\" \/>\n<meta name=\"twitter:card\" content=\"summary_large_image\" \/>\n<script type=\"application\/ld+json\" class=\"yoast-schema-graph\">{\"@context\":\"https:\/\/schema.org\",\"@graph\":[{\"@type\":\"WebPage\",\"@id\":\"https:\/\/www.gruppoliturgico.com\/es\/producto\/ambon-12\/\",\"url\":\"https:\/\/www.gruppoliturgico.com\/es\/producto\/ambon-12\/\",\"name\":\"Amb\u00f3n - en madera esculpida y Laboratorio Gruppo Liturgico\",\"isPartOf\":{\"@id\":\"https:\/\/www.gruppoliturgico.com\/es\/#website\"},\"datePublished\":\"2022-12-10T09:19:01+00:00\",\"dateModified\":\"2022-12-10T09:19:01+00:00\",\"description\":\"Grandioso amb\u00f3n de madera maciza. La estructura est\u00e1 completamente tallada con escultura manual. Paneles en madera dorada con hoja de oro con s\u00edmbolos pirograbados de los cuatro evangelistas. Altura cm 126 Base cm 60 x 40 Atril cm 50 x 33.\",\"breadcrumb\":{\"@id\":\"https:\/\/www.gruppoliturgico.com\/es\/producto\/ambon-12\/#breadcrumb\"},\"inLanguage\":\"es\",\"potentialAction\":[{\"@type\":\"ReadAction\",\"target\":[\"https:\/\/www.gruppoliturgico.com\/es\/producto\/ambon-12\/\"]}]},{\"@type\":\"BreadcrumbList\",\"@id\":\"https:\/\/www.gruppoliturgico.com\/es\/producto\/ambon-12\/#breadcrumb\",\"itemListElement\":[{\"@type\":\"ListItem\",\"position\":1,\"name\":\"Home\",\"item\":\"https:\/\/www.gruppoliturgico.com\/es\/\"},{\"@type\":\"ListItem\",\"position\":2,\"name\":\"Tienda\",\"item\":\"https:\/\/www.gruppoliturgico.com\/es\/tienda\/\"},{\"@type\":\"ListItem\",\"position\":3,\"name\":\"Amb\u00f3n\"}]},{\"@type\":\"WebSite\",\"@id\":\"https:\/\/www.gruppoliturgico.com\/es\/#website\",\"url\":\"https:\/\/www.gruppoliturgico.com\/es\/\",\"name\":\"Laboratorio Gruppo Liturgico\",\"description\":\"Articoli Religiosi online\",\"publisher\":{\"@id\":\"https:\/\/www.gruppoliturgico.com\/es\/#organization\"},\"potentialAction\":[{\"@type\":\"SearchAction\",\"target\":{\"@type\":\"EntryPoint\",\"urlTemplate\":\"https:\/\/www.gruppoliturgico.com\/es\/?s={search_term_string}\"},\"query-input\":\"required name=search_term_string\"}],\"inLanguage\":\"es\"},{\"@type\":\"Organization\",\"@id\":\"https:\/\/www.gruppoliturgico.com\/es\/#organization\",\"name\":\"Laboratorio Gruppo Liturgico\",\"url\":\"https:\/\/www.gruppoliturgico.com\/es\/\",\"logo\":{\"@type\":\"ImageObject\",\"inLanguage\":\"es\",\"@id\":\"https:\/\/www.gruppoliturgico.com\/es\/#\/schema\/logo\/image\/\",\"url\":\"https:\/\/www.gruppoliturgico.com\/wp-content\/uploads\/2022\/02\/logo-laboratoriogruppoliturgico.png\",\"contentUrl\":\"https:\/\/www.gruppoliturgico.com\/wp-content\/uploads\/2022\/02\/logo-laboratoriogruppoliturgico.png\",\"width\":400,\"height\":114,\"caption\":\"Laboratorio Gruppo Liturgico\"},\"image\":{\"@id\":\"https:\/\/www.gruppoliturgico.com\/es\/#\/schema\/logo\/image\/\"}}]}<\/script>\n<!-- \/ Yoast SEO plugin. -->","yoast_head_json":{"title":"Amb\u00f3n - en madera esculpida y Laboratorio Gruppo Liturgico","description":"Grandioso amb\u00f3n de madera maciza.  La estructura est\u00e1 completamente tallada con escultura manual. Paneles en madera dorada con hoja de oro con s\u00edmbolos pirograbados de los cuatro evangelistas.  Altura cm 126  Base cm 60 x 40  Atril cm 50 x 33.","robots":{"index":"index","follow":"follow","max-snippet":"max-snippet:-1","max-image-preview":"max-image-preview:large","max-video-preview":"max-video-preview:-1"},"canonical":"https:\/\/www.gruppoliturgico.com\/es\/producto\/ambon-12\/","og_locale":"es_ES","og_type":"article","og_title":"Amb\u00f3n - en madera esculpida y Laboratorio Gruppo Liturgico","og_description":"Grandioso amb\u00f3n de madera maciza.  La estructura est\u00e1 completamente tallada con escultura manual. Paneles en madera dorada con hoja de oro con s\u00edmbolos pirograbados de los cuatro evangelistas.  Altura cm 126  Base cm 60 x 40  Atril cm 50 x 33.","og_url":"https:\/\/www.gruppoliturgico.com\/es\/producto\/ambon-12\/","og_site_name":"Laboratorio Gruppo Liturgico","og_image":[{"width":516,"height":1024,"url":"https:\/\/www.gruppoliturgico.com\/wp-content\/uploads\/2022\/12\/651-516x1024.png","type":"image\/png"}],"twitter_card":"summary_large_image","schema":{"@context":"https:\/\/schema.org","@graph":[{"@type":"WebPage","@id":"https:\/\/www.gruppoliturgico.com\/es\/producto\/ambon-12\/","url":"https:\/\/www.gruppoliturgico.com\/es\/producto\/ambon-12\/","name":"Amb\u00f3n - en madera esculpida y Laboratorio Gruppo Liturgico","isPartOf":{"@id":"https:\/\/www.gruppoliturgico.com\/es\/#website"},"datePublished":"2022-12-10T09:19:01+00:00","dateModified":"2022-12-10T09:19:01+00:00","description":"Grandioso amb\u00f3n de madera maciza. La estructura est\u00e1 completamente tallada con escultura manual. Paneles en madera dorada con hoja de oro con s\u00edmbolos pirograbados de los cuatro evangelistas. Altura cm 126 Base cm 60 x 40 Atril cm 50 x 33.","breadcrumb":{"@id":"https:\/\/www.gruppoliturgico.com\/es\/producto\/ambon-12\/#breadcrumb"},"inLanguage":"es","potentialAction":[{"@type":"ReadAction","target":["https:\/\/www.gruppoliturgico.com\/es\/producto\/ambon-12\/"]}]},{"@type":"BreadcrumbList","@id":"https:\/\/www.gruppoliturgico.com\/es\/producto\/ambon-12\/#breadcrumb","itemListElement":[{"@type":"ListItem","position":1,"name":"Home","item":"https:\/\/www.gruppoliturgico.com\/es\/"},{"@type":"ListItem","position":2,"name":"Tienda","item":"https:\/\/www.gruppoliturgico.com\/es\/tienda\/"},{"@type":"ListItem","position":3,"name":"Amb\u00f3n"}]},{"@type":"WebSite","@id":"https:\/\/www.gruppoliturgico.com\/es\/#website","url":"https:\/\/www.gruppoliturgico.com\/es\/","name":"Laboratorio Gruppo Liturgico","description":"Articoli Religiosi online","publisher":{"@id":"https:\/\/www.gruppoliturgico.com\/es\/#organization"},"potentialAction":[{"@type":"SearchAction","target":{"@type":"EntryPoint","urlTemplate":"https:\/\/www.gruppoliturgico.com\/es\/?s={search_term_string}"},"query-input":"required name=search_term_string"}],"inLanguage":"es"},{"@type":"Organization","@id":"https:\/\/www.gruppoliturgico.com\/es\/#organization","name":"Laboratorio Gruppo Liturgico","url":"https:\/\/www.gruppoliturgico.com\/es\/","logo":{"@type":"ImageObject","inLanguage":"es","@id":"https:\/\/www.gruppoliturgico.com\/es\/#\/schema\/logo\/image\/","url":"https:\/\/www.gruppoliturgico.com\/wp-content\/uploads\/2022\/02\/logo-laboratoriogruppoliturgico.png","contentUrl":"https:\/\/www.gruppoliturgico.com\/wp-content\/uploads\/2022\/02\/logo-laboratoriogruppoliturgico.png","width":400,"height":114,"caption":"Laboratorio Gruppo Liturgico"},"image":{"@id":"https:\/\/www.gruppoliturgico.com\/es\/#\/schema\/logo\/image\/"}}]}},"_links":{"self":[{"href":"https:\/\/www.gruppoliturgico.com\/es\/wp-json\/wp\/v2\/product\/119039"}],"collection":[{"href":"https:\/\/www.gruppoliturgico.com\/es\/wp-json\/wp\/v2\/product"}],"about":[{"href":"https:\/\/www.gruppoliturgico.com\/es\/wp-json\/wp\/v2\/types\/product"}],"wp:featuredmedia":[{"embeddable":true,"href":"https:\/\/www.gruppoliturgico.com\/es\/wp-json\/wp\/v2\/media\/131526"}],"wp:attachment":[{"href":"https:\/\/www.gruppoliturgico.com\/es\/wp-json\/wp\/v2\/media?parent=119039"}],"wp:term":[{"taxonomy":"product_cat","embeddable":true,"href":"https:\/\/www.gruppoliturgico.com\/es\/wp-json\/wp\/v2\/product_cat?post=119039"},{"taxonomy":"product_tag","embeddable":true,"href":"https:\/\/www.gruppoliturgico.com\/es\/wp-json\/wp\/v2\/product_tag?post=119039"}],"curies":[{"name":"wp","href":"https:\/\/api.w.org\/{rel}","templated":true}]}}