{"id":118720,"date":"2022-11-19T10:50:06","date_gmt":"2022-11-19T09:50:06","guid":{"rendered":"https:\/\/www.gruppoliturgico.com\/prodotto\/tabernacolo-legno-dulivo\/"},"modified":"2022-11-19T11:01:58","modified_gmt":"2022-11-19T10:01:58","slug":"tabernacolo-legno-dulivo","status":"publish","type":"product","link":"https:\/\/www.gruppoliturgico.com\/es\/producto\/tabernacolo-legno-dulivo\/","title":{"rendered":"Sagrario madera de olivo"},"content":{"rendered":"<html><body><p>Sagrario con el exterior revestido \u00edntegramente en madera de olivo.<br>\nDe forma lineal, est\u00e1 decorado con una peque\u00f1a puerta de bronce fundido dorado.<br>\nInterior dorado con oro fino.<br>\nDimensiones<br>\nexternas cm 25 x 25 x 28<br>\ninternas cm 19 x 16 x 21.<\/p>\n<\/body><\/html>","protected":false},"excerpt":{"rendered":"<p>Sagrario con el exterior revestido \u00edntegramente en madera de olivo.<br \/>\nDe forma lineal, est\u00e1 decorado con una peque\u00f1a puerta de bronce fundido dorado.<br \/>\nInterior dorado con oro fino.<br \/>\nDimensiones<br \/>\nexternas cm 25 x 25 x 28<br \/>\ninternas cm 19 x 16 x 21.<\/p>\n","protected":false},"featured_media":132976,"template":"","meta":[],"product_cat":[12083],"product_tag":[],"yoast_head":"<!-- This site is optimized with the Yoast SEO plugin v20.4 - https:\/\/yoast.com\/wordpress\/plugins\/seo\/ -->\n<title>Sagrario madera de olivo - Sagrario de metal y Laboratorio Gruppo Liturgico<\/title>\n<meta name=\"description\" content=\"Sagrario con el exterior revestido \u00edntegramente en madera de olivo. De forma lineal, est\u00e1 decorado con una peque\u00f1a puerta de bronce fundido dorado. Interior dorado con oro fino. Dimensiones externas cm 25 x 25 x 28 internas cm 19 x 16 x 21.\" \/>\n<meta name=\"robots\" content=\"index, follow, max-snippet:-1, max-image-preview:large, max-video-preview:-1\" \/>\n<link rel=\"canonical\" href=\"https:\/\/www.gruppoliturgico.com\/es\/producto\/tabernacolo-legno-dulivo\/\" \/>\n<meta property=\"og:locale\" content=\"es_ES\" \/>\n<meta property=\"og:type\" content=\"article\" \/>\n<meta property=\"og:title\" content=\"Sagrario madera de olivo - Sagrario de metal y Laboratorio Gruppo Liturgico\" \/>\n<meta property=\"og:description\" content=\"Sagrario con el exterior revestido \u00edntegramente en madera de olivo. De forma lineal, est\u00e1 decorado con una peque\u00f1a puerta de bronce fundido dorado. Interior dorado con oro fino. Dimensiones externas cm 25 x 25 x 28 internas cm 19 x 16 x 21.\" \/>\n<meta property=\"og:url\" content=\"https:\/\/www.gruppoliturgico.com\/es\/producto\/tabernacolo-legno-dulivo\/\" \/>\n<meta property=\"og:site_name\" content=\"Laboratorio Gruppo Liturgico\" \/>\n<meta property=\"article:modified_time\" content=\"2022-11-19T10:01:58+00:00\" \/>\n<meta property=\"og:image\" content=\"https:\/\/www.gruppoliturgico.com\/wp-content\/uploads\/2022\/11\/3924-nv4-1012x1024.jpg\" \/>\n\t<meta property=\"og:image:width\" content=\"1012\" \/>\n\t<meta property=\"og:image:height\" content=\"1024\" \/>\n\t<meta property=\"og:image:type\" content=\"image\/jpeg\" \/>\n<meta name=\"twitter:card\" content=\"summary_large_image\" \/>\n<script type=\"application\/ld+json\" class=\"yoast-schema-graph\">{\"@context\":\"https:\/\/schema.org\",\"@graph\":[{\"@type\":\"WebPage\",\"@id\":\"https:\/\/www.gruppoliturgico.com\/es\/producto\/tabernacolo-legno-dulivo\/\",\"url\":\"https:\/\/www.gruppoliturgico.com\/es\/producto\/tabernacolo-legno-dulivo\/\",\"name\":\"Sagrario madera de olivo - Sagrario de metal y Laboratorio Gruppo Liturgico\",\"isPartOf\":{\"@id\":\"https:\/\/www.gruppoliturgico.com\/es\/#website\"},\"datePublished\":\"2022-11-19T09:50:06+00:00\",\"dateModified\":\"2022-11-19T10:01:58+00:00\",\"description\":\"Sagrario con el exterior revestido \u00edntegramente en madera de olivo. De forma lineal, est\u00e1 decorado con una peque\u00f1a puerta de bronce fundido dorado. Interior dorado con oro fino. Dimensiones externas cm 25 x 25 x 28 internas cm 19 x 16 x 21.\",\"breadcrumb\":{\"@id\":\"https:\/\/www.gruppoliturgico.com\/es\/producto\/tabernacolo-legno-dulivo\/#breadcrumb\"},\"inLanguage\":\"es\",\"potentialAction\":[{\"@type\":\"ReadAction\",\"target\":[\"https:\/\/www.gruppoliturgico.com\/es\/producto\/tabernacolo-legno-dulivo\/\"]}]},{\"@type\":\"BreadcrumbList\",\"@id\":\"https:\/\/www.gruppoliturgico.com\/es\/producto\/tabernacolo-legno-dulivo\/#breadcrumb\",\"itemListElement\":[{\"@type\":\"ListItem\",\"position\":1,\"name\":\"Home\",\"item\":\"https:\/\/www.gruppoliturgico.com\/es\/\"},{\"@type\":\"ListItem\",\"position\":2,\"name\":\"Tienda\",\"item\":\"https:\/\/www.gruppoliturgico.com\/es\/tienda\/\"},{\"@type\":\"ListItem\",\"position\":3,\"name\":\"Sagrario madera de olivo\"}]},{\"@type\":\"WebSite\",\"@id\":\"https:\/\/www.gruppoliturgico.com\/es\/#website\",\"url\":\"https:\/\/www.gruppoliturgico.com\/es\/\",\"name\":\"Laboratorio Gruppo Liturgico\",\"description\":\"Articoli Religiosi online\",\"publisher\":{\"@id\":\"https:\/\/www.gruppoliturgico.com\/es\/#organization\"},\"potentialAction\":[{\"@type\":\"SearchAction\",\"target\":{\"@type\":\"EntryPoint\",\"urlTemplate\":\"https:\/\/www.gruppoliturgico.com\/es\/?s={search_term_string}\"},\"query-input\":\"required name=search_term_string\"}],\"inLanguage\":\"es\"},{\"@type\":\"Organization\",\"@id\":\"https:\/\/www.gruppoliturgico.com\/es\/#organization\",\"name\":\"Laboratorio Gruppo Liturgico\",\"url\":\"https:\/\/www.gruppoliturgico.com\/es\/\",\"logo\":{\"@type\":\"ImageObject\",\"inLanguage\":\"es\",\"@id\":\"https:\/\/www.gruppoliturgico.com\/es\/#\/schema\/logo\/image\/\",\"url\":\"https:\/\/www.gruppoliturgico.com\/wp-content\/uploads\/2022\/02\/logo-laboratoriogruppoliturgico.png\",\"contentUrl\":\"https:\/\/www.gruppoliturgico.com\/wp-content\/uploads\/2022\/02\/logo-laboratoriogruppoliturgico.png\",\"width\":400,\"height\":114,\"caption\":\"Laboratorio Gruppo Liturgico\"},\"image\":{\"@id\":\"https:\/\/www.gruppoliturgico.com\/es\/#\/schema\/logo\/image\/\"}}]}<\/script>\n<!-- \/ Yoast SEO plugin. -->","yoast_head_json":{"title":"Sagrario madera de olivo - Sagrario de metal y Laboratorio Gruppo Liturgico","description":"Sagrario con el exterior revestido \u00edntegramente en madera de olivo. De forma lineal, est\u00e1 decorado con una peque\u00f1a puerta de bronce fundido dorado. Interior dorado con oro fino. Dimensiones externas cm 25 x 25 x 28 internas cm 19 x 16 x 21.","robots":{"index":"index","follow":"follow","max-snippet":"max-snippet:-1","max-image-preview":"max-image-preview:large","max-video-preview":"max-video-preview:-1"},"canonical":"https:\/\/www.gruppoliturgico.com\/es\/producto\/tabernacolo-legno-dulivo\/","og_locale":"es_ES","og_type":"article","og_title":"Sagrario madera de olivo - Sagrario de metal y Laboratorio Gruppo Liturgico","og_description":"Sagrario con el exterior revestido \u00edntegramente en madera de olivo. De forma lineal, est\u00e1 decorado con una peque\u00f1a puerta de bronce fundido dorado. Interior dorado con oro fino. Dimensiones externas cm 25 x 25 x 28 internas cm 19 x 16 x 21.","og_url":"https:\/\/www.gruppoliturgico.com\/es\/producto\/tabernacolo-legno-dulivo\/","og_site_name":"Laboratorio Gruppo Liturgico","article_modified_time":"2022-11-19T10:01:58+00:00","og_image":[{"width":1012,"height":1024,"url":"https:\/\/www.gruppoliturgico.com\/wp-content\/uploads\/2022\/11\/3924-nv4-1012x1024.jpg","type":"image\/jpeg"}],"twitter_card":"summary_large_image","schema":{"@context":"https:\/\/schema.org","@graph":[{"@type":"WebPage","@id":"https:\/\/www.gruppoliturgico.com\/es\/producto\/tabernacolo-legno-dulivo\/","url":"https:\/\/www.gruppoliturgico.com\/es\/producto\/tabernacolo-legno-dulivo\/","name":"Sagrario madera de olivo - Sagrario de metal y Laboratorio Gruppo Liturgico","isPartOf":{"@id":"https:\/\/www.gruppoliturgico.com\/es\/#website"},"datePublished":"2022-11-19T09:50:06+00:00","dateModified":"2022-11-19T10:01:58+00:00","description":"Sagrario con el exterior revestido \u00edntegramente en madera de olivo. De forma lineal, est\u00e1 decorado con una peque\u00f1a puerta de bronce fundido dorado. Interior dorado con oro fino. Dimensiones externas cm 25 x 25 x 28 internas cm 19 x 16 x 21.","breadcrumb":{"@id":"https:\/\/www.gruppoliturgico.com\/es\/producto\/tabernacolo-legno-dulivo\/#breadcrumb"},"inLanguage":"es","potentialAction":[{"@type":"ReadAction","target":["https:\/\/www.gruppoliturgico.com\/es\/producto\/tabernacolo-legno-dulivo\/"]}]},{"@type":"BreadcrumbList","@id":"https:\/\/www.gruppoliturgico.com\/es\/producto\/tabernacolo-legno-dulivo\/#breadcrumb","itemListElement":[{"@type":"ListItem","position":1,"name":"Home","item":"https:\/\/www.gruppoliturgico.com\/es\/"},{"@type":"ListItem","position":2,"name":"Tienda","item":"https:\/\/www.gruppoliturgico.com\/es\/tienda\/"},{"@type":"ListItem","position":3,"name":"Sagrario madera de olivo"}]},{"@type":"WebSite","@id":"https:\/\/www.gruppoliturgico.com\/es\/#website","url":"https:\/\/www.gruppoliturgico.com\/es\/","name":"Laboratorio Gruppo Liturgico","description":"Articoli Religiosi online","publisher":{"@id":"https:\/\/www.gruppoliturgico.com\/es\/#organization"},"potentialAction":[{"@type":"SearchAction","target":{"@type":"EntryPoint","urlTemplate":"https:\/\/www.gruppoliturgico.com\/es\/?s={search_term_string}"},"query-input":"required name=search_term_string"}],"inLanguage":"es"},{"@type":"Organization","@id":"https:\/\/www.gruppoliturgico.com\/es\/#organization","name":"Laboratorio Gruppo Liturgico","url":"https:\/\/www.gruppoliturgico.com\/es\/","logo":{"@type":"ImageObject","inLanguage":"es","@id":"https:\/\/www.gruppoliturgico.com\/es\/#\/schema\/logo\/image\/","url":"https:\/\/www.gruppoliturgico.com\/wp-content\/uploads\/2022\/02\/logo-laboratoriogruppoliturgico.png","contentUrl":"https:\/\/www.gruppoliturgico.com\/wp-content\/uploads\/2022\/02\/logo-laboratoriogruppoliturgico.png","width":400,"height":114,"caption":"Laboratorio Gruppo Liturgico"},"image":{"@id":"https:\/\/www.gruppoliturgico.com\/es\/#\/schema\/logo\/image\/"}}]}},"_links":{"self":[{"href":"https:\/\/www.gruppoliturgico.com\/es\/wp-json\/wp\/v2\/product\/118720"}],"collection":[{"href":"https:\/\/www.gruppoliturgico.com\/es\/wp-json\/wp\/v2\/product"}],"about":[{"href":"https:\/\/www.gruppoliturgico.com\/es\/wp-json\/wp\/v2\/types\/product"}],"wp:featuredmedia":[{"embeddable":true,"href":"https:\/\/www.gruppoliturgico.com\/es\/wp-json\/wp\/v2\/media\/132976"}],"wp:attachment":[{"href":"https:\/\/www.gruppoliturgico.com\/es\/wp-json\/wp\/v2\/media?parent=118720"}],"wp:term":[{"taxonomy":"product_cat","embeddable":true,"href":"https:\/\/www.gruppoliturgico.com\/es\/wp-json\/wp\/v2\/product_cat?post=118720"},{"taxonomy":"product_tag","embeddable":true,"href":"https:\/\/www.gruppoliturgico.com\/es\/wp-json\/wp\/v2\/product_tag?post=118720"}],"curies":[{"name":"wp","href":"https:\/\/api.w.org\/{rel}","templated":true}]}}