{"id":117761,"date":"2022-10-24T16:47:06","date_gmt":"2022-10-24T14:47:08","guid":{"rendered":"https:\/\/www.gruppoliturgico.com\/?post_type=product&#038;p=117761"},"modified":"2022-10-24T16:54:48","modified_gmt":"2022-10-24T14:54:48","slug":"casulla-corte-medieval","status":"publish","type":"product","link":"https:\/\/www.gruppoliturgico.com\/es\/producto\/casulla-corte-medieval\/","title":{"rendered":"Casulla corte medieval"},"content":{"rendered":"<html><body><p>casulla de corte medieval con estol\u00f3n central y cuello bordados en tejido dupion tono sobre tono.<br>\nEl bordado hecho es una secuencia de cruces realizadas con varios tipos de punto.<br>\nLa parte que une el cuello con el estol\u00f3n central est\u00e1 enriquecida en su parte delantera por un estr\u00e1s dorado con piedras del mismo color que la casulla.<br>\nEl bordado se repite en la parte trasera de la casulla.<\/p>\n<\/body><\/html>","protected":false},"excerpt":{"rendered":"<p>casulla de corte medieval con estol\u00f3n central y cuello bordados en tejido dupion tono sobre tono.<br \/>\nEl bordado hecho es una secuencia de cruces realizadas con varios tipos de punto.<br \/>\nLa parte que une el cuello con el estol\u00f3n central est\u00e1 enriquecida en su parte delantera por un estr\u00e1s dorado con piedras del mismo color que la casulla.<br \/>\nEl bordado se repite en la parte trasera de la casulla.<\/p>\n","protected":false},"featured_media":128920,"template":"","meta":[],"product_cat":[11767,12243],"product_tag":[],"yoast_head":"<!-- This site is optimized with the Yoast SEO plugin v20.4 - https:\/\/yoast.com\/wordpress\/plugins\/seo\/ -->\n<title>Casulla corte medieval - casullas, colecci\u00f3n cl\u00e1sica y Laboratorio Gruppo Liturgico<\/title>\n<meta name=\"description\" content=\"casulla de corte medieval con estol\u00f3n central y cuello bordados en tejido dupion tono sobre tono. El bordado hecho es una secuencia de cruces realizadas con varios tipos de punto. La parte que une el cuello con el estol\u00f3n central est\u00e1 enriquecida en su parte delantera por un estr\u00e1s dorado con piedras del mismo color que la casulla. El bordado se repite en la parte trasera de la casulla.\" \/>\n<meta name=\"robots\" content=\"index, follow, max-snippet:-1, max-image-preview:large, max-video-preview:-1\" \/>\n<link rel=\"canonical\" href=\"https:\/\/www.gruppoliturgico.com\/es\/producto\/casulla-corte-medieval\/\" \/>\n<meta property=\"og:locale\" content=\"es_ES\" \/>\n<meta property=\"og:type\" content=\"article\" \/>\n<meta property=\"og:title\" content=\"Casulla corte medieval - casullas, colecci\u00f3n cl\u00e1sica y Laboratorio Gruppo Liturgico\" \/>\n<meta property=\"og:description\" content=\"casulla de corte medieval con estol\u00f3n central y cuello bordados en tejido dupion tono sobre tono. El bordado hecho es una secuencia de cruces realizadas con varios tipos de punto. La parte que une el cuello con el estol\u00f3n central est\u00e1 enriquecida en su parte delantera por un estr\u00e1s dorado con piedras del mismo color que la casulla. El bordado se repite en la parte trasera de la casulla.\" \/>\n<meta property=\"og:url\" content=\"https:\/\/www.gruppoliturgico.com\/es\/producto\/casulla-corte-medieval\/\" \/>\n<meta property=\"og:site_name\" content=\"Laboratorio Gruppo Liturgico\" \/>\n<meta property=\"article:modified_time\" content=\"2022-10-24T14:54:48+00:00\" \/>\n<meta property=\"og:image\" content=\"https:\/\/www.gruppoliturgico.com\/wp-content\/uploads\/2022\/10\/2683.jpg\" \/>\n\t<meta property=\"og:image:width\" content=\"1199\" \/>\n\t<meta property=\"og:image:height\" content=\"2000\" \/>\n\t<meta property=\"og:image:type\" content=\"image\/jpeg\" \/>\n<meta name=\"twitter:card\" content=\"summary_large_image\" \/>\n<script type=\"application\/ld+json\" class=\"yoast-schema-graph\">{\"@context\":\"https:\/\/schema.org\",\"@graph\":[{\"@type\":\"WebPage\",\"@id\":\"https:\/\/www.gruppoliturgico.com\/es\/producto\/casulla-corte-medieval\/\",\"url\":\"https:\/\/www.gruppoliturgico.com\/es\/producto\/casulla-corte-medieval\/\",\"name\":\"Casulla corte medieval - casullas, colecci\u00f3n cl\u00e1sica y Laboratorio Gruppo Liturgico\",\"isPartOf\":{\"@id\":\"https:\/\/www.gruppoliturgico.com\/es\/#website\"},\"datePublished\":\"2022-10-24T14:47:08+00:00\",\"dateModified\":\"2022-10-24T14:54:48+00:00\",\"description\":\"casulla de corte medieval con estol\u00f3n central y cuello bordados en tejido dupion tono sobre tono. El bordado hecho es una secuencia de cruces realizadas con varios tipos de punto. La parte que une el cuello con el estol\u00f3n central est\u00e1 enriquecida en su parte delantera por un estr\u00e1s dorado con piedras del mismo color que la casulla. El bordado se repite en la parte trasera de la casulla.\",\"breadcrumb\":{\"@id\":\"https:\/\/www.gruppoliturgico.com\/es\/producto\/casulla-corte-medieval\/#breadcrumb\"},\"inLanguage\":\"es\",\"potentialAction\":[{\"@type\":\"ReadAction\",\"target\":[\"https:\/\/www.gruppoliturgico.com\/es\/producto\/casulla-corte-medieval\/\"]}]},{\"@type\":\"BreadcrumbList\",\"@id\":\"https:\/\/www.gruppoliturgico.com\/es\/producto\/casulla-corte-medieval\/#breadcrumb\",\"itemListElement\":[{\"@type\":\"ListItem\",\"position\":1,\"name\":\"Home\",\"item\":\"https:\/\/www.gruppoliturgico.com\/es\/\"},{\"@type\":\"ListItem\",\"position\":2,\"name\":\"Tienda\",\"item\":\"https:\/\/www.gruppoliturgico.com\/es\/tienda\/\"},{\"@type\":\"ListItem\",\"position\":3,\"name\":\"Casulla corte medieval\"}]},{\"@type\":\"WebSite\",\"@id\":\"https:\/\/www.gruppoliturgico.com\/es\/#website\",\"url\":\"https:\/\/www.gruppoliturgico.com\/es\/\",\"name\":\"Laboratorio Gruppo Liturgico\",\"description\":\"Articoli Religiosi online\",\"publisher\":{\"@id\":\"https:\/\/www.gruppoliturgico.com\/es\/#organization\"},\"potentialAction\":[{\"@type\":\"SearchAction\",\"target\":{\"@type\":\"EntryPoint\",\"urlTemplate\":\"https:\/\/www.gruppoliturgico.com\/es\/?s={search_term_string}\"},\"query-input\":\"required name=search_term_string\"}],\"inLanguage\":\"es\"},{\"@type\":\"Organization\",\"@id\":\"https:\/\/www.gruppoliturgico.com\/es\/#organization\",\"name\":\"Laboratorio Gruppo Liturgico\",\"url\":\"https:\/\/www.gruppoliturgico.com\/es\/\",\"logo\":{\"@type\":\"ImageObject\",\"inLanguage\":\"es\",\"@id\":\"https:\/\/www.gruppoliturgico.com\/es\/#\/schema\/logo\/image\/\",\"url\":\"https:\/\/www.gruppoliturgico.com\/wp-content\/uploads\/2022\/02\/logo-laboratoriogruppoliturgico.png\",\"contentUrl\":\"https:\/\/www.gruppoliturgico.com\/wp-content\/uploads\/2022\/02\/logo-laboratoriogruppoliturgico.png\",\"width\":400,\"height\":114,\"caption\":\"Laboratorio Gruppo Liturgico\"},\"image\":{\"@id\":\"https:\/\/www.gruppoliturgico.com\/es\/#\/schema\/logo\/image\/\"}}]}<\/script>\n<!-- \/ Yoast SEO plugin. -->","yoast_head_json":{"title":"Casulla corte medieval - casullas, colecci\u00f3n cl\u00e1sica y Laboratorio Gruppo Liturgico","description":"casulla de corte medieval con estol\u00f3n central y cuello bordados en tejido dupion tono sobre tono. El bordado hecho es una secuencia de cruces realizadas con varios tipos de punto. La parte que une el cuello con el estol\u00f3n central est\u00e1 enriquecida en su parte delantera por un estr\u00e1s dorado con piedras del mismo color que la casulla. El bordado se repite en la parte trasera de la casulla.","robots":{"index":"index","follow":"follow","max-snippet":"max-snippet:-1","max-image-preview":"max-image-preview:large","max-video-preview":"max-video-preview:-1"},"canonical":"https:\/\/www.gruppoliturgico.com\/es\/producto\/casulla-corte-medieval\/","og_locale":"es_ES","og_type":"article","og_title":"Casulla corte medieval - casullas, colecci\u00f3n cl\u00e1sica y Laboratorio Gruppo Liturgico","og_description":"casulla de corte medieval con estol\u00f3n central y cuello bordados en tejido dupion tono sobre tono. El bordado hecho es una secuencia de cruces realizadas con varios tipos de punto. La parte que une el cuello con el estol\u00f3n central est\u00e1 enriquecida en su parte delantera por un estr\u00e1s dorado con piedras del mismo color que la casulla. El bordado se repite en la parte trasera de la casulla.","og_url":"https:\/\/www.gruppoliturgico.com\/es\/producto\/casulla-corte-medieval\/","og_site_name":"Laboratorio Gruppo Liturgico","article_modified_time":"2022-10-24T14:54:48+00:00","og_image":[{"width":1199,"height":2000,"url":"https:\/\/www.gruppoliturgico.com\/wp-content\/uploads\/2022\/10\/2683.jpg","type":"image\/jpeg"}],"twitter_card":"summary_large_image","schema":{"@context":"https:\/\/schema.org","@graph":[{"@type":"WebPage","@id":"https:\/\/www.gruppoliturgico.com\/es\/producto\/casulla-corte-medieval\/","url":"https:\/\/www.gruppoliturgico.com\/es\/producto\/casulla-corte-medieval\/","name":"Casulla corte medieval - casullas, colecci\u00f3n cl\u00e1sica y Laboratorio Gruppo Liturgico","isPartOf":{"@id":"https:\/\/www.gruppoliturgico.com\/es\/#website"},"datePublished":"2022-10-24T14:47:08+00:00","dateModified":"2022-10-24T14:54:48+00:00","description":"casulla de corte medieval con estol\u00f3n central y cuello bordados en tejido dupion tono sobre tono. El bordado hecho es una secuencia de cruces realizadas con varios tipos de punto. La parte que une el cuello con el estol\u00f3n central est\u00e1 enriquecida en su parte delantera por un estr\u00e1s dorado con piedras del mismo color que la casulla. El bordado se repite en la parte trasera de la casulla.","breadcrumb":{"@id":"https:\/\/www.gruppoliturgico.com\/es\/producto\/casulla-corte-medieval\/#breadcrumb"},"inLanguage":"es","potentialAction":[{"@type":"ReadAction","target":["https:\/\/www.gruppoliturgico.com\/es\/producto\/casulla-corte-medieval\/"]}]},{"@type":"BreadcrumbList","@id":"https:\/\/www.gruppoliturgico.com\/es\/producto\/casulla-corte-medieval\/#breadcrumb","itemListElement":[{"@type":"ListItem","position":1,"name":"Home","item":"https:\/\/www.gruppoliturgico.com\/es\/"},{"@type":"ListItem","position":2,"name":"Tienda","item":"https:\/\/www.gruppoliturgico.com\/es\/tienda\/"},{"@type":"ListItem","position":3,"name":"Casulla corte medieval"}]},{"@type":"WebSite","@id":"https:\/\/www.gruppoliturgico.com\/es\/#website","url":"https:\/\/www.gruppoliturgico.com\/es\/","name":"Laboratorio Gruppo Liturgico","description":"Articoli Religiosi online","publisher":{"@id":"https:\/\/www.gruppoliturgico.com\/es\/#organization"},"potentialAction":[{"@type":"SearchAction","target":{"@type":"EntryPoint","urlTemplate":"https:\/\/www.gruppoliturgico.com\/es\/?s={search_term_string}"},"query-input":"required name=search_term_string"}],"inLanguage":"es"},{"@type":"Organization","@id":"https:\/\/www.gruppoliturgico.com\/es\/#organization","name":"Laboratorio Gruppo Liturgico","url":"https:\/\/www.gruppoliturgico.com\/es\/","logo":{"@type":"ImageObject","inLanguage":"es","@id":"https:\/\/www.gruppoliturgico.com\/es\/#\/schema\/logo\/image\/","url":"https:\/\/www.gruppoliturgico.com\/wp-content\/uploads\/2022\/02\/logo-laboratoriogruppoliturgico.png","contentUrl":"https:\/\/www.gruppoliturgico.com\/wp-content\/uploads\/2022\/02\/logo-laboratoriogruppoliturgico.png","width":400,"height":114,"caption":"Laboratorio Gruppo Liturgico"},"image":{"@id":"https:\/\/www.gruppoliturgico.com\/es\/#\/schema\/logo\/image\/"}}]}},"_links":{"self":[{"href":"https:\/\/www.gruppoliturgico.com\/es\/wp-json\/wp\/v2\/product\/117761"}],"collection":[{"href":"https:\/\/www.gruppoliturgico.com\/es\/wp-json\/wp\/v2\/product"}],"about":[{"href":"https:\/\/www.gruppoliturgico.com\/es\/wp-json\/wp\/v2\/types\/product"}],"wp:featuredmedia":[{"embeddable":true,"href":"https:\/\/www.gruppoliturgico.com\/es\/wp-json\/wp\/v2\/media\/128920"}],"wp:attachment":[{"href":"https:\/\/www.gruppoliturgico.com\/es\/wp-json\/wp\/v2\/media?parent=117761"}],"wp:term":[{"taxonomy":"product_cat","embeddable":true,"href":"https:\/\/www.gruppoliturgico.com\/es\/wp-json\/wp\/v2\/product_cat?post=117761"},{"taxonomy":"product_tag","embeddable":true,"href":"https:\/\/www.gruppoliturgico.com\/es\/wp-json\/wp\/v2\/product_tag?post=117761"}],"curies":[{"name":"wp","href":"https:\/\/api.w.org\/{rel}","templated":true}]}}