{"id":60411,"date":"2021-06-11T16:08:18","date_gmt":"2021-06-11T14:08:18","guid":{"rendered":"https:\/\/www.gruppoliturgico.com\/chi-siamo\/"},"modified":"2022-03-09T10:45:00","modified_gmt":"2022-03-09T09:45:00","slug":"quienes-somos","status":"publish","type":"page","link":"https:\/\/www.gruppoliturgico.com\/es\/quienes-somos\/","title":{"rendered":"Qui\u00e9nes somos"},"content":{"rendered":"<html><body><div data-elementor-type=\"wp-page\" data-elementor-id=\"60411\" class=\"elementor elementor-60411 elementor-196\">\n\t\t\t\t\t\t\t\t\t<section class=\"elementor-section elementor-top-section elementor-element elementor-element-6e1c342 elementor-section-boxed elementor-section-height-default elementor-section-height-default\" data-id=\"6e1c342\" data-element_type=\"section\">\n\t\t\t\t\t\t<div class=\"elementor-container elementor-column-gap-default\">\n\t\t\t\t\t<div class=\"elementor-column elementor-col-100 elementor-top-column elementor-element elementor-element-c2f3da2\" data-id=\"c2f3da2\" data-element_type=\"column\">\n\t\t\t<div class=\"elementor-widget-wrap elementor-element-populated\">\n\t\t\t\t\t\t\t\t<div class=\"elementor-element elementor-element-a64c0c1 elementor-widget elementor-widget-heading\" data-id=\"a64c0c1\" data-element_type=\"widget\" data-widget_type=\"heading.default\">\n\t\t\t\t<div class=\"elementor-widget-container\">\n\t\t\t<h2 class=\"elementor-heading-title elementor-size-default\">Laboratorio Gruppo Liturgico: Maestros del Arte Sagrado<\/h2>\t\t<\/div>\n\t\t\t\t<\/div>\n\t\t\t\t<div class=\"elementor-element elementor-element-bc0823b elementor-widget elementor-widget-text-editor\" data-id=\"bc0823b\" data-element_type=\"widget\" data-widget_type=\"text-editor.default\">\n\t\t\t\t<div class=\"elementor-widget-container\">\n\t\t\t\t\t\t\t<p>En los art\u00edculos y servicios que actualmente ofrece el \u201cLABORATORIO GRUPPO LITURGICO\u201d cabe todo el saber y la experiencia adquirida en los m\u00e1s de 60 a\u00f1os de crecimiento de la empresa.<\/p><p><strong>El LABORATORIO GRUPPO LITURGICO es una de las principales empresas italianas en el sector de la venta por correspondencia. Todas las parroquias y las instituciones religiosas de Italia llevan recibiendo desde hace m\u00e1s de 50 a\u00f1os el cat\u00e1logo impreso \u201cL\u2019Amico dei chierichetti\u201d (El Amigo de los monaguillos), el mismo que desde hace m\u00e1s de 15 a\u00f1os se puede consultar on line, con su propio sitio dedicado a la venta.<\/strong> \u00a0<\/p><p>El \u00e9xito cada vez mayor que hemos ido teniendo durante todos estos a\u00f1os se debe al amplio surtido de paramentos lit\u00fargicos y ornamentos, de t\u00fanicas para la Primera Comuni\u00f3n, realizadas en modelos exclusivos, de vestiduras para sacerdotes y de los much\u00edsimos art\u00edculos para sacrist\u00edas. \u00a0\u00a0\u00a0\u00a0<\/p>\t\t\t\t\t\t<\/div>\n\t\t\t\t<\/div>\n\t\t\t\t\t<\/div>\n\t\t<\/div>\n\t\t\t\t\t\t\t<\/div>\n\t\t<\/section>\n\t\t\t\t<section class=\"elementor-section elementor-top-section elementor-element elementor-element-92bf84c elementor-section-boxed elementor-section-height-default elementor-section-height-default\" data-id=\"92bf84c\" data-element_type=\"section\">\n\t\t\t\t\t\t<div class=\"elementor-container elementor-column-gap-default\">\n\t\t\t\t\t<div class=\"elementor-column elementor-col-100 elementor-top-column elementor-element elementor-element-4fa24f4\" data-id=\"4fa24f4\" data-element_type=\"column\">\n\t\t\t<div class=\"elementor-widget-wrap elementor-element-populated\">\n\t\t\t\t\t\t\t\t<div class=\"elementor-element elementor-element-acb1a0e elementor-widget elementor-widget-image\" data-id=\"acb1a0e\" data-element_type=\"widget\" data-widget_type=\"image.default\">\n\t\t\t\t<div class=\"elementor-widget-container\">\n\t\t\t\t\t\t\t\t\t\t\t\t\t\t\t<img width=\"605\" height=\"260\" src=\"https:\/\/www.gruppoliturgico.com\/wp-content\/uploads\/2021\/06\/lgl_sede.jpg\" class=\"attachment-full size-full\" alt=\"Laboratorio Gruppo Liturgico: Maestros del Arte Sacro\" loading=\"lazy\" srcset=\"https:\/\/www.gruppoliturgico.com\/wp-content\/uploads\/2021\/06\/lgl_sede.jpg 605w, https:\/\/www.gruppoliturgico.com\/wp-content\/uploads\/2021\/06\/lgl_sede-300x129.jpg 300w, https:\/\/www.gruppoliturgico.com\/wp-content\/uploads\/2021\/06\/lgl_sede-600x258.jpg 600w, https:\/\/www.gruppoliturgico.com\/wp-content\/uploads\/2021\/06\/lgl_sede-230x99.jpg 230w, https:\/\/www.gruppoliturgico.com\/wp-content\/uploads\/2021\/06\/lgl_sede-350x150.jpg 350w, https:\/\/www.gruppoliturgico.com\/wp-content\/uploads\/2021\/06\/lgl_sede-480x206.jpg 480w\" sizes=\"(max-width: 605px) 100vw, 605px\">\t\t\t\t\t\t\t\t\t\t\t\t\t\t\t<\/div>\n\t\t\t\t<\/div>\n\t\t\t\t\t<\/div>\n\t\t<\/div>\n\t\t\t\t\t\t\t<\/div>\n\t\t<\/section>\n\t\t\t\t<section class=\"elementor-section elementor-top-section elementor-element elementor-element-83197f3 elementor-section-boxed elementor-section-height-default elementor-section-height-default\" data-id=\"83197f3\" data-element_type=\"section\">\n\t\t\t\t\t\t<div class=\"elementor-container elementor-column-gap-default\">\n\t\t\t\t\t<div class=\"elementor-column elementor-col-100 elementor-top-column elementor-element elementor-element-1d1e3c4\" data-id=\"1d1e3c4\" data-element_type=\"column\">\n\t\t\t<div class=\"elementor-widget-wrap elementor-element-populated\">\n\t\t\t\t\t\t\t\t<div class=\"elementor-element elementor-element-55dcf59 elementor-widget elementor-widget-text-editor\" data-id=\"55dcf59\" data-element_type=\"widget\" data-widget_type=\"text-editor.default\">\n\t\t\t\t<div class=\"elementor-widget-container\">\n\t\t\t\t\t\t\t<h4><strong>Nuestro modo de trabajar<\/strong><\/h4><p>Tenemos a bien remarcar que nuestro punto fuerte <strong>es la realizaci\u00f3n directa de la mayor\u00eda de nuestros \u00a0art\u00edculos<\/strong>. En nuestros talleres de sastrer\u00eda realizamos trabajos a petici\u00f3n y a medida para satisfacer cualquier exigencia particular.\u00a0<\/p><h4><strong>Por qu\u00e9 somos maestros del arte sagrado<\/strong><\/h4><p>La historia del Laboratorio Gruppo Liturgico siempre se ha distinguido por su especial propensi\u00f3n a realizar ornamentos de arte <strong>encarg\u00e1ndoselos a sus propios escultores y artistas de la madera<\/strong>. Fuimos de los primeros en proponer altares, ambones y otros art\u00edculos de liturgia en un cat\u00e1logo detallado, siempre actualizado y al paso con los cambios que se han ido produciendo en la liturgia a lo largo de los a\u00f1os. \u00a0<\/p><p><strong>Nuestras creaciones de madera se distingen por su originalidad. De hecho, son de nuestra exclusiva producci\u00f3n<\/strong>. Podemos preciarnos de tener la mayor selecci\u00f3n del mundo de candeleros, porta cirios pascuales, baptisterios, tabores, sagrarios de madera, via crucis, adem\u00e1s de estatuas y crucifijos esculpidos.<\/p><p>Nuestros escultores tambi\u00e9n realizan estatuas, altares, ambones y cualesquiera otros ornamentos a partir de un dibujo particular.\u00a0\u00a0<\/p><h4><strong>Dedicado a quien tiene la posibilidad de visitarnos<\/strong><\/h4><p><strong>Nuestra tienda-exposici\u00f3n <\/strong>de San Damiano d\u2019Asti, en las colinas de Piamonte (paisaje patrimonio mundial de la Humanidad por la UNESCO), cuenta con uno de los m\u00e1s amplios espacios expositivos de Europa.<br>Aqu\u00ed, en los varios sectores se puede elegir entre un amplio surtido de ornamentos sagrados, decenas de altares de madera, ambones, estatuas y dem\u00e1s objetos dedicados al adorno de iglesias.<\/p><p>Muy abastecido, original y cuidado es el sector dedicado a los paramentos, pudiendo elegir entre centenares de modelos de casullas, albas, estolas y pluviales. Estas creaciones son, en su mayor\u00eda, de producci\u00f3n exclusiva y original. <br>Tambi\u00e9n hay un espacio dedicado al vestuario personal de sacerdotes, con prendas de vestir de alta calidad.<\/p><p>En el Laboratorio Gruppo Liturgico todo es interesante, pero por encima de todo est\u00e1 la garant\u00eda de la calidad artesanal de los art\u00edculos, la seriedad y la puntualidad de los servicios ofrecidos, sin olvidar la conveniencia de los precios.<\/p><h4><strong>\u00a1Pedidos de confianza!<\/strong><\/h4><p><strong>El verdadero gran patrimonio del Laboratorio Gruppo Liturgico lo constituyen sus clientes, con los cuales es primordial establecer y mantener\u00a0 una relaci\u00f3n basada en la m\u00e1xima transparencia y confianza rec\u00edproca. Nos agrada considerar a nuestros clientes como si fueran amigos, y como tales nos complacer\u00eda ser considerados. <\/strong><\/p><p><strong>En caso de exigencias particulares, no dude en contactar con nuestro servicio de Atenci\u00f3n al Cliente. <\/strong><\/p><h4><strong>Ahorre con nosotros<\/strong><\/h4><p>Nuestra empresa goza de enorme \u00e9xito desde hace muchos a\u00f1os y se ha ganado una respetable posici\u00f3n en el mercado. Las ventajas de poder adquirir las materias primas en grandes cantidades, nos permite conseguir precios muy competitivos, que redundan en beneficio de nuestros clientes, ya que aplicamos precios muy convenientes. No deje escapar nuestras ocasiones a precios especiales.<br>Recibir\u00e1 el pedido completo directamente a domicilio.<br>El pedido se entregar\u00e1 directamente en el plazo de unos d\u00edas mediante una empresa de mensajer\u00eda.<\/p>\t\t\t\t\t\t<\/div>\n\t\t\t\t<\/div>\n\t\t\t\t\t<\/div>\n\t\t<\/div>\n\t\t\t\t\t\t\t<\/div>\n\t\t<\/section>\n\t\t\t\t\t\t\t<\/div>\n\t\t<\/body><\/html>","protected":false},"excerpt":{"rendered":"<p>Laboratorio Gruppo Liturgico: Maestros del Arte Sagrado En los art\u00edculos y servicios [&hellip;]<\/p>\n","protected":false},"author":1,"featured_media":0,"parent":0,"menu_order":0,"comment_status":"closed","ping_status":"closed","template":"","meta":[],"yoast_head":"<!-- This site is optimized with the Yoast SEO plugin v20.4 - https:\/\/yoast.com\/wordpress\/plugins\/seo\/ -->\n<title>Qui\u00e9nes somos - Laboratorio Gruppo Liturgico<\/title>\n<meta name=\"robots\" content=\"index, follow, max-snippet:-1, max-image-preview:large, max-video-preview:-1\" \/>\n<link rel=\"canonical\" href=\"https:\/\/www.gruppoliturgico.com\/es\/quienes-somos\/\" \/>\n<meta property=\"og:locale\" content=\"es_ES\" \/>\n<meta property=\"og:type\" content=\"article\" \/>\n<meta property=\"og:title\" content=\"Qui\u00e9nes somos - Laboratorio Gruppo Liturgico\" \/>\n<meta property=\"og:description\" content=\"Laboratorio Gruppo Liturgico: Maestros del Arte Sagrado En los art\u00edculos y servicios [&hellip;]\" \/>\n<meta property=\"og:url\" content=\"https:\/\/www.gruppoliturgico.com\/es\/quienes-somos\/\" \/>\n<meta property=\"og:site_name\" content=\"Laboratorio Gruppo Liturgico\" \/>\n<meta property=\"article:modified_time\" content=\"2022-03-09T09:45:00+00:00\" \/>\n<meta property=\"og:image\" content=\"https:\/\/www.gruppoliturgico.com\/wp-content\/uploads\/2021\/06\/lgl_sede.jpg\" \/>\n<meta name=\"twitter:card\" content=\"summary_large_image\" \/>\n<meta name=\"twitter:label1\" content=\"Tiempo de lectura\" \/>\n\t<meta name=\"twitter:data1\" content=\"4 minutos\" \/>\n<script type=\"application\/ld+json\" class=\"yoast-schema-graph\">{\"@context\":\"https:\/\/schema.org\",\"@graph\":[{\"@type\":\"WebPage\",\"@id\":\"https:\/\/www.gruppoliturgico.com\/es\/quienes-somos\/\",\"url\":\"https:\/\/www.gruppoliturgico.com\/es\/quienes-somos\/\",\"name\":\"Qui\u00e9nes somos - Laboratorio Gruppo Liturgico\",\"isPartOf\":{\"@id\":\"https:\/\/www.gruppoliturgico.com\/es\/#website\"},\"datePublished\":\"2021-06-11T14:08:18+00:00\",\"dateModified\":\"2022-03-09T09:45:00+00:00\",\"breadcrumb\":{\"@id\":\"https:\/\/www.gruppoliturgico.com\/es\/quienes-somos\/#breadcrumb\"},\"inLanguage\":\"es\",\"potentialAction\":[{\"@type\":\"ReadAction\",\"target\":[\"https:\/\/www.gruppoliturgico.com\/es\/quienes-somos\/\"]}]},{\"@type\":\"BreadcrumbList\",\"@id\":\"https:\/\/www.gruppoliturgico.com\/es\/quienes-somos\/#breadcrumb\",\"itemListElement\":[{\"@type\":\"ListItem\",\"position\":1,\"name\":\"Home\",\"item\":\"https:\/\/www.gruppoliturgico.com\/es\/\"},{\"@type\":\"ListItem\",\"position\":2,\"name\":\"Qui\u00e9nes somos\"}]},{\"@type\":\"WebSite\",\"@id\":\"https:\/\/www.gruppoliturgico.com\/es\/#website\",\"url\":\"https:\/\/www.gruppoliturgico.com\/es\/\",\"name\":\"Laboratorio Gruppo Liturgico\",\"description\":\"Articoli Religiosi online\",\"publisher\":{\"@id\":\"https:\/\/www.gruppoliturgico.com\/es\/#organization\"},\"potentialAction\":[{\"@type\":\"SearchAction\",\"target\":{\"@type\":\"EntryPoint\",\"urlTemplate\":\"https:\/\/www.gruppoliturgico.com\/es\/?s={search_term_string}\"},\"query-input\":\"required name=search_term_string\"}],\"inLanguage\":\"es\"},{\"@type\":\"Organization\",\"@id\":\"https:\/\/www.gruppoliturgico.com\/es\/#organization\",\"name\":\"Laboratorio Gruppo Liturgico\",\"url\":\"https:\/\/www.gruppoliturgico.com\/es\/\",\"logo\":{\"@type\":\"ImageObject\",\"inLanguage\":\"es\",\"@id\":\"https:\/\/www.gruppoliturgico.com\/es\/#\/schema\/logo\/image\/\",\"url\":\"https:\/\/www.gruppoliturgico.com\/wp-content\/uploads\/2022\/02\/logo-laboratoriogruppoliturgico.png\",\"contentUrl\":\"https:\/\/www.gruppoliturgico.com\/wp-content\/uploads\/2022\/02\/logo-laboratoriogruppoliturgico.png\",\"width\":400,\"height\":114,\"caption\":\"Laboratorio Gruppo Liturgico\"},\"image\":{\"@id\":\"https:\/\/www.gruppoliturgico.com\/es\/#\/schema\/logo\/image\/\"}}]}<\/script>\n<!-- \/ Yoast SEO plugin. -->","yoast_head_json":{"title":"Qui\u00e9nes somos - Laboratorio Gruppo Liturgico","robots":{"index":"index","follow":"follow","max-snippet":"max-snippet:-1","max-image-preview":"max-image-preview:large","max-video-preview":"max-video-preview:-1"},"canonical":"https:\/\/www.gruppoliturgico.com\/es\/quienes-somos\/","og_locale":"es_ES","og_type":"article","og_title":"Qui\u00e9nes somos - Laboratorio Gruppo Liturgico","og_description":"Laboratorio Gruppo Liturgico: Maestros del Arte Sagrado En los art\u00edculos y servicios [&hellip;]","og_url":"https:\/\/www.gruppoliturgico.com\/es\/quienes-somos\/","og_site_name":"Laboratorio Gruppo Liturgico","article_modified_time":"2022-03-09T09:45:00+00:00","og_image":[{"url":"https:\/\/www.gruppoliturgico.com\/wp-content\/uploads\/2021\/06\/lgl_sede.jpg"}],"twitter_card":"summary_large_image","twitter_misc":{"Tiempo de lectura":"4 minutos"},"schema":{"@context":"https:\/\/schema.org","@graph":[{"@type":"WebPage","@id":"https:\/\/www.gruppoliturgico.com\/es\/quienes-somos\/","url":"https:\/\/www.gruppoliturgico.com\/es\/quienes-somos\/","name":"Qui\u00e9nes somos - Laboratorio Gruppo Liturgico","isPartOf":{"@id":"https:\/\/www.gruppoliturgico.com\/es\/#website"},"datePublished":"2021-06-11T14:08:18+00:00","dateModified":"2022-03-09T09:45:00+00:00","breadcrumb":{"@id":"https:\/\/www.gruppoliturgico.com\/es\/quienes-somos\/#breadcrumb"},"inLanguage":"es","potentialAction":[{"@type":"ReadAction","target":["https:\/\/www.gruppoliturgico.com\/es\/quienes-somos\/"]}]},{"@type":"BreadcrumbList","@id":"https:\/\/www.gruppoliturgico.com\/es\/quienes-somos\/#breadcrumb","itemListElement":[{"@type":"ListItem","position":1,"name":"Home","item":"https:\/\/www.gruppoliturgico.com\/es\/"},{"@type":"ListItem","position":2,"name":"Qui\u00e9nes somos"}]},{"@type":"WebSite","@id":"https:\/\/www.gruppoliturgico.com\/es\/#website","url":"https:\/\/www.gruppoliturgico.com\/es\/","name":"Laboratorio Gruppo Liturgico","description":"Articoli Religiosi online","publisher":{"@id":"https:\/\/www.gruppoliturgico.com\/es\/#organization"},"potentialAction":[{"@type":"SearchAction","target":{"@type":"EntryPoint","urlTemplate":"https:\/\/www.gruppoliturgico.com\/es\/?s={search_term_string}"},"query-input":"required name=search_term_string"}],"inLanguage":"es"},{"@type":"Organization","@id":"https:\/\/www.gruppoliturgico.com\/es\/#organization","name":"Laboratorio Gruppo Liturgico","url":"https:\/\/www.gruppoliturgico.com\/es\/","logo":{"@type":"ImageObject","inLanguage":"es","@id":"https:\/\/www.gruppoliturgico.com\/es\/#\/schema\/logo\/image\/","url":"https:\/\/www.gruppoliturgico.com\/wp-content\/uploads\/2022\/02\/logo-laboratoriogruppoliturgico.png","contentUrl":"https:\/\/www.gruppoliturgico.com\/wp-content\/uploads\/2022\/02\/logo-laboratoriogruppoliturgico.png","width":400,"height":114,"caption":"Laboratorio Gruppo Liturgico"},"image":{"@id":"https:\/\/www.gruppoliturgico.com\/es\/#\/schema\/logo\/image\/"}}]}},"_links":{"self":[{"href":"https:\/\/www.gruppoliturgico.com\/es\/wp-json\/wp\/v2\/pages\/60411"}],"collection":[{"href":"https:\/\/www.gruppoliturgico.com\/es\/wp-json\/wp\/v2\/pages"}],"about":[{"href":"https:\/\/www.gruppoliturgico.com\/es\/wp-json\/wp\/v2\/types\/page"}],"author":[{"embeddable":true,"href":"https:\/\/www.gruppoliturgico.com\/es\/wp-json\/wp\/v2\/users\/1"}],"replies":[{"embeddable":true,"href":"https:\/\/www.gruppoliturgico.com\/es\/wp-json\/wp\/v2\/comments?post=60411"}],"version-history":[{"count":0,"href":"https:\/\/www.gruppoliturgico.com\/es\/wp-json\/wp\/v2\/pages\/60411\/revisions"}],"wp:attachment":[{"href":"https:\/\/www.gruppoliturgico.com\/es\/wp-json\/wp\/v2\/media?parent=60411"}],"curies":[{"name":"wp","href":"https:\/\/api.w.org\/{rel}","templated":true}]}}